{"id":998,"date":"2024-05-05T09:23:22","date_gmt":"2024-05-05T06:30:33","guid":{"rendered":"https:\/\/billigpakke.no\/blog\/hvor-mye-koster-frakt-pa-chlas-ohlson\/"},"modified":"2024-05-05T09:23:22","modified_gmt":"2024-05-05T08:23:22","slug":"hvor-mye-koster-frakt-pa-chlas-ohlson","status":"publish","type":"page","link":"https:\/\/billigpakke.no\/blog\/hvor-mye-koster-frakt-pa-chlas-ohlson\/","title":{"rendered":"hvor mye koster frakt p\u00e5 chlas ohlson?"},"content":{"rendered":"\n<p class=\"has-text-align-center\">Fraktkostnadene p\u00e5 Clas Ohlson avhenger av vekten og st\u00f8rrelsen p\u00e5 varene du bestiller, samt leveringsmetoden du velger. For n\u00f8yaktig fraktpris anbefaler jeg \u00e5 legge varene i handlekurven og g\u00e5 til kassen, der vil du f\u00e5 oppgitt fraktkostnadene f\u00f8r du fullf\u00f8rer bestillingen.<\/p>\n\n\n\n<div class=\"wp-block-buttons is-content-justification-center is-layout-flex wp-container-core-buttons-is-layout-16018d1d wp-block-buttons-is-layout-flex\">\n<div class=\"wp-block-button is-style-outline is-style-outline--1\"><a class=\"wp-block-button__link has-dark-gray-color has-yellow-background-color has-text-color has-background has-link-color wp-element-button\" href=\"https:\/\/billigpakke.no\">send pakkene dine billig her<\/a><\/div>\n<\/div>\n\n\n\n<p><\/p>\n\n\n\n<p class=\"has-text-align-center\">1. Hvor mye koster frakt p\u00e5 Clas Ohlson?<br \/>Svar: Fraktkostnaden hos Clas Ohlson avhenger av vekten p\u00e5 pakken og leveringsmetoden. Prisene starter fra 49 kr for standard levering og kan variere basert p\u00e5 postnummer og st\u00f8rrelsen p\u00e5 pakken.<br \/><br \/>2. Hvordan kan jeg beregne fraktkostnaden p\u00e5 Clas Ohlson&#8217;s nettside?<br \/>Svar: For \u00e5 beregne fraktkostnaden p\u00e5 Clas Ohlson&#8217;s nettside, legg til \u00f8nskede produkter i handlekurven og g\u00e5 til kassen. Der vil du kunne se fraktkostnaden basert p\u00e5 leveringsmetode og postnummer.<br \/><br \/>3. Tilbyr Clas Ohlson gratis frakt?<br \/>Svar: Clas Ohlson tilbyr gratis frakt ved kj\u00f8p over en viss sum, vanligvis 499 kr. Dette gjelder for standard levering innenfor Norge.<\/p>\n","protected":false},"excerpt":{"rendered":"<p>Fraktkostnadene p\u00e5 Clas Ohlson avhenger av vekten og st\u00f8rrelsen p\u00e5 varene du bestiller, samt leveringsmetoden du velger. For n\u00f8yaktig fraktpris anbefaler jeg \u00e5 legge varene i handlekurven og g\u00e5 til kassen, der vil du f\u00e5 oppgitt fraktkostnadene f\u00f8r du fullf\u00f8rer bestillingen. 1. Hvor mye koster frakt p\u00e5 Clas Ohlson?Svar: Fraktkostnaden hos Clas Ohlson avhenger av &hellip; <a href=\"https:\/\/billigpakke.no\/blog\/hvor-mye-koster-frakt-pa-chlas-ohlson\/\" class=\"more-link\">Hald fram med \u00e5 lese<span class=\"screen-reader-text\"> \u00abhvor mye koster frakt p\u00e5 chlas ohlson?\u00bb<\/span><\/a><\/p>\n","protected":false},"author":3,"featured_media":0,"parent":0,"menu_order":0,"comment_status":"closed","ping_status":"closed","template":"","meta":{"footnotes":""},"class_list":["post-998","page","type-page","status-publish","hentry"],"yoast_head":"<!-- This site is optimized with the Yoast SEO plugin v27.5 - https:\/\/yoast.com\/product\/yoast-seo-wordpress\/ -->\n<title>hvor mye koster frakt p\u00e5 chlas ohlson? - BilligPakke.no<\/title>\n<meta name=\"description\" content=\"P\u00e5 Clas Ohlson varierer fraktkostnadene avhengig av vekt og st\u00f8rrelse p\u00e5 pakken. Prisene starter fra 49 kr og kan \u00f8ke basert p\u00e5 leveringsmetode og destinasjon.\" \/>\n<meta name=\"robots\" content=\"index, follow, max-snippet:-1, max-image-preview:large, max-video-preview:-1\" \/>\n<link rel=\"canonical\" href=\"https:\/\/billigpakke.no\/blog\/hvor-mye-koster-frakt-pa-chlas-ohlson\/\" \/>\n<meta property=\"og:locale\" content=\"nn_NO\" \/>\n<meta property=\"og:type\" content=\"article\" \/>\n<meta property=\"og:title\" content=\"hvor mye koster frakt p\u00e5 chlas ohlson? - BilligPakke.no\" \/>\n<meta property=\"og:description\" content=\"P\u00e5 Clas Ohlson varierer fraktkostnadene avhengig av vekt og st\u00f8rrelse p\u00e5 pakken. Prisene starter fra 49 kr og kan \u00f8ke basert p\u00e5 leveringsmetode og destinasjon.\" \/>\n<meta property=\"og:url\" content=\"https:\/\/billigpakke.no\/blog\/hvor-mye-koster-frakt-pa-chlas-ohlson\/\" \/>\n<meta property=\"og:site_name\" content=\"BilligPakke.no\" \/>\n<meta property=\"article:modified_time\" content=\"2024-05-05T08:23:22+00:00\" \/>\n<meta name=\"twitter:card\" content=\"summary_large_image\" \/>\n<meta name=\"twitter:label1\" content=\"Est. reading time\" \/>\n\t<meta name=\"twitter:data1\" content=\"1 minutt\" \/>\n<script type=\"application\/ld+json\" class=\"yoast-schema-graph\">{\"@context\":\"https:\\\/\\\/schema.org\",\"@graph\":[{\"@type\":\"WebPage\",\"@id\":\"https:\\\/\\\/billigpakke.no\\\/blog\\\/hvor-mye-koster-frakt-pa-chlas-ohlson\\\/\",\"url\":\"https:\\\/\\\/billigpakke.no\\\/blog\\\/hvor-mye-koster-frakt-pa-chlas-ohlson\\\/\",\"name\":\"hvor mye koster frakt p\u00e5 chlas ohlson? - BilligPakke.no\",\"isPartOf\":{\"@id\":\"https:\\\/\\\/billigpakke.no\\\/blog\\\/#website\"},\"datePublished\":\"2024-05-05T06:30:33+00:00\",\"dateModified\":\"2024-05-05T08:23:22+00:00\",\"description\":\"P\u00e5 Clas Ohlson varierer fraktkostnadene avhengig av vekt og st\u00f8rrelse p\u00e5 pakken. Prisene starter fra 49 kr og kan \u00f8ke basert p\u00e5 leveringsmetode og destinasjon.\",\"breadcrumb\":{\"@id\":\"https:\\\/\\\/billigpakke.no\\\/blog\\\/hvor-mye-koster-frakt-pa-chlas-ohlson\\\/#breadcrumb\"},\"inLanguage\":\"nn-NO\",\"potentialAction\":[{\"@type\":\"ReadAction\",\"target\":[\"https:\\\/\\\/billigpakke.no\\\/blog\\\/hvor-mye-koster-frakt-pa-chlas-ohlson\\\/\"]}]},{\"@type\":\"BreadcrumbList\",\"@id\":\"https:\\\/\\\/billigpakke.no\\\/blog\\\/hvor-mye-koster-frakt-pa-chlas-ohlson\\\/#breadcrumb\",\"itemListElement\":[{\"@type\":\"ListItem\",\"position\":1,\"name\":\"Home\",\"item\":\"https:\\\/\\\/billigpakke.no\\\/blog\\\/\"},{\"@type\":\"ListItem\",\"position\":2,\"name\":\"hvor mye koster frakt p\u00e5 chlas ohlson?\"}]},{\"@type\":\"WebSite\",\"@id\":\"https:\\\/\\\/billigpakke.no\\\/blog\\\/#website\",\"url\":\"https:\\\/\\\/billigpakke.no\\\/blog\\\/\",\"name\":\"BilligPakke.no\",\"description\":\"Billigpakke.no Blog\",\"publisher\":{\"@id\":\"https:\\\/\\\/billigpakke.no\\\/blog\\\/#organization\"},\"potentialAction\":[{\"@type\":\"SearchAction\",\"target\":{\"@type\":\"EntryPoint\",\"urlTemplate\":\"https:\\\/\\\/billigpakke.no\\\/blog\\\/?s={search_term_string}\"},\"query-input\":{\"@type\":\"PropertyValueSpecification\",\"valueRequired\":true,\"valueName\":\"search_term_string\"}}],\"inLanguage\":\"nn-NO\"},{\"@type\":\"Organization\",\"@id\":\"https:\\\/\\\/billigpakke.no\\\/blog\\\/#organization\",\"name\":\"BilligPakke.no\",\"url\":\"https:\\\/\\\/billigpakke.no\\\/blog\\\/\",\"logo\":{\"@type\":\"ImageObject\",\"inLanguage\":\"nn-NO\",\"@id\":\"https:\\\/\\\/billigpakke.no\\\/blog\\\/#\\\/schema\\\/logo\\\/image\\\/\",\"url\":\"https:\\\/\\\/billigpakke.no\\\/blog\\\/wp-content\\\/uploads\\\/2016\\\/10\\\/logo.png\",\"contentUrl\":\"https:\\\/\\\/billigpakke.no\\\/blog\\\/wp-content\\\/uploads\\\/2016\\\/10\\\/logo.png\",\"width\":185,\"height\":71,\"caption\":\"BilligPakke.no\"},\"image\":{\"@id\":\"https:\\\/\\\/billigpakke.no\\\/blog\\\/#\\\/schema\\\/logo\\\/image\\\/\"}}]}<\/script>\n<!-- \/ Yoast SEO plugin. -->","yoast_head_json":{"title":"hvor mye koster frakt p\u00e5 chlas ohlson? - BilligPakke.no","description":"P\u00e5 Clas Ohlson varierer fraktkostnadene avhengig av vekt og st\u00f8rrelse p\u00e5 pakken. Prisene starter fra 49 kr og kan \u00f8ke basert p\u00e5 leveringsmetode og destinasjon.","robots":{"index":"index","follow":"follow","max-snippet":"max-snippet:-1","max-image-preview":"max-image-preview:large","max-video-preview":"max-video-preview:-1"},"canonical":"https:\/\/billigpakke.no\/blog\/hvor-mye-koster-frakt-pa-chlas-ohlson\/","og_locale":"nn_NO","og_type":"article","og_title":"hvor mye koster frakt p\u00e5 chlas ohlson? - BilligPakke.no","og_description":"P\u00e5 Clas Ohlson varierer fraktkostnadene avhengig av vekt og st\u00f8rrelse p\u00e5 pakken. Prisene starter fra 49 kr og kan \u00f8ke basert p\u00e5 leveringsmetode og destinasjon.","og_url":"https:\/\/billigpakke.no\/blog\/hvor-mye-koster-frakt-pa-chlas-ohlson\/","og_site_name":"BilligPakke.no","article_modified_time":"2024-05-05T08:23:22+00:00","twitter_card":"summary_large_image","twitter_misc":{"Est. reading time":"1 minutt"},"schema":{"@context":"https:\/\/schema.org","@graph":[{"@type":"WebPage","@id":"https:\/\/billigpakke.no\/blog\/hvor-mye-koster-frakt-pa-chlas-ohlson\/","url":"https:\/\/billigpakke.no\/blog\/hvor-mye-koster-frakt-pa-chlas-ohlson\/","name":"hvor mye koster frakt p\u00e5 chlas ohlson? - BilligPakke.no","isPartOf":{"@id":"https:\/\/billigpakke.no\/blog\/#website"},"datePublished":"2024-05-05T06:30:33+00:00","dateModified":"2024-05-05T08:23:22+00:00","description":"P\u00e5 Clas Ohlson varierer fraktkostnadene avhengig av vekt og st\u00f8rrelse p\u00e5 pakken. Prisene starter fra 49 kr og kan \u00f8ke basert p\u00e5 leveringsmetode og destinasjon.","breadcrumb":{"@id":"https:\/\/billigpakke.no\/blog\/hvor-mye-koster-frakt-pa-chlas-ohlson\/#breadcrumb"},"inLanguage":"nn-NO","potentialAction":[{"@type":"ReadAction","target":["https:\/\/billigpakke.no\/blog\/hvor-mye-koster-frakt-pa-chlas-ohlson\/"]}]},{"@type":"BreadcrumbList","@id":"https:\/\/billigpakke.no\/blog\/hvor-mye-koster-frakt-pa-chlas-ohlson\/#breadcrumb","itemListElement":[{"@type":"ListItem","position":1,"name":"Home","item":"https:\/\/billigpakke.no\/blog\/"},{"@type":"ListItem","position":2,"name":"hvor mye koster frakt p\u00e5 chlas ohlson?"}]},{"@type":"WebSite","@id":"https:\/\/billigpakke.no\/blog\/#website","url":"https:\/\/billigpakke.no\/blog\/","name":"BilligPakke.no","description":"Billigpakke.no Blog","publisher":{"@id":"https:\/\/billigpakke.no\/blog\/#organization"},"potentialAction":[{"@type":"SearchAction","target":{"@type":"EntryPoint","urlTemplate":"https:\/\/billigpakke.no\/blog\/?s={search_term_string}"},"query-input":{"@type":"PropertyValueSpecification","valueRequired":true,"valueName":"search_term_string"}}],"inLanguage":"nn-NO"},{"@type":"Organization","@id":"https:\/\/billigpakke.no\/blog\/#organization","name":"BilligPakke.no","url":"https:\/\/billigpakke.no\/blog\/","logo":{"@type":"ImageObject","inLanguage":"nn-NO","@id":"https:\/\/billigpakke.no\/blog\/#\/schema\/logo\/image\/","url":"https:\/\/billigpakke.no\/blog\/wp-content\/uploads\/2016\/10\/logo.png","contentUrl":"https:\/\/billigpakke.no\/blog\/wp-content\/uploads\/2016\/10\/logo.png","width":185,"height":71,"caption":"BilligPakke.no"},"image":{"@id":"https:\/\/billigpakke.no\/blog\/#\/schema\/logo\/image\/"}}]}},"_links":{"self":[{"href":"https:\/\/billigpakke.no\/blog\/wp-json\/wp\/v2\/pages\/998","targetHints":{"allow":["GET"]}}],"collection":[{"href":"https:\/\/billigpakke.no\/blog\/wp-json\/wp\/v2\/pages"}],"about":[{"href":"https:\/\/billigpakke.no\/blog\/wp-json\/wp\/v2\/types\/page"}],"author":[{"embeddable":true,"href":"https:\/\/billigpakke.no\/blog\/wp-json\/wp\/v2\/users\/3"}],"replies":[{"embeddable":true,"href":"https:\/\/billigpakke.no\/blog\/wp-json\/wp\/v2\/comments?post=998"}],"version-history":[{"count":2,"href":"https:\/\/billigpakke.no\/blog\/wp-json\/wp\/v2\/pages\/998\/revisions"}],"predecessor-version":[{"id":1643,"href":"https:\/\/billigpakke.no\/blog\/wp-json\/wp\/v2\/pages\/998\/revisions\/1643"}],"wp:attachment":[{"href":"https:\/\/billigpakke.no\/blog\/wp-json\/wp\/v2\/media?parent=998"}],"curies":[{"name":"wp","href":"https:\/\/api.w.org\/{rel}","templated":true}]}}