{"id":988,"date":"2024-05-05T09:23:22","date_gmt":"2024-05-05T06:30:33","guid":{"rendered":"https:\/\/billigpakke.no\/blog\/hvor-mye-koster-det-og-frakte-motor\/"},"modified":"2024-05-05T09:23:22","modified_gmt":"2024-05-05T08:23:22","slug":"hvor-mye-koster-det-og-frakte-motor","status":"publish","type":"page","link":"https:\/\/billigpakke.no\/blog\/hvor-mye-koster-det-og-frakte-motor\/","title":{"rendered":"hvor mye koster det og frakte motor?"},"content":{"rendered":"\n<p class=\"has-text-align-center\">Det kommer an p\u00e5 st\u00f8rrelsen og vekten p\u00e5 motoren, samt avstanden den skal fraktes. For \u00e5 f\u00e5 et n\u00f8yaktig prisanslag b\u00f8r du kontakte et fraktselskap og be om en prisvurdering basert p\u00e5 spesifikasjonene til motoren og destinasjonen den skal fraktes til.<\/p>\n\n\n\n<div class=\"wp-block-buttons is-content-justification-center is-layout-flex wp-container-core-buttons-is-layout-16018d1d wp-block-buttons-is-layout-flex\">\n<div class=\"wp-block-button is-style-outline is-style-outline--1\"><a class=\"wp-block-button__link has-dark-gray-color has-yellow-background-color has-text-color has-background has-link-color wp-element-button\" href=\"https:\/\/billigpakke.no\">send pakkene dine billig her<\/a><\/div>\n<\/div>\n\n\n\n<p><\/p>\n\n\n\n<p class=\"has-text-align-center\">1. Hvor mye koster det \u00e5 frakte en motor med bil i Norge?<br \/>Svar: Prisen for \u00e5 frakte en motor med bil i Norge vil variere avhengig av avstanden som skal tilbakelegges, st\u00f8rrelsen og vekten p\u00e5 motoren, samt eventuelle ekstra kostnader som toll og avgifter. Det anbefales \u00e5 kontakte ulike transportfirmaer for \u00e5 f\u00e5 tilbud basert p\u00e5 spesifikke detaljer om frakten.<br \/><br \/>2. Hvor mye koster det \u00e5 frakte en motor med b\u00e5t i Norge?<br \/>Svar: Prisen for \u00e5 frakte en motor med b\u00e5t i Norge vil avhenge av flere faktorer, inkludert st\u00f8rrelsen og vekten p\u00e5 motoren, avstanden som skal tilbakelegges, samt eventuelle ekstra kostnader som toll og avgifter. Det anbefales \u00e5 kontakte ulike b\u00e5ttransportfirmaer for \u00e5 f\u00e5 tilbud basert p\u00e5 spesifikke detaljer om frakten.<br \/><br \/>3. Hvor mye koster det \u00e5 frakte en motor med fly i Norge?<br \/>Svar: Prisen for \u00e5 frakte en motor med fly i Norge vil variere avhengig av st\u00f8rrelsen og vekten p\u00e5 motoren, samt avstanden som skal tilbakelegges. Det anbefales \u00e5 kontakte ulike flyfraktfirmaer for \u00e5 f\u00e5 tilbud basert p\u00e5 spesifikke detaljer om frakten. Det kan ogs\u00e5 v\u00e6re n\u00f8dvendig \u00e5 ta hensyn til eventuelle toll- og avgiftskostnader.<\/p>\n","protected":false},"excerpt":{"rendered":"<p>Det kommer an p\u00e5 st\u00f8rrelsen og vekten p\u00e5 motoren, samt avstanden den skal fraktes. For \u00e5 f\u00e5 et n\u00f8yaktig prisanslag b\u00f8r du kontakte et fraktselskap og be om en prisvurdering basert p\u00e5 spesifikasjonene til motoren og destinasjonen den skal fraktes til. 1. Hvor mye koster det \u00e5 frakte en motor med bil i Norge?Svar: Prisen &hellip; <a href=\"https:\/\/billigpakke.no\/blog\/hvor-mye-koster-det-og-frakte-motor\/\" class=\"more-link\">Hald fram med \u00e5 lese<span class=\"screen-reader-text\"> \u00abhvor mye koster det og frakte motor?\u00bb<\/span><\/a><\/p>\n","protected":false},"author":3,"featured_media":0,"parent":0,"menu_order":0,"comment_status":"closed","ping_status":"closed","template":"","meta":{"footnotes":""},"class_list":["post-988","page","type-page","status-publish","hentry"],"yoast_head":"<!-- This site is optimized with the Yoast SEO plugin v27.4 - https:\/\/yoast.com\/product\/yoast-seo-wordpress\/ -->\n<title>hvor mye koster det og frakte motor? - BilligPakke.no<\/title>\n<meta name=\"description\" content=\"Det \u00e5 frakte en motor kan variere i pris avhengig av st\u00f8rrelse, vekt og destinasjon. Prisen kan ogs\u00e5 p\u00e5virkes av transportmetode og eventuelle tilleggstjenester som forsikring eller sporing. Det er derfor viktig \u00e5 kontakte ulike transport\u00f8rer for \u00e5 f\u00e5 tilbud basert p\u00e5 spesifikke behov.\" \/>\n<meta name=\"robots\" content=\"index, follow, max-snippet:-1, max-image-preview:large, max-video-preview:-1\" \/>\n<link rel=\"canonical\" href=\"https:\/\/billigpakke.no\/blog\/hvor-mye-koster-det-og-frakte-motor\/\" \/>\n<meta property=\"og:locale\" content=\"nn_NO\" \/>\n<meta property=\"og:type\" content=\"article\" \/>\n<meta property=\"og:title\" content=\"hvor mye koster det og frakte motor? - BilligPakke.no\" \/>\n<meta property=\"og:description\" content=\"Det \u00e5 frakte en motor kan variere i pris avhengig av st\u00f8rrelse, vekt og destinasjon. Prisen kan ogs\u00e5 p\u00e5virkes av transportmetode og eventuelle tilleggstjenester som forsikring eller sporing. Det er derfor viktig \u00e5 kontakte ulike transport\u00f8rer for \u00e5 f\u00e5 tilbud basert p\u00e5 spesifikke behov.\" \/>\n<meta property=\"og:url\" content=\"https:\/\/billigpakke.no\/blog\/hvor-mye-koster-det-og-frakte-motor\/\" \/>\n<meta property=\"og:site_name\" content=\"BilligPakke.no\" \/>\n<meta property=\"article:modified_time\" content=\"2024-05-05T08:23:22+00:00\" \/>\n<meta name=\"twitter:card\" content=\"summary_large_image\" \/>\n<meta name=\"twitter:label1\" content=\"Est. reading time\" \/>\n\t<meta name=\"twitter:data1\" content=\"1 minutt\" \/>\n<script type=\"application\/ld+json\" class=\"yoast-schema-graph\">{\"@context\":\"https:\\\/\\\/schema.org\",\"@graph\":[{\"@type\":\"WebPage\",\"@id\":\"https:\\\/\\\/billigpakke.no\\\/blog\\\/hvor-mye-koster-det-og-frakte-motor\\\/\",\"url\":\"https:\\\/\\\/billigpakke.no\\\/blog\\\/hvor-mye-koster-det-og-frakte-motor\\\/\",\"name\":\"hvor mye koster det og frakte motor? - BilligPakke.no\",\"isPartOf\":{\"@id\":\"https:\\\/\\\/billigpakke.no\\\/blog\\\/#website\"},\"datePublished\":\"2024-05-05T06:30:33+00:00\",\"dateModified\":\"2024-05-05T08:23:22+00:00\",\"description\":\"Det \u00e5 frakte en motor kan variere i pris avhengig av st\u00f8rrelse, vekt og destinasjon. Prisen kan ogs\u00e5 p\u00e5virkes av transportmetode og eventuelle tilleggstjenester som forsikring eller sporing. Det er derfor viktig \u00e5 kontakte ulike transport\u00f8rer for \u00e5 f\u00e5 tilbud basert p\u00e5 spesifikke behov.\",\"breadcrumb\":{\"@id\":\"https:\\\/\\\/billigpakke.no\\\/blog\\\/hvor-mye-koster-det-og-frakte-motor\\\/#breadcrumb\"},\"inLanguage\":\"nn-NO\",\"potentialAction\":[{\"@type\":\"ReadAction\",\"target\":[\"https:\\\/\\\/billigpakke.no\\\/blog\\\/hvor-mye-koster-det-og-frakte-motor\\\/\"]}]},{\"@type\":\"BreadcrumbList\",\"@id\":\"https:\\\/\\\/billigpakke.no\\\/blog\\\/hvor-mye-koster-det-og-frakte-motor\\\/#breadcrumb\",\"itemListElement\":[{\"@type\":\"ListItem\",\"position\":1,\"name\":\"Home\",\"item\":\"https:\\\/\\\/billigpakke.no\\\/blog\\\/\"},{\"@type\":\"ListItem\",\"position\":2,\"name\":\"hvor mye koster det og frakte motor?\"}]},{\"@type\":\"WebSite\",\"@id\":\"https:\\\/\\\/billigpakke.no\\\/blog\\\/#website\",\"url\":\"https:\\\/\\\/billigpakke.no\\\/blog\\\/\",\"name\":\"BilligPakke.no\",\"description\":\"Billigpakke.no Blog\",\"publisher\":{\"@id\":\"https:\\\/\\\/billigpakke.no\\\/blog\\\/#organization\"},\"potentialAction\":[{\"@type\":\"SearchAction\",\"target\":{\"@type\":\"EntryPoint\",\"urlTemplate\":\"https:\\\/\\\/billigpakke.no\\\/blog\\\/?s={search_term_string}\"},\"query-input\":{\"@type\":\"PropertyValueSpecification\",\"valueRequired\":true,\"valueName\":\"search_term_string\"}}],\"inLanguage\":\"nn-NO\"},{\"@type\":\"Organization\",\"@id\":\"https:\\\/\\\/billigpakke.no\\\/blog\\\/#organization\",\"name\":\"BilligPakke.no\",\"url\":\"https:\\\/\\\/billigpakke.no\\\/blog\\\/\",\"logo\":{\"@type\":\"ImageObject\",\"inLanguage\":\"nn-NO\",\"@id\":\"https:\\\/\\\/billigpakke.no\\\/blog\\\/#\\\/schema\\\/logo\\\/image\\\/\",\"url\":\"https:\\\/\\\/billigpakke.no\\\/blog\\\/wp-content\\\/uploads\\\/2016\\\/10\\\/logo.png\",\"contentUrl\":\"https:\\\/\\\/billigpakke.no\\\/blog\\\/wp-content\\\/uploads\\\/2016\\\/10\\\/logo.png\",\"width\":185,\"height\":71,\"caption\":\"BilligPakke.no\"},\"image\":{\"@id\":\"https:\\\/\\\/billigpakke.no\\\/blog\\\/#\\\/schema\\\/logo\\\/image\\\/\"}}]}<\/script>\n<!-- \/ Yoast SEO plugin. -->","yoast_head_json":{"title":"hvor mye koster det og frakte motor? - BilligPakke.no","description":"Det \u00e5 frakte en motor kan variere i pris avhengig av st\u00f8rrelse, vekt og destinasjon. Prisen kan ogs\u00e5 p\u00e5virkes av transportmetode og eventuelle tilleggstjenester som forsikring eller sporing. Det er derfor viktig \u00e5 kontakte ulike transport\u00f8rer for \u00e5 f\u00e5 tilbud basert p\u00e5 spesifikke behov.","robots":{"index":"index","follow":"follow","max-snippet":"max-snippet:-1","max-image-preview":"max-image-preview:large","max-video-preview":"max-video-preview:-1"},"canonical":"https:\/\/billigpakke.no\/blog\/hvor-mye-koster-det-og-frakte-motor\/","og_locale":"nn_NO","og_type":"article","og_title":"hvor mye koster det og frakte motor? - BilligPakke.no","og_description":"Det \u00e5 frakte en motor kan variere i pris avhengig av st\u00f8rrelse, vekt og destinasjon. Prisen kan ogs\u00e5 p\u00e5virkes av transportmetode og eventuelle tilleggstjenester som forsikring eller sporing. Det er derfor viktig \u00e5 kontakte ulike transport\u00f8rer for \u00e5 f\u00e5 tilbud basert p\u00e5 spesifikke behov.","og_url":"https:\/\/billigpakke.no\/blog\/hvor-mye-koster-det-og-frakte-motor\/","og_site_name":"BilligPakke.no","article_modified_time":"2024-05-05T08:23:22+00:00","twitter_card":"summary_large_image","twitter_misc":{"Est. reading time":"1 minutt"},"schema":{"@context":"https:\/\/schema.org","@graph":[{"@type":"WebPage","@id":"https:\/\/billigpakke.no\/blog\/hvor-mye-koster-det-og-frakte-motor\/","url":"https:\/\/billigpakke.no\/blog\/hvor-mye-koster-det-og-frakte-motor\/","name":"hvor mye koster det og frakte motor? - BilligPakke.no","isPartOf":{"@id":"https:\/\/billigpakke.no\/blog\/#website"},"datePublished":"2024-05-05T06:30:33+00:00","dateModified":"2024-05-05T08:23:22+00:00","description":"Det \u00e5 frakte en motor kan variere i pris avhengig av st\u00f8rrelse, vekt og destinasjon. Prisen kan ogs\u00e5 p\u00e5virkes av transportmetode og eventuelle tilleggstjenester som forsikring eller sporing. Det er derfor viktig \u00e5 kontakte ulike transport\u00f8rer for \u00e5 f\u00e5 tilbud basert p\u00e5 spesifikke behov.","breadcrumb":{"@id":"https:\/\/billigpakke.no\/blog\/hvor-mye-koster-det-og-frakte-motor\/#breadcrumb"},"inLanguage":"nn-NO","potentialAction":[{"@type":"ReadAction","target":["https:\/\/billigpakke.no\/blog\/hvor-mye-koster-det-og-frakte-motor\/"]}]},{"@type":"BreadcrumbList","@id":"https:\/\/billigpakke.no\/blog\/hvor-mye-koster-det-og-frakte-motor\/#breadcrumb","itemListElement":[{"@type":"ListItem","position":1,"name":"Home","item":"https:\/\/billigpakke.no\/blog\/"},{"@type":"ListItem","position":2,"name":"hvor mye koster det og frakte motor?"}]},{"@type":"WebSite","@id":"https:\/\/billigpakke.no\/blog\/#website","url":"https:\/\/billigpakke.no\/blog\/","name":"BilligPakke.no","description":"Billigpakke.no Blog","publisher":{"@id":"https:\/\/billigpakke.no\/blog\/#organization"},"potentialAction":[{"@type":"SearchAction","target":{"@type":"EntryPoint","urlTemplate":"https:\/\/billigpakke.no\/blog\/?s={search_term_string}"},"query-input":{"@type":"PropertyValueSpecification","valueRequired":true,"valueName":"search_term_string"}}],"inLanguage":"nn-NO"},{"@type":"Organization","@id":"https:\/\/billigpakke.no\/blog\/#organization","name":"BilligPakke.no","url":"https:\/\/billigpakke.no\/blog\/","logo":{"@type":"ImageObject","inLanguage":"nn-NO","@id":"https:\/\/billigpakke.no\/blog\/#\/schema\/logo\/image\/","url":"https:\/\/billigpakke.no\/blog\/wp-content\/uploads\/2016\/10\/logo.png","contentUrl":"https:\/\/billigpakke.no\/blog\/wp-content\/uploads\/2016\/10\/logo.png","width":185,"height":71,"caption":"BilligPakke.no"},"image":{"@id":"https:\/\/billigpakke.no\/blog\/#\/schema\/logo\/image\/"}}]}},"_links":{"self":[{"href":"https:\/\/billigpakke.no\/blog\/wp-json\/wp\/v2\/pages\/988","targetHints":{"allow":["GET"]}}],"collection":[{"href":"https:\/\/billigpakke.no\/blog\/wp-json\/wp\/v2\/pages"}],"about":[{"href":"https:\/\/billigpakke.no\/blog\/wp-json\/wp\/v2\/types\/page"}],"author":[{"embeddable":true,"href":"https:\/\/billigpakke.no\/blog\/wp-json\/wp\/v2\/users\/3"}],"replies":[{"embeddable":true,"href":"https:\/\/billigpakke.no\/blog\/wp-json\/wp\/v2\/comments?post=988"}],"version-history":[{"count":2,"href":"https:\/\/billigpakke.no\/blog\/wp-json\/wp\/v2\/pages\/988\/revisions"}],"predecessor-version":[{"id":1633,"href":"https:\/\/billigpakke.no\/blog\/wp-json\/wp\/v2\/pages\/988\/revisions\/1633"}],"wp:attachment":[{"href":"https:\/\/billigpakke.no\/blog\/wp-json\/wp\/v2\/media?parent=988"}],"curies":[{"name":"wp","href":"https:\/\/api.w.org\/{rel}","templated":true}]}}