{"id":984,"date":"2024-05-05T09:23:22","date_gmt":"2024-05-05T06:30:32","guid":{"rendered":"https:\/\/billigpakke.no\/blog\/hvor-mye-koster-det-a-frakte-kniv-gjennom-toll\/"},"modified":"2024-05-05T09:23:22","modified_gmt":"2024-05-05T08:23:22","slug":"hvor-mye-koster-det-a-frakte-kniv-gjennom-toll","status":"publish","type":"page","link":"https:\/\/billigpakke.no\/blog\/hvor-mye-koster-det-a-frakte-kniv-gjennom-toll\/","title":{"rendered":"hvor mye koster det \u00e5 frakte kniv gjennom toll?"},"content":{"rendered":"\n<p class=\"has-text-align-center\">Det koster ingenting \u00e5 frakte en vanlig kniv gjennom tollen i Norge, s\u00e5 lenge den er til personlig bruk og ikke er en ulovlig eller forbudt kniv. Hvis det er en spesiell type kniv eller det er sp\u00f8rsm\u00e5l om tollavgifter, kan det v\u00e6re lurt \u00e5 kontakte tollmyndighetene for \u00e5 f\u00e5 n\u00f8yaktig informasjon.<\/p>\n\n\n\n<div class=\"wp-block-buttons is-content-justification-center is-layout-flex wp-container-core-buttons-is-layout-16018d1d wp-block-buttons-is-layout-flex\">\n<div class=\"wp-block-button is-style-outline is-style-outline--1\"><a class=\"wp-block-button__link has-dark-gray-color has-yellow-background-color has-text-color has-background has-link-color wp-element-button\" href=\"https:\/\/billigpakke.no\">send pakkene dine billig her<\/a><\/div>\n<\/div>\n\n\n\n<p><\/p>\n\n\n\n<p class=\"has-text-align-center\">1. Hvor mye koster det \u00e5 frakte en kniv gjennom tollen i Norge?<br \/>Svar: Det koster ingenting \u00e5 frakte en kniv gjennom tollen i Norge, s\u00e5 lenge kniven er lovlig \u00e5 eie og b\u00e6re i landet.<br \/><br \/>2. Hvilke regler gjelder for \u00e5 frakte kniver gjennom tollen i Norge?<br \/>Svar: Det er tillatt \u00e5 frakte kniver gjennom tollen i Norge s\u00e5 lenge kniven er lovlig \u00e5 eie og b\u00e6re i landet. Det er imidlertid viktig \u00e5 v\u00e6re klar over at visse typer kniver, som for eksempel springkniver og stiletter, er forbudt \u00e5 eie og b\u00e6re i Norge.<br \/><br \/>3. Hva skjer hvis jeg fors\u00f8ker \u00e5 frakte en ulovlig kniv gjennom tollen i Norge?<br \/>Svar: Hvis du fors\u00f8ker \u00e5 frakte en ulovlig kniv gjennom tollen i Norge, kan du bli straffet med b\u00f8ter eller fengselsstraff, avhengig av alvorlighetsgraden av lovbruddet. Det er derfor viktig \u00e5 v\u00e6re klar over hvilke typer kniver som er tillatt \u00e5 eie og b\u00e6re i Norge f\u00f8r du fors\u00f8ker \u00e5 frakte dem gjennom tollen.<\/p>\n","protected":false},"excerpt":{"rendered":"<p>Det koster ingenting \u00e5 frakte en vanlig kniv gjennom tollen i Norge, s\u00e5 lenge den er til personlig bruk og ikke er en ulovlig eller forbudt kniv. Hvis det er en spesiell type kniv eller det er sp\u00f8rsm\u00e5l om tollavgifter, kan det v\u00e6re lurt \u00e5 kontakte tollmyndighetene for \u00e5 f\u00e5 n\u00f8yaktig informasjon. 1. Hvor mye &hellip; <a href=\"https:\/\/billigpakke.no\/blog\/hvor-mye-koster-det-a-frakte-kniv-gjennom-toll\/\" class=\"more-link\">Hald fram med \u00e5 lese<span class=\"screen-reader-text\"> \u00abhvor mye koster det \u00e5 frakte kniv gjennom toll?\u00bb<\/span><\/a><\/p>\n","protected":false},"author":3,"featured_media":0,"parent":0,"menu_order":0,"comment_status":"closed","ping_status":"closed","template":"","meta":{"footnotes":""},"class_list":["post-984","page","type-page","status-publish","hentry"],"yoast_head":"<!-- This site is optimized with the Yoast SEO plugin v27.5 - https:\/\/yoast.com\/product\/yoast-seo-wordpress\/ -->\n<title>hvor mye koster det \u00e5 frakte kniv gjennom toll? - BilligPakke.no<\/title>\n<meta name=\"description\" content=\"Det er viktig \u00e5 v\u00e6re klar over tollreglene n\u00e5r man frakter kniver. Prisen for \u00e5 frakte kniver gjennom toll avhenger av typen kniv og tollbestemmelsene i det aktuelle landet. Det kan v\u00e6re lurt \u00e5 unders\u00f8ke dette p\u00e5 forh\u00e5nd for \u00e5 unng\u00e5 ubehagelige overraskelser.\" \/>\n<meta name=\"robots\" content=\"index, follow, max-snippet:-1, max-image-preview:large, max-video-preview:-1\" \/>\n<link rel=\"canonical\" href=\"https:\/\/billigpakke.no\/blog\/hvor-mye-koster-det-a-frakte-kniv-gjennom-toll\/\" \/>\n<meta property=\"og:locale\" content=\"nn_NO\" \/>\n<meta property=\"og:type\" content=\"article\" \/>\n<meta property=\"og:title\" content=\"hvor mye koster det \u00e5 frakte kniv gjennom toll? - BilligPakke.no\" \/>\n<meta property=\"og:description\" content=\"Det er viktig \u00e5 v\u00e6re klar over tollreglene n\u00e5r man frakter kniver. Prisen for \u00e5 frakte kniver gjennom toll avhenger av typen kniv og tollbestemmelsene i det aktuelle landet. Det kan v\u00e6re lurt \u00e5 unders\u00f8ke dette p\u00e5 forh\u00e5nd for \u00e5 unng\u00e5 ubehagelige overraskelser.\" \/>\n<meta property=\"og:url\" content=\"https:\/\/billigpakke.no\/blog\/hvor-mye-koster-det-a-frakte-kniv-gjennom-toll\/\" \/>\n<meta property=\"og:site_name\" content=\"BilligPakke.no\" \/>\n<meta property=\"article:modified_time\" content=\"2024-05-05T08:23:22+00:00\" \/>\n<meta name=\"twitter:card\" content=\"summary_large_image\" \/>\n<meta name=\"twitter:label1\" content=\"Est. reading time\" \/>\n\t<meta name=\"twitter:data1\" content=\"1 minutt\" \/>\n<script type=\"application\/ld+json\" class=\"yoast-schema-graph\">{\"@context\":\"https:\\\/\\\/schema.org\",\"@graph\":[{\"@type\":\"WebPage\",\"@id\":\"https:\\\/\\\/billigpakke.no\\\/blog\\\/hvor-mye-koster-det-a-frakte-kniv-gjennom-toll\\\/\",\"url\":\"https:\\\/\\\/billigpakke.no\\\/blog\\\/hvor-mye-koster-det-a-frakte-kniv-gjennom-toll\\\/\",\"name\":\"hvor mye koster det \u00e5 frakte kniv gjennom toll? - BilligPakke.no\",\"isPartOf\":{\"@id\":\"https:\\\/\\\/billigpakke.no\\\/blog\\\/#website\"},\"datePublished\":\"2024-05-05T06:30:32+00:00\",\"dateModified\":\"2024-05-05T08:23:22+00:00\",\"description\":\"Det er viktig \u00e5 v\u00e6re klar over tollreglene n\u00e5r man frakter kniver. Prisen for \u00e5 frakte kniver gjennom toll avhenger av typen kniv og tollbestemmelsene i det aktuelle landet. Det kan v\u00e6re lurt \u00e5 unders\u00f8ke dette p\u00e5 forh\u00e5nd for \u00e5 unng\u00e5 ubehagelige overraskelser.\",\"breadcrumb\":{\"@id\":\"https:\\\/\\\/billigpakke.no\\\/blog\\\/hvor-mye-koster-det-a-frakte-kniv-gjennom-toll\\\/#breadcrumb\"},\"inLanguage\":\"nn-NO\",\"potentialAction\":[{\"@type\":\"ReadAction\",\"target\":[\"https:\\\/\\\/billigpakke.no\\\/blog\\\/hvor-mye-koster-det-a-frakte-kniv-gjennom-toll\\\/\"]}]},{\"@type\":\"BreadcrumbList\",\"@id\":\"https:\\\/\\\/billigpakke.no\\\/blog\\\/hvor-mye-koster-det-a-frakte-kniv-gjennom-toll\\\/#breadcrumb\",\"itemListElement\":[{\"@type\":\"ListItem\",\"position\":1,\"name\":\"Home\",\"item\":\"https:\\\/\\\/billigpakke.no\\\/blog\\\/\"},{\"@type\":\"ListItem\",\"position\":2,\"name\":\"hvor mye koster det \u00e5 frakte kniv gjennom toll?\"}]},{\"@type\":\"WebSite\",\"@id\":\"https:\\\/\\\/billigpakke.no\\\/blog\\\/#website\",\"url\":\"https:\\\/\\\/billigpakke.no\\\/blog\\\/\",\"name\":\"BilligPakke.no\",\"description\":\"Billigpakke.no Blog\",\"publisher\":{\"@id\":\"https:\\\/\\\/billigpakke.no\\\/blog\\\/#organization\"},\"potentialAction\":[{\"@type\":\"SearchAction\",\"target\":{\"@type\":\"EntryPoint\",\"urlTemplate\":\"https:\\\/\\\/billigpakke.no\\\/blog\\\/?s={search_term_string}\"},\"query-input\":{\"@type\":\"PropertyValueSpecification\",\"valueRequired\":true,\"valueName\":\"search_term_string\"}}],\"inLanguage\":\"nn-NO\"},{\"@type\":\"Organization\",\"@id\":\"https:\\\/\\\/billigpakke.no\\\/blog\\\/#organization\",\"name\":\"BilligPakke.no\",\"url\":\"https:\\\/\\\/billigpakke.no\\\/blog\\\/\",\"logo\":{\"@type\":\"ImageObject\",\"inLanguage\":\"nn-NO\",\"@id\":\"https:\\\/\\\/billigpakke.no\\\/blog\\\/#\\\/schema\\\/logo\\\/image\\\/\",\"url\":\"https:\\\/\\\/billigpakke.no\\\/blog\\\/wp-content\\\/uploads\\\/2016\\\/10\\\/logo.png\",\"contentUrl\":\"https:\\\/\\\/billigpakke.no\\\/blog\\\/wp-content\\\/uploads\\\/2016\\\/10\\\/logo.png\",\"width\":185,\"height\":71,\"caption\":\"BilligPakke.no\"},\"image\":{\"@id\":\"https:\\\/\\\/billigpakke.no\\\/blog\\\/#\\\/schema\\\/logo\\\/image\\\/\"}}]}<\/script>\n<!-- \/ Yoast SEO plugin. -->","yoast_head_json":{"title":"hvor mye koster det \u00e5 frakte kniv gjennom toll? - BilligPakke.no","description":"Det er viktig \u00e5 v\u00e6re klar over tollreglene n\u00e5r man frakter kniver. Prisen for \u00e5 frakte kniver gjennom toll avhenger av typen kniv og tollbestemmelsene i det aktuelle landet. Det kan v\u00e6re lurt \u00e5 unders\u00f8ke dette p\u00e5 forh\u00e5nd for \u00e5 unng\u00e5 ubehagelige overraskelser.","robots":{"index":"index","follow":"follow","max-snippet":"max-snippet:-1","max-image-preview":"max-image-preview:large","max-video-preview":"max-video-preview:-1"},"canonical":"https:\/\/billigpakke.no\/blog\/hvor-mye-koster-det-a-frakte-kniv-gjennom-toll\/","og_locale":"nn_NO","og_type":"article","og_title":"hvor mye koster det \u00e5 frakte kniv gjennom toll? - BilligPakke.no","og_description":"Det er viktig \u00e5 v\u00e6re klar over tollreglene n\u00e5r man frakter kniver. Prisen for \u00e5 frakte kniver gjennom toll avhenger av typen kniv og tollbestemmelsene i det aktuelle landet. Det kan v\u00e6re lurt \u00e5 unders\u00f8ke dette p\u00e5 forh\u00e5nd for \u00e5 unng\u00e5 ubehagelige overraskelser.","og_url":"https:\/\/billigpakke.no\/blog\/hvor-mye-koster-det-a-frakte-kniv-gjennom-toll\/","og_site_name":"BilligPakke.no","article_modified_time":"2024-05-05T08:23:22+00:00","twitter_card":"summary_large_image","twitter_misc":{"Est. reading time":"1 minutt"},"schema":{"@context":"https:\/\/schema.org","@graph":[{"@type":"WebPage","@id":"https:\/\/billigpakke.no\/blog\/hvor-mye-koster-det-a-frakte-kniv-gjennom-toll\/","url":"https:\/\/billigpakke.no\/blog\/hvor-mye-koster-det-a-frakte-kniv-gjennom-toll\/","name":"hvor mye koster det \u00e5 frakte kniv gjennom toll? - BilligPakke.no","isPartOf":{"@id":"https:\/\/billigpakke.no\/blog\/#website"},"datePublished":"2024-05-05T06:30:32+00:00","dateModified":"2024-05-05T08:23:22+00:00","description":"Det er viktig \u00e5 v\u00e6re klar over tollreglene n\u00e5r man frakter kniver. Prisen for \u00e5 frakte kniver gjennom toll avhenger av typen kniv og tollbestemmelsene i det aktuelle landet. Det kan v\u00e6re lurt \u00e5 unders\u00f8ke dette p\u00e5 forh\u00e5nd for \u00e5 unng\u00e5 ubehagelige overraskelser.","breadcrumb":{"@id":"https:\/\/billigpakke.no\/blog\/hvor-mye-koster-det-a-frakte-kniv-gjennom-toll\/#breadcrumb"},"inLanguage":"nn-NO","potentialAction":[{"@type":"ReadAction","target":["https:\/\/billigpakke.no\/blog\/hvor-mye-koster-det-a-frakte-kniv-gjennom-toll\/"]}]},{"@type":"BreadcrumbList","@id":"https:\/\/billigpakke.no\/blog\/hvor-mye-koster-det-a-frakte-kniv-gjennom-toll\/#breadcrumb","itemListElement":[{"@type":"ListItem","position":1,"name":"Home","item":"https:\/\/billigpakke.no\/blog\/"},{"@type":"ListItem","position":2,"name":"hvor mye koster det \u00e5 frakte kniv gjennom toll?"}]},{"@type":"WebSite","@id":"https:\/\/billigpakke.no\/blog\/#website","url":"https:\/\/billigpakke.no\/blog\/","name":"BilligPakke.no","description":"Billigpakke.no Blog","publisher":{"@id":"https:\/\/billigpakke.no\/blog\/#organization"},"potentialAction":[{"@type":"SearchAction","target":{"@type":"EntryPoint","urlTemplate":"https:\/\/billigpakke.no\/blog\/?s={search_term_string}"},"query-input":{"@type":"PropertyValueSpecification","valueRequired":true,"valueName":"search_term_string"}}],"inLanguage":"nn-NO"},{"@type":"Organization","@id":"https:\/\/billigpakke.no\/blog\/#organization","name":"BilligPakke.no","url":"https:\/\/billigpakke.no\/blog\/","logo":{"@type":"ImageObject","inLanguage":"nn-NO","@id":"https:\/\/billigpakke.no\/blog\/#\/schema\/logo\/image\/","url":"https:\/\/billigpakke.no\/blog\/wp-content\/uploads\/2016\/10\/logo.png","contentUrl":"https:\/\/billigpakke.no\/blog\/wp-content\/uploads\/2016\/10\/logo.png","width":185,"height":71,"caption":"BilligPakke.no"},"image":{"@id":"https:\/\/billigpakke.no\/blog\/#\/schema\/logo\/image\/"}}]}},"_links":{"self":[{"href":"https:\/\/billigpakke.no\/blog\/wp-json\/wp\/v2\/pages\/984","targetHints":{"allow":["GET"]}}],"collection":[{"href":"https:\/\/billigpakke.no\/blog\/wp-json\/wp\/v2\/pages"}],"about":[{"href":"https:\/\/billigpakke.no\/blog\/wp-json\/wp\/v2\/types\/page"}],"author":[{"embeddable":true,"href":"https:\/\/billigpakke.no\/blog\/wp-json\/wp\/v2\/users\/3"}],"replies":[{"embeddable":true,"href":"https:\/\/billigpakke.no\/blog\/wp-json\/wp\/v2\/comments?post=984"}],"version-history":[{"count":2,"href":"https:\/\/billigpakke.no\/blog\/wp-json\/wp\/v2\/pages\/984\/revisions"}],"predecessor-version":[{"id":1629,"href":"https:\/\/billigpakke.no\/blog\/wp-json\/wp\/v2\/pages\/984\/revisions\/1629"}],"wp:attachment":[{"href":"https:\/\/billigpakke.no\/blog\/wp-json\/wp\/v2\/media?parent=984"}],"curies":[{"name":"wp","href":"https:\/\/api.w.org\/{rel}","templated":true}]}}