{"id":982,"date":"2024-05-05T09:23:21","date_gmt":"2024-05-05T06:30:32","guid":{"rendered":"https:\/\/billigpakke.no\/blog\/hva-koster-det-a-frakte-en-kiste-fra-montenegro\/"},"modified":"2024-05-05T09:23:21","modified_gmt":"2024-05-05T08:23:21","slug":"hva-koster-det-a-frakte-en-kiste-fra-montenegro","status":"publish","type":"page","link":"https:\/\/billigpakke.no\/blog\/hva-koster-det-a-frakte-en-kiste-fra-montenegro\/","title":{"rendered":"hva koster det \u00e5 frakte en kiste fra montenegro?"},"content":{"rendered":"\n<p class=\"has-text-align-center\">Det er vanskelig \u00e5 gi en n\u00f8yaktig pris uten mer informasjon, som for eksempel st\u00f8rrelsen p\u00e5 kisten, vekten og avstanden den skal fraktes. Prisen vil ogs\u00e5 avhenge av hvilket fraktselskap du velger \u00e5 bruke. Jeg anbefaler \u00e5 kontakte ulike fraktselskaper for \u00e5 f\u00e5 tilbud basert p\u00e5 dine spesifikke behov.<\/p>\n\n\n\n<div class=\"wp-block-buttons is-content-justification-center is-layout-flex wp-container-core-buttons-is-layout-16018d1d wp-block-buttons-is-layout-flex\">\n<div class=\"wp-block-button is-style-outline is-style-outline--1\"><a class=\"wp-block-button__link has-dark-gray-color has-yellow-background-color has-text-color has-background has-link-color wp-element-button\" href=\"https:\/\/billigpakke.no\">send pakkene dine billig her<\/a><\/div>\n<\/div>\n\n\n\n<p><\/p>\n\n\n\n<p class=\"has-text-align-center\">1. Hva koster det \u00e5 frakte en kiste fra Montenegro til Norge?<br \/>Svar: Prisen for \u00e5 frakte en kiste fra Montenegro til Norge vil variere avhengig av fraktselskapet, transportmetoden og eventuelle tollavgifter. Det anbefales \u00e5 kontakte ulike fraktselskaper for \u00e5 f\u00e5 tilbud og priser.<br \/><br \/>2. Hvilke dokumenter og tillatelser trenger jeg for \u00e5 frakte en kiste fra Montenegro til Norge?<br \/>Svar: For \u00e5 frakte en kiste fra Montenegro til Norge, vil du sannsynligvis trenge en eksportlisens fra Montenegro, samt n\u00f8dvendige toll- og importdokumenter for Norge. Det er viktig \u00e5 kontakte tollmyndighetene og fraktselskapet for \u00e5 sikre at du har alle n\u00f8dvendige tillatelser og dokumenter.<br \/><br \/>3. Hvilke transportmetoder er tilgjengelige for \u00e5 frakte en kiste fra Montenegro til Norge?<br \/>Svar: Du kan frakte en kiste fra Montenegro til Norge ved hjelp av flyfrakt, sj\u00f8frakt eller veitransport, avhengig av dine preferanser og budsjett. Det er viktig \u00e5 vurdere kostnader, tid og sikkerhet ved valg av transportmetode.<\/p>\n","protected":false},"excerpt":{"rendered":"<p>Det er vanskelig \u00e5 gi en n\u00f8yaktig pris uten mer informasjon, som for eksempel st\u00f8rrelsen p\u00e5 kisten, vekten og avstanden den skal fraktes. Prisen vil ogs\u00e5 avhenge av hvilket fraktselskap du velger \u00e5 bruke. Jeg anbefaler \u00e5 kontakte ulike fraktselskaper for \u00e5 f\u00e5 tilbud basert p\u00e5 dine spesifikke behov. 1. Hva koster det \u00e5 frakte &hellip; <a href=\"https:\/\/billigpakke.no\/blog\/hva-koster-det-a-frakte-en-kiste-fra-montenegro\/\" class=\"more-link\">Hald fram med \u00e5 lese<span class=\"screen-reader-text\"> \u00abhva koster det \u00e5 frakte en kiste fra montenegro?\u00bb<\/span><\/a><\/p>\n","protected":false},"author":3,"featured_media":0,"parent":0,"menu_order":0,"comment_status":"closed","ping_status":"closed","template":"","meta":{"footnotes":""},"class_list":["post-982","page","type-page","status-publish","hentry"],"yoast_head":"<!-- This site is optimized with the Yoast SEO plugin v27.5 - https:\/\/yoast.com\/product\/yoast-seo-wordpress\/ -->\n<title>hva koster det \u00e5 frakte en kiste fra montenegro? - BilligPakke.no<\/title>\n<meta name=\"description\" content=\"Prisen for \u00e5 frakte en kiste fra Montenegro vil variere avhengig av flere faktorer, inkludert avstanden, transportmetoden og eventuelle tollavgifter. Det er best \u00e5 kontakte et fraktselskap for en n\u00f8yaktig prisvurdering.\" \/>\n<meta name=\"robots\" content=\"index, follow, max-snippet:-1, max-image-preview:large, max-video-preview:-1\" \/>\n<link rel=\"canonical\" href=\"https:\/\/billigpakke.no\/blog\/hva-koster-det-a-frakte-en-kiste-fra-montenegro\/\" \/>\n<meta property=\"og:locale\" content=\"nn_NO\" \/>\n<meta property=\"og:type\" content=\"article\" \/>\n<meta property=\"og:title\" content=\"hva koster det \u00e5 frakte en kiste fra montenegro? - BilligPakke.no\" \/>\n<meta property=\"og:description\" content=\"Prisen for \u00e5 frakte en kiste fra Montenegro vil variere avhengig av flere faktorer, inkludert avstanden, transportmetoden og eventuelle tollavgifter. Det er best \u00e5 kontakte et fraktselskap for en n\u00f8yaktig prisvurdering.\" \/>\n<meta property=\"og:url\" content=\"https:\/\/billigpakke.no\/blog\/hva-koster-det-a-frakte-en-kiste-fra-montenegro\/\" \/>\n<meta property=\"og:site_name\" content=\"BilligPakke.no\" \/>\n<meta property=\"article:modified_time\" content=\"2024-05-05T08:23:21+00:00\" \/>\n<meta name=\"twitter:card\" content=\"summary_large_image\" \/>\n<meta name=\"twitter:label1\" content=\"Est. reading time\" \/>\n\t<meta name=\"twitter:data1\" content=\"1 minutt\" \/>\n<script type=\"application\/ld+json\" class=\"yoast-schema-graph\">{\"@context\":\"https:\\\/\\\/schema.org\",\"@graph\":[{\"@type\":\"WebPage\",\"@id\":\"https:\\\/\\\/billigpakke.no\\\/blog\\\/hva-koster-det-a-frakte-en-kiste-fra-montenegro\\\/\",\"url\":\"https:\\\/\\\/billigpakke.no\\\/blog\\\/hva-koster-det-a-frakte-en-kiste-fra-montenegro\\\/\",\"name\":\"hva koster det \u00e5 frakte en kiste fra montenegro? - BilligPakke.no\",\"isPartOf\":{\"@id\":\"https:\\\/\\\/billigpakke.no\\\/blog\\\/#website\"},\"datePublished\":\"2024-05-05T06:30:32+00:00\",\"dateModified\":\"2024-05-05T08:23:21+00:00\",\"description\":\"Prisen for \u00e5 frakte en kiste fra Montenegro vil variere avhengig av flere faktorer, inkludert avstanden, transportmetoden og eventuelle tollavgifter. Det er best \u00e5 kontakte et fraktselskap for en n\u00f8yaktig prisvurdering.\",\"breadcrumb\":{\"@id\":\"https:\\\/\\\/billigpakke.no\\\/blog\\\/hva-koster-det-a-frakte-en-kiste-fra-montenegro\\\/#breadcrumb\"},\"inLanguage\":\"nn-NO\",\"potentialAction\":[{\"@type\":\"ReadAction\",\"target\":[\"https:\\\/\\\/billigpakke.no\\\/blog\\\/hva-koster-det-a-frakte-en-kiste-fra-montenegro\\\/\"]}]},{\"@type\":\"BreadcrumbList\",\"@id\":\"https:\\\/\\\/billigpakke.no\\\/blog\\\/hva-koster-det-a-frakte-en-kiste-fra-montenegro\\\/#breadcrumb\",\"itemListElement\":[{\"@type\":\"ListItem\",\"position\":1,\"name\":\"Home\",\"item\":\"https:\\\/\\\/billigpakke.no\\\/blog\\\/\"},{\"@type\":\"ListItem\",\"position\":2,\"name\":\"hva koster det \u00e5 frakte en kiste fra montenegro?\"}]},{\"@type\":\"WebSite\",\"@id\":\"https:\\\/\\\/billigpakke.no\\\/blog\\\/#website\",\"url\":\"https:\\\/\\\/billigpakke.no\\\/blog\\\/\",\"name\":\"BilligPakke.no\",\"description\":\"Billigpakke.no Blog\",\"publisher\":{\"@id\":\"https:\\\/\\\/billigpakke.no\\\/blog\\\/#organization\"},\"potentialAction\":[{\"@type\":\"SearchAction\",\"target\":{\"@type\":\"EntryPoint\",\"urlTemplate\":\"https:\\\/\\\/billigpakke.no\\\/blog\\\/?s={search_term_string}\"},\"query-input\":{\"@type\":\"PropertyValueSpecification\",\"valueRequired\":true,\"valueName\":\"search_term_string\"}}],\"inLanguage\":\"nn-NO\"},{\"@type\":\"Organization\",\"@id\":\"https:\\\/\\\/billigpakke.no\\\/blog\\\/#organization\",\"name\":\"BilligPakke.no\",\"url\":\"https:\\\/\\\/billigpakke.no\\\/blog\\\/\",\"logo\":{\"@type\":\"ImageObject\",\"inLanguage\":\"nn-NO\",\"@id\":\"https:\\\/\\\/billigpakke.no\\\/blog\\\/#\\\/schema\\\/logo\\\/image\\\/\",\"url\":\"https:\\\/\\\/billigpakke.no\\\/blog\\\/wp-content\\\/uploads\\\/2016\\\/10\\\/logo.png\",\"contentUrl\":\"https:\\\/\\\/billigpakke.no\\\/blog\\\/wp-content\\\/uploads\\\/2016\\\/10\\\/logo.png\",\"width\":185,\"height\":71,\"caption\":\"BilligPakke.no\"},\"image\":{\"@id\":\"https:\\\/\\\/billigpakke.no\\\/blog\\\/#\\\/schema\\\/logo\\\/image\\\/\"}}]}<\/script>\n<!-- \/ Yoast SEO plugin. -->","yoast_head_json":{"title":"hva koster det \u00e5 frakte en kiste fra montenegro? - BilligPakke.no","description":"Prisen for \u00e5 frakte en kiste fra Montenegro vil variere avhengig av flere faktorer, inkludert avstanden, transportmetoden og eventuelle tollavgifter. Det er best \u00e5 kontakte et fraktselskap for en n\u00f8yaktig prisvurdering.","robots":{"index":"index","follow":"follow","max-snippet":"max-snippet:-1","max-image-preview":"max-image-preview:large","max-video-preview":"max-video-preview:-1"},"canonical":"https:\/\/billigpakke.no\/blog\/hva-koster-det-a-frakte-en-kiste-fra-montenegro\/","og_locale":"nn_NO","og_type":"article","og_title":"hva koster det \u00e5 frakte en kiste fra montenegro? - BilligPakke.no","og_description":"Prisen for \u00e5 frakte en kiste fra Montenegro vil variere avhengig av flere faktorer, inkludert avstanden, transportmetoden og eventuelle tollavgifter. Det er best \u00e5 kontakte et fraktselskap for en n\u00f8yaktig prisvurdering.","og_url":"https:\/\/billigpakke.no\/blog\/hva-koster-det-a-frakte-en-kiste-fra-montenegro\/","og_site_name":"BilligPakke.no","article_modified_time":"2024-05-05T08:23:21+00:00","twitter_card":"summary_large_image","twitter_misc":{"Est. reading time":"1 minutt"},"schema":{"@context":"https:\/\/schema.org","@graph":[{"@type":"WebPage","@id":"https:\/\/billigpakke.no\/blog\/hva-koster-det-a-frakte-en-kiste-fra-montenegro\/","url":"https:\/\/billigpakke.no\/blog\/hva-koster-det-a-frakte-en-kiste-fra-montenegro\/","name":"hva koster det \u00e5 frakte en kiste fra montenegro? - BilligPakke.no","isPartOf":{"@id":"https:\/\/billigpakke.no\/blog\/#website"},"datePublished":"2024-05-05T06:30:32+00:00","dateModified":"2024-05-05T08:23:21+00:00","description":"Prisen for \u00e5 frakte en kiste fra Montenegro vil variere avhengig av flere faktorer, inkludert avstanden, transportmetoden og eventuelle tollavgifter. Det er best \u00e5 kontakte et fraktselskap for en n\u00f8yaktig prisvurdering.","breadcrumb":{"@id":"https:\/\/billigpakke.no\/blog\/hva-koster-det-a-frakte-en-kiste-fra-montenegro\/#breadcrumb"},"inLanguage":"nn-NO","potentialAction":[{"@type":"ReadAction","target":["https:\/\/billigpakke.no\/blog\/hva-koster-det-a-frakte-en-kiste-fra-montenegro\/"]}]},{"@type":"BreadcrumbList","@id":"https:\/\/billigpakke.no\/blog\/hva-koster-det-a-frakte-en-kiste-fra-montenegro\/#breadcrumb","itemListElement":[{"@type":"ListItem","position":1,"name":"Home","item":"https:\/\/billigpakke.no\/blog\/"},{"@type":"ListItem","position":2,"name":"hva koster det \u00e5 frakte en kiste fra montenegro?"}]},{"@type":"WebSite","@id":"https:\/\/billigpakke.no\/blog\/#website","url":"https:\/\/billigpakke.no\/blog\/","name":"BilligPakke.no","description":"Billigpakke.no Blog","publisher":{"@id":"https:\/\/billigpakke.no\/blog\/#organization"},"potentialAction":[{"@type":"SearchAction","target":{"@type":"EntryPoint","urlTemplate":"https:\/\/billigpakke.no\/blog\/?s={search_term_string}"},"query-input":{"@type":"PropertyValueSpecification","valueRequired":true,"valueName":"search_term_string"}}],"inLanguage":"nn-NO"},{"@type":"Organization","@id":"https:\/\/billigpakke.no\/blog\/#organization","name":"BilligPakke.no","url":"https:\/\/billigpakke.no\/blog\/","logo":{"@type":"ImageObject","inLanguage":"nn-NO","@id":"https:\/\/billigpakke.no\/blog\/#\/schema\/logo\/image\/","url":"https:\/\/billigpakke.no\/blog\/wp-content\/uploads\/2016\/10\/logo.png","contentUrl":"https:\/\/billigpakke.no\/blog\/wp-content\/uploads\/2016\/10\/logo.png","width":185,"height":71,"caption":"BilligPakke.no"},"image":{"@id":"https:\/\/billigpakke.no\/blog\/#\/schema\/logo\/image\/"}}]}},"_links":{"self":[{"href":"https:\/\/billigpakke.no\/blog\/wp-json\/wp\/v2\/pages\/982","targetHints":{"allow":["GET"]}}],"collection":[{"href":"https:\/\/billigpakke.no\/blog\/wp-json\/wp\/v2\/pages"}],"about":[{"href":"https:\/\/billigpakke.no\/blog\/wp-json\/wp\/v2\/types\/page"}],"author":[{"embeddable":true,"href":"https:\/\/billigpakke.no\/blog\/wp-json\/wp\/v2\/users\/3"}],"replies":[{"embeddable":true,"href":"https:\/\/billigpakke.no\/blog\/wp-json\/wp\/v2\/comments?post=982"}],"version-history":[{"count":2,"href":"https:\/\/billigpakke.no\/blog\/wp-json\/wp\/v2\/pages\/982\/revisions"}],"predecessor-version":[{"id":1627,"href":"https:\/\/billigpakke.no\/blog\/wp-json\/wp\/v2\/pages\/982\/revisions\/1627"}],"wp:attachment":[{"href":"https:\/\/billigpakke.no\/blog\/wp-json\/wp\/v2\/media?parent=982"}],"curies":[{"name":"wp","href":"https:\/\/api.w.org\/{rel}","templated":true}]}}