{"id":971,"date":"2024-05-05T09:23:21","date_gmt":"2024-05-05T06:30:31","guid":{"rendered":"https:\/\/billigpakke.no\/blog\/hva-koster-det-a-levere-sen-skattemelding\/"},"modified":"2024-05-05T09:23:21","modified_gmt":"2024-05-05T08:23:21","slug":"hva-koster-det-a-levere-sen-skattemelding","status":"publish","type":"page","link":"https:\/\/billigpakke.no\/blog\/hva-koster-det-a-levere-sen-skattemelding\/","title":{"rendered":"hva koster det \u00e5 levere sen skattemelding?"},"content":{"rendered":"\n<p class=\"has-text-align-center\">Det koster ingenting \u00e5 levere skattemeldingen for sent, men det kan p\u00e5l\u00f8pe forsinkelsesrenter dersom skatten ikke blir betalt innen fristen. Det er viktig \u00e5 levere skattemeldingen i tide for \u00e5 unng\u00e5 un\u00f8dvendige ekstrakostnader.<\/p>\n\n\n\n<div class=\"wp-block-buttons is-content-justification-center is-layout-flex wp-container-core-buttons-is-layout-16018d1d wp-block-buttons-is-layout-flex\">\n<div class=\"wp-block-button is-style-outline is-style-outline--1\"><a class=\"wp-block-button__link has-dark-gray-color has-yellow-background-color has-text-color has-background has-link-color wp-element-button\" href=\"https:\/\/billigpakke.no\">send pakkene dine billig her<\/a><\/div>\n<\/div>\n\n\n\n<p><\/p>\n\n\n\n<p class=\"has-text-align-center\">1. Hva koster det \u00e5 levere skattemeldingen etter fristen?<br \/>Svar: Dersom du leverer skattemeldingen etter fristen, kan du bli ilagt en forsinkelsesavgift. Denne avgiften kan variere avhengig av hvor lenge du har v\u00e6rt forsinket og hvor stor inntekten din er.<br \/><br \/>2. Hva er konsekvensene av \u00e5 levere skattemeldingen for sent?<br \/>Svar: \u00c5 levere skattemeldingen for sent kan resultere i en forsinkelsesavgift, samt eventuelle renter p\u00e5 eventuell restskatt. I tillegg kan det f\u00f8re til at du mister retten til ulike fradrag og fordeler.<br \/><br \/>3. Hvor kan jeg finne informasjon om frister og gebyrer for levering av skattemeldingen?<br \/>Svar: Du kan finne informasjon om frister og gebyrer for levering av skattemeldingen p\u00e5 Skatteetatens nettsider, eller ved \u00e5 kontakte Skatteetaten direkte. Det er viktig \u00e5 v\u00e6re oppmerksom p\u00e5 fristene og konsekvensene av \u00e5 levere skattemeldingen for sent.<\/p>\n","protected":false},"excerpt":{"rendered":"<p>Det koster ingenting \u00e5 levere skattemeldingen for sent, men det kan p\u00e5l\u00f8pe forsinkelsesrenter dersom skatten ikke blir betalt innen fristen. Det er viktig \u00e5 levere skattemeldingen i tide for \u00e5 unng\u00e5 un\u00f8dvendige ekstrakostnader. 1. Hva koster det \u00e5 levere skattemeldingen etter fristen?Svar: Dersom du leverer skattemeldingen etter fristen, kan du bli ilagt en forsinkelsesavgift. Denne &hellip; <a href=\"https:\/\/billigpakke.no\/blog\/hva-koster-det-a-levere-sen-skattemelding\/\" class=\"more-link\">Hald fram med \u00e5 lese<span class=\"screen-reader-text\"> \u00abhva koster det \u00e5 levere sen skattemelding?\u00bb<\/span><\/a><\/p>\n","protected":false},"author":3,"featured_media":0,"parent":0,"menu_order":0,"comment_status":"closed","ping_status":"closed","template":"","meta":{"footnotes":""},"class_list":["post-971","page","type-page","status-publish","hentry"],"yoast_head":"<!-- This site is optimized with the Yoast SEO plugin v27.4 - https:\/\/yoast.com\/product\/yoast-seo-wordpress\/ -->\n<title>hva koster det \u00e5 levere sen skattemelding? - BilligPakke.no<\/title>\n<meta name=\"description\" content=\"\u00c5 levere skattemeldingen for sent kan f\u00f8re til en forsinkelsesavgift p\u00e5 opptil 1% av skatten du skylder per p\u00e5begynt m\u00e5ned. Det kan ogs\u00e5 f\u00f8re til rentetillegg p\u00e5 den utest\u00e5ende skatten. Det er derfor viktig \u00e5 levere skattemeldingen innen fristen for \u00e5 unng\u00e5 un\u00f8dvendige kostnader.\" \/>\n<meta name=\"robots\" content=\"index, follow, max-snippet:-1, max-image-preview:large, max-video-preview:-1\" \/>\n<link rel=\"canonical\" href=\"https:\/\/billigpakke.no\/blog\/hva-koster-det-a-levere-sen-skattemelding\/\" \/>\n<meta property=\"og:locale\" content=\"nn_NO\" \/>\n<meta property=\"og:type\" content=\"article\" \/>\n<meta property=\"og:title\" content=\"hva koster det \u00e5 levere sen skattemelding? - BilligPakke.no\" \/>\n<meta property=\"og:description\" content=\"\u00c5 levere skattemeldingen for sent kan f\u00f8re til en forsinkelsesavgift p\u00e5 opptil 1% av skatten du skylder per p\u00e5begynt m\u00e5ned. Det kan ogs\u00e5 f\u00f8re til rentetillegg p\u00e5 den utest\u00e5ende skatten. Det er derfor viktig \u00e5 levere skattemeldingen innen fristen for \u00e5 unng\u00e5 un\u00f8dvendige kostnader.\" \/>\n<meta property=\"og:url\" content=\"https:\/\/billigpakke.no\/blog\/hva-koster-det-a-levere-sen-skattemelding\/\" \/>\n<meta property=\"og:site_name\" content=\"BilligPakke.no\" \/>\n<meta property=\"article:modified_time\" content=\"2024-05-05T08:23:21+00:00\" \/>\n<meta name=\"twitter:card\" content=\"summary_large_image\" \/>\n<meta name=\"twitter:label1\" content=\"Est. reading time\" \/>\n\t<meta name=\"twitter:data1\" content=\"1 minutt\" \/>\n<script type=\"application\/ld+json\" class=\"yoast-schema-graph\">{\"@context\":\"https:\\\/\\\/schema.org\",\"@graph\":[{\"@type\":\"WebPage\",\"@id\":\"https:\\\/\\\/billigpakke.no\\\/blog\\\/hva-koster-det-a-levere-sen-skattemelding\\\/\",\"url\":\"https:\\\/\\\/billigpakke.no\\\/blog\\\/hva-koster-det-a-levere-sen-skattemelding\\\/\",\"name\":\"hva koster det \u00e5 levere sen skattemelding? - BilligPakke.no\",\"isPartOf\":{\"@id\":\"https:\\\/\\\/billigpakke.no\\\/blog\\\/#website\"},\"datePublished\":\"2024-05-05T06:30:31+00:00\",\"dateModified\":\"2024-05-05T08:23:21+00:00\",\"description\":\"\u00c5 levere skattemeldingen for sent kan f\u00f8re til en forsinkelsesavgift p\u00e5 opptil 1% av skatten du skylder per p\u00e5begynt m\u00e5ned. Det kan ogs\u00e5 f\u00f8re til rentetillegg p\u00e5 den utest\u00e5ende skatten. Det er derfor viktig \u00e5 levere skattemeldingen innen fristen for \u00e5 unng\u00e5 un\u00f8dvendige kostnader.\",\"breadcrumb\":{\"@id\":\"https:\\\/\\\/billigpakke.no\\\/blog\\\/hva-koster-det-a-levere-sen-skattemelding\\\/#breadcrumb\"},\"inLanguage\":\"nn-NO\",\"potentialAction\":[{\"@type\":\"ReadAction\",\"target\":[\"https:\\\/\\\/billigpakke.no\\\/blog\\\/hva-koster-det-a-levere-sen-skattemelding\\\/\"]}]},{\"@type\":\"BreadcrumbList\",\"@id\":\"https:\\\/\\\/billigpakke.no\\\/blog\\\/hva-koster-det-a-levere-sen-skattemelding\\\/#breadcrumb\",\"itemListElement\":[{\"@type\":\"ListItem\",\"position\":1,\"name\":\"Home\",\"item\":\"https:\\\/\\\/billigpakke.no\\\/blog\\\/\"},{\"@type\":\"ListItem\",\"position\":2,\"name\":\"hva koster det \u00e5 levere sen skattemelding?\"}]},{\"@type\":\"WebSite\",\"@id\":\"https:\\\/\\\/billigpakke.no\\\/blog\\\/#website\",\"url\":\"https:\\\/\\\/billigpakke.no\\\/blog\\\/\",\"name\":\"BilligPakke.no\",\"description\":\"Billigpakke.no Blog\",\"publisher\":{\"@id\":\"https:\\\/\\\/billigpakke.no\\\/blog\\\/#organization\"},\"potentialAction\":[{\"@type\":\"SearchAction\",\"target\":{\"@type\":\"EntryPoint\",\"urlTemplate\":\"https:\\\/\\\/billigpakke.no\\\/blog\\\/?s={search_term_string}\"},\"query-input\":{\"@type\":\"PropertyValueSpecification\",\"valueRequired\":true,\"valueName\":\"search_term_string\"}}],\"inLanguage\":\"nn-NO\"},{\"@type\":\"Organization\",\"@id\":\"https:\\\/\\\/billigpakke.no\\\/blog\\\/#organization\",\"name\":\"BilligPakke.no\",\"url\":\"https:\\\/\\\/billigpakke.no\\\/blog\\\/\",\"logo\":{\"@type\":\"ImageObject\",\"inLanguage\":\"nn-NO\",\"@id\":\"https:\\\/\\\/billigpakke.no\\\/blog\\\/#\\\/schema\\\/logo\\\/image\\\/\",\"url\":\"https:\\\/\\\/billigpakke.no\\\/blog\\\/wp-content\\\/uploads\\\/2016\\\/10\\\/logo.png\",\"contentUrl\":\"https:\\\/\\\/billigpakke.no\\\/blog\\\/wp-content\\\/uploads\\\/2016\\\/10\\\/logo.png\",\"width\":185,\"height\":71,\"caption\":\"BilligPakke.no\"},\"image\":{\"@id\":\"https:\\\/\\\/billigpakke.no\\\/blog\\\/#\\\/schema\\\/logo\\\/image\\\/\"}}]}<\/script>\n<!-- \/ Yoast SEO plugin. -->","yoast_head_json":{"title":"hva koster det \u00e5 levere sen skattemelding? - BilligPakke.no","description":"\u00c5 levere skattemeldingen for sent kan f\u00f8re til en forsinkelsesavgift p\u00e5 opptil 1% av skatten du skylder per p\u00e5begynt m\u00e5ned. Det kan ogs\u00e5 f\u00f8re til rentetillegg p\u00e5 den utest\u00e5ende skatten. Det er derfor viktig \u00e5 levere skattemeldingen innen fristen for \u00e5 unng\u00e5 un\u00f8dvendige kostnader.","robots":{"index":"index","follow":"follow","max-snippet":"max-snippet:-1","max-image-preview":"max-image-preview:large","max-video-preview":"max-video-preview:-1"},"canonical":"https:\/\/billigpakke.no\/blog\/hva-koster-det-a-levere-sen-skattemelding\/","og_locale":"nn_NO","og_type":"article","og_title":"hva koster det \u00e5 levere sen skattemelding? - BilligPakke.no","og_description":"\u00c5 levere skattemeldingen for sent kan f\u00f8re til en forsinkelsesavgift p\u00e5 opptil 1% av skatten du skylder per p\u00e5begynt m\u00e5ned. Det kan ogs\u00e5 f\u00f8re til rentetillegg p\u00e5 den utest\u00e5ende skatten. Det er derfor viktig \u00e5 levere skattemeldingen innen fristen for \u00e5 unng\u00e5 un\u00f8dvendige kostnader.","og_url":"https:\/\/billigpakke.no\/blog\/hva-koster-det-a-levere-sen-skattemelding\/","og_site_name":"BilligPakke.no","article_modified_time":"2024-05-05T08:23:21+00:00","twitter_card":"summary_large_image","twitter_misc":{"Est. reading time":"1 minutt"},"schema":{"@context":"https:\/\/schema.org","@graph":[{"@type":"WebPage","@id":"https:\/\/billigpakke.no\/blog\/hva-koster-det-a-levere-sen-skattemelding\/","url":"https:\/\/billigpakke.no\/blog\/hva-koster-det-a-levere-sen-skattemelding\/","name":"hva koster det \u00e5 levere sen skattemelding? - BilligPakke.no","isPartOf":{"@id":"https:\/\/billigpakke.no\/blog\/#website"},"datePublished":"2024-05-05T06:30:31+00:00","dateModified":"2024-05-05T08:23:21+00:00","description":"\u00c5 levere skattemeldingen for sent kan f\u00f8re til en forsinkelsesavgift p\u00e5 opptil 1% av skatten du skylder per p\u00e5begynt m\u00e5ned. Det kan ogs\u00e5 f\u00f8re til rentetillegg p\u00e5 den utest\u00e5ende skatten. Det er derfor viktig \u00e5 levere skattemeldingen innen fristen for \u00e5 unng\u00e5 un\u00f8dvendige kostnader.","breadcrumb":{"@id":"https:\/\/billigpakke.no\/blog\/hva-koster-det-a-levere-sen-skattemelding\/#breadcrumb"},"inLanguage":"nn-NO","potentialAction":[{"@type":"ReadAction","target":["https:\/\/billigpakke.no\/blog\/hva-koster-det-a-levere-sen-skattemelding\/"]}]},{"@type":"BreadcrumbList","@id":"https:\/\/billigpakke.no\/blog\/hva-koster-det-a-levere-sen-skattemelding\/#breadcrumb","itemListElement":[{"@type":"ListItem","position":1,"name":"Home","item":"https:\/\/billigpakke.no\/blog\/"},{"@type":"ListItem","position":2,"name":"hva koster det \u00e5 levere sen skattemelding?"}]},{"@type":"WebSite","@id":"https:\/\/billigpakke.no\/blog\/#website","url":"https:\/\/billigpakke.no\/blog\/","name":"BilligPakke.no","description":"Billigpakke.no Blog","publisher":{"@id":"https:\/\/billigpakke.no\/blog\/#organization"},"potentialAction":[{"@type":"SearchAction","target":{"@type":"EntryPoint","urlTemplate":"https:\/\/billigpakke.no\/blog\/?s={search_term_string}"},"query-input":{"@type":"PropertyValueSpecification","valueRequired":true,"valueName":"search_term_string"}}],"inLanguage":"nn-NO"},{"@type":"Organization","@id":"https:\/\/billigpakke.no\/blog\/#organization","name":"BilligPakke.no","url":"https:\/\/billigpakke.no\/blog\/","logo":{"@type":"ImageObject","inLanguage":"nn-NO","@id":"https:\/\/billigpakke.no\/blog\/#\/schema\/logo\/image\/","url":"https:\/\/billigpakke.no\/blog\/wp-content\/uploads\/2016\/10\/logo.png","contentUrl":"https:\/\/billigpakke.no\/blog\/wp-content\/uploads\/2016\/10\/logo.png","width":185,"height":71,"caption":"BilligPakke.no"},"image":{"@id":"https:\/\/billigpakke.no\/blog\/#\/schema\/logo\/image\/"}}]}},"_links":{"self":[{"href":"https:\/\/billigpakke.no\/blog\/wp-json\/wp\/v2\/pages\/971","targetHints":{"allow":["GET"]}}],"collection":[{"href":"https:\/\/billigpakke.no\/blog\/wp-json\/wp\/v2\/pages"}],"about":[{"href":"https:\/\/billigpakke.no\/blog\/wp-json\/wp\/v2\/types\/page"}],"author":[{"embeddable":true,"href":"https:\/\/billigpakke.no\/blog\/wp-json\/wp\/v2\/users\/3"}],"replies":[{"embeddable":true,"href":"https:\/\/billigpakke.no\/blog\/wp-json\/wp\/v2\/comments?post=971"}],"version-history":[{"count":2,"href":"https:\/\/billigpakke.no\/blog\/wp-json\/wp\/v2\/pages\/971\/revisions"}],"predecessor-version":[{"id":1616,"href":"https:\/\/billigpakke.no\/blog\/wp-json\/wp\/v2\/pages\/971\/revisions\/1616"}],"wp:attachment":[{"href":"https:\/\/billigpakke.no\/blog\/wp-json\/wp\/v2\/media?parent=971"}],"curies":[{"name":"wp","href":"https:\/\/api.w.org\/{rel}","templated":true}]}}