{"id":970,"date":"2024-05-05T09:23:21","date_gmt":"2024-05-05T06:30:31","guid":{"rendered":"https:\/\/billigpakke.no\/blog\/hvor-mye-koster-det-a-frakte-deler\/"},"modified":"2024-05-05T09:23:21","modified_gmt":"2024-05-05T08:23:21","slug":"hvor-mye-koster-det-a-frakte-deler","status":"publish","type":"page","link":"https:\/\/billigpakke.no\/blog\/hvor-mye-koster-det-a-frakte-deler\/","title":{"rendered":"hvor mye koster det \u00e5 frakte deler?"},"content":{"rendered":"\n<p class=\"has-text-align-center\">Det kommer an p\u00e5 st\u00f8rrelsen og vekten av delene, samt avstanden de skal fraktes. For n\u00f8yaktig pris, anbefaler jeg \u00e5 kontakte et fraktselskap for en prisvurdering basert p\u00e5 spesifikasjonene til delene og destinasjonen.<\/p>\n\n\n\n<div class=\"wp-block-buttons is-content-justification-center is-layout-flex wp-container-core-buttons-is-layout-16018d1d wp-block-buttons-is-layout-flex\">\n<div class=\"wp-block-button is-style-outline is-style-outline--1\"><a class=\"wp-block-button__link has-dark-gray-color has-yellow-background-color has-text-color has-background has-link-color wp-element-button\" href=\"https:\/\/billigpakke.no\">send pakkene dine billig her<\/a><\/div>\n<\/div>\n\n\n\n<p><\/p>\n\n\n\n<p class=\"has-text-align-center\">1. Hvor mye koster det \u00e5 frakte deler med Posten i Norge?<br \/>Svar: Prisen for \u00e5 frakte deler med Posten i Norge avhenger av vekten og st\u00f8rrelsen p\u00e5 pakkene, samt destinasjonen. Du kan f\u00e5 en prisestimat ved \u00e5 bruke Postens fraktkalkulator p\u00e5 deres nettside.<br \/><br \/>2. Hvor mye koster det \u00e5 frakte deler med Bring i Norge?<br \/>Svar: Prisen for \u00e5 frakte deler med Bring i Norge varierer avhengig av vekten, st\u00f8rrelsen og destinasjonen til pakkene. Du kan f\u00e5 en prisestimat ved \u00e5 bruke Brings fraktkalkulator p\u00e5 deres nettside.<br \/><br \/>3. Hvor mye koster det \u00e5 frakte deler med andre fraktselskaper i Norge?<br \/>Svar: Prisen for \u00e5 frakte deler med andre fraktselskaper i Norge vil variere avhengig av selskapet, vekten, st\u00f8rrelsen og destinasjonen til pakkene. Det anbefales \u00e5 kontakte fraktselskapene direkte for \u00e5 f\u00e5 en prisestimat basert p\u00e5 dine spesifikke behov.<\/p>\n","protected":false},"excerpt":{"rendered":"<p>Det kommer an p\u00e5 st\u00f8rrelsen og vekten av delene, samt avstanden de skal fraktes. For n\u00f8yaktig pris, anbefaler jeg \u00e5 kontakte et fraktselskap for en prisvurdering basert p\u00e5 spesifikasjonene til delene og destinasjonen. 1. Hvor mye koster det \u00e5 frakte deler med Posten i Norge?Svar: Prisen for \u00e5 frakte deler med Posten i Norge avhenger &hellip; <a href=\"https:\/\/billigpakke.no\/blog\/hvor-mye-koster-det-a-frakte-deler\/\" class=\"more-link\">Hald fram med \u00e5 lese<span class=\"screen-reader-text\"> \u00abhvor mye koster det \u00e5 frakte deler?\u00bb<\/span><\/a><\/p>\n","protected":false},"author":3,"featured_media":0,"parent":0,"menu_order":0,"comment_status":"closed","ping_status":"closed","template":"","meta":{"footnotes":""},"class_list":["post-970","page","type-page","status-publish","hentry"],"yoast_head":"<!-- This site is optimized with the Yoast SEO plugin v27.4 - https:\/\/yoast.com\/product\/yoast-seo-wordpress\/ -->\n<title>hvor mye koster det \u00e5 frakte deler? - BilligPakke.no<\/title>\n<meta name=\"description\" content=\"Prisen for frakt av deler varierer avhengig av vekt, st\u00f8rrelse og destinasjon. Det kan ogs\u00e5 p\u00e5virkes av valgt fraktmetode og leverand\u00f8r.\" \/>\n<meta name=\"robots\" content=\"index, follow, max-snippet:-1, max-image-preview:large, max-video-preview:-1\" \/>\n<link rel=\"canonical\" href=\"https:\/\/billigpakke.no\/blog\/hvor-mye-koster-det-a-frakte-deler\/\" \/>\n<meta property=\"og:locale\" content=\"nn_NO\" \/>\n<meta property=\"og:type\" content=\"article\" \/>\n<meta property=\"og:title\" content=\"hvor mye koster det \u00e5 frakte deler? - BilligPakke.no\" \/>\n<meta property=\"og:description\" content=\"Prisen for frakt av deler varierer avhengig av vekt, st\u00f8rrelse og destinasjon. Det kan ogs\u00e5 p\u00e5virkes av valgt fraktmetode og leverand\u00f8r.\" \/>\n<meta property=\"og:url\" content=\"https:\/\/billigpakke.no\/blog\/hvor-mye-koster-det-a-frakte-deler\/\" \/>\n<meta property=\"og:site_name\" content=\"BilligPakke.no\" \/>\n<meta property=\"article:modified_time\" content=\"2024-05-05T08:23:21+00:00\" \/>\n<meta name=\"twitter:card\" content=\"summary_large_image\" \/>\n<meta name=\"twitter:label1\" content=\"Est. reading time\" \/>\n\t<meta name=\"twitter:data1\" content=\"1 minutt\" \/>\n<script type=\"application\/ld+json\" class=\"yoast-schema-graph\">{\"@context\":\"https:\\\/\\\/schema.org\",\"@graph\":[{\"@type\":\"WebPage\",\"@id\":\"https:\\\/\\\/billigpakke.no\\\/blog\\\/hvor-mye-koster-det-a-frakte-deler\\\/\",\"url\":\"https:\\\/\\\/billigpakke.no\\\/blog\\\/hvor-mye-koster-det-a-frakte-deler\\\/\",\"name\":\"hvor mye koster det \u00e5 frakte deler? - BilligPakke.no\",\"isPartOf\":{\"@id\":\"https:\\\/\\\/billigpakke.no\\\/blog\\\/#website\"},\"datePublished\":\"2024-05-05T06:30:31+00:00\",\"dateModified\":\"2024-05-05T08:23:21+00:00\",\"description\":\"Prisen for frakt av deler varierer avhengig av vekt, st\u00f8rrelse og destinasjon. Det kan ogs\u00e5 p\u00e5virkes av valgt fraktmetode og leverand\u00f8r.\",\"breadcrumb\":{\"@id\":\"https:\\\/\\\/billigpakke.no\\\/blog\\\/hvor-mye-koster-det-a-frakte-deler\\\/#breadcrumb\"},\"inLanguage\":\"nn-NO\",\"potentialAction\":[{\"@type\":\"ReadAction\",\"target\":[\"https:\\\/\\\/billigpakke.no\\\/blog\\\/hvor-mye-koster-det-a-frakte-deler\\\/\"]}]},{\"@type\":\"BreadcrumbList\",\"@id\":\"https:\\\/\\\/billigpakke.no\\\/blog\\\/hvor-mye-koster-det-a-frakte-deler\\\/#breadcrumb\",\"itemListElement\":[{\"@type\":\"ListItem\",\"position\":1,\"name\":\"Home\",\"item\":\"https:\\\/\\\/billigpakke.no\\\/blog\\\/\"},{\"@type\":\"ListItem\",\"position\":2,\"name\":\"hvor mye koster det \u00e5 frakte deler?\"}]},{\"@type\":\"WebSite\",\"@id\":\"https:\\\/\\\/billigpakke.no\\\/blog\\\/#website\",\"url\":\"https:\\\/\\\/billigpakke.no\\\/blog\\\/\",\"name\":\"BilligPakke.no\",\"description\":\"Billigpakke.no Blog\",\"publisher\":{\"@id\":\"https:\\\/\\\/billigpakke.no\\\/blog\\\/#organization\"},\"potentialAction\":[{\"@type\":\"SearchAction\",\"target\":{\"@type\":\"EntryPoint\",\"urlTemplate\":\"https:\\\/\\\/billigpakke.no\\\/blog\\\/?s={search_term_string}\"},\"query-input\":{\"@type\":\"PropertyValueSpecification\",\"valueRequired\":true,\"valueName\":\"search_term_string\"}}],\"inLanguage\":\"nn-NO\"},{\"@type\":\"Organization\",\"@id\":\"https:\\\/\\\/billigpakke.no\\\/blog\\\/#organization\",\"name\":\"BilligPakke.no\",\"url\":\"https:\\\/\\\/billigpakke.no\\\/blog\\\/\",\"logo\":{\"@type\":\"ImageObject\",\"inLanguage\":\"nn-NO\",\"@id\":\"https:\\\/\\\/billigpakke.no\\\/blog\\\/#\\\/schema\\\/logo\\\/image\\\/\",\"url\":\"https:\\\/\\\/billigpakke.no\\\/blog\\\/wp-content\\\/uploads\\\/2016\\\/10\\\/logo.png\",\"contentUrl\":\"https:\\\/\\\/billigpakke.no\\\/blog\\\/wp-content\\\/uploads\\\/2016\\\/10\\\/logo.png\",\"width\":185,\"height\":71,\"caption\":\"BilligPakke.no\"},\"image\":{\"@id\":\"https:\\\/\\\/billigpakke.no\\\/blog\\\/#\\\/schema\\\/logo\\\/image\\\/\"}}]}<\/script>\n<!-- \/ Yoast SEO plugin. -->","yoast_head_json":{"title":"hvor mye koster det \u00e5 frakte deler? - BilligPakke.no","description":"Prisen for frakt av deler varierer avhengig av vekt, st\u00f8rrelse og destinasjon. Det kan ogs\u00e5 p\u00e5virkes av valgt fraktmetode og leverand\u00f8r.","robots":{"index":"index","follow":"follow","max-snippet":"max-snippet:-1","max-image-preview":"max-image-preview:large","max-video-preview":"max-video-preview:-1"},"canonical":"https:\/\/billigpakke.no\/blog\/hvor-mye-koster-det-a-frakte-deler\/","og_locale":"nn_NO","og_type":"article","og_title":"hvor mye koster det \u00e5 frakte deler? - BilligPakke.no","og_description":"Prisen for frakt av deler varierer avhengig av vekt, st\u00f8rrelse og destinasjon. Det kan ogs\u00e5 p\u00e5virkes av valgt fraktmetode og leverand\u00f8r.","og_url":"https:\/\/billigpakke.no\/blog\/hvor-mye-koster-det-a-frakte-deler\/","og_site_name":"BilligPakke.no","article_modified_time":"2024-05-05T08:23:21+00:00","twitter_card":"summary_large_image","twitter_misc":{"Est. reading time":"1 minutt"},"schema":{"@context":"https:\/\/schema.org","@graph":[{"@type":"WebPage","@id":"https:\/\/billigpakke.no\/blog\/hvor-mye-koster-det-a-frakte-deler\/","url":"https:\/\/billigpakke.no\/blog\/hvor-mye-koster-det-a-frakte-deler\/","name":"hvor mye koster det \u00e5 frakte deler? - BilligPakke.no","isPartOf":{"@id":"https:\/\/billigpakke.no\/blog\/#website"},"datePublished":"2024-05-05T06:30:31+00:00","dateModified":"2024-05-05T08:23:21+00:00","description":"Prisen for frakt av deler varierer avhengig av vekt, st\u00f8rrelse og destinasjon. Det kan ogs\u00e5 p\u00e5virkes av valgt fraktmetode og leverand\u00f8r.","breadcrumb":{"@id":"https:\/\/billigpakke.no\/blog\/hvor-mye-koster-det-a-frakte-deler\/#breadcrumb"},"inLanguage":"nn-NO","potentialAction":[{"@type":"ReadAction","target":["https:\/\/billigpakke.no\/blog\/hvor-mye-koster-det-a-frakte-deler\/"]}]},{"@type":"BreadcrumbList","@id":"https:\/\/billigpakke.no\/blog\/hvor-mye-koster-det-a-frakte-deler\/#breadcrumb","itemListElement":[{"@type":"ListItem","position":1,"name":"Home","item":"https:\/\/billigpakke.no\/blog\/"},{"@type":"ListItem","position":2,"name":"hvor mye koster det \u00e5 frakte deler?"}]},{"@type":"WebSite","@id":"https:\/\/billigpakke.no\/blog\/#website","url":"https:\/\/billigpakke.no\/blog\/","name":"BilligPakke.no","description":"Billigpakke.no Blog","publisher":{"@id":"https:\/\/billigpakke.no\/blog\/#organization"},"potentialAction":[{"@type":"SearchAction","target":{"@type":"EntryPoint","urlTemplate":"https:\/\/billigpakke.no\/blog\/?s={search_term_string}"},"query-input":{"@type":"PropertyValueSpecification","valueRequired":true,"valueName":"search_term_string"}}],"inLanguage":"nn-NO"},{"@type":"Organization","@id":"https:\/\/billigpakke.no\/blog\/#organization","name":"BilligPakke.no","url":"https:\/\/billigpakke.no\/blog\/","logo":{"@type":"ImageObject","inLanguage":"nn-NO","@id":"https:\/\/billigpakke.no\/blog\/#\/schema\/logo\/image\/","url":"https:\/\/billigpakke.no\/blog\/wp-content\/uploads\/2016\/10\/logo.png","contentUrl":"https:\/\/billigpakke.no\/blog\/wp-content\/uploads\/2016\/10\/logo.png","width":185,"height":71,"caption":"BilligPakke.no"},"image":{"@id":"https:\/\/billigpakke.no\/blog\/#\/schema\/logo\/image\/"}}]}},"_links":{"self":[{"href":"https:\/\/billigpakke.no\/blog\/wp-json\/wp\/v2\/pages\/970","targetHints":{"allow":["GET"]}}],"collection":[{"href":"https:\/\/billigpakke.no\/blog\/wp-json\/wp\/v2\/pages"}],"about":[{"href":"https:\/\/billigpakke.no\/blog\/wp-json\/wp\/v2\/types\/page"}],"author":[{"embeddable":true,"href":"https:\/\/billigpakke.no\/blog\/wp-json\/wp\/v2\/users\/3"}],"replies":[{"embeddable":true,"href":"https:\/\/billigpakke.no\/blog\/wp-json\/wp\/v2\/comments?post=970"}],"version-history":[{"count":2,"href":"https:\/\/billigpakke.no\/blog\/wp-json\/wp\/v2\/pages\/970\/revisions"}],"predecessor-version":[{"id":1615,"href":"https:\/\/billigpakke.no\/blog\/wp-json\/wp\/v2\/pages\/970\/revisions\/1615"}],"wp:attachment":[{"href":"https:\/\/billigpakke.no\/blog\/wp-json\/wp\/v2\/media?parent=970"}],"curies":[{"name":"wp","href":"https:\/\/api.w.org\/{rel}","templated":true}]}}