{"id":960,"date":"2024-05-05T09:23:20","date_gmt":"2024-05-05T06:30:30","guid":{"rendered":"https:\/\/billigpakke.no\/blog\/hvor-mye-koster-det-a-sende-pakker-med-posten\/"},"modified":"2024-05-05T09:23:20","modified_gmt":"2024-05-05T08:23:20","slug":"hvor-mye-koster-det-a-sende-pakker-med-posten","status":"publish","type":"page","link":"https:\/\/billigpakke.no\/blog\/hvor-mye-koster-det-a-sende-pakker-med-posten\/","title":{"rendered":"hvor mye koster det \u00e5 sende pakker med posten?"},"content":{"rendered":"\n<p class=\"has-text-align-center\">Det koster forskjellig \u00e5 sende pakker med Posten avhengig av st\u00f8rrelse, vekt og destinasjon. For n\u00f8yaktig prisinformasjon anbefales det \u00e5 bruke Posten sin nettside eller kontakte dem direkte.<\/p>\n\n\n\n<div class=\"wp-block-buttons is-content-justification-center is-layout-flex wp-container-core-buttons-is-layout-16018d1d wp-block-buttons-is-layout-flex\">\n<div class=\"wp-block-button is-style-outline is-style-outline--1\"><a class=\"wp-block-button__link has-dark-gray-color has-yellow-background-color has-text-color has-background has-link-color wp-element-button\" href=\"https:\/\/billigpakke.no\">send pakkene dine billig her<\/a><\/div>\n<\/div>\n\n\n\n<p><\/p>\n\n\n\n<p class=\"has-text-align-center\">1. Hvor mye koster det \u00e5 sende en pakke med Posten innenlands?<br \/>Svar: Prisen for \u00e5 sende en pakke med Posten innenlands avhenger av vekten og st\u00f8rrelsen p\u00e5 pakken. For en pakke opp til 2 kg koster det fra 155 kr \u00e5 sende med Posten.<br \/><br \/>2. Hvor mye koster det \u00e5 sende en pakke med Posten til utlandet?<br \/>Svar: Prisen for \u00e5 sende en pakke med Posten til utlandet varierer avhengig av destinasjon, vekt og st\u00f8rrelse p\u00e5 pakken. For eksempel koster det fra 225 kr \u00e5 sende en pakke opp til 2 kg til enkelte europeiske land.<br \/><br \/>3. Hvor mye koster det \u00e5 sende en pakke med Posten med ekspresslevering?<br \/>Svar: Prisen for ekspresslevering av en pakke med Posten avhenger av vekten og st\u00f8rrelsen p\u00e5 pakken, samt destinasjon. For eksempel koster det fra 275 kr \u00e5 sende en pakke opp til 2 kg med ekspresslevering innenlands.<\/p>\n","protected":false},"excerpt":{"rendered":"<p>Det koster forskjellig \u00e5 sende pakker med Posten avhengig av st\u00f8rrelse, vekt og destinasjon. For n\u00f8yaktig prisinformasjon anbefales det \u00e5 bruke Posten sin nettside eller kontakte dem direkte. 1. Hvor mye koster det \u00e5 sende en pakke med Posten innenlands?Svar: Prisen for \u00e5 sende en pakke med Posten innenlands avhenger av vekten og st\u00f8rrelsen p\u00e5 &hellip; <a href=\"https:\/\/billigpakke.no\/blog\/hvor-mye-koster-det-a-sende-pakker-med-posten\/\" class=\"more-link\">Hald fram med \u00e5 lese<span class=\"screen-reader-text\"> \u00abhvor mye koster det \u00e5 sende pakker med posten?\u00bb<\/span><\/a><\/p>\n","protected":false},"author":3,"featured_media":0,"parent":0,"menu_order":0,"comment_status":"closed","ping_status":"closed","template":"","meta":{"footnotes":""},"class_list":["post-960","page","type-page","status-publish","hentry"],"yoast_head":"<!-- This site is optimized with the Yoast SEO plugin v27.3 - https:\/\/yoast.com\/product\/yoast-seo-wordpress\/ -->\n<title>hvor mye koster det \u00e5 sende pakker med posten? - BilligPakke.no<\/title>\n<meta name=\"description\" content=\"Det er viktig \u00e5 vite kostnadene ved \u00e5 sende pakker med Posten. Prisene varierer avhengig av vekt, st\u00f8rrelse og destinasjon. Det kan l\u00f8nne seg \u00e5 sammenligne ulike fraktalternativer for \u00e5 finne den beste prisen.\" \/>\n<meta name=\"robots\" content=\"index, follow, max-snippet:-1, max-image-preview:large, max-video-preview:-1\" \/>\n<link rel=\"canonical\" href=\"https:\/\/billigpakke.no\/blog\/hvor-mye-koster-det-a-sende-pakker-med-posten\/\" \/>\n<meta property=\"og:locale\" content=\"nn_NO\" \/>\n<meta property=\"og:type\" content=\"article\" \/>\n<meta property=\"og:title\" content=\"hvor mye koster det \u00e5 sende pakker med posten? - BilligPakke.no\" \/>\n<meta property=\"og:description\" content=\"Det er viktig \u00e5 vite kostnadene ved \u00e5 sende pakker med Posten. Prisene varierer avhengig av vekt, st\u00f8rrelse og destinasjon. Det kan l\u00f8nne seg \u00e5 sammenligne ulike fraktalternativer for \u00e5 finne den beste prisen.\" \/>\n<meta property=\"og:url\" content=\"https:\/\/billigpakke.no\/blog\/hvor-mye-koster-det-a-sende-pakker-med-posten\/\" \/>\n<meta property=\"og:site_name\" content=\"BilligPakke.no\" \/>\n<meta property=\"article:modified_time\" content=\"2024-05-05T08:23:20+00:00\" \/>\n<meta name=\"twitter:card\" content=\"summary_large_image\" \/>\n<meta name=\"twitter:label1\" content=\"Est. reading time\" \/>\n\t<meta name=\"twitter:data1\" content=\"1 minutt\" \/>\n<script type=\"application\/ld+json\" class=\"yoast-schema-graph\">{\"@context\":\"https:\\\/\\\/schema.org\",\"@graph\":[{\"@type\":\"WebPage\",\"@id\":\"https:\\\/\\\/billigpakke.no\\\/blog\\\/hvor-mye-koster-det-a-sende-pakker-med-posten\\\/\",\"url\":\"https:\\\/\\\/billigpakke.no\\\/blog\\\/hvor-mye-koster-det-a-sende-pakker-med-posten\\\/\",\"name\":\"hvor mye koster det \u00e5 sende pakker med posten? - BilligPakke.no\",\"isPartOf\":{\"@id\":\"https:\\\/\\\/billigpakke.no\\\/blog\\\/#website\"},\"datePublished\":\"2024-05-05T06:30:30+00:00\",\"dateModified\":\"2024-05-05T08:23:20+00:00\",\"description\":\"Det er viktig \u00e5 vite kostnadene ved \u00e5 sende pakker med Posten. Prisene varierer avhengig av vekt, st\u00f8rrelse og destinasjon. Det kan l\u00f8nne seg \u00e5 sammenligne ulike fraktalternativer for \u00e5 finne den beste prisen.\",\"breadcrumb\":{\"@id\":\"https:\\\/\\\/billigpakke.no\\\/blog\\\/hvor-mye-koster-det-a-sende-pakker-med-posten\\\/#breadcrumb\"},\"inLanguage\":\"nn-NO\",\"potentialAction\":[{\"@type\":\"ReadAction\",\"target\":[\"https:\\\/\\\/billigpakke.no\\\/blog\\\/hvor-mye-koster-det-a-sende-pakker-med-posten\\\/\"]}]},{\"@type\":\"BreadcrumbList\",\"@id\":\"https:\\\/\\\/billigpakke.no\\\/blog\\\/hvor-mye-koster-det-a-sende-pakker-med-posten\\\/#breadcrumb\",\"itemListElement\":[{\"@type\":\"ListItem\",\"position\":1,\"name\":\"Home\",\"item\":\"https:\\\/\\\/billigpakke.no\\\/blog\\\/\"},{\"@type\":\"ListItem\",\"position\":2,\"name\":\"hvor mye koster det \u00e5 sende pakker med posten?\"}]},{\"@type\":\"WebSite\",\"@id\":\"https:\\\/\\\/billigpakke.no\\\/blog\\\/#website\",\"url\":\"https:\\\/\\\/billigpakke.no\\\/blog\\\/\",\"name\":\"BilligPakke.no\",\"description\":\"Billigpakke.no Blog\",\"publisher\":{\"@id\":\"https:\\\/\\\/billigpakke.no\\\/blog\\\/#organization\"},\"potentialAction\":[{\"@type\":\"SearchAction\",\"target\":{\"@type\":\"EntryPoint\",\"urlTemplate\":\"https:\\\/\\\/billigpakke.no\\\/blog\\\/?s={search_term_string}\"},\"query-input\":{\"@type\":\"PropertyValueSpecification\",\"valueRequired\":true,\"valueName\":\"search_term_string\"}}],\"inLanguage\":\"nn-NO\"},{\"@type\":\"Organization\",\"@id\":\"https:\\\/\\\/billigpakke.no\\\/blog\\\/#organization\",\"name\":\"BilligPakke.no\",\"url\":\"https:\\\/\\\/billigpakke.no\\\/blog\\\/\",\"logo\":{\"@type\":\"ImageObject\",\"inLanguage\":\"nn-NO\",\"@id\":\"https:\\\/\\\/billigpakke.no\\\/blog\\\/#\\\/schema\\\/logo\\\/image\\\/\",\"url\":\"https:\\\/\\\/billigpakke.no\\\/blog\\\/wp-content\\\/uploads\\\/2016\\\/10\\\/logo.png\",\"contentUrl\":\"https:\\\/\\\/billigpakke.no\\\/blog\\\/wp-content\\\/uploads\\\/2016\\\/10\\\/logo.png\",\"width\":185,\"height\":71,\"caption\":\"BilligPakke.no\"},\"image\":{\"@id\":\"https:\\\/\\\/billigpakke.no\\\/blog\\\/#\\\/schema\\\/logo\\\/image\\\/\"}}]}<\/script>\n<!-- \/ Yoast SEO plugin. -->","yoast_head_json":{"title":"hvor mye koster det \u00e5 sende pakker med posten? - BilligPakke.no","description":"Det er viktig \u00e5 vite kostnadene ved \u00e5 sende pakker med Posten. Prisene varierer avhengig av vekt, st\u00f8rrelse og destinasjon. Det kan l\u00f8nne seg \u00e5 sammenligne ulike fraktalternativer for \u00e5 finne den beste prisen.","robots":{"index":"index","follow":"follow","max-snippet":"max-snippet:-1","max-image-preview":"max-image-preview:large","max-video-preview":"max-video-preview:-1"},"canonical":"https:\/\/billigpakke.no\/blog\/hvor-mye-koster-det-a-sende-pakker-med-posten\/","og_locale":"nn_NO","og_type":"article","og_title":"hvor mye koster det \u00e5 sende pakker med posten? - BilligPakke.no","og_description":"Det er viktig \u00e5 vite kostnadene ved \u00e5 sende pakker med Posten. Prisene varierer avhengig av vekt, st\u00f8rrelse og destinasjon. Det kan l\u00f8nne seg \u00e5 sammenligne ulike fraktalternativer for \u00e5 finne den beste prisen.","og_url":"https:\/\/billigpakke.no\/blog\/hvor-mye-koster-det-a-sende-pakker-med-posten\/","og_site_name":"BilligPakke.no","article_modified_time":"2024-05-05T08:23:20+00:00","twitter_card":"summary_large_image","twitter_misc":{"Est. reading time":"1 minutt"},"schema":{"@context":"https:\/\/schema.org","@graph":[{"@type":"WebPage","@id":"https:\/\/billigpakke.no\/blog\/hvor-mye-koster-det-a-sende-pakker-med-posten\/","url":"https:\/\/billigpakke.no\/blog\/hvor-mye-koster-det-a-sende-pakker-med-posten\/","name":"hvor mye koster det \u00e5 sende pakker med posten? - BilligPakke.no","isPartOf":{"@id":"https:\/\/billigpakke.no\/blog\/#website"},"datePublished":"2024-05-05T06:30:30+00:00","dateModified":"2024-05-05T08:23:20+00:00","description":"Det er viktig \u00e5 vite kostnadene ved \u00e5 sende pakker med Posten. Prisene varierer avhengig av vekt, st\u00f8rrelse og destinasjon. Det kan l\u00f8nne seg \u00e5 sammenligne ulike fraktalternativer for \u00e5 finne den beste prisen.","breadcrumb":{"@id":"https:\/\/billigpakke.no\/blog\/hvor-mye-koster-det-a-sende-pakker-med-posten\/#breadcrumb"},"inLanguage":"nn-NO","potentialAction":[{"@type":"ReadAction","target":["https:\/\/billigpakke.no\/blog\/hvor-mye-koster-det-a-sende-pakker-med-posten\/"]}]},{"@type":"BreadcrumbList","@id":"https:\/\/billigpakke.no\/blog\/hvor-mye-koster-det-a-sende-pakker-med-posten\/#breadcrumb","itemListElement":[{"@type":"ListItem","position":1,"name":"Home","item":"https:\/\/billigpakke.no\/blog\/"},{"@type":"ListItem","position":2,"name":"hvor mye koster det \u00e5 sende pakker med posten?"}]},{"@type":"WebSite","@id":"https:\/\/billigpakke.no\/blog\/#website","url":"https:\/\/billigpakke.no\/blog\/","name":"BilligPakke.no","description":"Billigpakke.no Blog","publisher":{"@id":"https:\/\/billigpakke.no\/blog\/#organization"},"potentialAction":[{"@type":"SearchAction","target":{"@type":"EntryPoint","urlTemplate":"https:\/\/billigpakke.no\/blog\/?s={search_term_string}"},"query-input":{"@type":"PropertyValueSpecification","valueRequired":true,"valueName":"search_term_string"}}],"inLanguage":"nn-NO"},{"@type":"Organization","@id":"https:\/\/billigpakke.no\/blog\/#organization","name":"BilligPakke.no","url":"https:\/\/billigpakke.no\/blog\/","logo":{"@type":"ImageObject","inLanguage":"nn-NO","@id":"https:\/\/billigpakke.no\/blog\/#\/schema\/logo\/image\/","url":"https:\/\/billigpakke.no\/blog\/wp-content\/uploads\/2016\/10\/logo.png","contentUrl":"https:\/\/billigpakke.no\/blog\/wp-content\/uploads\/2016\/10\/logo.png","width":185,"height":71,"caption":"BilligPakke.no"},"image":{"@id":"https:\/\/billigpakke.no\/blog\/#\/schema\/logo\/image\/"}}]}},"_links":{"self":[{"href":"https:\/\/billigpakke.no\/blog\/wp-json\/wp\/v2\/pages\/960","targetHints":{"allow":["GET"]}}],"collection":[{"href":"https:\/\/billigpakke.no\/blog\/wp-json\/wp\/v2\/pages"}],"about":[{"href":"https:\/\/billigpakke.no\/blog\/wp-json\/wp\/v2\/types\/page"}],"author":[{"embeddable":true,"href":"https:\/\/billigpakke.no\/blog\/wp-json\/wp\/v2\/users\/3"}],"replies":[{"embeddable":true,"href":"https:\/\/billigpakke.no\/blog\/wp-json\/wp\/v2\/comments?post=960"}],"version-history":[{"count":2,"href":"https:\/\/billigpakke.no\/blog\/wp-json\/wp\/v2\/pages\/960\/revisions"}],"predecessor-version":[{"id":1605,"href":"https:\/\/billigpakke.no\/blog\/wp-json\/wp\/v2\/pages\/960\/revisions\/1605"}],"wp:attachment":[{"href":"https:\/\/billigpakke.no\/blog\/wp-json\/wp\/v2\/media?parent=960"}],"curies":[{"name":"wp","href":"https:\/\/api.w.org\/{rel}","templated":true}]}}