{"id":956,"date":"2024-05-05T09:23:20","date_gmt":"2024-05-05T06:30:30","guid":{"rendered":"https:\/\/billigpakke.no\/blog\/hvor-mye-koster-det-a-sende-store-pakker\/"},"modified":"2024-05-05T09:23:20","modified_gmt":"2024-05-05T08:23:20","slug":"hvor-mye-koster-det-a-sende-store-pakker","status":"publish","type":"page","link":"https:\/\/billigpakke.no\/blog\/hvor-mye-koster-det-a-sende-store-pakker\/","title":{"rendered":"hvor mye koster det \u00e5.sende store pakker?"},"content":{"rendered":"\n<p class=\"has-text-align-center\">Det koster vanligvis mellom 200 og 500 kroner \u00e5 sende store pakker i Norge, avhengig av vekten og st\u00f8rrelsen p\u00e5 pakken, samt hvilken leverand\u00f8r man velger \u00e5 bruke. Det kan v\u00e6re lurt \u00e5 sammenligne priser fra ulike leverand\u00f8rer for \u00e5 finne det beste tilbudet.<\/p>\n\n\n\n<div class=\"wp-block-buttons is-content-justification-center is-layout-flex wp-container-core-buttons-is-layout-16018d1d wp-block-buttons-is-layout-flex\">\n<div class=\"wp-block-button is-style-outline is-style-outline--1\"><a class=\"wp-block-button__link has-dark-gray-color has-yellow-background-color has-text-color has-background has-link-color wp-element-button\" href=\"https:\/\/billigpakke.no\">send pakkene dine billig her<\/a><\/div>\n<\/div>\n\n\n\n<p><\/p>\n\n\n\n<p class=\"has-text-align-center\">1. Hvor mye koster det \u00e5 sende en stor pakke innenlands i Norge?<br \/>Svar: Prisen for \u00e5 sende en stor pakke innenlands i Norge avhenger av vekten og st\u00f8rrelsen p\u00e5 pakken, samt hvilken leverand\u00f8r du velger. Posten Norge og andre leverand\u00f8rer har ulike priser og tjenester tilgjengelig.<br \/><br \/>2. Hvor mye koster det \u00e5 sende en stor pakke til utlandet fra Norge?<br \/>Svar: Prisen for \u00e5 sende en stor pakke til utlandet fra Norge vil variere avhengig av destinasjon, vekt og st\u00f8rrelse p\u00e5 pakken. Posten Norge og andre leverand\u00f8rer tilbyr internasjonale sendingstjenester med ulike priser og leveringstider.<br \/><br \/>3. Hva er den billigste m\u00e5ten \u00e5 sende en stor pakke i Norge?<br \/>Svar: Den billigste m\u00e5ten \u00e5 sende en stor pakke i Norge vil variere avhengig av vekten, st\u00f8rrelsen p\u00e5 pakken og destinasjonen. Det kan v\u00e6re lurt \u00e5 sammenligne priser og tjenester fra ulike leverand\u00f8rer som Posten Norge, Bring og andre private leverand\u00f8rer for \u00e5 finne den mest kostnadseffektive l\u00f8sningen.<\/p>\n","protected":false},"excerpt":{"rendered":"<p>Det koster vanligvis mellom 200 og 500 kroner \u00e5 sende store pakker i Norge, avhengig av vekten og st\u00f8rrelsen p\u00e5 pakken, samt hvilken leverand\u00f8r man velger \u00e5 bruke. Det kan v\u00e6re lurt \u00e5 sammenligne priser fra ulike leverand\u00f8rer for \u00e5 finne det beste tilbudet. 1. Hvor mye koster det \u00e5 sende en stor pakke innenlands &hellip; <a href=\"https:\/\/billigpakke.no\/blog\/hvor-mye-koster-det-a-sende-store-pakker\/\" class=\"more-link\">Hald fram med \u00e5 lese<span class=\"screen-reader-text\"> \u00abhvor mye koster det \u00e5.sende store pakker?\u00bb<\/span><\/a><\/p>\n","protected":false},"author":3,"featured_media":0,"parent":0,"menu_order":0,"comment_status":"closed","ping_status":"closed","template":"","meta":{"footnotes":""},"class_list":["post-956","page","type-page","status-publish","hentry"],"yoast_head":"<!-- This site is optimized with the Yoast SEO plugin v27.6 - https:\/\/yoast.com\/product\/yoast-seo-wordpress\/ -->\n<title>hvor mye koster det \u00e5.sende store pakker? - BilligPakke.no<\/title>\n<meta name=\"description\" content=\"\u00c5 sende store pakker kan v\u00e6re kostbart avhengig av vekt, st\u00f8rrelse og destinasjon. Priser varierer mellom ulike fraktselskaper og tjenester.\" \/>\n<meta name=\"robots\" content=\"index, follow, max-snippet:-1, max-image-preview:large, max-video-preview:-1\" \/>\n<link rel=\"canonical\" href=\"https:\/\/billigpakke.no\/blog\/hvor-mye-koster-det-a-sende-store-pakker\/\" \/>\n<meta property=\"og:locale\" content=\"nn_NO\" \/>\n<meta property=\"og:type\" content=\"article\" \/>\n<meta property=\"og:title\" content=\"hvor mye koster det \u00e5.sende store pakker? - BilligPakke.no\" \/>\n<meta property=\"og:description\" content=\"\u00c5 sende store pakker kan v\u00e6re kostbart avhengig av vekt, st\u00f8rrelse og destinasjon. Priser varierer mellom ulike fraktselskaper og tjenester.\" \/>\n<meta property=\"og:url\" content=\"https:\/\/billigpakke.no\/blog\/hvor-mye-koster-det-a-sende-store-pakker\/\" \/>\n<meta property=\"og:site_name\" content=\"BilligPakke.no\" \/>\n<meta property=\"article:modified_time\" content=\"2024-05-05T08:23:20+00:00\" \/>\n<meta name=\"twitter:card\" content=\"summary_large_image\" \/>\n<meta name=\"twitter:label1\" content=\"Est. reading time\" \/>\n\t<meta name=\"twitter:data1\" content=\"1 minutt\" \/>\n<script type=\"application\/ld+json\" class=\"yoast-schema-graph\">{\"@context\":\"https:\\\/\\\/schema.org\",\"@graph\":[{\"@type\":\"WebPage\",\"@id\":\"https:\\\/\\\/billigpakke.no\\\/blog\\\/hvor-mye-koster-det-a-sende-store-pakker\\\/\",\"url\":\"https:\\\/\\\/billigpakke.no\\\/blog\\\/hvor-mye-koster-det-a-sende-store-pakker\\\/\",\"name\":\"hvor mye koster det \u00e5.sende store pakker? - BilligPakke.no\",\"isPartOf\":{\"@id\":\"https:\\\/\\\/billigpakke.no\\\/blog\\\/#website\"},\"datePublished\":\"2024-05-05T06:30:30+00:00\",\"dateModified\":\"2024-05-05T08:23:20+00:00\",\"description\":\"\u00c5 sende store pakker kan v\u00e6re kostbart avhengig av vekt, st\u00f8rrelse og destinasjon. Priser varierer mellom ulike fraktselskaper og tjenester.\",\"breadcrumb\":{\"@id\":\"https:\\\/\\\/billigpakke.no\\\/blog\\\/hvor-mye-koster-det-a-sende-store-pakker\\\/#breadcrumb\"},\"inLanguage\":\"nn-NO\",\"potentialAction\":[{\"@type\":\"ReadAction\",\"target\":[\"https:\\\/\\\/billigpakke.no\\\/blog\\\/hvor-mye-koster-det-a-sende-store-pakker\\\/\"]}]},{\"@type\":\"BreadcrumbList\",\"@id\":\"https:\\\/\\\/billigpakke.no\\\/blog\\\/hvor-mye-koster-det-a-sende-store-pakker\\\/#breadcrumb\",\"itemListElement\":[{\"@type\":\"ListItem\",\"position\":1,\"name\":\"Home\",\"item\":\"https:\\\/\\\/billigpakke.no\\\/blog\\\/\"},{\"@type\":\"ListItem\",\"position\":2,\"name\":\"hvor mye koster det \u00e5.sende store pakker?\"}]},{\"@type\":\"WebSite\",\"@id\":\"https:\\\/\\\/billigpakke.no\\\/blog\\\/#website\",\"url\":\"https:\\\/\\\/billigpakke.no\\\/blog\\\/\",\"name\":\"BilligPakke.no\",\"description\":\"Billigpakke.no Blog\",\"publisher\":{\"@id\":\"https:\\\/\\\/billigpakke.no\\\/blog\\\/#organization\"},\"potentialAction\":[{\"@type\":\"SearchAction\",\"target\":{\"@type\":\"EntryPoint\",\"urlTemplate\":\"https:\\\/\\\/billigpakke.no\\\/blog\\\/?s={search_term_string}\"},\"query-input\":{\"@type\":\"PropertyValueSpecification\",\"valueRequired\":true,\"valueName\":\"search_term_string\"}}],\"inLanguage\":\"nn-NO\"},{\"@type\":\"Organization\",\"@id\":\"https:\\\/\\\/billigpakke.no\\\/blog\\\/#organization\",\"name\":\"BilligPakke.no\",\"url\":\"https:\\\/\\\/billigpakke.no\\\/blog\\\/\",\"logo\":{\"@type\":\"ImageObject\",\"inLanguage\":\"nn-NO\",\"@id\":\"https:\\\/\\\/billigpakke.no\\\/blog\\\/#\\\/schema\\\/logo\\\/image\\\/\",\"url\":\"https:\\\/\\\/billigpakke.no\\\/blog\\\/wp-content\\\/uploads\\\/2016\\\/10\\\/logo.png\",\"contentUrl\":\"https:\\\/\\\/billigpakke.no\\\/blog\\\/wp-content\\\/uploads\\\/2016\\\/10\\\/logo.png\",\"width\":185,\"height\":71,\"caption\":\"BilligPakke.no\"},\"image\":{\"@id\":\"https:\\\/\\\/billigpakke.no\\\/blog\\\/#\\\/schema\\\/logo\\\/image\\\/\"}}]}<\/script>\n<!-- \/ Yoast SEO plugin. -->","yoast_head_json":{"title":"hvor mye koster det \u00e5.sende store pakker? - BilligPakke.no","description":"\u00c5 sende store pakker kan v\u00e6re kostbart avhengig av vekt, st\u00f8rrelse og destinasjon. Priser varierer mellom ulike fraktselskaper og tjenester.","robots":{"index":"index","follow":"follow","max-snippet":"max-snippet:-1","max-image-preview":"max-image-preview:large","max-video-preview":"max-video-preview:-1"},"canonical":"https:\/\/billigpakke.no\/blog\/hvor-mye-koster-det-a-sende-store-pakker\/","og_locale":"nn_NO","og_type":"article","og_title":"hvor mye koster det \u00e5.sende store pakker? - BilligPakke.no","og_description":"\u00c5 sende store pakker kan v\u00e6re kostbart avhengig av vekt, st\u00f8rrelse og destinasjon. Priser varierer mellom ulike fraktselskaper og tjenester.","og_url":"https:\/\/billigpakke.no\/blog\/hvor-mye-koster-det-a-sende-store-pakker\/","og_site_name":"BilligPakke.no","article_modified_time":"2024-05-05T08:23:20+00:00","twitter_card":"summary_large_image","twitter_misc":{"Est. reading time":"1 minutt"},"schema":{"@context":"https:\/\/schema.org","@graph":[{"@type":"WebPage","@id":"https:\/\/billigpakke.no\/blog\/hvor-mye-koster-det-a-sende-store-pakker\/","url":"https:\/\/billigpakke.no\/blog\/hvor-mye-koster-det-a-sende-store-pakker\/","name":"hvor mye koster det \u00e5.sende store pakker? - BilligPakke.no","isPartOf":{"@id":"https:\/\/billigpakke.no\/blog\/#website"},"datePublished":"2024-05-05T06:30:30+00:00","dateModified":"2024-05-05T08:23:20+00:00","description":"\u00c5 sende store pakker kan v\u00e6re kostbart avhengig av vekt, st\u00f8rrelse og destinasjon. Priser varierer mellom ulike fraktselskaper og tjenester.","breadcrumb":{"@id":"https:\/\/billigpakke.no\/blog\/hvor-mye-koster-det-a-sende-store-pakker\/#breadcrumb"},"inLanguage":"nn-NO","potentialAction":[{"@type":"ReadAction","target":["https:\/\/billigpakke.no\/blog\/hvor-mye-koster-det-a-sende-store-pakker\/"]}]},{"@type":"BreadcrumbList","@id":"https:\/\/billigpakke.no\/blog\/hvor-mye-koster-det-a-sende-store-pakker\/#breadcrumb","itemListElement":[{"@type":"ListItem","position":1,"name":"Home","item":"https:\/\/billigpakke.no\/blog\/"},{"@type":"ListItem","position":2,"name":"hvor mye koster det \u00e5.sende store pakker?"}]},{"@type":"WebSite","@id":"https:\/\/billigpakke.no\/blog\/#website","url":"https:\/\/billigpakke.no\/blog\/","name":"BilligPakke.no","description":"Billigpakke.no Blog","publisher":{"@id":"https:\/\/billigpakke.no\/blog\/#organization"},"potentialAction":[{"@type":"SearchAction","target":{"@type":"EntryPoint","urlTemplate":"https:\/\/billigpakke.no\/blog\/?s={search_term_string}"},"query-input":{"@type":"PropertyValueSpecification","valueRequired":true,"valueName":"search_term_string"}}],"inLanguage":"nn-NO"},{"@type":"Organization","@id":"https:\/\/billigpakke.no\/blog\/#organization","name":"BilligPakke.no","url":"https:\/\/billigpakke.no\/blog\/","logo":{"@type":"ImageObject","inLanguage":"nn-NO","@id":"https:\/\/billigpakke.no\/blog\/#\/schema\/logo\/image\/","url":"https:\/\/billigpakke.no\/blog\/wp-content\/uploads\/2016\/10\/logo.png","contentUrl":"https:\/\/billigpakke.no\/blog\/wp-content\/uploads\/2016\/10\/logo.png","width":185,"height":71,"caption":"BilligPakke.no"},"image":{"@id":"https:\/\/billigpakke.no\/blog\/#\/schema\/logo\/image\/"}}]}},"_links":{"self":[{"href":"https:\/\/billigpakke.no\/blog\/wp-json\/wp\/v2\/pages\/956","targetHints":{"allow":["GET"]}}],"collection":[{"href":"https:\/\/billigpakke.no\/blog\/wp-json\/wp\/v2\/pages"}],"about":[{"href":"https:\/\/billigpakke.no\/blog\/wp-json\/wp\/v2\/types\/page"}],"author":[{"embeddable":true,"href":"https:\/\/billigpakke.no\/blog\/wp-json\/wp\/v2\/users\/3"}],"replies":[{"embeddable":true,"href":"https:\/\/billigpakke.no\/blog\/wp-json\/wp\/v2\/comments?post=956"}],"version-history":[{"count":2,"href":"https:\/\/billigpakke.no\/blog\/wp-json\/wp\/v2\/pages\/956\/revisions"}],"predecessor-version":[{"id":1601,"href":"https:\/\/billigpakke.no\/blog\/wp-json\/wp\/v2\/pages\/956\/revisions\/1601"}],"wp:attachment":[{"href":"https:\/\/billigpakke.no\/blog\/wp-json\/wp\/v2\/media?parent=956"}],"curies":[{"name":"wp","href":"https:\/\/api.w.org\/{rel}","templated":true}]}}