{"id":952,"date":"2024-05-05T09:23:20","date_gmt":"2024-05-05T06:30:30","guid":{"rendered":"https:\/\/billigpakke.no\/blog\/hvor-mye-koster-det-a-sende-pakke-til-sverige\/"},"modified":"2024-05-05T09:23:20","modified_gmt":"2024-05-05T08:23:20","slug":"hvor-mye-koster-det-a-sende-pakke-til-sverige","status":"publish","type":"page","link":"https:\/\/billigpakke.no\/blog\/hvor-mye-koster-det-a-sende-pakke-til-sverige\/","title":{"rendered":"hvor mye koster det \u00e5 sende pakke til sverige?"},"content":{"rendered":"\n<p class=\"has-text-align-center\">Det koster vanligvis rundt 200-300 kroner \u00e5 sende en pakke til Sverige, avhengig av vekten og st\u00f8rrelsen p\u00e5 pakken. Prisene kan variere avhengig av hvilket fraktselskap du velger \u00e5 bruke. Det kan v\u00e6re lurt \u00e5 sammenligne priser fra ulike selskaper for \u00e5 finne den beste avtalen.<\/p>\n\n\n\n<div class=\"wp-block-buttons is-content-justification-center is-layout-flex wp-container-core-buttons-is-layout-16018d1d wp-block-buttons-is-layout-flex\">\n<div class=\"wp-block-button is-style-outline is-style-outline--1\"><a class=\"wp-block-button__link has-dark-gray-color has-yellow-background-color has-text-color has-background has-link-color wp-element-button\" href=\"https:\/\/billigpakke.no\">send pakkene dine billig her<\/a><\/div>\n<\/div>\n\n\n\n<p><\/p>\n\n\n\n<p class=\"has-text-align-center\">1. Hvor mye koster det \u00e5 sende en pakke til Sverige fra Norge?<br \/>Svar: Prisen for \u00e5 sende en pakke til Sverige avhenger av vekten og st\u00f8rrelsen p\u00e5 pakken, samt hvilken leverand\u00f8r du velger. Vanligvis kan du forvente \u00e5 betale et sted mellom 200 og 500 kroner for en standardpakke.<br \/><br \/>2. Hvilke leverand\u00f8rer tilbyr pakkesending til Sverige fra Norge?<br \/>Svar: Flere leverand\u00f8rer tilbyr pakkesending til Sverige fra Norge, inkludert Posten, Bring, DHL og UPS. Det er lurt \u00e5 sammenligne priser og leveringstider f\u00f8r du velger en leverand\u00f8r.<br \/><br \/>3. Hvor lang tid tar det vanligvis \u00e5 sende en pakke til Sverige fra Norge?<br \/>Svar: Leveringstiden for en pakke til Sverige fra Norge varierer avhengig av leverand\u00f8ren du velger og hvilken type frakt du velger. Vanligvis tar det mellom 2-5 virkedager for en standardpakke \u00e5 bli levert.<\/p>\n","protected":false},"excerpt":{"rendered":"<p>Det koster vanligvis rundt 200-300 kroner \u00e5 sende en pakke til Sverige, avhengig av vekten og st\u00f8rrelsen p\u00e5 pakken. Prisene kan variere avhengig av hvilket fraktselskap du velger \u00e5 bruke. Det kan v\u00e6re lurt \u00e5 sammenligne priser fra ulike selskaper for \u00e5 finne den beste avtalen. 1. Hvor mye koster det \u00e5 sende en pakke &hellip; <a href=\"https:\/\/billigpakke.no\/blog\/hvor-mye-koster-det-a-sende-pakke-til-sverige\/\" class=\"more-link\">Hald fram med \u00e5 lese<span class=\"screen-reader-text\"> \u00abhvor mye koster det \u00e5 sende pakke til sverige?\u00bb<\/span><\/a><\/p>\n","protected":false},"author":3,"featured_media":0,"parent":0,"menu_order":0,"comment_status":"closed","ping_status":"closed","template":"","meta":{"footnotes":""},"class_list":["post-952","page","type-page","status-publish","hentry"],"yoast_head":"<!-- This site is optimized with the Yoast SEO plugin v27.5 - https:\/\/yoast.com\/product\/yoast-seo-wordpress\/ -->\n<title>hvor mye koster det \u00e5 sende pakke til sverige? - BilligPakke.no<\/title>\n<meta name=\"description\" content=\"\u00c5 sende en pakke til Sverige kan variere i pris avhengig av vekt, st\u00f8rrelse og leveringsmetode. Det kan v\u00e6re lurt \u00e5 sjekke med ulike fraktselskaper for \u00e5 finne den beste prisen.\" \/>\n<meta name=\"robots\" content=\"index, follow, max-snippet:-1, max-image-preview:large, max-video-preview:-1\" \/>\n<link rel=\"canonical\" href=\"https:\/\/billigpakke.no\/blog\/hvor-mye-koster-det-a-sende-pakke-til-sverige\/\" \/>\n<meta property=\"og:locale\" content=\"nn_NO\" \/>\n<meta property=\"og:type\" content=\"article\" \/>\n<meta property=\"og:title\" content=\"hvor mye koster det \u00e5 sende pakke til sverige? - BilligPakke.no\" \/>\n<meta property=\"og:description\" content=\"\u00c5 sende en pakke til Sverige kan variere i pris avhengig av vekt, st\u00f8rrelse og leveringsmetode. Det kan v\u00e6re lurt \u00e5 sjekke med ulike fraktselskaper for \u00e5 finne den beste prisen.\" \/>\n<meta property=\"og:url\" content=\"https:\/\/billigpakke.no\/blog\/hvor-mye-koster-det-a-sende-pakke-til-sverige\/\" \/>\n<meta property=\"og:site_name\" content=\"BilligPakke.no\" \/>\n<meta property=\"article:modified_time\" content=\"2024-05-05T08:23:20+00:00\" \/>\n<meta name=\"twitter:card\" content=\"summary_large_image\" \/>\n<meta name=\"twitter:label1\" content=\"Est. reading time\" \/>\n\t<meta name=\"twitter:data1\" content=\"1 minutt\" \/>\n<script type=\"application\/ld+json\" class=\"yoast-schema-graph\">{\"@context\":\"https:\\\/\\\/schema.org\",\"@graph\":[{\"@type\":\"WebPage\",\"@id\":\"https:\\\/\\\/billigpakke.no\\\/blog\\\/hvor-mye-koster-det-a-sende-pakke-til-sverige\\\/\",\"url\":\"https:\\\/\\\/billigpakke.no\\\/blog\\\/hvor-mye-koster-det-a-sende-pakke-til-sverige\\\/\",\"name\":\"hvor mye koster det \u00e5 sende pakke til sverige? - BilligPakke.no\",\"isPartOf\":{\"@id\":\"https:\\\/\\\/billigpakke.no\\\/blog\\\/#website\"},\"datePublished\":\"2024-05-05T06:30:30+00:00\",\"dateModified\":\"2024-05-05T08:23:20+00:00\",\"description\":\"\u00c5 sende en pakke til Sverige kan variere i pris avhengig av vekt, st\u00f8rrelse og leveringsmetode. Det kan v\u00e6re lurt \u00e5 sjekke med ulike fraktselskaper for \u00e5 finne den beste prisen.\",\"breadcrumb\":{\"@id\":\"https:\\\/\\\/billigpakke.no\\\/blog\\\/hvor-mye-koster-det-a-sende-pakke-til-sverige\\\/#breadcrumb\"},\"inLanguage\":\"nn-NO\",\"potentialAction\":[{\"@type\":\"ReadAction\",\"target\":[\"https:\\\/\\\/billigpakke.no\\\/blog\\\/hvor-mye-koster-det-a-sende-pakke-til-sverige\\\/\"]}]},{\"@type\":\"BreadcrumbList\",\"@id\":\"https:\\\/\\\/billigpakke.no\\\/blog\\\/hvor-mye-koster-det-a-sende-pakke-til-sverige\\\/#breadcrumb\",\"itemListElement\":[{\"@type\":\"ListItem\",\"position\":1,\"name\":\"Home\",\"item\":\"https:\\\/\\\/billigpakke.no\\\/blog\\\/\"},{\"@type\":\"ListItem\",\"position\":2,\"name\":\"hvor mye koster det \u00e5 sende pakke til sverige?\"}]},{\"@type\":\"WebSite\",\"@id\":\"https:\\\/\\\/billigpakke.no\\\/blog\\\/#website\",\"url\":\"https:\\\/\\\/billigpakke.no\\\/blog\\\/\",\"name\":\"BilligPakke.no\",\"description\":\"Billigpakke.no Blog\",\"publisher\":{\"@id\":\"https:\\\/\\\/billigpakke.no\\\/blog\\\/#organization\"},\"potentialAction\":[{\"@type\":\"SearchAction\",\"target\":{\"@type\":\"EntryPoint\",\"urlTemplate\":\"https:\\\/\\\/billigpakke.no\\\/blog\\\/?s={search_term_string}\"},\"query-input\":{\"@type\":\"PropertyValueSpecification\",\"valueRequired\":true,\"valueName\":\"search_term_string\"}}],\"inLanguage\":\"nn-NO\"},{\"@type\":\"Organization\",\"@id\":\"https:\\\/\\\/billigpakke.no\\\/blog\\\/#organization\",\"name\":\"BilligPakke.no\",\"url\":\"https:\\\/\\\/billigpakke.no\\\/blog\\\/\",\"logo\":{\"@type\":\"ImageObject\",\"inLanguage\":\"nn-NO\",\"@id\":\"https:\\\/\\\/billigpakke.no\\\/blog\\\/#\\\/schema\\\/logo\\\/image\\\/\",\"url\":\"https:\\\/\\\/billigpakke.no\\\/blog\\\/wp-content\\\/uploads\\\/2016\\\/10\\\/logo.png\",\"contentUrl\":\"https:\\\/\\\/billigpakke.no\\\/blog\\\/wp-content\\\/uploads\\\/2016\\\/10\\\/logo.png\",\"width\":185,\"height\":71,\"caption\":\"BilligPakke.no\"},\"image\":{\"@id\":\"https:\\\/\\\/billigpakke.no\\\/blog\\\/#\\\/schema\\\/logo\\\/image\\\/\"}}]}<\/script>\n<!-- \/ Yoast SEO plugin. -->","yoast_head_json":{"title":"hvor mye koster det \u00e5 sende pakke til sverige? - BilligPakke.no","description":"\u00c5 sende en pakke til Sverige kan variere i pris avhengig av vekt, st\u00f8rrelse og leveringsmetode. Det kan v\u00e6re lurt \u00e5 sjekke med ulike fraktselskaper for \u00e5 finne den beste prisen.","robots":{"index":"index","follow":"follow","max-snippet":"max-snippet:-1","max-image-preview":"max-image-preview:large","max-video-preview":"max-video-preview:-1"},"canonical":"https:\/\/billigpakke.no\/blog\/hvor-mye-koster-det-a-sende-pakke-til-sverige\/","og_locale":"nn_NO","og_type":"article","og_title":"hvor mye koster det \u00e5 sende pakke til sverige? - BilligPakke.no","og_description":"\u00c5 sende en pakke til Sverige kan variere i pris avhengig av vekt, st\u00f8rrelse og leveringsmetode. Det kan v\u00e6re lurt \u00e5 sjekke med ulike fraktselskaper for \u00e5 finne den beste prisen.","og_url":"https:\/\/billigpakke.no\/blog\/hvor-mye-koster-det-a-sende-pakke-til-sverige\/","og_site_name":"BilligPakke.no","article_modified_time":"2024-05-05T08:23:20+00:00","twitter_card":"summary_large_image","twitter_misc":{"Est. reading time":"1 minutt"},"schema":{"@context":"https:\/\/schema.org","@graph":[{"@type":"WebPage","@id":"https:\/\/billigpakke.no\/blog\/hvor-mye-koster-det-a-sende-pakke-til-sverige\/","url":"https:\/\/billigpakke.no\/blog\/hvor-mye-koster-det-a-sende-pakke-til-sverige\/","name":"hvor mye koster det \u00e5 sende pakke til sverige? - BilligPakke.no","isPartOf":{"@id":"https:\/\/billigpakke.no\/blog\/#website"},"datePublished":"2024-05-05T06:30:30+00:00","dateModified":"2024-05-05T08:23:20+00:00","description":"\u00c5 sende en pakke til Sverige kan variere i pris avhengig av vekt, st\u00f8rrelse og leveringsmetode. Det kan v\u00e6re lurt \u00e5 sjekke med ulike fraktselskaper for \u00e5 finne den beste prisen.","breadcrumb":{"@id":"https:\/\/billigpakke.no\/blog\/hvor-mye-koster-det-a-sende-pakke-til-sverige\/#breadcrumb"},"inLanguage":"nn-NO","potentialAction":[{"@type":"ReadAction","target":["https:\/\/billigpakke.no\/blog\/hvor-mye-koster-det-a-sende-pakke-til-sverige\/"]}]},{"@type":"BreadcrumbList","@id":"https:\/\/billigpakke.no\/blog\/hvor-mye-koster-det-a-sende-pakke-til-sverige\/#breadcrumb","itemListElement":[{"@type":"ListItem","position":1,"name":"Home","item":"https:\/\/billigpakke.no\/blog\/"},{"@type":"ListItem","position":2,"name":"hvor mye koster det \u00e5 sende pakke til sverige?"}]},{"@type":"WebSite","@id":"https:\/\/billigpakke.no\/blog\/#website","url":"https:\/\/billigpakke.no\/blog\/","name":"BilligPakke.no","description":"Billigpakke.no Blog","publisher":{"@id":"https:\/\/billigpakke.no\/blog\/#organization"},"potentialAction":[{"@type":"SearchAction","target":{"@type":"EntryPoint","urlTemplate":"https:\/\/billigpakke.no\/blog\/?s={search_term_string}"},"query-input":{"@type":"PropertyValueSpecification","valueRequired":true,"valueName":"search_term_string"}}],"inLanguage":"nn-NO"},{"@type":"Organization","@id":"https:\/\/billigpakke.no\/blog\/#organization","name":"BilligPakke.no","url":"https:\/\/billigpakke.no\/blog\/","logo":{"@type":"ImageObject","inLanguage":"nn-NO","@id":"https:\/\/billigpakke.no\/blog\/#\/schema\/logo\/image\/","url":"https:\/\/billigpakke.no\/blog\/wp-content\/uploads\/2016\/10\/logo.png","contentUrl":"https:\/\/billigpakke.no\/blog\/wp-content\/uploads\/2016\/10\/logo.png","width":185,"height":71,"caption":"BilligPakke.no"},"image":{"@id":"https:\/\/billigpakke.no\/blog\/#\/schema\/logo\/image\/"}}]}},"_links":{"self":[{"href":"https:\/\/billigpakke.no\/blog\/wp-json\/wp\/v2\/pages\/952","targetHints":{"allow":["GET"]}}],"collection":[{"href":"https:\/\/billigpakke.no\/blog\/wp-json\/wp\/v2\/pages"}],"about":[{"href":"https:\/\/billigpakke.no\/blog\/wp-json\/wp\/v2\/types\/page"}],"author":[{"embeddable":true,"href":"https:\/\/billigpakke.no\/blog\/wp-json\/wp\/v2\/users\/3"}],"replies":[{"embeddable":true,"href":"https:\/\/billigpakke.no\/blog\/wp-json\/wp\/v2\/comments?post=952"}],"version-history":[{"count":2,"href":"https:\/\/billigpakke.no\/blog\/wp-json\/wp\/v2\/pages\/952\/revisions"}],"predecessor-version":[{"id":1597,"href":"https:\/\/billigpakke.no\/blog\/wp-json\/wp\/v2\/pages\/952\/revisions\/1597"}],"wp:attachment":[{"href":"https:\/\/billigpakke.no\/blog\/wp-json\/wp\/v2\/media?parent=952"}],"curies":[{"name":"wp","href":"https:\/\/api.w.org\/{rel}","templated":true}]}}