{"id":951,"date":"2024-05-05T09:23:19","date_gmt":"2024-05-05T06:30:30","guid":{"rendered":"https:\/\/billigpakke.no\/blog\/hva-koster-det-a-sende-pakke-til-svalbard\/"},"modified":"2024-05-05T09:23:19","modified_gmt":"2024-05-05T08:23:19","slug":"hva-koster-det-a-sende-pakke-til-svalbard","status":"publish","type":"page","link":"https:\/\/billigpakke.no\/blog\/hva-koster-det-a-sende-pakke-til-svalbard\/","title":{"rendered":"hva koster det \u00e5 sende pakke til svalbard?"},"content":{"rendered":"\n<p class=\"has-text-align-center\">Det koster vanligvis litt mer \u00e5 sende pakker til Svalbard p\u00e5 grunn av den avsidesliggende beliggenheten. Prisene kan variere avhengig av vekten og st\u00f8rrelsen p\u00e5 pakken, samt hvilket fraktselskap du velger \u00e5 bruke. Det beste er \u00e5 kontakte et fraktselskap direkte for \u00e5 f\u00e5 en n\u00f8yaktig pris for sending av pakken til Svalbard.<\/p>\n\n\n\n<div class=\"wp-block-buttons is-content-justification-center is-layout-flex wp-container-core-buttons-is-layout-16018d1d wp-block-buttons-is-layout-flex\">\n<div class=\"wp-block-button is-style-outline is-style-outline--1\"><a class=\"wp-block-button__link has-dark-gray-color has-yellow-background-color has-text-color has-background has-link-color wp-element-button\" href=\"https:\/\/billigpakke.no\">send pakkene dine billig her<\/a><\/div>\n<\/div>\n\n\n\n<p><\/p>\n\n\n\n<p class=\"has-text-align-center\">#ERROR!<\/p>\n","protected":false},"excerpt":{"rendered":"<p>Det koster vanligvis litt mer \u00e5 sende pakker til Svalbard p\u00e5 grunn av den avsidesliggende beliggenheten. Prisene kan variere avhengig av vekten og st\u00f8rrelsen p\u00e5 pakken, samt hvilket fraktselskap du velger \u00e5 bruke. Det beste er \u00e5 kontakte et fraktselskap direkte for \u00e5 f\u00e5 en n\u00f8yaktig pris for sending av pakken til Svalbard. #ERROR!<\/p>\n","protected":false},"author":3,"featured_media":0,"parent":0,"menu_order":0,"comment_status":"closed","ping_status":"closed","template":"","meta":{"footnotes":""},"class_list":["post-951","page","type-page","status-publish","hentry"],"yoast_head":"<!-- This site is optimized with the Yoast SEO plugin v27.3 - https:\/\/yoast.com\/product\/yoast-seo-wordpress\/ -->\n<title>hva koster det \u00e5 sende pakke til svalbard? - BilligPakke.no<\/title>\n<meta name=\"description\" content=\"Det koster vanligvis mer \u00e5 sende pakke til Svalbard p\u00e5 grunn av den avsidesliggende beliggenheten. Prisene varierer avhengig av vekt og st\u00f8rrelse p\u00e5 pakken.\" \/>\n<meta name=\"robots\" content=\"index, follow, max-snippet:-1, max-image-preview:large, max-video-preview:-1\" \/>\n<link rel=\"canonical\" href=\"https:\/\/billigpakke.no\/blog\/hva-koster-det-a-sende-pakke-til-svalbard\/\" \/>\n<meta property=\"og:locale\" content=\"nn_NO\" \/>\n<meta property=\"og:type\" content=\"article\" \/>\n<meta property=\"og:title\" content=\"hva koster det \u00e5 sende pakke til svalbard? - BilligPakke.no\" \/>\n<meta property=\"og:description\" content=\"Det koster vanligvis mer \u00e5 sende pakke til Svalbard p\u00e5 grunn av den avsidesliggende beliggenheten. Prisene varierer avhengig av vekt og st\u00f8rrelse p\u00e5 pakken.\" \/>\n<meta property=\"og:url\" content=\"https:\/\/billigpakke.no\/blog\/hva-koster-det-a-sende-pakke-til-svalbard\/\" \/>\n<meta property=\"og:site_name\" content=\"BilligPakke.no\" \/>\n<meta property=\"article:modified_time\" content=\"2024-05-05T08:23:19+00:00\" \/>\n<meta name=\"twitter:card\" content=\"summary_large_image\" \/>\n<script type=\"application\/ld+json\" class=\"yoast-schema-graph\">{\"@context\":\"https:\\\/\\\/schema.org\",\"@graph\":[{\"@type\":\"WebPage\",\"@id\":\"https:\\\/\\\/billigpakke.no\\\/blog\\\/hva-koster-det-a-sende-pakke-til-svalbard\\\/\",\"url\":\"https:\\\/\\\/billigpakke.no\\\/blog\\\/hva-koster-det-a-sende-pakke-til-svalbard\\\/\",\"name\":\"hva koster det \u00e5 sende pakke til svalbard? - BilligPakke.no\",\"isPartOf\":{\"@id\":\"https:\\\/\\\/billigpakke.no\\\/blog\\\/#website\"},\"datePublished\":\"2024-05-05T06:30:30+00:00\",\"dateModified\":\"2024-05-05T08:23:19+00:00\",\"description\":\"Det koster vanligvis mer \u00e5 sende pakke til Svalbard p\u00e5 grunn av den avsidesliggende beliggenheten. Prisene varierer avhengig av vekt og st\u00f8rrelse p\u00e5 pakken.\",\"breadcrumb\":{\"@id\":\"https:\\\/\\\/billigpakke.no\\\/blog\\\/hva-koster-det-a-sende-pakke-til-svalbard\\\/#breadcrumb\"},\"inLanguage\":\"nn-NO\",\"potentialAction\":[{\"@type\":\"ReadAction\",\"target\":[\"https:\\\/\\\/billigpakke.no\\\/blog\\\/hva-koster-det-a-sende-pakke-til-svalbard\\\/\"]}]},{\"@type\":\"BreadcrumbList\",\"@id\":\"https:\\\/\\\/billigpakke.no\\\/blog\\\/hva-koster-det-a-sende-pakke-til-svalbard\\\/#breadcrumb\",\"itemListElement\":[{\"@type\":\"ListItem\",\"position\":1,\"name\":\"Home\",\"item\":\"https:\\\/\\\/billigpakke.no\\\/blog\\\/\"},{\"@type\":\"ListItem\",\"position\":2,\"name\":\"hva koster det \u00e5 sende pakke til svalbard?\"}]},{\"@type\":\"WebSite\",\"@id\":\"https:\\\/\\\/billigpakke.no\\\/blog\\\/#website\",\"url\":\"https:\\\/\\\/billigpakke.no\\\/blog\\\/\",\"name\":\"BilligPakke.no\",\"description\":\"Billigpakke.no Blog\",\"publisher\":{\"@id\":\"https:\\\/\\\/billigpakke.no\\\/blog\\\/#organization\"},\"potentialAction\":[{\"@type\":\"SearchAction\",\"target\":{\"@type\":\"EntryPoint\",\"urlTemplate\":\"https:\\\/\\\/billigpakke.no\\\/blog\\\/?s={search_term_string}\"},\"query-input\":{\"@type\":\"PropertyValueSpecification\",\"valueRequired\":true,\"valueName\":\"search_term_string\"}}],\"inLanguage\":\"nn-NO\"},{\"@type\":\"Organization\",\"@id\":\"https:\\\/\\\/billigpakke.no\\\/blog\\\/#organization\",\"name\":\"BilligPakke.no\",\"url\":\"https:\\\/\\\/billigpakke.no\\\/blog\\\/\",\"logo\":{\"@type\":\"ImageObject\",\"inLanguage\":\"nn-NO\",\"@id\":\"https:\\\/\\\/billigpakke.no\\\/blog\\\/#\\\/schema\\\/logo\\\/image\\\/\",\"url\":\"https:\\\/\\\/billigpakke.no\\\/blog\\\/wp-content\\\/uploads\\\/2016\\\/10\\\/logo.png\",\"contentUrl\":\"https:\\\/\\\/billigpakke.no\\\/blog\\\/wp-content\\\/uploads\\\/2016\\\/10\\\/logo.png\",\"width\":185,\"height\":71,\"caption\":\"BilligPakke.no\"},\"image\":{\"@id\":\"https:\\\/\\\/billigpakke.no\\\/blog\\\/#\\\/schema\\\/logo\\\/image\\\/\"}}]}<\/script>\n<!-- \/ Yoast SEO plugin. -->","yoast_head_json":{"title":"hva koster det \u00e5 sende pakke til svalbard? - BilligPakke.no","description":"Det koster vanligvis mer \u00e5 sende pakke til Svalbard p\u00e5 grunn av den avsidesliggende beliggenheten. Prisene varierer avhengig av vekt og st\u00f8rrelse p\u00e5 pakken.","robots":{"index":"index","follow":"follow","max-snippet":"max-snippet:-1","max-image-preview":"max-image-preview:large","max-video-preview":"max-video-preview:-1"},"canonical":"https:\/\/billigpakke.no\/blog\/hva-koster-det-a-sende-pakke-til-svalbard\/","og_locale":"nn_NO","og_type":"article","og_title":"hva koster det \u00e5 sende pakke til svalbard? - BilligPakke.no","og_description":"Det koster vanligvis mer \u00e5 sende pakke til Svalbard p\u00e5 grunn av den avsidesliggende beliggenheten. Prisene varierer avhengig av vekt og st\u00f8rrelse p\u00e5 pakken.","og_url":"https:\/\/billigpakke.no\/blog\/hva-koster-det-a-sende-pakke-til-svalbard\/","og_site_name":"BilligPakke.no","article_modified_time":"2024-05-05T08:23:19+00:00","twitter_card":"summary_large_image","schema":{"@context":"https:\/\/schema.org","@graph":[{"@type":"WebPage","@id":"https:\/\/billigpakke.no\/blog\/hva-koster-det-a-sende-pakke-til-svalbard\/","url":"https:\/\/billigpakke.no\/blog\/hva-koster-det-a-sende-pakke-til-svalbard\/","name":"hva koster det \u00e5 sende pakke til svalbard? - BilligPakke.no","isPartOf":{"@id":"https:\/\/billigpakke.no\/blog\/#website"},"datePublished":"2024-05-05T06:30:30+00:00","dateModified":"2024-05-05T08:23:19+00:00","description":"Det koster vanligvis mer \u00e5 sende pakke til Svalbard p\u00e5 grunn av den avsidesliggende beliggenheten. Prisene varierer avhengig av vekt og st\u00f8rrelse p\u00e5 pakken.","breadcrumb":{"@id":"https:\/\/billigpakke.no\/blog\/hva-koster-det-a-sende-pakke-til-svalbard\/#breadcrumb"},"inLanguage":"nn-NO","potentialAction":[{"@type":"ReadAction","target":["https:\/\/billigpakke.no\/blog\/hva-koster-det-a-sende-pakke-til-svalbard\/"]}]},{"@type":"BreadcrumbList","@id":"https:\/\/billigpakke.no\/blog\/hva-koster-det-a-sende-pakke-til-svalbard\/#breadcrumb","itemListElement":[{"@type":"ListItem","position":1,"name":"Home","item":"https:\/\/billigpakke.no\/blog\/"},{"@type":"ListItem","position":2,"name":"hva koster det \u00e5 sende pakke til svalbard?"}]},{"@type":"WebSite","@id":"https:\/\/billigpakke.no\/blog\/#website","url":"https:\/\/billigpakke.no\/blog\/","name":"BilligPakke.no","description":"Billigpakke.no Blog","publisher":{"@id":"https:\/\/billigpakke.no\/blog\/#organization"},"potentialAction":[{"@type":"SearchAction","target":{"@type":"EntryPoint","urlTemplate":"https:\/\/billigpakke.no\/blog\/?s={search_term_string}"},"query-input":{"@type":"PropertyValueSpecification","valueRequired":true,"valueName":"search_term_string"}}],"inLanguage":"nn-NO"},{"@type":"Organization","@id":"https:\/\/billigpakke.no\/blog\/#organization","name":"BilligPakke.no","url":"https:\/\/billigpakke.no\/blog\/","logo":{"@type":"ImageObject","inLanguage":"nn-NO","@id":"https:\/\/billigpakke.no\/blog\/#\/schema\/logo\/image\/","url":"https:\/\/billigpakke.no\/blog\/wp-content\/uploads\/2016\/10\/logo.png","contentUrl":"https:\/\/billigpakke.no\/blog\/wp-content\/uploads\/2016\/10\/logo.png","width":185,"height":71,"caption":"BilligPakke.no"},"image":{"@id":"https:\/\/billigpakke.no\/blog\/#\/schema\/logo\/image\/"}}]}},"_links":{"self":[{"href":"https:\/\/billigpakke.no\/blog\/wp-json\/wp\/v2\/pages\/951","targetHints":{"allow":["GET"]}}],"collection":[{"href":"https:\/\/billigpakke.no\/blog\/wp-json\/wp\/v2\/pages"}],"about":[{"href":"https:\/\/billigpakke.no\/blog\/wp-json\/wp\/v2\/types\/page"}],"author":[{"embeddable":true,"href":"https:\/\/billigpakke.no\/blog\/wp-json\/wp\/v2\/users\/3"}],"replies":[{"embeddable":true,"href":"https:\/\/billigpakke.no\/blog\/wp-json\/wp\/v2\/comments?post=951"}],"version-history":[{"count":2,"href":"https:\/\/billigpakke.no\/blog\/wp-json\/wp\/v2\/pages\/951\/revisions"}],"predecessor-version":[{"id":1596,"href":"https:\/\/billigpakke.no\/blog\/wp-json\/wp\/v2\/pages\/951\/revisions\/1596"}],"wp:attachment":[{"href":"https:\/\/billigpakke.no\/blog\/wp-json\/wp\/v2\/media?parent=951"}],"curies":[{"name":"wp","href":"https:\/\/api.w.org\/{rel}","templated":true}]}}