{"id":942,"date":"2024-05-05T09:23:19","date_gmt":"2024-05-05T06:30:29","guid":{"rendered":"https:\/\/billigpakke.no\/blog\/hvor-mye-koster-det-a-sende-pakke-i-oppkrav\/"},"modified":"2024-05-05T09:23:19","modified_gmt":"2024-05-05T08:23:19","slug":"hvor-mye-koster-det-a-sende-pakke-i-oppkrav","status":"publish","type":"page","link":"https:\/\/billigpakke.no\/blog\/hvor-mye-koster-det-a-sende-pakke-i-oppkrav\/","title":{"rendered":"hvor mye koster det \u00e5 sende pakke i oppkrav?"},"content":{"rendered":"\n<p class=\"has-text-align-center\">Det koster vanligvis rundt 150-200 kroner \u00e5 sende en pakke i oppkrav i Norge, avhengig av vekten og st\u00f8rrelsen p\u00e5 pakken. Det kan ogs\u00e5 v\u00e6re ekstra kostnader knyttet til verdien av innholdet i pakken. Det beste er \u00e5 sjekke med postkontoret eller fraktselskapet for n\u00f8yaktige priser.<\/p>\n\n\n\n<div class=\"wp-block-buttons is-content-justification-center is-layout-flex wp-container-core-buttons-is-layout-16018d1d wp-block-buttons-is-layout-flex\">\n<div class=\"wp-block-button is-style-outline is-style-outline--1\"><a class=\"wp-block-button__link has-dark-gray-color has-yellow-background-color has-text-color has-background has-link-color wp-element-button\" href=\"https:\/\/billigpakke.no\">send pakkene dine billig her<\/a><\/div>\n<\/div>\n\n\n\n<p><\/p>\n\n\n\n<p class=\"has-text-align-center\">1. Hvor mye koster det \u00e5 sende en pakke i oppkrav innenlands i Norge?<br \/>Svar: Prisen for \u00e5 sende en pakke i oppkrav innenlands i Norge varierer avhengig av vekten og verdien p\u00e5 pakken. Posten tilbyr ulike prispakker basert p\u00e5 vektklassen og verdien p\u00e5 pakken.<br \/><br \/>2. Hva er maksimal vekt og verdi for en pakke som kan sendes i oppkrav i Norge?<br \/>Svar: Den maksimale vekten for en pakke som kan sendes i oppkrav med Posten i Norge er 35 kg. N\u00e5r det gjelder verdien, kan pakken ha en verdi p\u00e5 opptil 50 000 kroner.<br \/><br \/>3. Hvilke alternativer finnes for \u00e5 sende en pakke i oppkrav i Norge?<br \/>Svar: I Norge kan man sende en pakke i oppkrav ved \u00e5 benytte seg av tjenester som tilbys av Posten. Det finnes ogs\u00e5 andre private leverand\u00f8rer som tilbyr lignende tjenester for \u00e5 sende pakker i oppkrav.<\/p>\n","protected":false},"excerpt":{"rendered":"<p>Det koster vanligvis rundt 150-200 kroner \u00e5 sende en pakke i oppkrav i Norge, avhengig av vekten og st\u00f8rrelsen p\u00e5 pakken. Det kan ogs\u00e5 v\u00e6re ekstra kostnader knyttet til verdien av innholdet i pakken. Det beste er \u00e5 sjekke med postkontoret eller fraktselskapet for n\u00f8yaktige priser. 1. Hvor mye koster det \u00e5 sende en pakke &hellip; <a href=\"https:\/\/billigpakke.no\/blog\/hvor-mye-koster-det-a-sende-pakke-i-oppkrav\/\" class=\"more-link\">Hald fram med \u00e5 lese<span class=\"screen-reader-text\"> \u00abhvor mye koster det \u00e5 sende pakke i oppkrav?\u00bb<\/span><\/a><\/p>\n","protected":false},"author":3,"featured_media":0,"parent":0,"menu_order":0,"comment_status":"closed","ping_status":"closed","template":"","meta":{"footnotes":""},"class_list":["post-942","page","type-page","status-publish","hentry"],"yoast_head":"<!-- This site is optimized with the Yoast SEO plugin v27.4 - https:\/\/yoast.com\/product\/yoast-seo-wordpress\/ -->\n<title>hvor mye koster det \u00e5 sende pakke i oppkrav? - BilligPakke.no<\/title>\n<meta name=\"description\" content=\"\u00c5 sende en pakke i oppkrav koster vanligvis litt mer enn vanlig frakt, da det er en ekstra tjeneste som tilbys av posttjenesten. Prisen avhenger av vekten og st\u00f8rrelsen p\u00e5 pakken, samt destinasjonen den skal sendes til.\" \/>\n<meta name=\"robots\" content=\"index, follow, max-snippet:-1, max-image-preview:large, max-video-preview:-1\" \/>\n<link rel=\"canonical\" href=\"https:\/\/billigpakke.no\/blog\/hvor-mye-koster-det-a-sende-pakke-i-oppkrav\/\" \/>\n<meta property=\"og:locale\" content=\"nn_NO\" \/>\n<meta property=\"og:type\" content=\"article\" \/>\n<meta property=\"og:title\" content=\"hvor mye koster det \u00e5 sende pakke i oppkrav? - BilligPakke.no\" \/>\n<meta property=\"og:description\" content=\"\u00c5 sende en pakke i oppkrav koster vanligvis litt mer enn vanlig frakt, da det er en ekstra tjeneste som tilbys av posttjenesten. Prisen avhenger av vekten og st\u00f8rrelsen p\u00e5 pakken, samt destinasjonen den skal sendes til.\" \/>\n<meta property=\"og:url\" content=\"https:\/\/billigpakke.no\/blog\/hvor-mye-koster-det-a-sende-pakke-i-oppkrav\/\" \/>\n<meta property=\"og:site_name\" content=\"BilligPakke.no\" \/>\n<meta property=\"article:modified_time\" content=\"2024-05-05T08:23:19+00:00\" \/>\n<meta name=\"twitter:card\" content=\"summary_large_image\" \/>\n<meta name=\"twitter:label1\" content=\"Est. reading time\" \/>\n\t<meta name=\"twitter:data1\" content=\"1 minutt\" \/>\n<script type=\"application\/ld+json\" class=\"yoast-schema-graph\">{\"@context\":\"https:\\\/\\\/schema.org\",\"@graph\":[{\"@type\":\"WebPage\",\"@id\":\"https:\\\/\\\/billigpakke.no\\\/blog\\\/hvor-mye-koster-det-a-sende-pakke-i-oppkrav\\\/\",\"url\":\"https:\\\/\\\/billigpakke.no\\\/blog\\\/hvor-mye-koster-det-a-sende-pakke-i-oppkrav\\\/\",\"name\":\"hvor mye koster det \u00e5 sende pakke i oppkrav? - BilligPakke.no\",\"isPartOf\":{\"@id\":\"https:\\\/\\\/billigpakke.no\\\/blog\\\/#website\"},\"datePublished\":\"2024-05-05T06:30:29+00:00\",\"dateModified\":\"2024-05-05T08:23:19+00:00\",\"description\":\"\u00c5 sende en pakke i oppkrav koster vanligvis litt mer enn vanlig frakt, da det er en ekstra tjeneste som tilbys av posttjenesten. Prisen avhenger av vekten og st\u00f8rrelsen p\u00e5 pakken, samt destinasjonen den skal sendes til.\",\"breadcrumb\":{\"@id\":\"https:\\\/\\\/billigpakke.no\\\/blog\\\/hvor-mye-koster-det-a-sende-pakke-i-oppkrav\\\/#breadcrumb\"},\"inLanguage\":\"nn-NO\",\"potentialAction\":[{\"@type\":\"ReadAction\",\"target\":[\"https:\\\/\\\/billigpakke.no\\\/blog\\\/hvor-mye-koster-det-a-sende-pakke-i-oppkrav\\\/\"]}]},{\"@type\":\"BreadcrumbList\",\"@id\":\"https:\\\/\\\/billigpakke.no\\\/blog\\\/hvor-mye-koster-det-a-sende-pakke-i-oppkrav\\\/#breadcrumb\",\"itemListElement\":[{\"@type\":\"ListItem\",\"position\":1,\"name\":\"Home\",\"item\":\"https:\\\/\\\/billigpakke.no\\\/blog\\\/\"},{\"@type\":\"ListItem\",\"position\":2,\"name\":\"hvor mye koster det \u00e5 sende pakke i oppkrav?\"}]},{\"@type\":\"WebSite\",\"@id\":\"https:\\\/\\\/billigpakke.no\\\/blog\\\/#website\",\"url\":\"https:\\\/\\\/billigpakke.no\\\/blog\\\/\",\"name\":\"BilligPakke.no\",\"description\":\"Billigpakke.no Blog\",\"publisher\":{\"@id\":\"https:\\\/\\\/billigpakke.no\\\/blog\\\/#organization\"},\"potentialAction\":[{\"@type\":\"SearchAction\",\"target\":{\"@type\":\"EntryPoint\",\"urlTemplate\":\"https:\\\/\\\/billigpakke.no\\\/blog\\\/?s={search_term_string}\"},\"query-input\":{\"@type\":\"PropertyValueSpecification\",\"valueRequired\":true,\"valueName\":\"search_term_string\"}}],\"inLanguage\":\"nn-NO\"},{\"@type\":\"Organization\",\"@id\":\"https:\\\/\\\/billigpakke.no\\\/blog\\\/#organization\",\"name\":\"BilligPakke.no\",\"url\":\"https:\\\/\\\/billigpakke.no\\\/blog\\\/\",\"logo\":{\"@type\":\"ImageObject\",\"inLanguage\":\"nn-NO\",\"@id\":\"https:\\\/\\\/billigpakke.no\\\/blog\\\/#\\\/schema\\\/logo\\\/image\\\/\",\"url\":\"https:\\\/\\\/billigpakke.no\\\/blog\\\/wp-content\\\/uploads\\\/2016\\\/10\\\/logo.png\",\"contentUrl\":\"https:\\\/\\\/billigpakke.no\\\/blog\\\/wp-content\\\/uploads\\\/2016\\\/10\\\/logo.png\",\"width\":185,\"height\":71,\"caption\":\"BilligPakke.no\"},\"image\":{\"@id\":\"https:\\\/\\\/billigpakke.no\\\/blog\\\/#\\\/schema\\\/logo\\\/image\\\/\"}}]}<\/script>\n<!-- \/ Yoast SEO plugin. -->","yoast_head_json":{"title":"hvor mye koster det \u00e5 sende pakke i oppkrav? - BilligPakke.no","description":"\u00c5 sende en pakke i oppkrav koster vanligvis litt mer enn vanlig frakt, da det er en ekstra tjeneste som tilbys av posttjenesten. Prisen avhenger av vekten og st\u00f8rrelsen p\u00e5 pakken, samt destinasjonen den skal sendes til.","robots":{"index":"index","follow":"follow","max-snippet":"max-snippet:-1","max-image-preview":"max-image-preview:large","max-video-preview":"max-video-preview:-1"},"canonical":"https:\/\/billigpakke.no\/blog\/hvor-mye-koster-det-a-sende-pakke-i-oppkrav\/","og_locale":"nn_NO","og_type":"article","og_title":"hvor mye koster det \u00e5 sende pakke i oppkrav? - BilligPakke.no","og_description":"\u00c5 sende en pakke i oppkrav koster vanligvis litt mer enn vanlig frakt, da det er en ekstra tjeneste som tilbys av posttjenesten. Prisen avhenger av vekten og st\u00f8rrelsen p\u00e5 pakken, samt destinasjonen den skal sendes til.","og_url":"https:\/\/billigpakke.no\/blog\/hvor-mye-koster-det-a-sende-pakke-i-oppkrav\/","og_site_name":"BilligPakke.no","article_modified_time":"2024-05-05T08:23:19+00:00","twitter_card":"summary_large_image","twitter_misc":{"Est. reading time":"1 minutt"},"schema":{"@context":"https:\/\/schema.org","@graph":[{"@type":"WebPage","@id":"https:\/\/billigpakke.no\/blog\/hvor-mye-koster-det-a-sende-pakke-i-oppkrav\/","url":"https:\/\/billigpakke.no\/blog\/hvor-mye-koster-det-a-sende-pakke-i-oppkrav\/","name":"hvor mye koster det \u00e5 sende pakke i oppkrav? - BilligPakke.no","isPartOf":{"@id":"https:\/\/billigpakke.no\/blog\/#website"},"datePublished":"2024-05-05T06:30:29+00:00","dateModified":"2024-05-05T08:23:19+00:00","description":"\u00c5 sende en pakke i oppkrav koster vanligvis litt mer enn vanlig frakt, da det er en ekstra tjeneste som tilbys av posttjenesten. Prisen avhenger av vekten og st\u00f8rrelsen p\u00e5 pakken, samt destinasjonen den skal sendes til.","breadcrumb":{"@id":"https:\/\/billigpakke.no\/blog\/hvor-mye-koster-det-a-sende-pakke-i-oppkrav\/#breadcrumb"},"inLanguage":"nn-NO","potentialAction":[{"@type":"ReadAction","target":["https:\/\/billigpakke.no\/blog\/hvor-mye-koster-det-a-sende-pakke-i-oppkrav\/"]}]},{"@type":"BreadcrumbList","@id":"https:\/\/billigpakke.no\/blog\/hvor-mye-koster-det-a-sende-pakke-i-oppkrav\/#breadcrumb","itemListElement":[{"@type":"ListItem","position":1,"name":"Home","item":"https:\/\/billigpakke.no\/blog\/"},{"@type":"ListItem","position":2,"name":"hvor mye koster det \u00e5 sende pakke i oppkrav?"}]},{"@type":"WebSite","@id":"https:\/\/billigpakke.no\/blog\/#website","url":"https:\/\/billigpakke.no\/blog\/","name":"BilligPakke.no","description":"Billigpakke.no Blog","publisher":{"@id":"https:\/\/billigpakke.no\/blog\/#organization"},"potentialAction":[{"@type":"SearchAction","target":{"@type":"EntryPoint","urlTemplate":"https:\/\/billigpakke.no\/blog\/?s={search_term_string}"},"query-input":{"@type":"PropertyValueSpecification","valueRequired":true,"valueName":"search_term_string"}}],"inLanguage":"nn-NO"},{"@type":"Organization","@id":"https:\/\/billigpakke.no\/blog\/#organization","name":"BilligPakke.no","url":"https:\/\/billigpakke.no\/blog\/","logo":{"@type":"ImageObject","inLanguage":"nn-NO","@id":"https:\/\/billigpakke.no\/blog\/#\/schema\/logo\/image\/","url":"https:\/\/billigpakke.no\/blog\/wp-content\/uploads\/2016\/10\/logo.png","contentUrl":"https:\/\/billigpakke.no\/blog\/wp-content\/uploads\/2016\/10\/logo.png","width":185,"height":71,"caption":"BilligPakke.no"},"image":{"@id":"https:\/\/billigpakke.no\/blog\/#\/schema\/logo\/image\/"}}]}},"_links":{"self":[{"href":"https:\/\/billigpakke.no\/blog\/wp-json\/wp\/v2\/pages\/942","targetHints":{"allow":["GET"]}}],"collection":[{"href":"https:\/\/billigpakke.no\/blog\/wp-json\/wp\/v2\/pages"}],"about":[{"href":"https:\/\/billigpakke.no\/blog\/wp-json\/wp\/v2\/types\/page"}],"author":[{"embeddable":true,"href":"https:\/\/billigpakke.no\/blog\/wp-json\/wp\/v2\/users\/3"}],"replies":[{"embeddable":true,"href":"https:\/\/billigpakke.no\/blog\/wp-json\/wp\/v2\/comments?post=942"}],"version-history":[{"count":2,"href":"https:\/\/billigpakke.no\/blog\/wp-json\/wp\/v2\/pages\/942\/revisions"}],"predecessor-version":[{"id":1587,"href":"https:\/\/billigpakke.no\/blog\/wp-json\/wp\/v2\/pages\/942\/revisions\/1587"}],"wp:attachment":[{"href":"https:\/\/billigpakke.no\/blog\/wp-json\/wp\/v2\/media?parent=942"}],"curies":[{"name":"wp","href":"https:\/\/api.w.org\/{rel}","templated":true}]}}