{"id":936,"date":"2024-05-05T09:23:19","date_gmt":"2024-05-05T06:30:28","guid":{"rendered":"https:\/\/billigpakke.no\/blog\/hva-koster-det-a-sende-en-pakke-i-postoppkrav\/"},"modified":"2024-05-05T09:23:19","modified_gmt":"2024-05-05T08:23:19","slug":"hva-koster-det-a-sende-en-pakke-i-postoppkrav","status":"publish","type":"page","link":"https:\/\/billigpakke.no\/blog\/hva-koster-det-a-sende-en-pakke-i-postoppkrav\/","title":{"rendered":"hva koster det \u00e5 sende en pakke i postoppkrav?"},"content":{"rendered":"\n<p class=\"has-text-align-center\">Det koster 165 kroner \u00e5 sende en pakke i postoppkrav med Posten. Dette inkluderer b\u00e5de frakt og gebyr for oppkravstjenesten.<\/p>\n\n\n\n<div class=\"wp-block-buttons is-content-justification-center is-layout-flex wp-container-core-buttons-is-layout-16018d1d wp-block-buttons-is-layout-flex\">\n<div class=\"wp-block-button is-style-outline is-style-outline--1\"><a class=\"wp-block-button__link has-dark-gray-color has-yellow-background-color has-text-color has-background has-link-color wp-element-button\" href=\"https:\/\/billigpakke.no\">send pakkene dine billig her<\/a><\/div>\n<\/div>\n\n\n\n<p><\/p>\n\n\n\n<p class=\"has-text-align-center\">1. Hva koster det \u00e5 sende en pakke i postoppkrav?<br \/>Svar: Prisen for \u00e5 sende en pakke i postoppkrav avhenger av vekten og st\u00f8rrelsen p\u00e5 pakken, samt destinasjonen den skal sendes til. Du kan beregne prisen ved \u00e5 bruke Posten sin fraktkalkulator p\u00e5 deres nettside.<br \/><br \/>2. Hvor lang tid tar det \u00e5 sende en pakke i postoppkrav?<br \/>Svar: Leveringstiden for en pakke sendt i postoppkrav vil variere avhengig av destinasjonen den skal sendes til. Vanligvis tar det 1-3 virkedager for pakken \u00e5 bli levert.<br \/><br \/>3. Hva er maksimal vekt og st\u00f8rrelse for en pakke sendt i postoppkrav?<br \/>Svar: Maksimal vekt og st\u00f8rrelse for en pakke sendt i postoppkrav vil variere avhengig av posttjenesten du bruker. Posten i Norge tillater for eksempel pakker med en maksimal vekt p\u00e5 35 kg og en maksimal lengde p\u00e5 120 cm. Det er imidlertid viktig \u00e5 sjekke de spesifikke retningslinjene for posttjenesten du velger \u00e5 bruke.<\/p>\n","protected":false},"excerpt":{"rendered":"<p>Det koster 165 kroner \u00e5 sende en pakke i postoppkrav med Posten. Dette inkluderer b\u00e5de frakt og gebyr for oppkravstjenesten. 1. Hva koster det \u00e5 sende en pakke i postoppkrav?Svar: Prisen for \u00e5 sende en pakke i postoppkrav avhenger av vekten og st\u00f8rrelsen p\u00e5 pakken, samt destinasjonen den skal sendes til. Du kan beregne prisen &hellip; <a href=\"https:\/\/billigpakke.no\/blog\/hva-koster-det-a-sende-en-pakke-i-postoppkrav\/\" class=\"more-link\">Hald fram med \u00e5 lese<span class=\"screen-reader-text\"> \u00abhva koster det \u00e5 sende en pakke i postoppkrav?\u00bb<\/span><\/a><\/p>\n","protected":false},"author":3,"featured_media":0,"parent":0,"menu_order":0,"comment_status":"closed","ping_status":"closed","template":"","meta":{"footnotes":""},"class_list":["post-936","page","type-page","status-publish","hentry"],"yoast_head":"<!-- This site is optimized with the Yoast SEO plugin v27.5 - https:\/\/yoast.com\/product\/yoast-seo-wordpress\/ -->\n<title>hva koster det \u00e5 sende en pakke i postoppkrav? - BilligPakke.no<\/title>\n<meta name=\"description\" content=\"\u00c5 sende en pakke i postoppkrav koster avhengig av vekt og st\u00f8rrelse. Prisen kan variere, men inkluderer et gebyr for oppkravstjenesten.\" \/>\n<meta name=\"robots\" content=\"index, follow, max-snippet:-1, max-image-preview:large, max-video-preview:-1\" \/>\n<link rel=\"canonical\" href=\"https:\/\/billigpakke.no\/blog\/hva-koster-det-a-sende-en-pakke-i-postoppkrav\/\" \/>\n<meta property=\"og:locale\" content=\"nn_NO\" \/>\n<meta property=\"og:type\" content=\"article\" \/>\n<meta property=\"og:title\" content=\"hva koster det \u00e5 sende en pakke i postoppkrav? - BilligPakke.no\" \/>\n<meta property=\"og:description\" content=\"\u00c5 sende en pakke i postoppkrav koster avhengig av vekt og st\u00f8rrelse. Prisen kan variere, men inkluderer et gebyr for oppkravstjenesten.\" \/>\n<meta property=\"og:url\" content=\"https:\/\/billigpakke.no\/blog\/hva-koster-det-a-sende-en-pakke-i-postoppkrav\/\" \/>\n<meta property=\"og:site_name\" content=\"BilligPakke.no\" \/>\n<meta property=\"article:modified_time\" content=\"2024-05-05T08:23:19+00:00\" \/>\n<meta name=\"twitter:card\" content=\"summary_large_image\" \/>\n<meta name=\"twitter:label1\" content=\"Est. reading time\" \/>\n\t<meta name=\"twitter:data1\" content=\"1 minutt\" \/>\n<script type=\"application\/ld+json\" class=\"yoast-schema-graph\">{\"@context\":\"https:\\\/\\\/schema.org\",\"@graph\":[{\"@type\":\"WebPage\",\"@id\":\"https:\\\/\\\/billigpakke.no\\\/blog\\\/hva-koster-det-a-sende-en-pakke-i-postoppkrav\\\/\",\"url\":\"https:\\\/\\\/billigpakke.no\\\/blog\\\/hva-koster-det-a-sende-en-pakke-i-postoppkrav\\\/\",\"name\":\"hva koster det \u00e5 sende en pakke i postoppkrav? - BilligPakke.no\",\"isPartOf\":{\"@id\":\"https:\\\/\\\/billigpakke.no\\\/blog\\\/#website\"},\"datePublished\":\"2024-05-05T06:30:28+00:00\",\"dateModified\":\"2024-05-05T08:23:19+00:00\",\"description\":\"\u00c5 sende en pakke i postoppkrav koster avhengig av vekt og st\u00f8rrelse. Prisen kan variere, men inkluderer et gebyr for oppkravstjenesten.\",\"breadcrumb\":{\"@id\":\"https:\\\/\\\/billigpakke.no\\\/blog\\\/hva-koster-det-a-sende-en-pakke-i-postoppkrav\\\/#breadcrumb\"},\"inLanguage\":\"nn-NO\",\"potentialAction\":[{\"@type\":\"ReadAction\",\"target\":[\"https:\\\/\\\/billigpakke.no\\\/blog\\\/hva-koster-det-a-sende-en-pakke-i-postoppkrav\\\/\"]}]},{\"@type\":\"BreadcrumbList\",\"@id\":\"https:\\\/\\\/billigpakke.no\\\/blog\\\/hva-koster-det-a-sende-en-pakke-i-postoppkrav\\\/#breadcrumb\",\"itemListElement\":[{\"@type\":\"ListItem\",\"position\":1,\"name\":\"Home\",\"item\":\"https:\\\/\\\/billigpakke.no\\\/blog\\\/\"},{\"@type\":\"ListItem\",\"position\":2,\"name\":\"hva koster det \u00e5 sende en pakke i postoppkrav?\"}]},{\"@type\":\"WebSite\",\"@id\":\"https:\\\/\\\/billigpakke.no\\\/blog\\\/#website\",\"url\":\"https:\\\/\\\/billigpakke.no\\\/blog\\\/\",\"name\":\"BilligPakke.no\",\"description\":\"Billigpakke.no Blog\",\"publisher\":{\"@id\":\"https:\\\/\\\/billigpakke.no\\\/blog\\\/#organization\"},\"potentialAction\":[{\"@type\":\"SearchAction\",\"target\":{\"@type\":\"EntryPoint\",\"urlTemplate\":\"https:\\\/\\\/billigpakke.no\\\/blog\\\/?s={search_term_string}\"},\"query-input\":{\"@type\":\"PropertyValueSpecification\",\"valueRequired\":true,\"valueName\":\"search_term_string\"}}],\"inLanguage\":\"nn-NO\"},{\"@type\":\"Organization\",\"@id\":\"https:\\\/\\\/billigpakke.no\\\/blog\\\/#organization\",\"name\":\"BilligPakke.no\",\"url\":\"https:\\\/\\\/billigpakke.no\\\/blog\\\/\",\"logo\":{\"@type\":\"ImageObject\",\"inLanguage\":\"nn-NO\",\"@id\":\"https:\\\/\\\/billigpakke.no\\\/blog\\\/#\\\/schema\\\/logo\\\/image\\\/\",\"url\":\"https:\\\/\\\/billigpakke.no\\\/blog\\\/wp-content\\\/uploads\\\/2016\\\/10\\\/logo.png\",\"contentUrl\":\"https:\\\/\\\/billigpakke.no\\\/blog\\\/wp-content\\\/uploads\\\/2016\\\/10\\\/logo.png\",\"width\":185,\"height\":71,\"caption\":\"BilligPakke.no\"},\"image\":{\"@id\":\"https:\\\/\\\/billigpakke.no\\\/blog\\\/#\\\/schema\\\/logo\\\/image\\\/\"}}]}<\/script>\n<!-- \/ Yoast SEO plugin. -->","yoast_head_json":{"title":"hva koster det \u00e5 sende en pakke i postoppkrav? - BilligPakke.no","description":"\u00c5 sende en pakke i postoppkrav koster avhengig av vekt og st\u00f8rrelse. Prisen kan variere, men inkluderer et gebyr for oppkravstjenesten.","robots":{"index":"index","follow":"follow","max-snippet":"max-snippet:-1","max-image-preview":"max-image-preview:large","max-video-preview":"max-video-preview:-1"},"canonical":"https:\/\/billigpakke.no\/blog\/hva-koster-det-a-sende-en-pakke-i-postoppkrav\/","og_locale":"nn_NO","og_type":"article","og_title":"hva koster det \u00e5 sende en pakke i postoppkrav? - BilligPakke.no","og_description":"\u00c5 sende en pakke i postoppkrav koster avhengig av vekt og st\u00f8rrelse. Prisen kan variere, men inkluderer et gebyr for oppkravstjenesten.","og_url":"https:\/\/billigpakke.no\/blog\/hva-koster-det-a-sende-en-pakke-i-postoppkrav\/","og_site_name":"BilligPakke.no","article_modified_time":"2024-05-05T08:23:19+00:00","twitter_card":"summary_large_image","twitter_misc":{"Est. reading time":"1 minutt"},"schema":{"@context":"https:\/\/schema.org","@graph":[{"@type":"WebPage","@id":"https:\/\/billigpakke.no\/blog\/hva-koster-det-a-sende-en-pakke-i-postoppkrav\/","url":"https:\/\/billigpakke.no\/blog\/hva-koster-det-a-sende-en-pakke-i-postoppkrav\/","name":"hva koster det \u00e5 sende en pakke i postoppkrav? - BilligPakke.no","isPartOf":{"@id":"https:\/\/billigpakke.no\/blog\/#website"},"datePublished":"2024-05-05T06:30:28+00:00","dateModified":"2024-05-05T08:23:19+00:00","description":"\u00c5 sende en pakke i postoppkrav koster avhengig av vekt og st\u00f8rrelse. Prisen kan variere, men inkluderer et gebyr for oppkravstjenesten.","breadcrumb":{"@id":"https:\/\/billigpakke.no\/blog\/hva-koster-det-a-sende-en-pakke-i-postoppkrav\/#breadcrumb"},"inLanguage":"nn-NO","potentialAction":[{"@type":"ReadAction","target":["https:\/\/billigpakke.no\/blog\/hva-koster-det-a-sende-en-pakke-i-postoppkrav\/"]}]},{"@type":"BreadcrumbList","@id":"https:\/\/billigpakke.no\/blog\/hva-koster-det-a-sende-en-pakke-i-postoppkrav\/#breadcrumb","itemListElement":[{"@type":"ListItem","position":1,"name":"Home","item":"https:\/\/billigpakke.no\/blog\/"},{"@type":"ListItem","position":2,"name":"hva koster det \u00e5 sende en pakke i postoppkrav?"}]},{"@type":"WebSite","@id":"https:\/\/billigpakke.no\/blog\/#website","url":"https:\/\/billigpakke.no\/blog\/","name":"BilligPakke.no","description":"Billigpakke.no Blog","publisher":{"@id":"https:\/\/billigpakke.no\/blog\/#organization"},"potentialAction":[{"@type":"SearchAction","target":{"@type":"EntryPoint","urlTemplate":"https:\/\/billigpakke.no\/blog\/?s={search_term_string}"},"query-input":{"@type":"PropertyValueSpecification","valueRequired":true,"valueName":"search_term_string"}}],"inLanguage":"nn-NO"},{"@type":"Organization","@id":"https:\/\/billigpakke.no\/blog\/#organization","name":"BilligPakke.no","url":"https:\/\/billigpakke.no\/blog\/","logo":{"@type":"ImageObject","inLanguage":"nn-NO","@id":"https:\/\/billigpakke.no\/blog\/#\/schema\/logo\/image\/","url":"https:\/\/billigpakke.no\/blog\/wp-content\/uploads\/2016\/10\/logo.png","contentUrl":"https:\/\/billigpakke.no\/blog\/wp-content\/uploads\/2016\/10\/logo.png","width":185,"height":71,"caption":"BilligPakke.no"},"image":{"@id":"https:\/\/billigpakke.no\/blog\/#\/schema\/logo\/image\/"}}]}},"_links":{"self":[{"href":"https:\/\/billigpakke.no\/blog\/wp-json\/wp\/v2\/pages\/936","targetHints":{"allow":["GET"]}}],"collection":[{"href":"https:\/\/billigpakke.no\/blog\/wp-json\/wp\/v2\/pages"}],"about":[{"href":"https:\/\/billigpakke.no\/blog\/wp-json\/wp\/v2\/types\/page"}],"author":[{"embeddable":true,"href":"https:\/\/billigpakke.no\/blog\/wp-json\/wp\/v2\/users\/3"}],"replies":[{"embeddable":true,"href":"https:\/\/billigpakke.no\/blog\/wp-json\/wp\/v2\/comments?post=936"}],"version-history":[{"count":2,"href":"https:\/\/billigpakke.no\/blog\/wp-json\/wp\/v2\/pages\/936\/revisions"}],"predecessor-version":[{"id":1581,"href":"https:\/\/billigpakke.no\/blog\/wp-json\/wp\/v2\/pages\/936\/revisions\/1581"}],"wp:attachment":[{"href":"https:\/\/billigpakke.no\/blog\/wp-json\/wp\/v2\/media?parent=936"}],"curies":[{"name":"wp","href":"https:\/\/api.w.org\/{rel}","templated":true}]}}