{"id":934,"date":"2024-05-05T09:23:19","date_gmt":"2024-05-05T06:30:28","guid":{"rendered":"https:\/\/billigpakke.no\/blog\/hvor-mye-koster-det-a-sende-pakke-til-utlandet\/"},"modified":"2024-05-05T09:23:19","modified_gmt":"2024-05-05T08:23:19","slug":"hvor-mye-koster-det-a-sende-pakke-til-utlandet","status":"publish","type":"page","link":"https:\/\/billigpakke.no\/blog\/hvor-mye-koster-det-a-sende-pakke-til-utlandet\/","title":{"rendered":"hvor mye koster det \u00e5 sende pakke til utlandet?"},"content":{"rendered":"\n<p class=\"has-text-align-center\">Det kommer an p\u00e5 vekten og st\u00f8rrelsen p\u00e5 pakken, samt destinasjonen den skal sendes til. Prisene varierer fra postkontor til postkontor, s\u00e5 det beste er \u00e5 ta kontakt med ditt lokale postkontor for \u00e5 f\u00e5 en n\u00f8yaktig pris. Du kan ogs\u00e5 sjekke priser p\u00e5 nettsidene til posten eller andre fraktselskaper.<\/p>\n\n\n\n<div class=\"wp-block-buttons is-content-justification-center is-layout-flex wp-container-core-buttons-is-layout-16018d1d wp-block-buttons-is-layout-flex\">\n<div class=\"wp-block-button is-style-outline is-style-outline--1\"><a class=\"wp-block-button__link has-dark-gray-color has-yellow-background-color has-text-color has-background has-link-color wp-element-button\" href=\"https:\/\/billigpakke.no\">send pakkene dine billig her<\/a><\/div>\n<\/div>\n\n\n\n<p><\/p>\n\n\n\n<p class=\"has-text-align-center\">1. Hvor mye koster det \u00e5 sende en pakke til utlandet fra Norge?<br \/>Svar: Prisen for \u00e5 sende en pakke til utlandet fra Norge avhenger av vekten, st\u00f8rrelsen og destinasjonen. Du kan sjekke priser og sende pakken via posten eller en annen frakttjeneste.<br \/><br \/>2. Hvilke frakttjenester tilbyr rimelige priser for \u00e5 sende pakker til utlandet fra Norge?<br \/>Svar: Noen av de vanlige frakttjenestene som tilbyr rimelige priser for \u00e5 sende pakker til utlandet fra Norge inkluderer Posten, DHL, UPS, FedEx og andre internasjonale frakttjenester.<br \/><br \/>3. Hva er de vanlige leveringstidene for \u00e5 sende en pakke til utlandet fra Norge?<br \/>Svar: Leveringstidene for \u00e5 sende en pakke til utlandet fra Norge varierer avhengig av destinasjonen og frakttjenesten du velger. Vanligvis kan det ta alt fra noen dager til flere uker for pakken \u00e5 bli levert, avhengig av destinasjonen.<\/p>\n","protected":false},"excerpt":{"rendered":"<p>Det kommer an p\u00e5 vekten og st\u00f8rrelsen p\u00e5 pakken, samt destinasjonen den skal sendes til. Prisene varierer fra postkontor til postkontor, s\u00e5 det beste er \u00e5 ta kontakt med ditt lokale postkontor for \u00e5 f\u00e5 en n\u00f8yaktig pris. Du kan ogs\u00e5 sjekke priser p\u00e5 nettsidene til posten eller andre fraktselskaper. 1. Hvor mye koster det &hellip; <a href=\"https:\/\/billigpakke.no\/blog\/hvor-mye-koster-det-a-sende-pakke-til-utlandet\/\" class=\"more-link\">Hald fram med \u00e5 lese<span class=\"screen-reader-text\"> \u00abhvor mye koster det \u00e5 sende pakke til utlandet?\u00bb<\/span><\/a><\/p>\n","protected":false},"author":3,"featured_media":0,"parent":0,"menu_order":0,"comment_status":"closed","ping_status":"closed","template":"","meta":{"footnotes":""},"class_list":["post-934","page","type-page","status-publish","hentry"],"yoast_head":"<!-- This site is optimized with the Yoast SEO plugin v27.4 - https:\/\/yoast.com\/product\/yoast-seo-wordpress\/ -->\n<title>hvor mye koster det \u00e5 sende pakke til utlandet? - BilligPakke.no<\/title>\n<meta name=\"description\" content=\"Det \u00e5 sende pakke til utlandet kan variere i pris avhengig av vekt, st\u00f8rrelse og destinasjon. Det kan v\u00e6re lurt \u00e5 sjekke med ulike fraktselskaper for \u00e5 finne den beste prisen.\" \/>\n<meta name=\"robots\" content=\"index, follow, max-snippet:-1, max-image-preview:large, max-video-preview:-1\" \/>\n<link rel=\"canonical\" href=\"https:\/\/billigpakke.no\/blog\/hvor-mye-koster-det-a-sende-pakke-til-utlandet\/\" \/>\n<meta property=\"og:locale\" content=\"nn_NO\" \/>\n<meta property=\"og:type\" content=\"article\" \/>\n<meta property=\"og:title\" content=\"hvor mye koster det \u00e5 sende pakke til utlandet? - BilligPakke.no\" \/>\n<meta property=\"og:description\" content=\"Det \u00e5 sende pakke til utlandet kan variere i pris avhengig av vekt, st\u00f8rrelse og destinasjon. Det kan v\u00e6re lurt \u00e5 sjekke med ulike fraktselskaper for \u00e5 finne den beste prisen.\" \/>\n<meta property=\"og:url\" content=\"https:\/\/billigpakke.no\/blog\/hvor-mye-koster-det-a-sende-pakke-til-utlandet\/\" \/>\n<meta property=\"og:site_name\" content=\"BilligPakke.no\" \/>\n<meta property=\"article:modified_time\" content=\"2024-05-05T08:23:19+00:00\" \/>\n<meta name=\"twitter:card\" content=\"summary_large_image\" \/>\n<meta name=\"twitter:label1\" content=\"Est. reading time\" \/>\n\t<meta name=\"twitter:data1\" content=\"1 minutt\" \/>\n<script type=\"application\/ld+json\" class=\"yoast-schema-graph\">{\"@context\":\"https:\\\/\\\/schema.org\",\"@graph\":[{\"@type\":\"WebPage\",\"@id\":\"https:\\\/\\\/billigpakke.no\\\/blog\\\/hvor-mye-koster-det-a-sende-pakke-til-utlandet\\\/\",\"url\":\"https:\\\/\\\/billigpakke.no\\\/blog\\\/hvor-mye-koster-det-a-sende-pakke-til-utlandet\\\/\",\"name\":\"hvor mye koster det \u00e5 sende pakke til utlandet? - BilligPakke.no\",\"isPartOf\":{\"@id\":\"https:\\\/\\\/billigpakke.no\\\/blog\\\/#website\"},\"datePublished\":\"2024-05-05T06:30:28+00:00\",\"dateModified\":\"2024-05-05T08:23:19+00:00\",\"description\":\"Det \u00e5 sende pakke til utlandet kan variere i pris avhengig av vekt, st\u00f8rrelse og destinasjon. Det kan v\u00e6re lurt \u00e5 sjekke med ulike fraktselskaper for \u00e5 finne den beste prisen.\",\"breadcrumb\":{\"@id\":\"https:\\\/\\\/billigpakke.no\\\/blog\\\/hvor-mye-koster-det-a-sende-pakke-til-utlandet\\\/#breadcrumb\"},\"inLanguage\":\"nn-NO\",\"potentialAction\":[{\"@type\":\"ReadAction\",\"target\":[\"https:\\\/\\\/billigpakke.no\\\/blog\\\/hvor-mye-koster-det-a-sende-pakke-til-utlandet\\\/\"]}]},{\"@type\":\"BreadcrumbList\",\"@id\":\"https:\\\/\\\/billigpakke.no\\\/blog\\\/hvor-mye-koster-det-a-sende-pakke-til-utlandet\\\/#breadcrumb\",\"itemListElement\":[{\"@type\":\"ListItem\",\"position\":1,\"name\":\"Home\",\"item\":\"https:\\\/\\\/billigpakke.no\\\/blog\\\/\"},{\"@type\":\"ListItem\",\"position\":2,\"name\":\"hvor mye koster det \u00e5 sende pakke til utlandet?\"}]},{\"@type\":\"WebSite\",\"@id\":\"https:\\\/\\\/billigpakke.no\\\/blog\\\/#website\",\"url\":\"https:\\\/\\\/billigpakke.no\\\/blog\\\/\",\"name\":\"BilligPakke.no\",\"description\":\"Billigpakke.no Blog\",\"publisher\":{\"@id\":\"https:\\\/\\\/billigpakke.no\\\/blog\\\/#organization\"},\"potentialAction\":[{\"@type\":\"SearchAction\",\"target\":{\"@type\":\"EntryPoint\",\"urlTemplate\":\"https:\\\/\\\/billigpakke.no\\\/blog\\\/?s={search_term_string}\"},\"query-input\":{\"@type\":\"PropertyValueSpecification\",\"valueRequired\":true,\"valueName\":\"search_term_string\"}}],\"inLanguage\":\"nn-NO\"},{\"@type\":\"Organization\",\"@id\":\"https:\\\/\\\/billigpakke.no\\\/blog\\\/#organization\",\"name\":\"BilligPakke.no\",\"url\":\"https:\\\/\\\/billigpakke.no\\\/blog\\\/\",\"logo\":{\"@type\":\"ImageObject\",\"inLanguage\":\"nn-NO\",\"@id\":\"https:\\\/\\\/billigpakke.no\\\/blog\\\/#\\\/schema\\\/logo\\\/image\\\/\",\"url\":\"https:\\\/\\\/billigpakke.no\\\/blog\\\/wp-content\\\/uploads\\\/2016\\\/10\\\/logo.png\",\"contentUrl\":\"https:\\\/\\\/billigpakke.no\\\/blog\\\/wp-content\\\/uploads\\\/2016\\\/10\\\/logo.png\",\"width\":185,\"height\":71,\"caption\":\"BilligPakke.no\"},\"image\":{\"@id\":\"https:\\\/\\\/billigpakke.no\\\/blog\\\/#\\\/schema\\\/logo\\\/image\\\/\"}}]}<\/script>\n<!-- \/ Yoast SEO plugin. -->","yoast_head_json":{"title":"hvor mye koster det \u00e5 sende pakke til utlandet? - BilligPakke.no","description":"Det \u00e5 sende pakke til utlandet kan variere i pris avhengig av vekt, st\u00f8rrelse og destinasjon. Det kan v\u00e6re lurt \u00e5 sjekke med ulike fraktselskaper for \u00e5 finne den beste prisen.","robots":{"index":"index","follow":"follow","max-snippet":"max-snippet:-1","max-image-preview":"max-image-preview:large","max-video-preview":"max-video-preview:-1"},"canonical":"https:\/\/billigpakke.no\/blog\/hvor-mye-koster-det-a-sende-pakke-til-utlandet\/","og_locale":"nn_NO","og_type":"article","og_title":"hvor mye koster det \u00e5 sende pakke til utlandet? - BilligPakke.no","og_description":"Det \u00e5 sende pakke til utlandet kan variere i pris avhengig av vekt, st\u00f8rrelse og destinasjon. Det kan v\u00e6re lurt \u00e5 sjekke med ulike fraktselskaper for \u00e5 finne den beste prisen.","og_url":"https:\/\/billigpakke.no\/blog\/hvor-mye-koster-det-a-sende-pakke-til-utlandet\/","og_site_name":"BilligPakke.no","article_modified_time":"2024-05-05T08:23:19+00:00","twitter_card":"summary_large_image","twitter_misc":{"Est. reading time":"1 minutt"},"schema":{"@context":"https:\/\/schema.org","@graph":[{"@type":"WebPage","@id":"https:\/\/billigpakke.no\/blog\/hvor-mye-koster-det-a-sende-pakke-til-utlandet\/","url":"https:\/\/billigpakke.no\/blog\/hvor-mye-koster-det-a-sende-pakke-til-utlandet\/","name":"hvor mye koster det \u00e5 sende pakke til utlandet? - BilligPakke.no","isPartOf":{"@id":"https:\/\/billigpakke.no\/blog\/#website"},"datePublished":"2024-05-05T06:30:28+00:00","dateModified":"2024-05-05T08:23:19+00:00","description":"Det \u00e5 sende pakke til utlandet kan variere i pris avhengig av vekt, st\u00f8rrelse og destinasjon. Det kan v\u00e6re lurt \u00e5 sjekke med ulike fraktselskaper for \u00e5 finne den beste prisen.","breadcrumb":{"@id":"https:\/\/billigpakke.no\/blog\/hvor-mye-koster-det-a-sende-pakke-til-utlandet\/#breadcrumb"},"inLanguage":"nn-NO","potentialAction":[{"@type":"ReadAction","target":["https:\/\/billigpakke.no\/blog\/hvor-mye-koster-det-a-sende-pakke-til-utlandet\/"]}]},{"@type":"BreadcrumbList","@id":"https:\/\/billigpakke.no\/blog\/hvor-mye-koster-det-a-sende-pakke-til-utlandet\/#breadcrumb","itemListElement":[{"@type":"ListItem","position":1,"name":"Home","item":"https:\/\/billigpakke.no\/blog\/"},{"@type":"ListItem","position":2,"name":"hvor mye koster det \u00e5 sende pakke til utlandet?"}]},{"@type":"WebSite","@id":"https:\/\/billigpakke.no\/blog\/#website","url":"https:\/\/billigpakke.no\/blog\/","name":"BilligPakke.no","description":"Billigpakke.no Blog","publisher":{"@id":"https:\/\/billigpakke.no\/blog\/#organization"},"potentialAction":[{"@type":"SearchAction","target":{"@type":"EntryPoint","urlTemplate":"https:\/\/billigpakke.no\/blog\/?s={search_term_string}"},"query-input":{"@type":"PropertyValueSpecification","valueRequired":true,"valueName":"search_term_string"}}],"inLanguage":"nn-NO"},{"@type":"Organization","@id":"https:\/\/billigpakke.no\/blog\/#organization","name":"BilligPakke.no","url":"https:\/\/billigpakke.no\/blog\/","logo":{"@type":"ImageObject","inLanguage":"nn-NO","@id":"https:\/\/billigpakke.no\/blog\/#\/schema\/logo\/image\/","url":"https:\/\/billigpakke.no\/blog\/wp-content\/uploads\/2016\/10\/logo.png","contentUrl":"https:\/\/billigpakke.no\/blog\/wp-content\/uploads\/2016\/10\/logo.png","width":185,"height":71,"caption":"BilligPakke.no"},"image":{"@id":"https:\/\/billigpakke.no\/blog\/#\/schema\/logo\/image\/"}}]}},"_links":{"self":[{"href":"https:\/\/billigpakke.no\/blog\/wp-json\/wp\/v2\/pages\/934","targetHints":{"allow":["GET"]}}],"collection":[{"href":"https:\/\/billigpakke.no\/blog\/wp-json\/wp\/v2\/pages"}],"about":[{"href":"https:\/\/billigpakke.no\/blog\/wp-json\/wp\/v2\/types\/page"}],"author":[{"embeddable":true,"href":"https:\/\/billigpakke.no\/blog\/wp-json\/wp\/v2\/users\/3"}],"replies":[{"embeddable":true,"href":"https:\/\/billigpakke.no\/blog\/wp-json\/wp\/v2\/comments?post=934"}],"version-history":[{"count":2,"href":"https:\/\/billigpakke.no\/blog\/wp-json\/wp\/v2\/pages\/934\/revisions"}],"predecessor-version":[{"id":1579,"href":"https:\/\/billigpakke.no\/blog\/wp-json\/wp\/v2\/pages\/934\/revisions\/1579"}],"wp:attachment":[{"href":"https:\/\/billigpakke.no\/blog\/wp-json\/wp\/v2\/media?parent=934"}],"curies":[{"name":"wp","href":"https:\/\/api.w.org\/{rel}","templated":true}]}}