{"id":921,"date":"2024-05-05T09:23:18","date_gmt":"2024-05-05T06:30:28","guid":{"rendered":"https:\/\/billigpakke.no\/blog\/hva-koster-det-a-sende-pakke-med-postoppkrav\/"},"modified":"2024-05-05T09:23:18","modified_gmt":"2024-05-05T08:23:18","slug":"hva-koster-det-a-sende-pakke-med-postoppkrav","status":"publish","type":"page","link":"https:\/\/billigpakke.no\/blog\/hva-koster-det-a-sende-pakke-med-postoppkrav\/","title":{"rendered":"hva koster det \u00e5 sende pakke med postoppkrav?"},"content":{"rendered":"\n<p class=\"has-text-align-center\">Det koster 199 kr \u00e5 sende en pakke med postoppkrav hos Posten. Dette bel\u00f8pet inkluderer gebyr for oppkravstjenesten. Det kan ogs\u00e5 p\u00e5l\u00f8pe ekstra kostnader avhengig av vekten og st\u00f8rrelsen p\u00e5 pakken. Det er viktig \u00e5 sjekke Postens nettside for n\u00f8yaktige priser og betingelser f\u00f8r du sender en pakke med postoppkrav.<\/p>\n\n\n\n<div class=\"wp-block-buttons is-content-justification-center is-layout-flex wp-container-core-buttons-is-layout-16018d1d wp-block-buttons-is-layout-flex\">\n<div class=\"wp-block-button is-style-outline is-style-outline--1\"><a class=\"wp-block-button__link has-dark-gray-color has-yellow-background-color has-text-color has-background has-link-color wp-element-button\" href=\"https:\/\/billigpakke.no\">send pakkene dine billig her<\/a><\/div>\n<\/div>\n\n\n\n<p><\/p>\n\n\n\n<p class=\"has-text-align-center\">1. Hva koster det \u00e5 sende en pakke med postoppkrav i Norge?<br \/>Svar: Prisen for \u00e5 sende en pakke med postoppkrav varierer avhengig av vekten og st\u00f8rrelsen p\u00e5 pakken. Du kan sjekke prisen p\u00e5 Posten sin nettside eller ved \u00e5 kontakte dem direkte.<br \/><br \/>2. Hvilke kostnader er involvert i \u00e5 sende en pakke med postoppkrav?<br \/>Svar: I tillegg til portoen for \u00e5 sende pakken, vil det v\u00e6re en ekstra kostnad for postoppkravstjenesten. Denne kostnaden avhenger ogs\u00e5 av verdien p\u00e5 pakken.<br \/><br \/>3. Hva er den maksimale verdien av en pakke som kan sendes med postoppkrav i Norge?<br \/>Svar: Den maksimale verdien av en pakke som kan sendes med postoppkrav i Norge er 50 000 kroner. Dette betyr at mottakeren kan betale for pakken ved levering, og posten vil deretter overf\u00f8re bel\u00f8pet til avsenderen.<\/p>\n","protected":false},"excerpt":{"rendered":"<p>Det koster 199 kr \u00e5 sende en pakke med postoppkrav hos Posten. Dette bel\u00f8pet inkluderer gebyr for oppkravstjenesten. Det kan ogs\u00e5 p\u00e5l\u00f8pe ekstra kostnader avhengig av vekten og st\u00f8rrelsen p\u00e5 pakken. Det er viktig \u00e5 sjekke Postens nettside for n\u00f8yaktige priser og betingelser f\u00f8r du sender en pakke med postoppkrav. 1. Hva koster det \u00e5 &hellip; <a href=\"https:\/\/billigpakke.no\/blog\/hva-koster-det-a-sende-pakke-med-postoppkrav\/\" class=\"more-link\">Hald fram med \u00e5 lese<span class=\"screen-reader-text\"> \u00abhva koster det \u00e5 sende pakke med postoppkrav?\u00bb<\/span><\/a><\/p>\n","protected":false},"author":3,"featured_media":0,"parent":0,"menu_order":0,"comment_status":"closed","ping_status":"closed","template":"","meta":{"footnotes":""},"class_list":["post-921","page","type-page","status-publish","hentry"],"yoast_head":"<!-- This site is optimized with the Yoast SEO plugin v27.4 - https:\/\/yoast.com\/product\/yoast-seo-wordpress\/ -->\n<title>hva koster det \u00e5 sende pakke med postoppkrav? - BilligPakke.no<\/title>\n<meta name=\"description\" content=\"Det koster vanligvis et gebyr p\u00e5 rundt 60-100 kroner i tillegg til fraktkostnadene \u00e5 sende en pakke med postoppkrav. Gebyret varierer avhengig av vekten og verdien p\u00e5 pakken.\" \/>\n<meta name=\"robots\" content=\"index, follow, max-snippet:-1, max-image-preview:large, max-video-preview:-1\" \/>\n<link rel=\"canonical\" href=\"https:\/\/billigpakke.no\/blog\/hva-koster-det-a-sende-pakke-med-postoppkrav\/\" \/>\n<meta property=\"og:locale\" content=\"nn_NO\" \/>\n<meta property=\"og:type\" content=\"article\" \/>\n<meta property=\"og:title\" content=\"hva koster det \u00e5 sende pakke med postoppkrav? - BilligPakke.no\" \/>\n<meta property=\"og:description\" content=\"Det koster vanligvis et gebyr p\u00e5 rundt 60-100 kroner i tillegg til fraktkostnadene \u00e5 sende en pakke med postoppkrav. Gebyret varierer avhengig av vekten og verdien p\u00e5 pakken.\" \/>\n<meta property=\"og:url\" content=\"https:\/\/billigpakke.no\/blog\/hva-koster-det-a-sende-pakke-med-postoppkrav\/\" \/>\n<meta property=\"og:site_name\" content=\"BilligPakke.no\" \/>\n<meta property=\"article:modified_time\" content=\"2024-05-05T08:23:18+00:00\" \/>\n<meta name=\"twitter:card\" content=\"summary_large_image\" \/>\n<meta name=\"twitter:label1\" content=\"Est. reading time\" \/>\n\t<meta name=\"twitter:data1\" content=\"1 minutt\" \/>\n<script type=\"application\/ld+json\" class=\"yoast-schema-graph\">{\"@context\":\"https:\\\/\\\/schema.org\",\"@graph\":[{\"@type\":\"WebPage\",\"@id\":\"https:\\\/\\\/billigpakke.no\\\/blog\\\/hva-koster-det-a-sende-pakke-med-postoppkrav\\\/\",\"url\":\"https:\\\/\\\/billigpakke.no\\\/blog\\\/hva-koster-det-a-sende-pakke-med-postoppkrav\\\/\",\"name\":\"hva koster det \u00e5 sende pakke med postoppkrav? - BilligPakke.no\",\"isPartOf\":{\"@id\":\"https:\\\/\\\/billigpakke.no\\\/blog\\\/#website\"},\"datePublished\":\"2024-05-05T06:30:28+00:00\",\"dateModified\":\"2024-05-05T08:23:18+00:00\",\"description\":\"Det koster vanligvis et gebyr p\u00e5 rundt 60-100 kroner i tillegg til fraktkostnadene \u00e5 sende en pakke med postoppkrav. Gebyret varierer avhengig av vekten og verdien p\u00e5 pakken.\",\"breadcrumb\":{\"@id\":\"https:\\\/\\\/billigpakke.no\\\/blog\\\/hva-koster-det-a-sende-pakke-med-postoppkrav\\\/#breadcrumb\"},\"inLanguage\":\"nn-NO\",\"potentialAction\":[{\"@type\":\"ReadAction\",\"target\":[\"https:\\\/\\\/billigpakke.no\\\/blog\\\/hva-koster-det-a-sende-pakke-med-postoppkrav\\\/\"]}]},{\"@type\":\"BreadcrumbList\",\"@id\":\"https:\\\/\\\/billigpakke.no\\\/blog\\\/hva-koster-det-a-sende-pakke-med-postoppkrav\\\/#breadcrumb\",\"itemListElement\":[{\"@type\":\"ListItem\",\"position\":1,\"name\":\"Home\",\"item\":\"https:\\\/\\\/billigpakke.no\\\/blog\\\/\"},{\"@type\":\"ListItem\",\"position\":2,\"name\":\"hva koster det \u00e5 sende pakke med postoppkrav?\"}]},{\"@type\":\"WebSite\",\"@id\":\"https:\\\/\\\/billigpakke.no\\\/blog\\\/#website\",\"url\":\"https:\\\/\\\/billigpakke.no\\\/blog\\\/\",\"name\":\"BilligPakke.no\",\"description\":\"Billigpakke.no Blog\",\"publisher\":{\"@id\":\"https:\\\/\\\/billigpakke.no\\\/blog\\\/#organization\"},\"potentialAction\":[{\"@type\":\"SearchAction\",\"target\":{\"@type\":\"EntryPoint\",\"urlTemplate\":\"https:\\\/\\\/billigpakke.no\\\/blog\\\/?s={search_term_string}\"},\"query-input\":{\"@type\":\"PropertyValueSpecification\",\"valueRequired\":true,\"valueName\":\"search_term_string\"}}],\"inLanguage\":\"nn-NO\"},{\"@type\":\"Organization\",\"@id\":\"https:\\\/\\\/billigpakke.no\\\/blog\\\/#organization\",\"name\":\"BilligPakke.no\",\"url\":\"https:\\\/\\\/billigpakke.no\\\/blog\\\/\",\"logo\":{\"@type\":\"ImageObject\",\"inLanguage\":\"nn-NO\",\"@id\":\"https:\\\/\\\/billigpakke.no\\\/blog\\\/#\\\/schema\\\/logo\\\/image\\\/\",\"url\":\"https:\\\/\\\/billigpakke.no\\\/blog\\\/wp-content\\\/uploads\\\/2016\\\/10\\\/logo.png\",\"contentUrl\":\"https:\\\/\\\/billigpakke.no\\\/blog\\\/wp-content\\\/uploads\\\/2016\\\/10\\\/logo.png\",\"width\":185,\"height\":71,\"caption\":\"BilligPakke.no\"},\"image\":{\"@id\":\"https:\\\/\\\/billigpakke.no\\\/blog\\\/#\\\/schema\\\/logo\\\/image\\\/\"}}]}<\/script>\n<!-- \/ Yoast SEO plugin. -->","yoast_head_json":{"title":"hva koster det \u00e5 sende pakke med postoppkrav? - BilligPakke.no","description":"Det koster vanligvis et gebyr p\u00e5 rundt 60-100 kroner i tillegg til fraktkostnadene \u00e5 sende en pakke med postoppkrav. Gebyret varierer avhengig av vekten og verdien p\u00e5 pakken.","robots":{"index":"index","follow":"follow","max-snippet":"max-snippet:-1","max-image-preview":"max-image-preview:large","max-video-preview":"max-video-preview:-1"},"canonical":"https:\/\/billigpakke.no\/blog\/hva-koster-det-a-sende-pakke-med-postoppkrav\/","og_locale":"nn_NO","og_type":"article","og_title":"hva koster det \u00e5 sende pakke med postoppkrav? - BilligPakke.no","og_description":"Det koster vanligvis et gebyr p\u00e5 rundt 60-100 kroner i tillegg til fraktkostnadene \u00e5 sende en pakke med postoppkrav. Gebyret varierer avhengig av vekten og verdien p\u00e5 pakken.","og_url":"https:\/\/billigpakke.no\/blog\/hva-koster-det-a-sende-pakke-med-postoppkrav\/","og_site_name":"BilligPakke.no","article_modified_time":"2024-05-05T08:23:18+00:00","twitter_card":"summary_large_image","twitter_misc":{"Est. reading time":"1 minutt"},"schema":{"@context":"https:\/\/schema.org","@graph":[{"@type":"WebPage","@id":"https:\/\/billigpakke.no\/blog\/hva-koster-det-a-sende-pakke-med-postoppkrav\/","url":"https:\/\/billigpakke.no\/blog\/hva-koster-det-a-sende-pakke-med-postoppkrav\/","name":"hva koster det \u00e5 sende pakke med postoppkrav? - BilligPakke.no","isPartOf":{"@id":"https:\/\/billigpakke.no\/blog\/#website"},"datePublished":"2024-05-05T06:30:28+00:00","dateModified":"2024-05-05T08:23:18+00:00","description":"Det koster vanligvis et gebyr p\u00e5 rundt 60-100 kroner i tillegg til fraktkostnadene \u00e5 sende en pakke med postoppkrav. Gebyret varierer avhengig av vekten og verdien p\u00e5 pakken.","breadcrumb":{"@id":"https:\/\/billigpakke.no\/blog\/hva-koster-det-a-sende-pakke-med-postoppkrav\/#breadcrumb"},"inLanguage":"nn-NO","potentialAction":[{"@type":"ReadAction","target":["https:\/\/billigpakke.no\/blog\/hva-koster-det-a-sende-pakke-med-postoppkrav\/"]}]},{"@type":"BreadcrumbList","@id":"https:\/\/billigpakke.no\/blog\/hva-koster-det-a-sende-pakke-med-postoppkrav\/#breadcrumb","itemListElement":[{"@type":"ListItem","position":1,"name":"Home","item":"https:\/\/billigpakke.no\/blog\/"},{"@type":"ListItem","position":2,"name":"hva koster det \u00e5 sende pakke med postoppkrav?"}]},{"@type":"WebSite","@id":"https:\/\/billigpakke.no\/blog\/#website","url":"https:\/\/billigpakke.no\/blog\/","name":"BilligPakke.no","description":"Billigpakke.no Blog","publisher":{"@id":"https:\/\/billigpakke.no\/blog\/#organization"},"potentialAction":[{"@type":"SearchAction","target":{"@type":"EntryPoint","urlTemplate":"https:\/\/billigpakke.no\/blog\/?s={search_term_string}"},"query-input":{"@type":"PropertyValueSpecification","valueRequired":true,"valueName":"search_term_string"}}],"inLanguage":"nn-NO"},{"@type":"Organization","@id":"https:\/\/billigpakke.no\/blog\/#organization","name":"BilligPakke.no","url":"https:\/\/billigpakke.no\/blog\/","logo":{"@type":"ImageObject","inLanguage":"nn-NO","@id":"https:\/\/billigpakke.no\/blog\/#\/schema\/logo\/image\/","url":"https:\/\/billigpakke.no\/blog\/wp-content\/uploads\/2016\/10\/logo.png","contentUrl":"https:\/\/billigpakke.no\/blog\/wp-content\/uploads\/2016\/10\/logo.png","width":185,"height":71,"caption":"BilligPakke.no"},"image":{"@id":"https:\/\/billigpakke.no\/blog\/#\/schema\/logo\/image\/"}}]}},"_links":{"self":[{"href":"https:\/\/billigpakke.no\/blog\/wp-json\/wp\/v2\/pages\/921","targetHints":{"allow":["GET"]}}],"collection":[{"href":"https:\/\/billigpakke.no\/blog\/wp-json\/wp\/v2\/pages"}],"about":[{"href":"https:\/\/billigpakke.no\/blog\/wp-json\/wp\/v2\/types\/page"}],"author":[{"embeddable":true,"href":"https:\/\/billigpakke.no\/blog\/wp-json\/wp\/v2\/users\/3"}],"replies":[{"embeddable":true,"href":"https:\/\/billigpakke.no\/blog\/wp-json\/wp\/v2\/comments?post=921"}],"version-history":[{"count":2,"href":"https:\/\/billigpakke.no\/blog\/wp-json\/wp\/v2\/pages\/921\/revisions"}],"predecessor-version":[{"id":1566,"href":"https:\/\/billigpakke.no\/blog\/wp-json\/wp\/v2\/pages\/921\/revisions\/1566"}],"wp:attachment":[{"href":"https:\/\/billigpakke.no\/blog\/wp-json\/wp\/v2\/media?parent=921"}],"curies":[{"name":"wp","href":"https:\/\/api.w.org\/{rel}","templated":true}]}}