{"id":912,"date":"2024-05-05T09:23:17","date_gmt":"2024-05-05T06:30:27","guid":{"rendered":"https:\/\/billigpakke.no\/blog\/hva-koster-det-at-sende-pakke-til-polen\/"},"modified":"2024-05-05T09:23:17","modified_gmt":"2024-05-05T08:23:17","slug":"hva-koster-det-at-sende-pakke-til-polen","status":"publish","type":"page","link":"https:\/\/billigpakke.no\/blog\/hva-koster-det-at-sende-pakke-til-polen\/","title":{"rendered":"hva koster det at sende pakke til polen?"},"content":{"rendered":"\n<p class=\"has-text-align-center\">Det koster vanligvis mellom 300 og 600 kroner \u00e5 sende en pakke til Polen, avhengig av vekten og st\u00f8rrelsen p\u00e5 pakken. Prisene kan variere avhengig av hvilket fraktselskap du velger \u00e5 bruke. Det kan v\u00e6re lurt \u00e5 sammenligne priser fra ulike selskaper for \u00e5 finne den beste avtalen.<\/p>\n\n\n\n<div class=\"wp-block-buttons is-content-justification-center is-layout-flex wp-container-core-buttons-is-layout-16018d1d wp-block-buttons-is-layout-flex\">\n<div class=\"wp-block-button is-style-outline is-style-outline--1\"><a class=\"wp-block-button__link has-dark-gray-color has-yellow-background-color has-text-color has-background has-link-color wp-element-button\" href=\"https:\/\/billigpakke.no\">send pakkene dine billig her<\/a><\/div>\n<\/div>\n\n\n\n<p><\/p>\n\n\n\n<p class=\"has-text-align-center\">1. Hva koster det \u00e5 sende en pakke til Polen fra Norge?<br \/>Svar: Prisen for \u00e5 sende en pakke til Polen avhenger av vekten og st\u00f8rrelsen p\u00e5 pakken, samt hvilken leverand\u00f8r du velger. Posten Norge og andre private leverand\u00f8rer tilbyr ulike priser og tjenester for internasjonal frakt.<br \/><br \/>2. Hvilke leverand\u00f8rer tilbyr rimelig frakt til Polen fra Norge?<br \/>Svar: Posten Norge, DHL, UPS, FedEx og andre private leverand\u00f8rer tilbyr internasjonal frakt til Polen. Prisene og tjenestene varierer, s\u00e5 det kan v\u00e6re lurt \u00e5 sammenligne priser og vilk\u00e5r f\u00f8r du velger en leverand\u00f8r.<br \/><br \/>3. Hvor lang tid tar det \u00e5 sende en pakke til Polen fra Norge?<br \/>Svar: Leveringstiden for en pakke til Polen avhenger av hvilken leverand\u00f8r du velger, samt hvilken fraktmetode du velger. Vanligvis tar det mellom 3-7 virkedager \u00e5 sende en pakke til Polen, men dette kan variere avhengig av leverand\u00f8r og fraktmetode.<\/p>\n","protected":false},"excerpt":{"rendered":"<p>Det koster vanligvis mellom 300 og 600 kroner \u00e5 sende en pakke til Polen, avhengig av vekten og st\u00f8rrelsen p\u00e5 pakken. Prisene kan variere avhengig av hvilket fraktselskap du velger \u00e5 bruke. Det kan v\u00e6re lurt \u00e5 sammenligne priser fra ulike selskaper for \u00e5 finne den beste avtalen. 1. Hva koster det \u00e5 sende en &hellip; <a href=\"https:\/\/billigpakke.no\/blog\/hva-koster-det-at-sende-pakke-til-polen\/\" class=\"more-link\">Hald fram med \u00e5 lese<span class=\"screen-reader-text\"> \u00abhva koster det at sende pakke til polen?\u00bb<\/span><\/a><\/p>\n","protected":false},"author":3,"featured_media":0,"parent":0,"menu_order":0,"comment_status":"closed","ping_status":"closed","template":"","meta":{"footnotes":""},"class_list":["post-912","page","type-page","status-publish","hentry"],"yoast_head":"<!-- This site is optimized with the Yoast SEO plugin v27.5 - https:\/\/yoast.com\/product\/yoast-seo-wordpress\/ -->\n<title>hva koster det at sende pakke til polen? - BilligPakke.no<\/title>\n<meta name=\"description\" content=\"Det koster vanligvis mellom 200-500 kroner \u00e5 sende en pakke til Polen, avhengig av vekt og st\u00f8rrelse. Priser kan variere mellom ulike fraktselskaper.\" \/>\n<meta name=\"robots\" content=\"index, follow, max-snippet:-1, max-image-preview:large, max-video-preview:-1\" \/>\n<link rel=\"canonical\" href=\"https:\/\/billigpakke.no\/blog\/hva-koster-det-at-sende-pakke-til-polen\/\" \/>\n<meta property=\"og:locale\" content=\"nn_NO\" \/>\n<meta property=\"og:type\" content=\"article\" \/>\n<meta property=\"og:title\" content=\"hva koster det at sende pakke til polen? - BilligPakke.no\" \/>\n<meta property=\"og:description\" content=\"Det koster vanligvis mellom 200-500 kroner \u00e5 sende en pakke til Polen, avhengig av vekt og st\u00f8rrelse. Priser kan variere mellom ulike fraktselskaper.\" \/>\n<meta property=\"og:url\" content=\"https:\/\/billigpakke.no\/blog\/hva-koster-det-at-sende-pakke-til-polen\/\" \/>\n<meta property=\"og:site_name\" content=\"BilligPakke.no\" \/>\n<meta property=\"article:modified_time\" content=\"2024-05-05T08:23:17+00:00\" \/>\n<meta name=\"twitter:card\" content=\"summary_large_image\" \/>\n<meta name=\"twitter:label1\" content=\"Est. reading time\" \/>\n\t<meta name=\"twitter:data1\" content=\"1 minutt\" \/>\n<script type=\"application\/ld+json\" class=\"yoast-schema-graph\">{\"@context\":\"https:\\\/\\\/schema.org\",\"@graph\":[{\"@type\":\"WebPage\",\"@id\":\"https:\\\/\\\/billigpakke.no\\\/blog\\\/hva-koster-det-at-sende-pakke-til-polen\\\/\",\"url\":\"https:\\\/\\\/billigpakke.no\\\/blog\\\/hva-koster-det-at-sende-pakke-til-polen\\\/\",\"name\":\"hva koster det at sende pakke til polen? - BilligPakke.no\",\"isPartOf\":{\"@id\":\"https:\\\/\\\/billigpakke.no\\\/blog\\\/#website\"},\"datePublished\":\"2024-05-05T06:30:27+00:00\",\"dateModified\":\"2024-05-05T08:23:17+00:00\",\"description\":\"Det koster vanligvis mellom 200-500 kroner \u00e5 sende en pakke til Polen, avhengig av vekt og st\u00f8rrelse. Priser kan variere mellom ulike fraktselskaper.\",\"breadcrumb\":{\"@id\":\"https:\\\/\\\/billigpakke.no\\\/blog\\\/hva-koster-det-at-sende-pakke-til-polen\\\/#breadcrumb\"},\"inLanguage\":\"nn-NO\",\"potentialAction\":[{\"@type\":\"ReadAction\",\"target\":[\"https:\\\/\\\/billigpakke.no\\\/blog\\\/hva-koster-det-at-sende-pakke-til-polen\\\/\"]}]},{\"@type\":\"BreadcrumbList\",\"@id\":\"https:\\\/\\\/billigpakke.no\\\/blog\\\/hva-koster-det-at-sende-pakke-til-polen\\\/#breadcrumb\",\"itemListElement\":[{\"@type\":\"ListItem\",\"position\":1,\"name\":\"Home\",\"item\":\"https:\\\/\\\/billigpakke.no\\\/blog\\\/\"},{\"@type\":\"ListItem\",\"position\":2,\"name\":\"hva koster det at sende pakke til polen?\"}]},{\"@type\":\"WebSite\",\"@id\":\"https:\\\/\\\/billigpakke.no\\\/blog\\\/#website\",\"url\":\"https:\\\/\\\/billigpakke.no\\\/blog\\\/\",\"name\":\"BilligPakke.no\",\"description\":\"Billigpakke.no Blog\",\"publisher\":{\"@id\":\"https:\\\/\\\/billigpakke.no\\\/blog\\\/#organization\"},\"potentialAction\":[{\"@type\":\"SearchAction\",\"target\":{\"@type\":\"EntryPoint\",\"urlTemplate\":\"https:\\\/\\\/billigpakke.no\\\/blog\\\/?s={search_term_string}\"},\"query-input\":{\"@type\":\"PropertyValueSpecification\",\"valueRequired\":true,\"valueName\":\"search_term_string\"}}],\"inLanguage\":\"nn-NO\"},{\"@type\":\"Organization\",\"@id\":\"https:\\\/\\\/billigpakke.no\\\/blog\\\/#organization\",\"name\":\"BilligPakke.no\",\"url\":\"https:\\\/\\\/billigpakke.no\\\/blog\\\/\",\"logo\":{\"@type\":\"ImageObject\",\"inLanguage\":\"nn-NO\",\"@id\":\"https:\\\/\\\/billigpakke.no\\\/blog\\\/#\\\/schema\\\/logo\\\/image\\\/\",\"url\":\"https:\\\/\\\/billigpakke.no\\\/blog\\\/wp-content\\\/uploads\\\/2016\\\/10\\\/logo.png\",\"contentUrl\":\"https:\\\/\\\/billigpakke.no\\\/blog\\\/wp-content\\\/uploads\\\/2016\\\/10\\\/logo.png\",\"width\":185,\"height\":71,\"caption\":\"BilligPakke.no\"},\"image\":{\"@id\":\"https:\\\/\\\/billigpakke.no\\\/blog\\\/#\\\/schema\\\/logo\\\/image\\\/\"}}]}<\/script>\n<!-- \/ Yoast SEO plugin. -->","yoast_head_json":{"title":"hva koster det at sende pakke til polen? - BilligPakke.no","description":"Det koster vanligvis mellom 200-500 kroner \u00e5 sende en pakke til Polen, avhengig av vekt og st\u00f8rrelse. Priser kan variere mellom ulike fraktselskaper.","robots":{"index":"index","follow":"follow","max-snippet":"max-snippet:-1","max-image-preview":"max-image-preview:large","max-video-preview":"max-video-preview:-1"},"canonical":"https:\/\/billigpakke.no\/blog\/hva-koster-det-at-sende-pakke-til-polen\/","og_locale":"nn_NO","og_type":"article","og_title":"hva koster det at sende pakke til polen? - BilligPakke.no","og_description":"Det koster vanligvis mellom 200-500 kroner \u00e5 sende en pakke til Polen, avhengig av vekt og st\u00f8rrelse. Priser kan variere mellom ulike fraktselskaper.","og_url":"https:\/\/billigpakke.no\/blog\/hva-koster-det-at-sende-pakke-til-polen\/","og_site_name":"BilligPakke.no","article_modified_time":"2024-05-05T08:23:17+00:00","twitter_card":"summary_large_image","twitter_misc":{"Est. reading time":"1 minutt"},"schema":{"@context":"https:\/\/schema.org","@graph":[{"@type":"WebPage","@id":"https:\/\/billigpakke.no\/blog\/hva-koster-det-at-sende-pakke-til-polen\/","url":"https:\/\/billigpakke.no\/blog\/hva-koster-det-at-sende-pakke-til-polen\/","name":"hva koster det at sende pakke til polen? - BilligPakke.no","isPartOf":{"@id":"https:\/\/billigpakke.no\/blog\/#website"},"datePublished":"2024-05-05T06:30:27+00:00","dateModified":"2024-05-05T08:23:17+00:00","description":"Det koster vanligvis mellom 200-500 kroner \u00e5 sende en pakke til Polen, avhengig av vekt og st\u00f8rrelse. Priser kan variere mellom ulike fraktselskaper.","breadcrumb":{"@id":"https:\/\/billigpakke.no\/blog\/hva-koster-det-at-sende-pakke-til-polen\/#breadcrumb"},"inLanguage":"nn-NO","potentialAction":[{"@type":"ReadAction","target":["https:\/\/billigpakke.no\/blog\/hva-koster-det-at-sende-pakke-til-polen\/"]}]},{"@type":"BreadcrumbList","@id":"https:\/\/billigpakke.no\/blog\/hva-koster-det-at-sende-pakke-til-polen\/#breadcrumb","itemListElement":[{"@type":"ListItem","position":1,"name":"Home","item":"https:\/\/billigpakke.no\/blog\/"},{"@type":"ListItem","position":2,"name":"hva koster det at sende pakke til polen?"}]},{"@type":"WebSite","@id":"https:\/\/billigpakke.no\/blog\/#website","url":"https:\/\/billigpakke.no\/blog\/","name":"BilligPakke.no","description":"Billigpakke.no Blog","publisher":{"@id":"https:\/\/billigpakke.no\/blog\/#organization"},"potentialAction":[{"@type":"SearchAction","target":{"@type":"EntryPoint","urlTemplate":"https:\/\/billigpakke.no\/blog\/?s={search_term_string}"},"query-input":{"@type":"PropertyValueSpecification","valueRequired":true,"valueName":"search_term_string"}}],"inLanguage":"nn-NO"},{"@type":"Organization","@id":"https:\/\/billigpakke.no\/blog\/#organization","name":"BilligPakke.no","url":"https:\/\/billigpakke.no\/blog\/","logo":{"@type":"ImageObject","inLanguage":"nn-NO","@id":"https:\/\/billigpakke.no\/blog\/#\/schema\/logo\/image\/","url":"https:\/\/billigpakke.no\/blog\/wp-content\/uploads\/2016\/10\/logo.png","contentUrl":"https:\/\/billigpakke.no\/blog\/wp-content\/uploads\/2016\/10\/logo.png","width":185,"height":71,"caption":"BilligPakke.no"},"image":{"@id":"https:\/\/billigpakke.no\/blog\/#\/schema\/logo\/image\/"}}]}},"_links":{"self":[{"href":"https:\/\/billigpakke.no\/blog\/wp-json\/wp\/v2\/pages\/912","targetHints":{"allow":["GET"]}}],"collection":[{"href":"https:\/\/billigpakke.no\/blog\/wp-json\/wp\/v2\/pages"}],"about":[{"href":"https:\/\/billigpakke.no\/blog\/wp-json\/wp\/v2\/types\/page"}],"author":[{"embeddable":true,"href":"https:\/\/billigpakke.no\/blog\/wp-json\/wp\/v2\/users\/3"}],"replies":[{"embeddable":true,"href":"https:\/\/billigpakke.no\/blog\/wp-json\/wp\/v2\/comments?post=912"}],"version-history":[{"count":2,"href":"https:\/\/billigpakke.no\/blog\/wp-json\/wp\/v2\/pages\/912\/revisions"}],"predecessor-version":[{"id":1557,"href":"https:\/\/billigpakke.no\/blog\/wp-json\/wp\/v2\/pages\/912\/revisions\/1557"}],"wp:attachment":[{"href":"https:\/\/billigpakke.no\/blog\/wp-json\/wp\/v2\/media?parent=912"}],"curies":[{"name":"wp","href":"https:\/\/api.w.org\/{rel}","templated":true}]}}