{"id":903,"date":"2024-05-05T09:23:17","date_gmt":"2024-05-05T06:30:26","guid":{"rendered":"https:\/\/billigpakke.no\/blog\/hva-koster-det-at-sende-en-pakke-til-kina\/"},"modified":"2024-05-05T09:23:17","modified_gmt":"2024-05-05T08:23:17","slug":"hva-koster-det-at-sende-en-pakke-til-kina","status":"publish","type":"page","link":"https:\/\/billigpakke.no\/blog\/hva-koster-det-at-sende-en-pakke-til-kina\/","title":{"rendered":"hva koster det at sende en pakke til kina?"},"content":{"rendered":"\n<p class=\"has-text-align-center\">Det koster vanligvis mellom 300 og 600 kroner \u00e5 sende en pakke til Kina, avhengig av vekten og st\u00f8rrelsen p\u00e5 pakken. Det kan ogs\u00e5 v\u00e6re ekstra kostnader for toll og avgifter som m\u00e5 betales ved ankomst til Kina. Det er viktig \u00e5 sjekke med postleverand\u00f8ren eller fraktselskapet for n\u00f8yaktige priser og regler f\u00f8r du sender pakken.<\/p>\n\n\n\n<div class=\"wp-block-buttons is-content-justification-center is-layout-flex wp-container-core-buttons-is-layout-16018d1d wp-block-buttons-is-layout-flex\">\n<div class=\"wp-block-button is-style-outline is-style-outline--1\"><a class=\"wp-block-button__link has-dark-gray-color has-yellow-background-color has-text-color has-background has-link-color wp-element-button\" href=\"https:\/\/billigpakke.no\">send pakkene dine billig her<\/a><\/div>\n<\/div>\n\n\n\n<p><\/p>\n\n\n\n<p class=\"has-text-align-center\">1. Hva koster det \u00e5 sende en pakke til Kina fra Norge?<br \/>Svar: Prisen for \u00e5 sende en pakke til Kina fra Norge vil variere avhengig av vekten, st\u00f8rrelsen og leveringsmetoden. Det er best \u00e5 kontakte posttjenesten eller et fraktselskap for \u00e5 f\u00e5 n\u00f8yaktig pris.<br \/><br \/>2. Hvor lang tid tar det \u00e5 sende en pakke til Kina fra Norge?<br \/>Svar: Leveringstiden for en pakke til Kina fra Norge vil avhenge av valgt leveringsmetode. Vanligvis tar det mellom 5-10 virkedager for internasjonal frakt, men dette kan variere.<br \/><br \/>3. Hvilke tollavgifter og avgifter m\u00e5 betales for \u00e5 sende en pakke til Kina fra Norge?<br \/>Svar: N\u00e5r du sender en pakke til Kina fra Norge, kan det p\u00e5l\u00f8pe tollavgifter og avgifter. Det er viktig \u00e5 sjekke tollreglene og avgiftene som gjelder for \u00e5 unng\u00e5 uventede kostnader.<\/p>\n","protected":false},"excerpt":{"rendered":"<p>Det koster vanligvis mellom 300 og 600 kroner \u00e5 sende en pakke til Kina, avhengig av vekten og st\u00f8rrelsen p\u00e5 pakken. Det kan ogs\u00e5 v\u00e6re ekstra kostnader for toll og avgifter som m\u00e5 betales ved ankomst til Kina. Det er viktig \u00e5 sjekke med postleverand\u00f8ren eller fraktselskapet for n\u00f8yaktige priser og regler f\u00f8r du sender &hellip; <a href=\"https:\/\/billigpakke.no\/blog\/hva-koster-det-at-sende-en-pakke-til-kina\/\" class=\"more-link\">Hald fram med \u00e5 lese<span class=\"screen-reader-text\"> \u00abhva koster det at sende en pakke til kina?\u00bb<\/span><\/a><\/p>\n","protected":false},"author":3,"featured_media":0,"parent":0,"menu_order":0,"comment_status":"closed","ping_status":"closed","template":"","meta":{"footnotes":""},"class_list":["post-903","page","type-page","status-publish","hentry"],"yoast_head":"<!-- This site is optimized with the Yoast SEO plugin v27.5 - https:\/\/yoast.com\/product\/yoast-seo-wordpress\/ -->\n<title>hva koster det at sende en pakke til kina? - BilligPakke.no<\/title>\n<meta name=\"description\" content=\"Det koster vanligvis mellom 300-600 kroner \u00e5 sende en pakke til Kina, avhengig av vekt og leveringsmetode. Priser kan variere mellom ulike fraktselskaper.\" \/>\n<meta name=\"robots\" content=\"index, follow, max-snippet:-1, max-image-preview:large, max-video-preview:-1\" \/>\n<link rel=\"canonical\" href=\"https:\/\/billigpakke.no\/blog\/hva-koster-det-at-sende-en-pakke-til-kina\/\" \/>\n<meta property=\"og:locale\" content=\"nn_NO\" \/>\n<meta property=\"og:type\" content=\"article\" \/>\n<meta property=\"og:title\" content=\"hva koster det at sende en pakke til kina? - BilligPakke.no\" \/>\n<meta property=\"og:description\" content=\"Det koster vanligvis mellom 300-600 kroner \u00e5 sende en pakke til Kina, avhengig av vekt og leveringsmetode. Priser kan variere mellom ulike fraktselskaper.\" \/>\n<meta property=\"og:url\" content=\"https:\/\/billigpakke.no\/blog\/hva-koster-det-at-sende-en-pakke-til-kina\/\" \/>\n<meta property=\"og:site_name\" content=\"BilligPakke.no\" \/>\n<meta property=\"article:modified_time\" content=\"2024-05-05T08:23:17+00:00\" \/>\n<meta name=\"twitter:card\" content=\"summary_large_image\" \/>\n<meta name=\"twitter:label1\" content=\"Est. reading time\" \/>\n\t<meta name=\"twitter:data1\" content=\"1 minutt\" \/>\n<script type=\"application\/ld+json\" class=\"yoast-schema-graph\">{\"@context\":\"https:\\\/\\\/schema.org\",\"@graph\":[{\"@type\":\"WebPage\",\"@id\":\"https:\\\/\\\/billigpakke.no\\\/blog\\\/hva-koster-det-at-sende-en-pakke-til-kina\\\/\",\"url\":\"https:\\\/\\\/billigpakke.no\\\/blog\\\/hva-koster-det-at-sende-en-pakke-til-kina\\\/\",\"name\":\"hva koster det at sende en pakke til kina? - BilligPakke.no\",\"isPartOf\":{\"@id\":\"https:\\\/\\\/billigpakke.no\\\/blog\\\/#website\"},\"datePublished\":\"2024-05-05T06:30:26+00:00\",\"dateModified\":\"2024-05-05T08:23:17+00:00\",\"description\":\"Det koster vanligvis mellom 300-600 kroner \u00e5 sende en pakke til Kina, avhengig av vekt og leveringsmetode. Priser kan variere mellom ulike fraktselskaper.\",\"breadcrumb\":{\"@id\":\"https:\\\/\\\/billigpakke.no\\\/blog\\\/hva-koster-det-at-sende-en-pakke-til-kina\\\/#breadcrumb\"},\"inLanguage\":\"nn-NO\",\"potentialAction\":[{\"@type\":\"ReadAction\",\"target\":[\"https:\\\/\\\/billigpakke.no\\\/blog\\\/hva-koster-det-at-sende-en-pakke-til-kina\\\/\"]}]},{\"@type\":\"BreadcrumbList\",\"@id\":\"https:\\\/\\\/billigpakke.no\\\/blog\\\/hva-koster-det-at-sende-en-pakke-til-kina\\\/#breadcrumb\",\"itemListElement\":[{\"@type\":\"ListItem\",\"position\":1,\"name\":\"Home\",\"item\":\"https:\\\/\\\/billigpakke.no\\\/blog\\\/\"},{\"@type\":\"ListItem\",\"position\":2,\"name\":\"hva koster det at sende en pakke til kina?\"}]},{\"@type\":\"WebSite\",\"@id\":\"https:\\\/\\\/billigpakke.no\\\/blog\\\/#website\",\"url\":\"https:\\\/\\\/billigpakke.no\\\/blog\\\/\",\"name\":\"BilligPakke.no\",\"description\":\"Billigpakke.no Blog\",\"publisher\":{\"@id\":\"https:\\\/\\\/billigpakke.no\\\/blog\\\/#organization\"},\"potentialAction\":[{\"@type\":\"SearchAction\",\"target\":{\"@type\":\"EntryPoint\",\"urlTemplate\":\"https:\\\/\\\/billigpakke.no\\\/blog\\\/?s={search_term_string}\"},\"query-input\":{\"@type\":\"PropertyValueSpecification\",\"valueRequired\":true,\"valueName\":\"search_term_string\"}}],\"inLanguage\":\"nn-NO\"},{\"@type\":\"Organization\",\"@id\":\"https:\\\/\\\/billigpakke.no\\\/blog\\\/#organization\",\"name\":\"BilligPakke.no\",\"url\":\"https:\\\/\\\/billigpakke.no\\\/blog\\\/\",\"logo\":{\"@type\":\"ImageObject\",\"inLanguage\":\"nn-NO\",\"@id\":\"https:\\\/\\\/billigpakke.no\\\/blog\\\/#\\\/schema\\\/logo\\\/image\\\/\",\"url\":\"https:\\\/\\\/billigpakke.no\\\/blog\\\/wp-content\\\/uploads\\\/2016\\\/10\\\/logo.png\",\"contentUrl\":\"https:\\\/\\\/billigpakke.no\\\/blog\\\/wp-content\\\/uploads\\\/2016\\\/10\\\/logo.png\",\"width\":185,\"height\":71,\"caption\":\"BilligPakke.no\"},\"image\":{\"@id\":\"https:\\\/\\\/billigpakke.no\\\/blog\\\/#\\\/schema\\\/logo\\\/image\\\/\"}}]}<\/script>\n<!-- \/ Yoast SEO plugin. -->","yoast_head_json":{"title":"hva koster det at sende en pakke til kina? - BilligPakke.no","description":"Det koster vanligvis mellom 300-600 kroner \u00e5 sende en pakke til Kina, avhengig av vekt og leveringsmetode. Priser kan variere mellom ulike fraktselskaper.","robots":{"index":"index","follow":"follow","max-snippet":"max-snippet:-1","max-image-preview":"max-image-preview:large","max-video-preview":"max-video-preview:-1"},"canonical":"https:\/\/billigpakke.no\/blog\/hva-koster-det-at-sende-en-pakke-til-kina\/","og_locale":"nn_NO","og_type":"article","og_title":"hva koster det at sende en pakke til kina? - BilligPakke.no","og_description":"Det koster vanligvis mellom 300-600 kroner \u00e5 sende en pakke til Kina, avhengig av vekt og leveringsmetode. Priser kan variere mellom ulike fraktselskaper.","og_url":"https:\/\/billigpakke.no\/blog\/hva-koster-det-at-sende-en-pakke-til-kina\/","og_site_name":"BilligPakke.no","article_modified_time":"2024-05-05T08:23:17+00:00","twitter_card":"summary_large_image","twitter_misc":{"Est. reading time":"1 minutt"},"schema":{"@context":"https:\/\/schema.org","@graph":[{"@type":"WebPage","@id":"https:\/\/billigpakke.no\/blog\/hva-koster-det-at-sende-en-pakke-til-kina\/","url":"https:\/\/billigpakke.no\/blog\/hva-koster-det-at-sende-en-pakke-til-kina\/","name":"hva koster det at sende en pakke til kina? - BilligPakke.no","isPartOf":{"@id":"https:\/\/billigpakke.no\/blog\/#website"},"datePublished":"2024-05-05T06:30:26+00:00","dateModified":"2024-05-05T08:23:17+00:00","description":"Det koster vanligvis mellom 300-600 kroner \u00e5 sende en pakke til Kina, avhengig av vekt og leveringsmetode. Priser kan variere mellom ulike fraktselskaper.","breadcrumb":{"@id":"https:\/\/billigpakke.no\/blog\/hva-koster-det-at-sende-en-pakke-til-kina\/#breadcrumb"},"inLanguage":"nn-NO","potentialAction":[{"@type":"ReadAction","target":["https:\/\/billigpakke.no\/blog\/hva-koster-det-at-sende-en-pakke-til-kina\/"]}]},{"@type":"BreadcrumbList","@id":"https:\/\/billigpakke.no\/blog\/hva-koster-det-at-sende-en-pakke-til-kina\/#breadcrumb","itemListElement":[{"@type":"ListItem","position":1,"name":"Home","item":"https:\/\/billigpakke.no\/blog\/"},{"@type":"ListItem","position":2,"name":"hva koster det at sende en pakke til kina?"}]},{"@type":"WebSite","@id":"https:\/\/billigpakke.no\/blog\/#website","url":"https:\/\/billigpakke.no\/blog\/","name":"BilligPakke.no","description":"Billigpakke.no Blog","publisher":{"@id":"https:\/\/billigpakke.no\/blog\/#organization"},"potentialAction":[{"@type":"SearchAction","target":{"@type":"EntryPoint","urlTemplate":"https:\/\/billigpakke.no\/blog\/?s={search_term_string}"},"query-input":{"@type":"PropertyValueSpecification","valueRequired":true,"valueName":"search_term_string"}}],"inLanguage":"nn-NO"},{"@type":"Organization","@id":"https:\/\/billigpakke.no\/blog\/#organization","name":"BilligPakke.no","url":"https:\/\/billigpakke.no\/blog\/","logo":{"@type":"ImageObject","inLanguage":"nn-NO","@id":"https:\/\/billigpakke.no\/blog\/#\/schema\/logo\/image\/","url":"https:\/\/billigpakke.no\/blog\/wp-content\/uploads\/2016\/10\/logo.png","contentUrl":"https:\/\/billigpakke.no\/blog\/wp-content\/uploads\/2016\/10\/logo.png","width":185,"height":71,"caption":"BilligPakke.no"},"image":{"@id":"https:\/\/billigpakke.no\/blog\/#\/schema\/logo\/image\/"}}]}},"_links":{"self":[{"href":"https:\/\/billigpakke.no\/blog\/wp-json\/wp\/v2\/pages\/903","targetHints":{"allow":["GET"]}}],"collection":[{"href":"https:\/\/billigpakke.no\/blog\/wp-json\/wp\/v2\/pages"}],"about":[{"href":"https:\/\/billigpakke.no\/blog\/wp-json\/wp\/v2\/types\/page"}],"author":[{"embeddable":true,"href":"https:\/\/billigpakke.no\/blog\/wp-json\/wp\/v2\/users\/3"}],"replies":[{"embeddable":true,"href":"https:\/\/billigpakke.no\/blog\/wp-json\/wp\/v2\/comments?post=903"}],"version-history":[{"count":2,"href":"https:\/\/billigpakke.no\/blog\/wp-json\/wp\/v2\/pages\/903\/revisions"}],"predecessor-version":[{"id":1548,"href":"https:\/\/billigpakke.no\/blog\/wp-json\/wp\/v2\/pages\/903\/revisions\/1548"}],"wp:attachment":[{"href":"https:\/\/billigpakke.no\/blog\/wp-json\/wp\/v2\/media?parent=903"}],"curies":[{"name":"wp","href":"https:\/\/api.w.org\/{rel}","templated":true}]}}