{"id":902,"date":"2024-05-05T09:23:16","date_gmt":"2024-05-05T06:30:26","guid":{"rendered":"https:\/\/billigpakke.no\/blog\/hva-koster-det-a-sende-en-pakke-til-kina\/"},"modified":"2024-05-05T09:23:16","modified_gmt":"2024-05-05T08:23:16","slug":"hva-koster-det-a-sende-en-pakke-til-kina","status":"publish","type":"page","link":"https:\/\/billigpakke.no\/blog\/hva-koster-det-a-sende-en-pakke-til-kina\/","title":{"rendered":"hva koster det \u00e5 sende en pakke til kina?"},"content":{"rendered":"\n<p class=\"has-text-align-center\">Det koster vanligvis mellom 300 og 600 kroner \u00e5 sende en pakke til Kina, avhengig av vekten og st\u00f8rrelsen p\u00e5 pakken. Det kan ogs\u00e5 v\u00e6re ekstra kostnader for toll og avgifter som m\u00e5 betales ved ankomst til Kina. Det er best \u00e5 sjekke med postkontoret eller fraktselskapet for n\u00f8yaktige priser basert p\u00e5 din spesifikke pakke.<\/p>\n\n\n\n<div class=\"wp-block-buttons is-content-justification-center is-layout-flex wp-container-core-buttons-is-layout-16018d1d wp-block-buttons-is-layout-flex\">\n<div class=\"wp-block-button is-style-outline is-style-outline--1\"><a class=\"wp-block-button__link has-dark-gray-color has-yellow-background-color has-text-color has-background has-link-color wp-element-button\" href=\"https:\/\/billigpakke.no\">send pakkene dine billig her<\/a><\/div>\n<\/div>\n\n\n\n<p><\/p>\n\n\n\n<p class=\"has-text-align-center\">1. Hva koster det \u00e5 sende en pakke til Kina?<br \/>Svar: Prisen for \u00e5 sende en pakke til Kina avhenger av vekten, st\u00f8rrelsen og fraktmetoden. Vanligvis kan prisen variere fra noen hundre til flere tusen kroner.<br \/><br \/>2. Hvilke fraktmetoder kan jeg bruke for \u00e5 sende en pakke til Kina?<br \/>Svar: Du kan velge mellom ulike fraktmetoder som luftfrakt, sj\u00f8frakt eller internasjonal budtjeneste for \u00e5 sende en pakke til Kina. Hver metode har forskjellige priser og leveringstider.<br \/><br \/>3. Hvor lang tid tar det \u00e5 sende en pakke til Kina?<br \/>Svar: Leveringstiden for \u00e5 sende en pakke til Kina avhenger av fraktmetoden du velger. Luftfrakt kan ta omtrent 5-10 dager, mens sj\u00f8frakt kan ta flere uker avhengig av avstand og v\u00e6rforhold. Internasjonal budtjeneste kan tilby raskere leveringstider, men til en h\u00f8yere pris.<\/p>\n","protected":false},"excerpt":{"rendered":"<p>Det koster vanligvis mellom 300 og 600 kroner \u00e5 sende en pakke til Kina, avhengig av vekten og st\u00f8rrelsen p\u00e5 pakken. Det kan ogs\u00e5 v\u00e6re ekstra kostnader for toll og avgifter som m\u00e5 betales ved ankomst til Kina. Det er best \u00e5 sjekke med postkontoret eller fraktselskapet for n\u00f8yaktige priser basert p\u00e5 din spesifikke pakke. &hellip; <a href=\"https:\/\/billigpakke.no\/blog\/hva-koster-det-a-sende-en-pakke-til-kina\/\" class=\"more-link\">Hald fram med \u00e5 lese<span class=\"screen-reader-text\"> \u00abhva koster det \u00e5 sende en pakke til kina?\u00bb<\/span><\/a><\/p>\n","protected":false},"author":3,"featured_media":0,"parent":0,"menu_order":0,"comment_status":"closed","ping_status":"closed","template":"","meta":{"footnotes":""},"class_list":["post-902","page","type-page","status-publish","hentry"],"yoast_head":"<!-- This site is optimized with the Yoast SEO plugin v27.4 - https:\/\/yoast.com\/product\/yoast-seo-wordpress\/ -->\n<title>hva koster det \u00e5 sende en pakke til kina? - BilligPakke.no<\/title>\n<meta name=\"description\" content=\"Det koster vanligvis mellom 300 og 600 kroner \u00e5 sende en pakke til Kina, avhengig av vekt og leveringsmetode. Det kan ogs\u00e5 p\u00e5l\u00f8pe toll og avgifter.\" \/>\n<meta name=\"robots\" content=\"index, follow, max-snippet:-1, max-image-preview:large, max-video-preview:-1\" \/>\n<link rel=\"canonical\" href=\"https:\/\/billigpakke.no\/blog\/hva-koster-det-a-sende-en-pakke-til-kina\/\" \/>\n<meta property=\"og:locale\" content=\"nn_NO\" \/>\n<meta property=\"og:type\" content=\"article\" \/>\n<meta property=\"og:title\" content=\"hva koster det \u00e5 sende en pakke til kina? - BilligPakke.no\" \/>\n<meta property=\"og:description\" content=\"Det koster vanligvis mellom 300 og 600 kroner \u00e5 sende en pakke til Kina, avhengig av vekt og leveringsmetode. Det kan ogs\u00e5 p\u00e5l\u00f8pe toll og avgifter.\" \/>\n<meta property=\"og:url\" content=\"https:\/\/billigpakke.no\/blog\/hva-koster-det-a-sende-en-pakke-til-kina\/\" \/>\n<meta property=\"og:site_name\" content=\"BilligPakke.no\" \/>\n<meta property=\"article:modified_time\" content=\"2024-05-05T08:23:16+00:00\" \/>\n<meta name=\"twitter:card\" content=\"summary_large_image\" \/>\n<meta name=\"twitter:label1\" content=\"Est. reading time\" \/>\n\t<meta name=\"twitter:data1\" content=\"1 minutt\" \/>\n<script type=\"application\/ld+json\" class=\"yoast-schema-graph\">{\"@context\":\"https:\\\/\\\/schema.org\",\"@graph\":[{\"@type\":\"WebPage\",\"@id\":\"https:\\\/\\\/billigpakke.no\\\/blog\\\/hva-koster-det-a-sende-en-pakke-til-kina\\\/\",\"url\":\"https:\\\/\\\/billigpakke.no\\\/blog\\\/hva-koster-det-a-sende-en-pakke-til-kina\\\/\",\"name\":\"hva koster det \u00e5 sende en pakke til kina? - BilligPakke.no\",\"isPartOf\":{\"@id\":\"https:\\\/\\\/billigpakke.no\\\/blog\\\/#website\"},\"datePublished\":\"2024-05-05T06:30:26+00:00\",\"dateModified\":\"2024-05-05T08:23:16+00:00\",\"description\":\"Det koster vanligvis mellom 300 og 600 kroner \u00e5 sende en pakke til Kina, avhengig av vekt og leveringsmetode. Det kan ogs\u00e5 p\u00e5l\u00f8pe toll og avgifter.\",\"breadcrumb\":{\"@id\":\"https:\\\/\\\/billigpakke.no\\\/blog\\\/hva-koster-det-a-sende-en-pakke-til-kina\\\/#breadcrumb\"},\"inLanguage\":\"nn-NO\",\"potentialAction\":[{\"@type\":\"ReadAction\",\"target\":[\"https:\\\/\\\/billigpakke.no\\\/blog\\\/hva-koster-det-a-sende-en-pakke-til-kina\\\/\"]}]},{\"@type\":\"BreadcrumbList\",\"@id\":\"https:\\\/\\\/billigpakke.no\\\/blog\\\/hva-koster-det-a-sende-en-pakke-til-kina\\\/#breadcrumb\",\"itemListElement\":[{\"@type\":\"ListItem\",\"position\":1,\"name\":\"Home\",\"item\":\"https:\\\/\\\/billigpakke.no\\\/blog\\\/\"},{\"@type\":\"ListItem\",\"position\":2,\"name\":\"hva koster det \u00e5 sende en pakke til kina?\"}]},{\"@type\":\"WebSite\",\"@id\":\"https:\\\/\\\/billigpakke.no\\\/blog\\\/#website\",\"url\":\"https:\\\/\\\/billigpakke.no\\\/blog\\\/\",\"name\":\"BilligPakke.no\",\"description\":\"Billigpakke.no Blog\",\"publisher\":{\"@id\":\"https:\\\/\\\/billigpakke.no\\\/blog\\\/#organization\"},\"potentialAction\":[{\"@type\":\"SearchAction\",\"target\":{\"@type\":\"EntryPoint\",\"urlTemplate\":\"https:\\\/\\\/billigpakke.no\\\/blog\\\/?s={search_term_string}\"},\"query-input\":{\"@type\":\"PropertyValueSpecification\",\"valueRequired\":true,\"valueName\":\"search_term_string\"}}],\"inLanguage\":\"nn-NO\"},{\"@type\":\"Organization\",\"@id\":\"https:\\\/\\\/billigpakke.no\\\/blog\\\/#organization\",\"name\":\"BilligPakke.no\",\"url\":\"https:\\\/\\\/billigpakke.no\\\/blog\\\/\",\"logo\":{\"@type\":\"ImageObject\",\"inLanguage\":\"nn-NO\",\"@id\":\"https:\\\/\\\/billigpakke.no\\\/blog\\\/#\\\/schema\\\/logo\\\/image\\\/\",\"url\":\"https:\\\/\\\/billigpakke.no\\\/blog\\\/wp-content\\\/uploads\\\/2016\\\/10\\\/logo.png\",\"contentUrl\":\"https:\\\/\\\/billigpakke.no\\\/blog\\\/wp-content\\\/uploads\\\/2016\\\/10\\\/logo.png\",\"width\":185,\"height\":71,\"caption\":\"BilligPakke.no\"},\"image\":{\"@id\":\"https:\\\/\\\/billigpakke.no\\\/blog\\\/#\\\/schema\\\/logo\\\/image\\\/\"}}]}<\/script>\n<!-- \/ Yoast SEO plugin. -->","yoast_head_json":{"title":"hva koster det \u00e5 sende en pakke til kina? - BilligPakke.no","description":"Det koster vanligvis mellom 300 og 600 kroner \u00e5 sende en pakke til Kina, avhengig av vekt og leveringsmetode. Det kan ogs\u00e5 p\u00e5l\u00f8pe toll og avgifter.","robots":{"index":"index","follow":"follow","max-snippet":"max-snippet:-1","max-image-preview":"max-image-preview:large","max-video-preview":"max-video-preview:-1"},"canonical":"https:\/\/billigpakke.no\/blog\/hva-koster-det-a-sende-en-pakke-til-kina\/","og_locale":"nn_NO","og_type":"article","og_title":"hva koster det \u00e5 sende en pakke til kina? - BilligPakke.no","og_description":"Det koster vanligvis mellom 300 og 600 kroner \u00e5 sende en pakke til Kina, avhengig av vekt og leveringsmetode. Det kan ogs\u00e5 p\u00e5l\u00f8pe toll og avgifter.","og_url":"https:\/\/billigpakke.no\/blog\/hva-koster-det-a-sende-en-pakke-til-kina\/","og_site_name":"BilligPakke.no","article_modified_time":"2024-05-05T08:23:16+00:00","twitter_card":"summary_large_image","twitter_misc":{"Est. reading time":"1 minutt"},"schema":{"@context":"https:\/\/schema.org","@graph":[{"@type":"WebPage","@id":"https:\/\/billigpakke.no\/blog\/hva-koster-det-a-sende-en-pakke-til-kina\/","url":"https:\/\/billigpakke.no\/blog\/hva-koster-det-a-sende-en-pakke-til-kina\/","name":"hva koster det \u00e5 sende en pakke til kina? - BilligPakke.no","isPartOf":{"@id":"https:\/\/billigpakke.no\/blog\/#website"},"datePublished":"2024-05-05T06:30:26+00:00","dateModified":"2024-05-05T08:23:16+00:00","description":"Det koster vanligvis mellom 300 og 600 kroner \u00e5 sende en pakke til Kina, avhengig av vekt og leveringsmetode. Det kan ogs\u00e5 p\u00e5l\u00f8pe toll og avgifter.","breadcrumb":{"@id":"https:\/\/billigpakke.no\/blog\/hva-koster-det-a-sende-en-pakke-til-kina\/#breadcrumb"},"inLanguage":"nn-NO","potentialAction":[{"@type":"ReadAction","target":["https:\/\/billigpakke.no\/blog\/hva-koster-det-a-sende-en-pakke-til-kina\/"]}]},{"@type":"BreadcrumbList","@id":"https:\/\/billigpakke.no\/blog\/hva-koster-det-a-sende-en-pakke-til-kina\/#breadcrumb","itemListElement":[{"@type":"ListItem","position":1,"name":"Home","item":"https:\/\/billigpakke.no\/blog\/"},{"@type":"ListItem","position":2,"name":"hva koster det \u00e5 sende en pakke til kina?"}]},{"@type":"WebSite","@id":"https:\/\/billigpakke.no\/blog\/#website","url":"https:\/\/billigpakke.no\/blog\/","name":"BilligPakke.no","description":"Billigpakke.no Blog","publisher":{"@id":"https:\/\/billigpakke.no\/blog\/#organization"},"potentialAction":[{"@type":"SearchAction","target":{"@type":"EntryPoint","urlTemplate":"https:\/\/billigpakke.no\/blog\/?s={search_term_string}"},"query-input":{"@type":"PropertyValueSpecification","valueRequired":true,"valueName":"search_term_string"}}],"inLanguage":"nn-NO"},{"@type":"Organization","@id":"https:\/\/billigpakke.no\/blog\/#organization","name":"BilligPakke.no","url":"https:\/\/billigpakke.no\/blog\/","logo":{"@type":"ImageObject","inLanguage":"nn-NO","@id":"https:\/\/billigpakke.no\/blog\/#\/schema\/logo\/image\/","url":"https:\/\/billigpakke.no\/blog\/wp-content\/uploads\/2016\/10\/logo.png","contentUrl":"https:\/\/billigpakke.no\/blog\/wp-content\/uploads\/2016\/10\/logo.png","width":185,"height":71,"caption":"BilligPakke.no"},"image":{"@id":"https:\/\/billigpakke.no\/blog\/#\/schema\/logo\/image\/"}}]}},"_links":{"self":[{"href":"https:\/\/billigpakke.no\/blog\/wp-json\/wp\/v2\/pages\/902","targetHints":{"allow":["GET"]}}],"collection":[{"href":"https:\/\/billigpakke.no\/blog\/wp-json\/wp\/v2\/pages"}],"about":[{"href":"https:\/\/billigpakke.no\/blog\/wp-json\/wp\/v2\/types\/page"}],"author":[{"embeddable":true,"href":"https:\/\/billigpakke.no\/blog\/wp-json\/wp\/v2\/users\/3"}],"replies":[{"embeddable":true,"href":"https:\/\/billigpakke.no\/blog\/wp-json\/wp\/v2\/comments?post=902"}],"version-history":[{"count":2,"href":"https:\/\/billigpakke.no\/blog\/wp-json\/wp\/v2\/pages\/902\/revisions"}],"predecessor-version":[{"id":1547,"href":"https:\/\/billigpakke.no\/blog\/wp-json\/wp\/v2\/pages\/902\/revisions\/1547"}],"wp:attachment":[{"href":"https:\/\/billigpakke.no\/blog\/wp-json\/wp\/v2\/media?parent=902"}],"curies":[{"name":"wp","href":"https:\/\/api.w.org\/{rel}","templated":true}]}}