{"id":881,"date":"2024-05-05T09:23:15","date_gmt":"2024-05-05T06:30:25","guid":{"rendered":"https:\/\/billigpakke.no\/blog\/hva-koster-det-a-sende-pakke-pa-posten\/"},"modified":"2024-05-05T09:23:15","modified_gmt":"2024-05-05T08:23:15","slug":"hva-koster-det-a-sende-pakke-pa-posten","status":"publish","type":"page","link":"https:\/\/billigpakke.no\/blog\/hva-koster-det-a-sende-pakke-pa-posten\/","title":{"rendered":"hva koster det \u00e5 sende pakke p\u00e5 posten?"},"content":{"rendered":"\n<p class=\"has-text-align-center\">Det koster forskjellig \u00e5 sende en pakke p\u00e5 Posten avhengig av st\u00f8rrelse, vekt og destinasjon. For n\u00f8yaktig pris, anbefaler jeg \u00e5 bruke Posten sin nettside eller kontakte dem direkte for \u00e5 f\u00e5 en prisestimat.<\/p>\n\n\n\n<div class=\"wp-block-buttons is-content-justification-center is-layout-flex wp-container-core-buttons-is-layout-16018d1d wp-block-buttons-is-layout-flex\">\n<div class=\"wp-block-button is-style-outline is-style-outline--1\"><a class=\"wp-block-button__link has-dark-gray-color has-yellow-background-color has-text-color has-background has-link-color wp-element-button\" href=\"https:\/\/billigpakke.no\">send pakkene dine billig her<\/a><\/div>\n<\/div>\n\n\n\n<p><\/p>\n\n\n\n<p class=\"has-text-align-center\">1. Hva koster det \u00e5 sende en pakke p\u00e5 Posten i Norge?<br \/>Svar: Prisen for \u00e5 sende en pakke p\u00e5 Posten avhenger av vekten, st\u00f8rrelsen og destinasjonen til pakken. Du kan bruke Postens fraktberegner p\u00e5 deres nettside for \u00e5 f\u00e5 en n\u00f8yaktig pris.<br \/><br \/>2. Hvor mye koster det \u00e5 sende en pakke innenlands i Norge?<br \/>Svar: Prisen for \u00e5 sende en pakke innenlands i Norge varierer avhengig av vekten og st\u00f8rrelsen p\u00e5 pakken. Du kan sjekke Postens nettside eller bes\u00f8ke en Posten-butikk for \u00e5 f\u00e5 en n\u00f8yaktig pris.<br \/><br \/>3. Hva er prisen for \u00e5 sende en pakke til utlandet fra Norge?<br \/>Svar: Prisen for \u00e5 sende en pakke til utlandet fra Norge avhenger av destinasjonen, vekten og st\u00f8rrelsen p\u00e5 pakken. Du kan bruke Postens fraktberegner p\u00e5 deres nettside for \u00e5 f\u00e5 en n\u00f8yaktig pris.<\/p>\n","protected":false},"excerpt":{"rendered":"<p>Det koster forskjellig \u00e5 sende en pakke p\u00e5 Posten avhengig av st\u00f8rrelse, vekt og destinasjon. For n\u00f8yaktig pris, anbefaler jeg \u00e5 bruke Posten sin nettside eller kontakte dem direkte for \u00e5 f\u00e5 en prisestimat. 1. Hva koster det \u00e5 sende en pakke p\u00e5 Posten i Norge?Svar: Prisen for \u00e5 sende en pakke p\u00e5 Posten avhenger &hellip; <a href=\"https:\/\/billigpakke.no\/blog\/hva-koster-det-a-sende-pakke-pa-posten\/\" class=\"more-link\">Hald fram med \u00e5 lese<span class=\"screen-reader-text\"> \u00abhva koster det \u00e5 sende pakke p\u00e5 posten?\u00bb<\/span><\/a><\/p>\n","protected":false},"author":3,"featured_media":0,"parent":0,"menu_order":0,"comment_status":"closed","ping_status":"closed","template":"","meta":{"footnotes":""},"class_list":["post-881","page","type-page","status-publish","hentry"],"yoast_head":"<!-- This site is optimized with the Yoast SEO plugin v27.3 - https:\/\/yoast.com\/product\/yoast-seo-wordpress\/ -->\n<title>hva koster det \u00e5 sende pakke p\u00e5 posten? - BilligPakke.no<\/title>\n<meta name=\"description\" content=\"Det koster avhengig av st\u00f8rrelse og vekt. Priser starter fra 149 kr for sm\u00e5 pakker og kan \u00f8ke opp til 999 kr for st\u00f8rre og tyngre pakker.\" \/>\n<meta name=\"robots\" content=\"index, follow, max-snippet:-1, max-image-preview:large, max-video-preview:-1\" \/>\n<link rel=\"canonical\" href=\"https:\/\/billigpakke.no\/blog\/hva-koster-det-a-sende-pakke-pa-posten\/\" \/>\n<meta property=\"og:locale\" content=\"nn_NO\" \/>\n<meta property=\"og:type\" content=\"article\" \/>\n<meta property=\"og:title\" content=\"hva koster det \u00e5 sende pakke p\u00e5 posten? - BilligPakke.no\" \/>\n<meta property=\"og:description\" content=\"Det koster avhengig av st\u00f8rrelse og vekt. Priser starter fra 149 kr for sm\u00e5 pakker og kan \u00f8ke opp til 999 kr for st\u00f8rre og tyngre pakker.\" \/>\n<meta property=\"og:url\" content=\"https:\/\/billigpakke.no\/blog\/hva-koster-det-a-sende-pakke-pa-posten\/\" \/>\n<meta property=\"og:site_name\" content=\"BilligPakke.no\" \/>\n<meta property=\"article:modified_time\" content=\"2024-05-05T08:23:15+00:00\" \/>\n<meta name=\"twitter:card\" content=\"summary_large_image\" \/>\n<meta name=\"twitter:label1\" content=\"Est. reading time\" \/>\n\t<meta name=\"twitter:data1\" content=\"1 minutt\" \/>\n<script type=\"application\/ld+json\" class=\"yoast-schema-graph\">{\"@context\":\"https:\\\/\\\/schema.org\",\"@graph\":[{\"@type\":\"WebPage\",\"@id\":\"https:\\\/\\\/billigpakke.no\\\/blog\\\/hva-koster-det-a-sende-pakke-pa-posten\\\/\",\"url\":\"https:\\\/\\\/billigpakke.no\\\/blog\\\/hva-koster-det-a-sende-pakke-pa-posten\\\/\",\"name\":\"hva koster det \u00e5 sende pakke p\u00e5 posten? - BilligPakke.no\",\"isPartOf\":{\"@id\":\"https:\\\/\\\/billigpakke.no\\\/blog\\\/#website\"},\"datePublished\":\"2024-05-05T06:30:25+00:00\",\"dateModified\":\"2024-05-05T08:23:15+00:00\",\"description\":\"Det koster avhengig av st\u00f8rrelse og vekt. Priser starter fra 149 kr for sm\u00e5 pakker og kan \u00f8ke opp til 999 kr for st\u00f8rre og tyngre pakker.\",\"breadcrumb\":{\"@id\":\"https:\\\/\\\/billigpakke.no\\\/blog\\\/hva-koster-det-a-sende-pakke-pa-posten\\\/#breadcrumb\"},\"inLanguage\":\"nn-NO\",\"potentialAction\":[{\"@type\":\"ReadAction\",\"target\":[\"https:\\\/\\\/billigpakke.no\\\/blog\\\/hva-koster-det-a-sende-pakke-pa-posten\\\/\"]}]},{\"@type\":\"BreadcrumbList\",\"@id\":\"https:\\\/\\\/billigpakke.no\\\/blog\\\/hva-koster-det-a-sende-pakke-pa-posten\\\/#breadcrumb\",\"itemListElement\":[{\"@type\":\"ListItem\",\"position\":1,\"name\":\"Home\",\"item\":\"https:\\\/\\\/billigpakke.no\\\/blog\\\/\"},{\"@type\":\"ListItem\",\"position\":2,\"name\":\"hva koster det \u00e5 sende pakke p\u00e5 posten?\"}]},{\"@type\":\"WebSite\",\"@id\":\"https:\\\/\\\/billigpakke.no\\\/blog\\\/#website\",\"url\":\"https:\\\/\\\/billigpakke.no\\\/blog\\\/\",\"name\":\"BilligPakke.no\",\"description\":\"Billigpakke.no Blog\",\"publisher\":{\"@id\":\"https:\\\/\\\/billigpakke.no\\\/blog\\\/#organization\"},\"potentialAction\":[{\"@type\":\"SearchAction\",\"target\":{\"@type\":\"EntryPoint\",\"urlTemplate\":\"https:\\\/\\\/billigpakke.no\\\/blog\\\/?s={search_term_string}\"},\"query-input\":{\"@type\":\"PropertyValueSpecification\",\"valueRequired\":true,\"valueName\":\"search_term_string\"}}],\"inLanguage\":\"nn-NO\"},{\"@type\":\"Organization\",\"@id\":\"https:\\\/\\\/billigpakke.no\\\/blog\\\/#organization\",\"name\":\"BilligPakke.no\",\"url\":\"https:\\\/\\\/billigpakke.no\\\/blog\\\/\",\"logo\":{\"@type\":\"ImageObject\",\"inLanguage\":\"nn-NO\",\"@id\":\"https:\\\/\\\/billigpakke.no\\\/blog\\\/#\\\/schema\\\/logo\\\/image\\\/\",\"url\":\"https:\\\/\\\/billigpakke.no\\\/blog\\\/wp-content\\\/uploads\\\/2016\\\/10\\\/logo.png\",\"contentUrl\":\"https:\\\/\\\/billigpakke.no\\\/blog\\\/wp-content\\\/uploads\\\/2016\\\/10\\\/logo.png\",\"width\":185,\"height\":71,\"caption\":\"BilligPakke.no\"},\"image\":{\"@id\":\"https:\\\/\\\/billigpakke.no\\\/blog\\\/#\\\/schema\\\/logo\\\/image\\\/\"}}]}<\/script>\n<!-- \/ Yoast SEO plugin. -->","yoast_head_json":{"title":"hva koster det \u00e5 sende pakke p\u00e5 posten? - BilligPakke.no","description":"Det koster avhengig av st\u00f8rrelse og vekt. Priser starter fra 149 kr for sm\u00e5 pakker og kan \u00f8ke opp til 999 kr for st\u00f8rre og tyngre pakker.","robots":{"index":"index","follow":"follow","max-snippet":"max-snippet:-1","max-image-preview":"max-image-preview:large","max-video-preview":"max-video-preview:-1"},"canonical":"https:\/\/billigpakke.no\/blog\/hva-koster-det-a-sende-pakke-pa-posten\/","og_locale":"nn_NO","og_type":"article","og_title":"hva koster det \u00e5 sende pakke p\u00e5 posten? - BilligPakke.no","og_description":"Det koster avhengig av st\u00f8rrelse og vekt. Priser starter fra 149 kr for sm\u00e5 pakker og kan \u00f8ke opp til 999 kr for st\u00f8rre og tyngre pakker.","og_url":"https:\/\/billigpakke.no\/blog\/hva-koster-det-a-sende-pakke-pa-posten\/","og_site_name":"BilligPakke.no","article_modified_time":"2024-05-05T08:23:15+00:00","twitter_card":"summary_large_image","twitter_misc":{"Est. reading time":"1 minutt"},"schema":{"@context":"https:\/\/schema.org","@graph":[{"@type":"WebPage","@id":"https:\/\/billigpakke.no\/blog\/hva-koster-det-a-sende-pakke-pa-posten\/","url":"https:\/\/billigpakke.no\/blog\/hva-koster-det-a-sende-pakke-pa-posten\/","name":"hva koster det \u00e5 sende pakke p\u00e5 posten? - BilligPakke.no","isPartOf":{"@id":"https:\/\/billigpakke.no\/blog\/#website"},"datePublished":"2024-05-05T06:30:25+00:00","dateModified":"2024-05-05T08:23:15+00:00","description":"Det koster avhengig av st\u00f8rrelse og vekt. Priser starter fra 149 kr for sm\u00e5 pakker og kan \u00f8ke opp til 999 kr for st\u00f8rre og tyngre pakker.","breadcrumb":{"@id":"https:\/\/billigpakke.no\/blog\/hva-koster-det-a-sende-pakke-pa-posten\/#breadcrumb"},"inLanguage":"nn-NO","potentialAction":[{"@type":"ReadAction","target":["https:\/\/billigpakke.no\/blog\/hva-koster-det-a-sende-pakke-pa-posten\/"]}]},{"@type":"BreadcrumbList","@id":"https:\/\/billigpakke.no\/blog\/hva-koster-det-a-sende-pakke-pa-posten\/#breadcrumb","itemListElement":[{"@type":"ListItem","position":1,"name":"Home","item":"https:\/\/billigpakke.no\/blog\/"},{"@type":"ListItem","position":2,"name":"hva koster det \u00e5 sende pakke p\u00e5 posten?"}]},{"@type":"WebSite","@id":"https:\/\/billigpakke.no\/blog\/#website","url":"https:\/\/billigpakke.no\/blog\/","name":"BilligPakke.no","description":"Billigpakke.no Blog","publisher":{"@id":"https:\/\/billigpakke.no\/blog\/#organization"},"potentialAction":[{"@type":"SearchAction","target":{"@type":"EntryPoint","urlTemplate":"https:\/\/billigpakke.no\/blog\/?s={search_term_string}"},"query-input":{"@type":"PropertyValueSpecification","valueRequired":true,"valueName":"search_term_string"}}],"inLanguage":"nn-NO"},{"@type":"Organization","@id":"https:\/\/billigpakke.no\/blog\/#organization","name":"BilligPakke.no","url":"https:\/\/billigpakke.no\/blog\/","logo":{"@type":"ImageObject","inLanguage":"nn-NO","@id":"https:\/\/billigpakke.no\/blog\/#\/schema\/logo\/image\/","url":"https:\/\/billigpakke.no\/blog\/wp-content\/uploads\/2016\/10\/logo.png","contentUrl":"https:\/\/billigpakke.no\/blog\/wp-content\/uploads\/2016\/10\/logo.png","width":185,"height":71,"caption":"BilligPakke.no"},"image":{"@id":"https:\/\/billigpakke.no\/blog\/#\/schema\/logo\/image\/"}}]}},"_links":{"self":[{"href":"https:\/\/billigpakke.no\/blog\/wp-json\/wp\/v2\/pages\/881","targetHints":{"allow":["GET"]}}],"collection":[{"href":"https:\/\/billigpakke.no\/blog\/wp-json\/wp\/v2\/pages"}],"about":[{"href":"https:\/\/billigpakke.no\/blog\/wp-json\/wp\/v2\/types\/page"}],"author":[{"embeddable":true,"href":"https:\/\/billigpakke.no\/blog\/wp-json\/wp\/v2\/users\/3"}],"replies":[{"embeddable":true,"href":"https:\/\/billigpakke.no\/blog\/wp-json\/wp\/v2\/comments?post=881"}],"version-history":[{"count":2,"href":"https:\/\/billigpakke.no\/blog\/wp-json\/wp\/v2\/pages\/881\/revisions"}],"predecessor-version":[{"id":1526,"href":"https:\/\/billigpakke.no\/blog\/wp-json\/wp\/v2\/pages\/881\/revisions\/1526"}],"wp:attachment":[{"href":"https:\/\/billigpakke.no\/blog\/wp-json\/wp\/v2\/media?parent=881"}],"curies":[{"name":"wp","href":"https:\/\/api.w.org\/{rel}","templated":true}]}}