{"id":876,"date":"2024-05-05T09:23:15","date_gmt":"2024-05-05T06:30:24","guid":{"rendered":"https:\/\/billigpakke.no\/blog\/hva-koster-en-pakke-a-sende-til-england\/"},"modified":"2024-05-05T09:23:15","modified_gmt":"2024-05-05T08:23:15","slug":"hva-koster-en-pakke-a-sende-til-england","status":"publish","type":"page","link":"https:\/\/billigpakke.no\/blog\/hva-koster-en-pakke-a-sende-til-england\/","title":{"rendered":"hva koster en pakke \u00e5 sende til england?"},"content":{"rendered":"\n<p class=\"has-text-align-center\">Det koster vanligvis rundt 250-300 kroner \u00e5 sende en pakke til England, avhengig av vekten og st\u00f8rrelsen p\u00e5 pakken. Det kan v\u00e6re lurt \u00e5 sjekke priser hos ulike fraktselskaper for \u00e5 finne det beste tilbudet.<\/p>\n\n\n\n<div class=\"wp-block-buttons is-content-justification-center is-layout-flex wp-container-core-buttons-is-layout-16018d1d wp-block-buttons-is-layout-flex\">\n<div class=\"wp-block-button is-style-outline is-style-outline--1\"><a class=\"wp-block-button__link has-dark-gray-color has-yellow-background-color has-text-color has-background has-link-color wp-element-button\" href=\"https:\/\/billigpakke.no\">send pakkene dine billig her<\/a><\/div>\n<\/div>\n\n\n\n<p><\/p>\n\n\n\n<p class=\"has-text-align-center\">1. Hva koster det \u00e5 sende en pakke til England fra Norge?<br \/>Svar: Prisen for \u00e5 sende en pakke til England fra Norge vil variere avhengig av vekten og st\u00f8rrelsen p\u00e5 pakken, samt hvilken leverand\u00f8r du velger \u00e5 bruke. Du kan sjekke priser hos Posten, DHL, UPS eller andre leverand\u00f8rer for \u00e5 f\u00e5 et n\u00f8yaktig kostnadsestimat.<br \/><br \/>2. Hvilke leverand\u00f8rer tilbyr rimelige priser for \u00e5 sende pakker til England fra Norge?<br \/>Svar: Noen av de vanligste leverand\u00f8rene for \u00e5 sende pakker til England fra Norge inkluderer Posten, DHL, UPS, FedEx og andre internasjonale fraktselskaper. Det kan v\u00e6re lurt \u00e5 sammenligne priser og tjenester fra ulike leverand\u00f8rer for \u00e5 finne den beste avtalen.<br \/><br \/>3. Hvor lang tid tar det vanligvis \u00e5 sende en pakke til England fra Norge?<br \/>Svar: Leveringstiden for \u00e5 sende en pakke til England fra Norge vil variere avhengig av hvilken leverand\u00f8r du velger, samt hvilken type frakttjeneste du benytter deg av (f.eks. standard frakt, ekspressfrakt osv.). Vanligvis kan det ta mellom 3-7 virkedager for en pakke \u00e5 bli levert til England fra Norge, men dette kan variere. Det er viktig \u00e5 sjekke leveringstidene hos den valgte leverand\u00f8ren f\u00f8r du sender pakken.<\/p>\n","protected":false},"excerpt":{"rendered":"<p>Det koster vanligvis rundt 250-300 kroner \u00e5 sende en pakke til England, avhengig av vekten og st\u00f8rrelsen p\u00e5 pakken. Det kan v\u00e6re lurt \u00e5 sjekke priser hos ulike fraktselskaper for \u00e5 finne det beste tilbudet. 1. Hva koster det \u00e5 sende en pakke til England fra Norge?Svar: Prisen for \u00e5 sende en pakke til England &hellip; <a href=\"https:\/\/billigpakke.no\/blog\/hva-koster-en-pakke-a-sende-til-england\/\" class=\"more-link\">Hald fram med \u00e5 lese<span class=\"screen-reader-text\"> \u00abhva koster en pakke \u00e5 sende til england?\u00bb<\/span><\/a><\/p>\n","protected":false},"author":3,"featured_media":0,"parent":0,"menu_order":0,"comment_status":"closed","ping_status":"closed","template":"","meta":{"footnotes":""},"class_list":["post-876","page","type-page","status-publish","hentry"],"yoast_head":"<!-- This site is optimized with the Yoast SEO plugin v27.5 - https:\/\/yoast.com\/product\/yoast-seo-wordpress\/ -->\n<title>hva koster en pakke \u00e5 sende til england? - BilligPakke.no<\/title>\n<meta name=\"description\" content=\"Prisen for \u00e5 sende en pakke til England varierer avhengig av vekt og st\u00f8rrelse. Det kan koste alt fra noen hundrelapper til flere tusen kroner, avhengig av fraktmetode og leveringstid.\" \/>\n<meta name=\"robots\" content=\"index, follow, max-snippet:-1, max-image-preview:large, max-video-preview:-1\" \/>\n<link rel=\"canonical\" href=\"https:\/\/billigpakke.no\/blog\/hva-koster-en-pakke-a-sende-til-england\/\" \/>\n<meta property=\"og:locale\" content=\"nn_NO\" \/>\n<meta property=\"og:type\" content=\"article\" \/>\n<meta property=\"og:title\" content=\"hva koster en pakke \u00e5 sende til england? - BilligPakke.no\" \/>\n<meta property=\"og:description\" content=\"Prisen for \u00e5 sende en pakke til England varierer avhengig av vekt og st\u00f8rrelse. Det kan koste alt fra noen hundrelapper til flere tusen kroner, avhengig av fraktmetode og leveringstid.\" \/>\n<meta property=\"og:url\" content=\"https:\/\/billigpakke.no\/blog\/hva-koster-en-pakke-a-sende-til-england\/\" \/>\n<meta property=\"og:site_name\" content=\"BilligPakke.no\" \/>\n<meta property=\"article:modified_time\" content=\"2024-05-05T08:23:15+00:00\" \/>\n<meta name=\"twitter:card\" content=\"summary_large_image\" \/>\n<meta name=\"twitter:label1\" content=\"Est. reading time\" \/>\n\t<meta name=\"twitter:data1\" content=\"1 minutt\" \/>\n<script type=\"application\/ld+json\" class=\"yoast-schema-graph\">{\"@context\":\"https:\\\/\\\/schema.org\",\"@graph\":[{\"@type\":\"WebPage\",\"@id\":\"https:\\\/\\\/billigpakke.no\\\/blog\\\/hva-koster-en-pakke-a-sende-til-england\\\/\",\"url\":\"https:\\\/\\\/billigpakke.no\\\/blog\\\/hva-koster-en-pakke-a-sende-til-england\\\/\",\"name\":\"hva koster en pakke \u00e5 sende til england? - BilligPakke.no\",\"isPartOf\":{\"@id\":\"https:\\\/\\\/billigpakke.no\\\/blog\\\/#website\"},\"datePublished\":\"2024-05-05T06:30:24+00:00\",\"dateModified\":\"2024-05-05T08:23:15+00:00\",\"description\":\"Prisen for \u00e5 sende en pakke til England varierer avhengig av vekt og st\u00f8rrelse. Det kan koste alt fra noen hundrelapper til flere tusen kroner, avhengig av fraktmetode og leveringstid.\",\"breadcrumb\":{\"@id\":\"https:\\\/\\\/billigpakke.no\\\/blog\\\/hva-koster-en-pakke-a-sende-til-england\\\/#breadcrumb\"},\"inLanguage\":\"nn-NO\",\"potentialAction\":[{\"@type\":\"ReadAction\",\"target\":[\"https:\\\/\\\/billigpakke.no\\\/blog\\\/hva-koster-en-pakke-a-sende-til-england\\\/\"]}]},{\"@type\":\"BreadcrumbList\",\"@id\":\"https:\\\/\\\/billigpakke.no\\\/blog\\\/hva-koster-en-pakke-a-sende-til-england\\\/#breadcrumb\",\"itemListElement\":[{\"@type\":\"ListItem\",\"position\":1,\"name\":\"Home\",\"item\":\"https:\\\/\\\/billigpakke.no\\\/blog\\\/\"},{\"@type\":\"ListItem\",\"position\":2,\"name\":\"hva koster en pakke \u00e5 sende til england?\"}]},{\"@type\":\"WebSite\",\"@id\":\"https:\\\/\\\/billigpakke.no\\\/blog\\\/#website\",\"url\":\"https:\\\/\\\/billigpakke.no\\\/blog\\\/\",\"name\":\"BilligPakke.no\",\"description\":\"Billigpakke.no Blog\",\"publisher\":{\"@id\":\"https:\\\/\\\/billigpakke.no\\\/blog\\\/#organization\"},\"potentialAction\":[{\"@type\":\"SearchAction\",\"target\":{\"@type\":\"EntryPoint\",\"urlTemplate\":\"https:\\\/\\\/billigpakke.no\\\/blog\\\/?s={search_term_string}\"},\"query-input\":{\"@type\":\"PropertyValueSpecification\",\"valueRequired\":true,\"valueName\":\"search_term_string\"}}],\"inLanguage\":\"nn-NO\"},{\"@type\":\"Organization\",\"@id\":\"https:\\\/\\\/billigpakke.no\\\/blog\\\/#organization\",\"name\":\"BilligPakke.no\",\"url\":\"https:\\\/\\\/billigpakke.no\\\/blog\\\/\",\"logo\":{\"@type\":\"ImageObject\",\"inLanguage\":\"nn-NO\",\"@id\":\"https:\\\/\\\/billigpakke.no\\\/blog\\\/#\\\/schema\\\/logo\\\/image\\\/\",\"url\":\"https:\\\/\\\/billigpakke.no\\\/blog\\\/wp-content\\\/uploads\\\/2016\\\/10\\\/logo.png\",\"contentUrl\":\"https:\\\/\\\/billigpakke.no\\\/blog\\\/wp-content\\\/uploads\\\/2016\\\/10\\\/logo.png\",\"width\":185,\"height\":71,\"caption\":\"BilligPakke.no\"},\"image\":{\"@id\":\"https:\\\/\\\/billigpakke.no\\\/blog\\\/#\\\/schema\\\/logo\\\/image\\\/\"}}]}<\/script>\n<!-- \/ Yoast SEO plugin. -->","yoast_head_json":{"title":"hva koster en pakke \u00e5 sende til england? - BilligPakke.no","description":"Prisen for \u00e5 sende en pakke til England varierer avhengig av vekt og st\u00f8rrelse. Det kan koste alt fra noen hundrelapper til flere tusen kroner, avhengig av fraktmetode og leveringstid.","robots":{"index":"index","follow":"follow","max-snippet":"max-snippet:-1","max-image-preview":"max-image-preview:large","max-video-preview":"max-video-preview:-1"},"canonical":"https:\/\/billigpakke.no\/blog\/hva-koster-en-pakke-a-sende-til-england\/","og_locale":"nn_NO","og_type":"article","og_title":"hva koster en pakke \u00e5 sende til england? - BilligPakke.no","og_description":"Prisen for \u00e5 sende en pakke til England varierer avhengig av vekt og st\u00f8rrelse. Det kan koste alt fra noen hundrelapper til flere tusen kroner, avhengig av fraktmetode og leveringstid.","og_url":"https:\/\/billigpakke.no\/blog\/hva-koster-en-pakke-a-sende-til-england\/","og_site_name":"BilligPakke.no","article_modified_time":"2024-05-05T08:23:15+00:00","twitter_card":"summary_large_image","twitter_misc":{"Est. reading time":"1 minutt"},"schema":{"@context":"https:\/\/schema.org","@graph":[{"@type":"WebPage","@id":"https:\/\/billigpakke.no\/blog\/hva-koster-en-pakke-a-sende-til-england\/","url":"https:\/\/billigpakke.no\/blog\/hva-koster-en-pakke-a-sende-til-england\/","name":"hva koster en pakke \u00e5 sende til england? - BilligPakke.no","isPartOf":{"@id":"https:\/\/billigpakke.no\/blog\/#website"},"datePublished":"2024-05-05T06:30:24+00:00","dateModified":"2024-05-05T08:23:15+00:00","description":"Prisen for \u00e5 sende en pakke til England varierer avhengig av vekt og st\u00f8rrelse. Det kan koste alt fra noen hundrelapper til flere tusen kroner, avhengig av fraktmetode og leveringstid.","breadcrumb":{"@id":"https:\/\/billigpakke.no\/blog\/hva-koster-en-pakke-a-sende-til-england\/#breadcrumb"},"inLanguage":"nn-NO","potentialAction":[{"@type":"ReadAction","target":["https:\/\/billigpakke.no\/blog\/hva-koster-en-pakke-a-sende-til-england\/"]}]},{"@type":"BreadcrumbList","@id":"https:\/\/billigpakke.no\/blog\/hva-koster-en-pakke-a-sende-til-england\/#breadcrumb","itemListElement":[{"@type":"ListItem","position":1,"name":"Home","item":"https:\/\/billigpakke.no\/blog\/"},{"@type":"ListItem","position":2,"name":"hva koster en pakke \u00e5 sende til england?"}]},{"@type":"WebSite","@id":"https:\/\/billigpakke.no\/blog\/#website","url":"https:\/\/billigpakke.no\/blog\/","name":"BilligPakke.no","description":"Billigpakke.no Blog","publisher":{"@id":"https:\/\/billigpakke.no\/blog\/#organization"},"potentialAction":[{"@type":"SearchAction","target":{"@type":"EntryPoint","urlTemplate":"https:\/\/billigpakke.no\/blog\/?s={search_term_string}"},"query-input":{"@type":"PropertyValueSpecification","valueRequired":true,"valueName":"search_term_string"}}],"inLanguage":"nn-NO"},{"@type":"Organization","@id":"https:\/\/billigpakke.no\/blog\/#organization","name":"BilligPakke.no","url":"https:\/\/billigpakke.no\/blog\/","logo":{"@type":"ImageObject","inLanguage":"nn-NO","@id":"https:\/\/billigpakke.no\/blog\/#\/schema\/logo\/image\/","url":"https:\/\/billigpakke.no\/blog\/wp-content\/uploads\/2016\/10\/logo.png","contentUrl":"https:\/\/billigpakke.no\/blog\/wp-content\/uploads\/2016\/10\/logo.png","width":185,"height":71,"caption":"BilligPakke.no"},"image":{"@id":"https:\/\/billigpakke.no\/blog\/#\/schema\/logo\/image\/"}}]}},"_links":{"self":[{"href":"https:\/\/billigpakke.no\/blog\/wp-json\/wp\/v2\/pages\/876","targetHints":{"allow":["GET"]}}],"collection":[{"href":"https:\/\/billigpakke.no\/blog\/wp-json\/wp\/v2\/pages"}],"about":[{"href":"https:\/\/billigpakke.no\/blog\/wp-json\/wp\/v2\/types\/page"}],"author":[{"embeddable":true,"href":"https:\/\/billigpakke.no\/blog\/wp-json\/wp\/v2\/users\/3"}],"replies":[{"embeddable":true,"href":"https:\/\/billigpakke.no\/blog\/wp-json\/wp\/v2\/comments?post=876"}],"version-history":[{"count":2,"href":"https:\/\/billigpakke.no\/blog\/wp-json\/wp\/v2\/pages\/876\/revisions"}],"predecessor-version":[{"id":1521,"href":"https:\/\/billigpakke.no\/blog\/wp-json\/wp\/v2\/pages\/876\/revisions\/1521"}],"wp:attachment":[{"href":"https:\/\/billigpakke.no\/blog\/wp-json\/wp\/v2\/media?parent=876"}],"curies":[{"name":"wp","href":"https:\/\/api.w.org\/{rel}","templated":true}]}}