{"id":872,"date":"2024-05-05T09:23:15","date_gmt":"2024-05-05T06:30:24","guid":{"rendered":"https:\/\/billigpakke.no\/blog\/hvor-lang-tid-a-sende-pakke-i-norge\/"},"modified":"2024-05-05T09:23:15","modified_gmt":"2024-05-05T08:23:15","slug":"hvor-lang-tid-a-sende-pakke-i-norge","status":"publish","type":"page","link":"https:\/\/billigpakke.no\/blog\/hvor-lang-tid-a-sende-pakke-i-norge\/","title":{"rendered":"hvor lang tid \u00e5 sende pakke i norge?"},"content":{"rendered":"\n<p class=\"has-text-align-center\">Det kommer an p\u00e5 hvilken leveringsmetode du velger og hvor i landet pakken skal sendes. Vanligvis tar det 1-3 virkedager \u00e5 sende en pakke innenlands i Norge. Noen leverand\u00f8rer tilbyr ogs\u00e5 ekspresslevering for raskere leveringstid.<\/p>\n\n\n\n<div class=\"wp-block-buttons is-content-justification-center is-layout-flex wp-container-core-buttons-is-layout-16018d1d wp-block-buttons-is-layout-flex\">\n<div class=\"wp-block-button is-style-outline is-style-outline--1\"><a class=\"wp-block-button__link has-dark-gray-color has-yellow-background-color has-text-color has-background has-link-color wp-element-button\" href=\"https:\/\/billigpakke.no\">send pakkene dine billig her<\/a><\/div>\n<\/div>\n\n\n\n<p><\/p>\n\n\n\n<p class=\"has-text-align-center\">1. Hvor lang tid tar det vanligvis \u00e5 sende en pakke innenlands i Norge?<br \/>Svar: Vanligvis tar det 1-3 virkedager \u00e5 sende en pakke innenlands i Norge, avhengig av avsender og mottakers lokasjon.<br \/><br \/>2. Hvor lang tid tar det \u00e5 sende en pakke med ekspresslevering i Norge?<br \/>Svar: Med ekspresslevering kan en pakke vanligvis leveres innen 1-2 virkedager, avhengig av postleverand\u00f8ren og avstand.<br \/><br \/>3. Hvor lang tid tar det \u00e5 sende en pakke til de mest fjerntliggende omr\u00e5dene i Norge?<br \/>Svar: Til de mest fjerntliggende omr\u00e5dene i Norge kan det ta opptil 5 virkedager \u00e5 sende en pakke, avhengig av tilgjengeligheten av posttjenester og transportinfrastruktur.<\/p>\n","protected":false},"excerpt":{"rendered":"<p>Det kommer an p\u00e5 hvilken leveringsmetode du velger og hvor i landet pakken skal sendes. Vanligvis tar det 1-3 virkedager \u00e5 sende en pakke innenlands i Norge. Noen leverand\u00f8rer tilbyr ogs\u00e5 ekspresslevering for raskere leveringstid. 1. Hvor lang tid tar det vanligvis \u00e5 sende en pakke innenlands i Norge?Svar: Vanligvis tar det 1-3 virkedager \u00e5 &hellip; <a href=\"https:\/\/billigpakke.no\/blog\/hvor-lang-tid-a-sende-pakke-i-norge\/\" class=\"more-link\">Hald fram med \u00e5 lese<span class=\"screen-reader-text\"> \u00abhvor lang tid \u00e5 sende pakke i norge?\u00bb<\/span><\/a><\/p>\n","protected":false},"author":3,"featured_media":0,"parent":0,"menu_order":0,"comment_status":"closed","ping_status":"closed","template":"","meta":{"footnotes":""},"class_list":["post-872","page","type-page","status-publish","hentry"],"yoast_head":"<!-- This site is optimized with the Yoast SEO plugin v27.5 - https:\/\/yoast.com\/product\/yoast-seo-wordpress\/ -->\n<title>hvor lang tid \u00e5 sende pakke i norge? - BilligPakke.no<\/title>\n<meta name=\"description\" content=\"Hvor lang tid det tar \u00e5 sende en pakke i Norge avhenger av posttjenesten og destinasjonen. Vanligvis tar det 1-3 virkedager for innenlandske leveranser.\" \/>\n<meta name=\"robots\" content=\"index, follow, max-snippet:-1, max-image-preview:large, max-video-preview:-1\" \/>\n<link rel=\"canonical\" href=\"https:\/\/billigpakke.no\/blog\/hvor-lang-tid-a-sende-pakke-i-norge\/\" \/>\n<meta property=\"og:locale\" content=\"nn_NO\" \/>\n<meta property=\"og:type\" content=\"article\" \/>\n<meta property=\"og:title\" content=\"hvor lang tid \u00e5 sende pakke i norge? - BilligPakke.no\" \/>\n<meta property=\"og:description\" content=\"Hvor lang tid det tar \u00e5 sende en pakke i Norge avhenger av posttjenesten og destinasjonen. Vanligvis tar det 1-3 virkedager for innenlandske leveranser.\" \/>\n<meta property=\"og:url\" content=\"https:\/\/billigpakke.no\/blog\/hvor-lang-tid-a-sende-pakke-i-norge\/\" \/>\n<meta property=\"og:site_name\" content=\"BilligPakke.no\" \/>\n<meta property=\"article:modified_time\" content=\"2024-05-05T08:23:15+00:00\" \/>\n<meta name=\"twitter:card\" content=\"summary_large_image\" \/>\n<meta name=\"twitter:label1\" content=\"Est. reading time\" \/>\n\t<meta name=\"twitter:data1\" content=\"1 minutt\" \/>\n<script type=\"application\/ld+json\" class=\"yoast-schema-graph\">{\"@context\":\"https:\\\/\\\/schema.org\",\"@graph\":[{\"@type\":\"WebPage\",\"@id\":\"https:\\\/\\\/billigpakke.no\\\/blog\\\/hvor-lang-tid-a-sende-pakke-i-norge\\\/\",\"url\":\"https:\\\/\\\/billigpakke.no\\\/blog\\\/hvor-lang-tid-a-sende-pakke-i-norge\\\/\",\"name\":\"hvor lang tid \u00e5 sende pakke i norge? - BilligPakke.no\",\"isPartOf\":{\"@id\":\"https:\\\/\\\/billigpakke.no\\\/blog\\\/#website\"},\"datePublished\":\"2024-05-05T06:30:24+00:00\",\"dateModified\":\"2024-05-05T08:23:15+00:00\",\"description\":\"Hvor lang tid det tar \u00e5 sende en pakke i Norge avhenger av posttjenesten og destinasjonen. Vanligvis tar det 1-3 virkedager for innenlandske leveranser.\",\"breadcrumb\":{\"@id\":\"https:\\\/\\\/billigpakke.no\\\/blog\\\/hvor-lang-tid-a-sende-pakke-i-norge\\\/#breadcrumb\"},\"inLanguage\":\"nn-NO\",\"potentialAction\":[{\"@type\":\"ReadAction\",\"target\":[\"https:\\\/\\\/billigpakke.no\\\/blog\\\/hvor-lang-tid-a-sende-pakke-i-norge\\\/\"]}]},{\"@type\":\"BreadcrumbList\",\"@id\":\"https:\\\/\\\/billigpakke.no\\\/blog\\\/hvor-lang-tid-a-sende-pakke-i-norge\\\/#breadcrumb\",\"itemListElement\":[{\"@type\":\"ListItem\",\"position\":1,\"name\":\"Home\",\"item\":\"https:\\\/\\\/billigpakke.no\\\/blog\\\/\"},{\"@type\":\"ListItem\",\"position\":2,\"name\":\"hvor lang tid \u00e5 sende pakke i norge?\"}]},{\"@type\":\"WebSite\",\"@id\":\"https:\\\/\\\/billigpakke.no\\\/blog\\\/#website\",\"url\":\"https:\\\/\\\/billigpakke.no\\\/blog\\\/\",\"name\":\"BilligPakke.no\",\"description\":\"Billigpakke.no Blog\",\"publisher\":{\"@id\":\"https:\\\/\\\/billigpakke.no\\\/blog\\\/#organization\"},\"potentialAction\":[{\"@type\":\"SearchAction\",\"target\":{\"@type\":\"EntryPoint\",\"urlTemplate\":\"https:\\\/\\\/billigpakke.no\\\/blog\\\/?s={search_term_string}\"},\"query-input\":{\"@type\":\"PropertyValueSpecification\",\"valueRequired\":true,\"valueName\":\"search_term_string\"}}],\"inLanguage\":\"nn-NO\"},{\"@type\":\"Organization\",\"@id\":\"https:\\\/\\\/billigpakke.no\\\/blog\\\/#organization\",\"name\":\"BilligPakke.no\",\"url\":\"https:\\\/\\\/billigpakke.no\\\/blog\\\/\",\"logo\":{\"@type\":\"ImageObject\",\"inLanguage\":\"nn-NO\",\"@id\":\"https:\\\/\\\/billigpakke.no\\\/blog\\\/#\\\/schema\\\/logo\\\/image\\\/\",\"url\":\"https:\\\/\\\/billigpakke.no\\\/blog\\\/wp-content\\\/uploads\\\/2016\\\/10\\\/logo.png\",\"contentUrl\":\"https:\\\/\\\/billigpakke.no\\\/blog\\\/wp-content\\\/uploads\\\/2016\\\/10\\\/logo.png\",\"width\":185,\"height\":71,\"caption\":\"BilligPakke.no\"},\"image\":{\"@id\":\"https:\\\/\\\/billigpakke.no\\\/blog\\\/#\\\/schema\\\/logo\\\/image\\\/\"}}]}<\/script>\n<!-- \/ Yoast SEO plugin. -->","yoast_head_json":{"title":"hvor lang tid \u00e5 sende pakke i norge? - BilligPakke.no","description":"Hvor lang tid det tar \u00e5 sende en pakke i Norge avhenger av posttjenesten og destinasjonen. Vanligvis tar det 1-3 virkedager for innenlandske leveranser.","robots":{"index":"index","follow":"follow","max-snippet":"max-snippet:-1","max-image-preview":"max-image-preview:large","max-video-preview":"max-video-preview:-1"},"canonical":"https:\/\/billigpakke.no\/blog\/hvor-lang-tid-a-sende-pakke-i-norge\/","og_locale":"nn_NO","og_type":"article","og_title":"hvor lang tid \u00e5 sende pakke i norge? - BilligPakke.no","og_description":"Hvor lang tid det tar \u00e5 sende en pakke i Norge avhenger av posttjenesten og destinasjonen. Vanligvis tar det 1-3 virkedager for innenlandske leveranser.","og_url":"https:\/\/billigpakke.no\/blog\/hvor-lang-tid-a-sende-pakke-i-norge\/","og_site_name":"BilligPakke.no","article_modified_time":"2024-05-05T08:23:15+00:00","twitter_card":"summary_large_image","twitter_misc":{"Est. reading time":"1 minutt"},"schema":{"@context":"https:\/\/schema.org","@graph":[{"@type":"WebPage","@id":"https:\/\/billigpakke.no\/blog\/hvor-lang-tid-a-sende-pakke-i-norge\/","url":"https:\/\/billigpakke.no\/blog\/hvor-lang-tid-a-sende-pakke-i-norge\/","name":"hvor lang tid \u00e5 sende pakke i norge? - BilligPakke.no","isPartOf":{"@id":"https:\/\/billigpakke.no\/blog\/#website"},"datePublished":"2024-05-05T06:30:24+00:00","dateModified":"2024-05-05T08:23:15+00:00","description":"Hvor lang tid det tar \u00e5 sende en pakke i Norge avhenger av posttjenesten og destinasjonen. Vanligvis tar det 1-3 virkedager for innenlandske leveranser.","breadcrumb":{"@id":"https:\/\/billigpakke.no\/blog\/hvor-lang-tid-a-sende-pakke-i-norge\/#breadcrumb"},"inLanguage":"nn-NO","potentialAction":[{"@type":"ReadAction","target":["https:\/\/billigpakke.no\/blog\/hvor-lang-tid-a-sende-pakke-i-norge\/"]}]},{"@type":"BreadcrumbList","@id":"https:\/\/billigpakke.no\/blog\/hvor-lang-tid-a-sende-pakke-i-norge\/#breadcrumb","itemListElement":[{"@type":"ListItem","position":1,"name":"Home","item":"https:\/\/billigpakke.no\/blog\/"},{"@type":"ListItem","position":2,"name":"hvor lang tid \u00e5 sende pakke i norge?"}]},{"@type":"WebSite","@id":"https:\/\/billigpakke.no\/blog\/#website","url":"https:\/\/billigpakke.no\/blog\/","name":"BilligPakke.no","description":"Billigpakke.no Blog","publisher":{"@id":"https:\/\/billigpakke.no\/blog\/#organization"},"potentialAction":[{"@type":"SearchAction","target":{"@type":"EntryPoint","urlTemplate":"https:\/\/billigpakke.no\/blog\/?s={search_term_string}"},"query-input":{"@type":"PropertyValueSpecification","valueRequired":true,"valueName":"search_term_string"}}],"inLanguage":"nn-NO"},{"@type":"Organization","@id":"https:\/\/billigpakke.no\/blog\/#organization","name":"BilligPakke.no","url":"https:\/\/billigpakke.no\/blog\/","logo":{"@type":"ImageObject","inLanguage":"nn-NO","@id":"https:\/\/billigpakke.no\/blog\/#\/schema\/logo\/image\/","url":"https:\/\/billigpakke.no\/blog\/wp-content\/uploads\/2016\/10\/logo.png","contentUrl":"https:\/\/billigpakke.no\/blog\/wp-content\/uploads\/2016\/10\/logo.png","width":185,"height":71,"caption":"BilligPakke.no"},"image":{"@id":"https:\/\/billigpakke.no\/blog\/#\/schema\/logo\/image\/"}}]}},"_links":{"self":[{"href":"https:\/\/billigpakke.no\/blog\/wp-json\/wp\/v2\/pages\/872","targetHints":{"allow":["GET"]}}],"collection":[{"href":"https:\/\/billigpakke.no\/blog\/wp-json\/wp\/v2\/pages"}],"about":[{"href":"https:\/\/billigpakke.no\/blog\/wp-json\/wp\/v2\/types\/page"}],"author":[{"embeddable":true,"href":"https:\/\/billigpakke.no\/blog\/wp-json\/wp\/v2\/users\/3"}],"replies":[{"embeddable":true,"href":"https:\/\/billigpakke.no\/blog\/wp-json\/wp\/v2\/comments?post=872"}],"version-history":[{"count":2,"href":"https:\/\/billigpakke.no\/blog\/wp-json\/wp\/v2\/pages\/872\/revisions"}],"predecessor-version":[{"id":1517,"href":"https:\/\/billigpakke.no\/blog\/wp-json\/wp\/v2\/pages\/872\/revisions\/1517"}],"wp:attachment":[{"href":"https:\/\/billigpakke.no\/blog\/wp-json\/wp\/v2\/media?parent=872"}],"curies":[{"name":"wp","href":"https:\/\/api.w.org\/{rel}","templated":true}]}}