{"id":857,"date":"2024-05-05T09:23:14","date_gmt":"2024-05-05T06:30:23","guid":{"rendered":"https:\/\/billigpakke.no\/blog\/hvor-lang-tid-tar-det-a-sende-pakke-til-usa\/"},"modified":"2024-05-05T09:23:14","modified_gmt":"2024-05-05T08:23:14","slug":"hvor-lang-tid-tar-det-a-sende-pakke-til-usa","status":"publish","type":"page","link":"https:\/\/billigpakke.no\/blog\/hvor-lang-tid-tar-det-a-sende-pakke-til-usa\/","title":{"rendered":"hvor lang tid tar det \u00e5 sende pakke til usa?"},"content":{"rendered":"\n<p class=\"has-text-align-center\">Det kommer an p\u00e5 hvilken fraktmetode du velger og hvor i USA pakken skal sendes. Vanligvis tar det mellom 5-10 virkedager med vanlig internasjonal frakt, men det kan ogs\u00e5 ta lengre tid avhengig av ulike faktorer som tollbehandling og eventuelle forsinkelser. Det kan v\u00e6re lurt \u00e5 sjekke med fraktselskapet eller postkontoret for mer n\u00f8yaktig informasjon.<\/p>\n\n\n\n<div class=\"wp-block-buttons is-content-justification-center is-layout-flex wp-container-core-buttons-is-layout-16018d1d wp-block-buttons-is-layout-flex\">\n<div class=\"wp-block-button is-style-outline is-style-outline--1\"><a class=\"wp-block-button__link has-dark-gray-color has-yellow-background-color has-text-color has-background has-link-color wp-element-button\" href=\"https:\/\/billigpakke.no\">send pakkene dine billig her<\/a><\/div>\n<\/div>\n\n\n\n<p><\/p>\n\n\n\n<p class=\"has-text-align-center\">1. Hvor lang tid tar det vanligvis \u00e5 sende en pakke fra Norge til USA?<br \/>Svar: Det tar vanligvis mellom 5-10 virkedager \u00e5 sende en pakke fra Norge til USA, avhengig av fraktmetode og destinasjon.<br \/><br \/>2. Hva er den raskeste m\u00e5ten \u00e5 sende en pakke fra Norge til USA?<br \/>Svar: Den raskeste m\u00e5ten \u00e5 sende en pakke fra Norge til USA er gjennom ekspressfrakttjenester som DHL, FedEx eller UPS, som kan levere pakken p\u00e5 s\u00e5 lite som 1-3 virkedager.<br \/><br \/>3. Hva er de vanlige fraktkostnadene for \u00e5 sende en pakke fra Norge til USA?<br \/>Svar: De vanlige fraktkostnadene for \u00e5 sende en pakke fra Norge til USA varierer avhengig av vekt, st\u00f8rrelse og fraktmetode, men det kan typisk koste mellom 300-1000 kroner for standardfrakt og mer for ekspressfrakt.<\/p>\n","protected":false},"excerpt":{"rendered":"<p>Det kommer an p\u00e5 hvilken fraktmetode du velger og hvor i USA pakken skal sendes. Vanligvis tar det mellom 5-10 virkedager med vanlig internasjonal frakt, men det kan ogs\u00e5 ta lengre tid avhengig av ulike faktorer som tollbehandling og eventuelle forsinkelser. Det kan v\u00e6re lurt \u00e5 sjekke med fraktselskapet eller postkontoret for mer n\u00f8yaktig informasjon. &hellip; <a href=\"https:\/\/billigpakke.no\/blog\/hvor-lang-tid-tar-det-a-sende-pakke-til-usa\/\" class=\"more-link\">Hald fram med \u00e5 lese<span class=\"screen-reader-text\"> \u00abhvor lang tid tar det \u00e5 sende pakke til usa?\u00bb<\/span><\/a><\/p>\n","protected":false},"author":3,"featured_media":0,"parent":0,"menu_order":0,"comment_status":"closed","ping_status":"closed","template":"","meta":{"footnotes":""},"class_list":["post-857","page","type-page","status-publish","hentry"],"yoast_head":"<!-- This site is optimized with the Yoast SEO plugin v27.6 - https:\/\/yoast.com\/product\/yoast-seo-wordpress\/ -->\n<title>hvor lang tid tar det \u00e5 sende pakke til usa? - BilligPakke.no<\/title>\n<meta name=\"description\" content=\"Det tar vanligvis 5-10 virkedager \u00e5 sende en pakke til USA, avhengig av fraktmetode og destinasjon. V\u00e6r oppmerksom p\u00e5 toll og andre avgifter.\" \/>\n<meta name=\"robots\" content=\"index, follow, max-snippet:-1, max-image-preview:large, max-video-preview:-1\" \/>\n<link rel=\"canonical\" href=\"https:\/\/billigpakke.no\/blog\/hvor-lang-tid-tar-det-a-sende-pakke-til-usa\/\" \/>\n<meta property=\"og:locale\" content=\"nn_NO\" \/>\n<meta property=\"og:type\" content=\"article\" \/>\n<meta property=\"og:title\" content=\"hvor lang tid tar det \u00e5 sende pakke til usa? - BilligPakke.no\" \/>\n<meta property=\"og:description\" content=\"Det tar vanligvis 5-10 virkedager \u00e5 sende en pakke til USA, avhengig av fraktmetode og destinasjon. V\u00e6r oppmerksom p\u00e5 toll og andre avgifter.\" \/>\n<meta property=\"og:url\" content=\"https:\/\/billigpakke.no\/blog\/hvor-lang-tid-tar-det-a-sende-pakke-til-usa\/\" \/>\n<meta property=\"og:site_name\" content=\"BilligPakke.no\" \/>\n<meta property=\"article:modified_time\" content=\"2024-05-05T08:23:14+00:00\" \/>\n<meta name=\"twitter:card\" content=\"summary_large_image\" \/>\n<meta name=\"twitter:label1\" content=\"Est. reading time\" \/>\n\t<meta name=\"twitter:data1\" content=\"1 minutt\" \/>\n<script type=\"application\/ld+json\" class=\"yoast-schema-graph\">{\"@context\":\"https:\\\/\\\/schema.org\",\"@graph\":[{\"@type\":\"WebPage\",\"@id\":\"https:\\\/\\\/billigpakke.no\\\/blog\\\/hvor-lang-tid-tar-det-a-sende-pakke-til-usa\\\/\",\"url\":\"https:\\\/\\\/billigpakke.no\\\/blog\\\/hvor-lang-tid-tar-det-a-sende-pakke-til-usa\\\/\",\"name\":\"hvor lang tid tar det \u00e5 sende pakke til usa? - BilligPakke.no\",\"isPartOf\":{\"@id\":\"https:\\\/\\\/billigpakke.no\\\/blog\\\/#website\"},\"datePublished\":\"2024-05-05T06:30:23+00:00\",\"dateModified\":\"2024-05-05T08:23:14+00:00\",\"description\":\"Det tar vanligvis 5-10 virkedager \u00e5 sende en pakke til USA, avhengig av fraktmetode og destinasjon. V\u00e6r oppmerksom p\u00e5 toll og andre avgifter.\",\"breadcrumb\":{\"@id\":\"https:\\\/\\\/billigpakke.no\\\/blog\\\/hvor-lang-tid-tar-det-a-sende-pakke-til-usa\\\/#breadcrumb\"},\"inLanguage\":\"nn-NO\",\"potentialAction\":[{\"@type\":\"ReadAction\",\"target\":[\"https:\\\/\\\/billigpakke.no\\\/blog\\\/hvor-lang-tid-tar-det-a-sende-pakke-til-usa\\\/\"]}]},{\"@type\":\"BreadcrumbList\",\"@id\":\"https:\\\/\\\/billigpakke.no\\\/blog\\\/hvor-lang-tid-tar-det-a-sende-pakke-til-usa\\\/#breadcrumb\",\"itemListElement\":[{\"@type\":\"ListItem\",\"position\":1,\"name\":\"Home\",\"item\":\"https:\\\/\\\/billigpakke.no\\\/blog\\\/\"},{\"@type\":\"ListItem\",\"position\":2,\"name\":\"hvor lang tid tar det \u00e5 sende pakke til usa?\"}]},{\"@type\":\"WebSite\",\"@id\":\"https:\\\/\\\/billigpakke.no\\\/blog\\\/#website\",\"url\":\"https:\\\/\\\/billigpakke.no\\\/blog\\\/\",\"name\":\"BilligPakke.no\",\"description\":\"Billigpakke.no Blog\",\"publisher\":{\"@id\":\"https:\\\/\\\/billigpakke.no\\\/blog\\\/#organization\"},\"potentialAction\":[{\"@type\":\"SearchAction\",\"target\":{\"@type\":\"EntryPoint\",\"urlTemplate\":\"https:\\\/\\\/billigpakke.no\\\/blog\\\/?s={search_term_string}\"},\"query-input\":{\"@type\":\"PropertyValueSpecification\",\"valueRequired\":true,\"valueName\":\"search_term_string\"}}],\"inLanguage\":\"nn-NO\"},{\"@type\":\"Organization\",\"@id\":\"https:\\\/\\\/billigpakke.no\\\/blog\\\/#organization\",\"name\":\"BilligPakke.no\",\"url\":\"https:\\\/\\\/billigpakke.no\\\/blog\\\/\",\"logo\":{\"@type\":\"ImageObject\",\"inLanguage\":\"nn-NO\",\"@id\":\"https:\\\/\\\/billigpakke.no\\\/blog\\\/#\\\/schema\\\/logo\\\/image\\\/\",\"url\":\"https:\\\/\\\/billigpakke.no\\\/blog\\\/wp-content\\\/uploads\\\/2016\\\/10\\\/logo.png\",\"contentUrl\":\"https:\\\/\\\/billigpakke.no\\\/blog\\\/wp-content\\\/uploads\\\/2016\\\/10\\\/logo.png\",\"width\":185,\"height\":71,\"caption\":\"BilligPakke.no\"},\"image\":{\"@id\":\"https:\\\/\\\/billigpakke.no\\\/blog\\\/#\\\/schema\\\/logo\\\/image\\\/\"}}]}<\/script>\n<!-- \/ Yoast SEO plugin. -->","yoast_head_json":{"title":"hvor lang tid tar det \u00e5 sende pakke til usa? - BilligPakke.no","description":"Det tar vanligvis 5-10 virkedager \u00e5 sende en pakke til USA, avhengig av fraktmetode og destinasjon. V\u00e6r oppmerksom p\u00e5 toll og andre avgifter.","robots":{"index":"index","follow":"follow","max-snippet":"max-snippet:-1","max-image-preview":"max-image-preview:large","max-video-preview":"max-video-preview:-1"},"canonical":"https:\/\/billigpakke.no\/blog\/hvor-lang-tid-tar-det-a-sende-pakke-til-usa\/","og_locale":"nn_NO","og_type":"article","og_title":"hvor lang tid tar det \u00e5 sende pakke til usa? - BilligPakke.no","og_description":"Det tar vanligvis 5-10 virkedager \u00e5 sende en pakke til USA, avhengig av fraktmetode og destinasjon. V\u00e6r oppmerksom p\u00e5 toll og andre avgifter.","og_url":"https:\/\/billigpakke.no\/blog\/hvor-lang-tid-tar-det-a-sende-pakke-til-usa\/","og_site_name":"BilligPakke.no","article_modified_time":"2024-05-05T08:23:14+00:00","twitter_card":"summary_large_image","twitter_misc":{"Est. reading time":"1 minutt"},"schema":{"@context":"https:\/\/schema.org","@graph":[{"@type":"WebPage","@id":"https:\/\/billigpakke.no\/blog\/hvor-lang-tid-tar-det-a-sende-pakke-til-usa\/","url":"https:\/\/billigpakke.no\/blog\/hvor-lang-tid-tar-det-a-sende-pakke-til-usa\/","name":"hvor lang tid tar det \u00e5 sende pakke til usa? - BilligPakke.no","isPartOf":{"@id":"https:\/\/billigpakke.no\/blog\/#website"},"datePublished":"2024-05-05T06:30:23+00:00","dateModified":"2024-05-05T08:23:14+00:00","description":"Det tar vanligvis 5-10 virkedager \u00e5 sende en pakke til USA, avhengig av fraktmetode og destinasjon. V\u00e6r oppmerksom p\u00e5 toll og andre avgifter.","breadcrumb":{"@id":"https:\/\/billigpakke.no\/blog\/hvor-lang-tid-tar-det-a-sende-pakke-til-usa\/#breadcrumb"},"inLanguage":"nn-NO","potentialAction":[{"@type":"ReadAction","target":["https:\/\/billigpakke.no\/blog\/hvor-lang-tid-tar-det-a-sende-pakke-til-usa\/"]}]},{"@type":"BreadcrumbList","@id":"https:\/\/billigpakke.no\/blog\/hvor-lang-tid-tar-det-a-sende-pakke-til-usa\/#breadcrumb","itemListElement":[{"@type":"ListItem","position":1,"name":"Home","item":"https:\/\/billigpakke.no\/blog\/"},{"@type":"ListItem","position":2,"name":"hvor lang tid tar det \u00e5 sende pakke til usa?"}]},{"@type":"WebSite","@id":"https:\/\/billigpakke.no\/blog\/#website","url":"https:\/\/billigpakke.no\/blog\/","name":"BilligPakke.no","description":"Billigpakke.no Blog","publisher":{"@id":"https:\/\/billigpakke.no\/blog\/#organization"},"potentialAction":[{"@type":"SearchAction","target":{"@type":"EntryPoint","urlTemplate":"https:\/\/billigpakke.no\/blog\/?s={search_term_string}"},"query-input":{"@type":"PropertyValueSpecification","valueRequired":true,"valueName":"search_term_string"}}],"inLanguage":"nn-NO"},{"@type":"Organization","@id":"https:\/\/billigpakke.no\/blog\/#organization","name":"BilligPakke.no","url":"https:\/\/billigpakke.no\/blog\/","logo":{"@type":"ImageObject","inLanguage":"nn-NO","@id":"https:\/\/billigpakke.no\/blog\/#\/schema\/logo\/image\/","url":"https:\/\/billigpakke.no\/blog\/wp-content\/uploads\/2016\/10\/logo.png","contentUrl":"https:\/\/billigpakke.no\/blog\/wp-content\/uploads\/2016\/10\/logo.png","width":185,"height":71,"caption":"BilligPakke.no"},"image":{"@id":"https:\/\/billigpakke.no\/blog\/#\/schema\/logo\/image\/"}}]}},"_links":{"self":[{"href":"https:\/\/billigpakke.no\/blog\/wp-json\/wp\/v2\/pages\/857","targetHints":{"allow":["GET"]}}],"collection":[{"href":"https:\/\/billigpakke.no\/blog\/wp-json\/wp\/v2\/pages"}],"about":[{"href":"https:\/\/billigpakke.no\/blog\/wp-json\/wp\/v2\/types\/page"}],"author":[{"embeddable":true,"href":"https:\/\/billigpakke.no\/blog\/wp-json\/wp\/v2\/users\/3"}],"replies":[{"embeddable":true,"href":"https:\/\/billigpakke.no\/blog\/wp-json\/wp\/v2\/comments?post=857"}],"version-history":[{"count":2,"href":"https:\/\/billigpakke.no\/blog\/wp-json\/wp\/v2\/pages\/857\/revisions"}],"predecessor-version":[{"id":1502,"href":"https:\/\/billigpakke.no\/blog\/wp-json\/wp\/v2\/pages\/857\/revisions\/1502"}],"wp:attachment":[{"href":"https:\/\/billigpakke.no\/blog\/wp-json\/wp\/v2\/media?parent=857"}],"curies":[{"name":"wp","href":"https:\/\/api.w.org\/{rel}","templated":true}]}}