{"id":850,"date":"2024-05-05T09:23:13","date_gmt":"2024-05-05T06:30:22","guid":{"rendered":"https:\/\/billigpakke.no\/blog\/hvor-lang-tid-tar-det-a-sende-pakke-fra-england\/"},"modified":"2024-05-05T09:23:13","modified_gmt":"2024-05-05T08:23:13","slug":"hvor-lang-tid-tar-det-a-sende-pakke-fra-england","status":"publish","type":"page","link":"https:\/\/billigpakke.no\/blog\/hvor-lang-tid-tar-det-a-sende-pakke-fra-england\/","title":{"rendered":"hvor lang tid tar det \u00e5 sende pakke fra england?"},"content":{"rendered":"\n<p class=\"has-text-align-center\">Det kommer an p\u00e5 hvilken fraktmetode du velger og hvor i England pakken skal sendes fra. Vanligvis tar det mellom 3-7 virkedager med standard frakt, men det kan ogs\u00e5 v\u00e6re mulig \u00e5 velge ekspressfrakt for raskere levering. Det beste er \u00e5 sjekke med fraktselskapet eller postkontoret for n\u00f8yaktig leveringstid.<\/p>\n\n\n\n<div class=\"wp-block-buttons is-content-justification-center is-layout-flex wp-container-core-buttons-is-layout-16018d1d wp-block-buttons-is-layout-flex\">\n<div class=\"wp-block-button is-style-outline is-style-outline--1\"><a class=\"wp-block-button__link has-dark-gray-color has-yellow-background-color has-text-color has-background has-link-color wp-element-button\" href=\"https:\/\/billigpakke.no\">send pakkene dine billig her<\/a><\/div>\n<\/div>\n\n\n\n<p><\/p>\n\n\n\n<p class=\"has-text-align-center\">1. Hvor lang tid tar det vanligvis \u00e5 sende en pakke fra England til Norge?<br \/>Svar: Det tar vanligvis 3-5 virkedager \u00e5 sende en pakke fra England til Norge med vanlig posttjeneste.<br \/><br \/>2. Hva er den gjennomsnittlige leveringstiden for pakker sendt fra England til Norge med ekspresslevering?<br \/>Svar: Med ekspresslevering kan pakker sendt fra England til Norge vanligvis leveres innen 1-3 virkedager.<br \/><br \/>3. Hvilke faktorer kan p\u00e5virke leveringstiden for pakker sendt fra England til Norge?<br \/>Svar: Faktorer som kan p\u00e5virke leveringstiden inkluderer v\u00e6rforhold, tollbehandling, og eventuelle transportproblemer.<\/p>\n","protected":false},"excerpt":{"rendered":"<p>Det kommer an p\u00e5 hvilken fraktmetode du velger og hvor i England pakken skal sendes fra. Vanligvis tar det mellom 3-7 virkedager med standard frakt, men det kan ogs\u00e5 v\u00e6re mulig \u00e5 velge ekspressfrakt for raskere levering. Det beste er \u00e5 sjekke med fraktselskapet eller postkontoret for n\u00f8yaktig leveringstid. 1. Hvor lang tid tar det &hellip; <a href=\"https:\/\/billigpakke.no\/blog\/hvor-lang-tid-tar-det-a-sende-pakke-fra-england\/\" class=\"more-link\">Hald fram med \u00e5 lese<span class=\"screen-reader-text\"> \u00abhvor lang tid tar det \u00e5 sende pakke fra england?\u00bb<\/span><\/a><\/p>\n","protected":false},"author":3,"featured_media":0,"parent":0,"menu_order":0,"comment_status":"closed","ping_status":"closed","template":"","meta":{"footnotes":""},"class_list":["post-850","page","type-page","status-publish","hentry"],"yoast_head":"<!-- This site is optimized with the Yoast SEO plugin v27.5 - https:\/\/yoast.com\/product\/yoast-seo-wordpress\/ -->\n<title>hvor lang tid tar det \u00e5 sende pakke fra england? - BilligPakke.no<\/title>\n<meta name=\"description\" content=\"Det tar vanligvis 3-5 virkedager \u00e5 sende en pakke fra England til Norge, avhengig av fraktmetode og leverand\u00f8r.\" \/>\n<meta name=\"robots\" content=\"index, follow, max-snippet:-1, max-image-preview:large, max-video-preview:-1\" \/>\n<link rel=\"canonical\" href=\"https:\/\/billigpakke.no\/blog\/hvor-lang-tid-tar-det-a-sende-pakke-fra-england\/\" \/>\n<meta property=\"og:locale\" content=\"nn_NO\" \/>\n<meta property=\"og:type\" content=\"article\" \/>\n<meta property=\"og:title\" content=\"hvor lang tid tar det \u00e5 sende pakke fra england? - BilligPakke.no\" \/>\n<meta property=\"og:description\" content=\"Det tar vanligvis 3-5 virkedager \u00e5 sende en pakke fra England til Norge, avhengig av fraktmetode og leverand\u00f8r.\" \/>\n<meta property=\"og:url\" content=\"https:\/\/billigpakke.no\/blog\/hvor-lang-tid-tar-det-a-sende-pakke-fra-england\/\" \/>\n<meta property=\"og:site_name\" content=\"BilligPakke.no\" \/>\n<meta property=\"article:modified_time\" content=\"2024-05-05T08:23:13+00:00\" \/>\n<meta name=\"twitter:card\" content=\"summary_large_image\" \/>\n<meta name=\"twitter:label1\" content=\"Est. reading time\" \/>\n\t<meta name=\"twitter:data1\" content=\"1 minutt\" \/>\n<script type=\"application\/ld+json\" class=\"yoast-schema-graph\">{\"@context\":\"https:\\\/\\\/schema.org\",\"@graph\":[{\"@type\":\"WebPage\",\"@id\":\"https:\\\/\\\/billigpakke.no\\\/blog\\\/hvor-lang-tid-tar-det-a-sende-pakke-fra-england\\\/\",\"url\":\"https:\\\/\\\/billigpakke.no\\\/blog\\\/hvor-lang-tid-tar-det-a-sende-pakke-fra-england\\\/\",\"name\":\"hvor lang tid tar det \u00e5 sende pakke fra england? - BilligPakke.no\",\"isPartOf\":{\"@id\":\"https:\\\/\\\/billigpakke.no\\\/blog\\\/#website\"},\"datePublished\":\"2024-05-05T06:30:22+00:00\",\"dateModified\":\"2024-05-05T08:23:13+00:00\",\"description\":\"Det tar vanligvis 3-5 virkedager \u00e5 sende en pakke fra England til Norge, avhengig av fraktmetode og leverand\u00f8r.\",\"breadcrumb\":{\"@id\":\"https:\\\/\\\/billigpakke.no\\\/blog\\\/hvor-lang-tid-tar-det-a-sende-pakke-fra-england\\\/#breadcrumb\"},\"inLanguage\":\"nn-NO\",\"potentialAction\":[{\"@type\":\"ReadAction\",\"target\":[\"https:\\\/\\\/billigpakke.no\\\/blog\\\/hvor-lang-tid-tar-det-a-sende-pakke-fra-england\\\/\"]}]},{\"@type\":\"BreadcrumbList\",\"@id\":\"https:\\\/\\\/billigpakke.no\\\/blog\\\/hvor-lang-tid-tar-det-a-sende-pakke-fra-england\\\/#breadcrumb\",\"itemListElement\":[{\"@type\":\"ListItem\",\"position\":1,\"name\":\"Home\",\"item\":\"https:\\\/\\\/billigpakke.no\\\/blog\\\/\"},{\"@type\":\"ListItem\",\"position\":2,\"name\":\"hvor lang tid tar det \u00e5 sende pakke fra england?\"}]},{\"@type\":\"WebSite\",\"@id\":\"https:\\\/\\\/billigpakke.no\\\/blog\\\/#website\",\"url\":\"https:\\\/\\\/billigpakke.no\\\/blog\\\/\",\"name\":\"BilligPakke.no\",\"description\":\"Billigpakke.no Blog\",\"publisher\":{\"@id\":\"https:\\\/\\\/billigpakke.no\\\/blog\\\/#organization\"},\"potentialAction\":[{\"@type\":\"SearchAction\",\"target\":{\"@type\":\"EntryPoint\",\"urlTemplate\":\"https:\\\/\\\/billigpakke.no\\\/blog\\\/?s={search_term_string}\"},\"query-input\":{\"@type\":\"PropertyValueSpecification\",\"valueRequired\":true,\"valueName\":\"search_term_string\"}}],\"inLanguage\":\"nn-NO\"},{\"@type\":\"Organization\",\"@id\":\"https:\\\/\\\/billigpakke.no\\\/blog\\\/#organization\",\"name\":\"BilligPakke.no\",\"url\":\"https:\\\/\\\/billigpakke.no\\\/blog\\\/\",\"logo\":{\"@type\":\"ImageObject\",\"inLanguage\":\"nn-NO\",\"@id\":\"https:\\\/\\\/billigpakke.no\\\/blog\\\/#\\\/schema\\\/logo\\\/image\\\/\",\"url\":\"https:\\\/\\\/billigpakke.no\\\/blog\\\/wp-content\\\/uploads\\\/2016\\\/10\\\/logo.png\",\"contentUrl\":\"https:\\\/\\\/billigpakke.no\\\/blog\\\/wp-content\\\/uploads\\\/2016\\\/10\\\/logo.png\",\"width\":185,\"height\":71,\"caption\":\"BilligPakke.no\"},\"image\":{\"@id\":\"https:\\\/\\\/billigpakke.no\\\/blog\\\/#\\\/schema\\\/logo\\\/image\\\/\"}}]}<\/script>\n<!-- \/ Yoast SEO plugin. -->","yoast_head_json":{"title":"hvor lang tid tar det \u00e5 sende pakke fra england? - BilligPakke.no","description":"Det tar vanligvis 3-5 virkedager \u00e5 sende en pakke fra England til Norge, avhengig av fraktmetode og leverand\u00f8r.","robots":{"index":"index","follow":"follow","max-snippet":"max-snippet:-1","max-image-preview":"max-image-preview:large","max-video-preview":"max-video-preview:-1"},"canonical":"https:\/\/billigpakke.no\/blog\/hvor-lang-tid-tar-det-a-sende-pakke-fra-england\/","og_locale":"nn_NO","og_type":"article","og_title":"hvor lang tid tar det \u00e5 sende pakke fra england? - BilligPakke.no","og_description":"Det tar vanligvis 3-5 virkedager \u00e5 sende en pakke fra England til Norge, avhengig av fraktmetode og leverand\u00f8r.","og_url":"https:\/\/billigpakke.no\/blog\/hvor-lang-tid-tar-det-a-sende-pakke-fra-england\/","og_site_name":"BilligPakke.no","article_modified_time":"2024-05-05T08:23:13+00:00","twitter_card":"summary_large_image","twitter_misc":{"Est. reading time":"1 minutt"},"schema":{"@context":"https:\/\/schema.org","@graph":[{"@type":"WebPage","@id":"https:\/\/billigpakke.no\/blog\/hvor-lang-tid-tar-det-a-sende-pakke-fra-england\/","url":"https:\/\/billigpakke.no\/blog\/hvor-lang-tid-tar-det-a-sende-pakke-fra-england\/","name":"hvor lang tid tar det \u00e5 sende pakke fra england? - BilligPakke.no","isPartOf":{"@id":"https:\/\/billigpakke.no\/blog\/#website"},"datePublished":"2024-05-05T06:30:22+00:00","dateModified":"2024-05-05T08:23:13+00:00","description":"Det tar vanligvis 3-5 virkedager \u00e5 sende en pakke fra England til Norge, avhengig av fraktmetode og leverand\u00f8r.","breadcrumb":{"@id":"https:\/\/billigpakke.no\/blog\/hvor-lang-tid-tar-det-a-sende-pakke-fra-england\/#breadcrumb"},"inLanguage":"nn-NO","potentialAction":[{"@type":"ReadAction","target":["https:\/\/billigpakke.no\/blog\/hvor-lang-tid-tar-det-a-sende-pakke-fra-england\/"]}]},{"@type":"BreadcrumbList","@id":"https:\/\/billigpakke.no\/blog\/hvor-lang-tid-tar-det-a-sende-pakke-fra-england\/#breadcrumb","itemListElement":[{"@type":"ListItem","position":1,"name":"Home","item":"https:\/\/billigpakke.no\/blog\/"},{"@type":"ListItem","position":2,"name":"hvor lang tid tar det \u00e5 sende pakke fra england?"}]},{"@type":"WebSite","@id":"https:\/\/billigpakke.no\/blog\/#website","url":"https:\/\/billigpakke.no\/blog\/","name":"BilligPakke.no","description":"Billigpakke.no Blog","publisher":{"@id":"https:\/\/billigpakke.no\/blog\/#organization"},"potentialAction":[{"@type":"SearchAction","target":{"@type":"EntryPoint","urlTemplate":"https:\/\/billigpakke.no\/blog\/?s={search_term_string}"},"query-input":{"@type":"PropertyValueSpecification","valueRequired":true,"valueName":"search_term_string"}}],"inLanguage":"nn-NO"},{"@type":"Organization","@id":"https:\/\/billigpakke.no\/blog\/#organization","name":"BilligPakke.no","url":"https:\/\/billigpakke.no\/blog\/","logo":{"@type":"ImageObject","inLanguage":"nn-NO","@id":"https:\/\/billigpakke.no\/blog\/#\/schema\/logo\/image\/","url":"https:\/\/billigpakke.no\/blog\/wp-content\/uploads\/2016\/10\/logo.png","contentUrl":"https:\/\/billigpakke.no\/blog\/wp-content\/uploads\/2016\/10\/logo.png","width":185,"height":71,"caption":"BilligPakke.no"},"image":{"@id":"https:\/\/billigpakke.no\/blog\/#\/schema\/logo\/image\/"}}]}},"_links":{"self":[{"href":"https:\/\/billigpakke.no\/blog\/wp-json\/wp\/v2\/pages\/850","targetHints":{"allow":["GET"]}}],"collection":[{"href":"https:\/\/billigpakke.no\/blog\/wp-json\/wp\/v2\/pages"}],"about":[{"href":"https:\/\/billigpakke.no\/blog\/wp-json\/wp\/v2\/types\/page"}],"author":[{"embeddable":true,"href":"https:\/\/billigpakke.no\/blog\/wp-json\/wp\/v2\/users\/3"}],"replies":[{"embeddable":true,"href":"https:\/\/billigpakke.no\/blog\/wp-json\/wp\/v2\/comments?post=850"}],"version-history":[{"count":2,"href":"https:\/\/billigpakke.no\/blog\/wp-json\/wp\/v2\/pages\/850\/revisions"}],"predecessor-version":[{"id":1495,"href":"https:\/\/billigpakke.no\/blog\/wp-json\/wp\/v2\/pages\/850\/revisions\/1495"}],"wp:attachment":[{"href":"https:\/\/billigpakke.no\/blog\/wp-json\/wp\/v2\/media?parent=850"}],"curies":[{"name":"wp","href":"https:\/\/api.w.org\/{rel}","templated":true}]}}