{"id":843,"date":"2024-05-05T09:23:13","date_gmt":"2024-05-05T06:30:22","guid":{"rendered":"https:\/\/billigpakke.no\/blog\/hvor-lang-tid-tar-det-a-fa-pakke-fra-eish\/"},"modified":"2024-05-05T09:23:13","modified_gmt":"2024-05-05T08:23:13","slug":"hvor-lang-tid-tar-det-a-fa-pakke-fra-eish","status":"publish","type":"page","link":"https:\/\/billigpakke.no\/blog\/hvor-lang-tid-tar-det-a-fa-pakke-fra-eish\/","title":{"rendered":"hvor lang tid tar det \u00e5 f\u00e5 pakke fra eish?"},"content":{"rendered":"\n<p class=\"has-text-align-center\">Det kommer an p\u00e5 hvor i Norge du bor og hvilken leveringsmetode du velger. Vanligvis tar det 1-3 virkedager \u00e5 f\u00e5 en pakke fra Eish hvis du velger standard levering. Hvis du velger ekspresslevering, kan du f\u00e5 pakken enda raskere.<\/p>\n\n\n\n<div class=\"wp-block-buttons is-content-justification-center is-layout-flex wp-container-core-buttons-is-layout-16018d1d wp-block-buttons-is-layout-flex\">\n<div class=\"wp-block-button is-style-outline is-style-outline--1\"><a class=\"wp-block-button__link has-dark-gray-color has-yellow-background-color has-text-color has-background has-link-color wp-element-button\" href=\"https:\/\/billigpakke.no\">send pakkene dine billig her<\/a><\/div>\n<\/div>\n\n\n\n<p><\/p>\n\n\n\n<p class=\"has-text-align-center\">1. Hvor lang tid tar det vanligvis \u00e5 f\u00e5 en pakke fra Eish?<br \/>Svar: Leveringstiden fra Eish avhenger av valgt leveringsmetode og destinasjon. Vanligvis tar det 1-3 virkedager for levering i Norge.<br \/><br \/>2. Hva er den lengste ventetiden man kan forvente for en pakke fra Eish?<br \/>Svar: Den lengste ventetiden for en pakke fra Eish vil v\u00e6re avhengig av ulike faktorer som for eksempel v\u00e6rforhold, h\u00f8ytider og eventuelle forsinkelser hos transport\u00f8rer. Generelt sett kan man forvente at den lengste ventetiden vil v\u00e6re innen 5-7 virkedager.<br \/><br \/>3. Hva kan jeg gj\u00f8re hvis jeg ikke har mottatt pakken min innen forventet leveringstid fra Eish?<br \/>Svar: Hvis du ikke har mottatt pakken innen forventet leveringstid, b\u00f8r du kontakte Eish kundeservice for \u00e5 f\u00e5 oppdatert informasjon om leveringen. De vil kunne hjelpe deg med \u00e5 spore pakken og eventuelt gi deg mer informasjon om eventuelle forsinkelser.<\/p>\n","protected":false},"excerpt":{"rendered":"<p>Det kommer an p\u00e5 hvor i Norge du bor og hvilken leveringsmetode du velger. Vanligvis tar det 1-3 virkedager \u00e5 f\u00e5 en pakke fra Eish hvis du velger standard levering. Hvis du velger ekspresslevering, kan du f\u00e5 pakken enda raskere. 1. Hvor lang tid tar det vanligvis \u00e5 f\u00e5 en pakke fra Eish?Svar: Leveringstiden fra &hellip; <a href=\"https:\/\/billigpakke.no\/blog\/hvor-lang-tid-tar-det-a-fa-pakke-fra-eish\/\" class=\"more-link\">Hald fram med \u00e5 lese<span class=\"screen-reader-text\"> \u00abhvor lang tid tar det \u00e5 f\u00e5 pakke fra eish?\u00bb<\/span><\/a><\/p>\n","protected":false},"author":3,"featured_media":0,"parent":0,"menu_order":0,"comment_status":"closed","ping_status":"closed","template":"","meta":{"footnotes":""},"class_list":["post-843","page","type-page","status-publish","hentry"],"yoast_head":"<!-- This site is optimized with the Yoast SEO plugin v27.4 - https:\/\/yoast.com\/product\/yoast-seo-wordpress\/ -->\n<title>hvor lang tid tar det \u00e5 f\u00e5 pakke fra eish? - BilligPakke.no<\/title>\n<meta name=\"description\" content=\"Det tar vanligvis 3-5 virkedager \u00e5 f\u00e5 pakke fra Eish, avhengig av leveringsmetode og destinasjon.\" \/>\n<meta name=\"robots\" content=\"index, follow, max-snippet:-1, max-image-preview:large, max-video-preview:-1\" \/>\n<link rel=\"canonical\" href=\"https:\/\/billigpakke.no\/blog\/hvor-lang-tid-tar-det-a-fa-pakke-fra-eish\/\" \/>\n<meta property=\"og:locale\" content=\"nn_NO\" \/>\n<meta property=\"og:type\" content=\"article\" \/>\n<meta property=\"og:title\" content=\"hvor lang tid tar det \u00e5 f\u00e5 pakke fra eish? - BilligPakke.no\" \/>\n<meta property=\"og:description\" content=\"Det tar vanligvis 3-5 virkedager \u00e5 f\u00e5 pakke fra Eish, avhengig av leveringsmetode og destinasjon.\" \/>\n<meta property=\"og:url\" content=\"https:\/\/billigpakke.no\/blog\/hvor-lang-tid-tar-det-a-fa-pakke-fra-eish\/\" \/>\n<meta property=\"og:site_name\" content=\"BilligPakke.no\" \/>\n<meta property=\"article:modified_time\" content=\"2024-05-05T08:23:13+00:00\" \/>\n<meta name=\"twitter:card\" content=\"summary_large_image\" \/>\n<meta name=\"twitter:label1\" content=\"Est. reading time\" \/>\n\t<meta name=\"twitter:data1\" content=\"1 minutt\" \/>\n<script type=\"application\/ld+json\" class=\"yoast-schema-graph\">{\"@context\":\"https:\\\/\\\/schema.org\",\"@graph\":[{\"@type\":\"WebPage\",\"@id\":\"https:\\\/\\\/billigpakke.no\\\/blog\\\/hvor-lang-tid-tar-det-a-fa-pakke-fra-eish\\\/\",\"url\":\"https:\\\/\\\/billigpakke.no\\\/blog\\\/hvor-lang-tid-tar-det-a-fa-pakke-fra-eish\\\/\",\"name\":\"hvor lang tid tar det \u00e5 f\u00e5 pakke fra eish? - BilligPakke.no\",\"isPartOf\":{\"@id\":\"https:\\\/\\\/billigpakke.no\\\/blog\\\/#website\"},\"datePublished\":\"2024-05-05T06:30:22+00:00\",\"dateModified\":\"2024-05-05T08:23:13+00:00\",\"description\":\"Det tar vanligvis 3-5 virkedager \u00e5 f\u00e5 pakke fra Eish, avhengig av leveringsmetode og destinasjon.\",\"breadcrumb\":{\"@id\":\"https:\\\/\\\/billigpakke.no\\\/blog\\\/hvor-lang-tid-tar-det-a-fa-pakke-fra-eish\\\/#breadcrumb\"},\"inLanguage\":\"nn-NO\",\"potentialAction\":[{\"@type\":\"ReadAction\",\"target\":[\"https:\\\/\\\/billigpakke.no\\\/blog\\\/hvor-lang-tid-tar-det-a-fa-pakke-fra-eish\\\/\"]}]},{\"@type\":\"BreadcrumbList\",\"@id\":\"https:\\\/\\\/billigpakke.no\\\/blog\\\/hvor-lang-tid-tar-det-a-fa-pakke-fra-eish\\\/#breadcrumb\",\"itemListElement\":[{\"@type\":\"ListItem\",\"position\":1,\"name\":\"Home\",\"item\":\"https:\\\/\\\/billigpakke.no\\\/blog\\\/\"},{\"@type\":\"ListItem\",\"position\":2,\"name\":\"hvor lang tid tar det \u00e5 f\u00e5 pakke fra eish?\"}]},{\"@type\":\"WebSite\",\"@id\":\"https:\\\/\\\/billigpakke.no\\\/blog\\\/#website\",\"url\":\"https:\\\/\\\/billigpakke.no\\\/blog\\\/\",\"name\":\"BilligPakke.no\",\"description\":\"Billigpakke.no Blog\",\"publisher\":{\"@id\":\"https:\\\/\\\/billigpakke.no\\\/blog\\\/#organization\"},\"potentialAction\":[{\"@type\":\"SearchAction\",\"target\":{\"@type\":\"EntryPoint\",\"urlTemplate\":\"https:\\\/\\\/billigpakke.no\\\/blog\\\/?s={search_term_string}\"},\"query-input\":{\"@type\":\"PropertyValueSpecification\",\"valueRequired\":true,\"valueName\":\"search_term_string\"}}],\"inLanguage\":\"nn-NO\"},{\"@type\":\"Organization\",\"@id\":\"https:\\\/\\\/billigpakke.no\\\/blog\\\/#organization\",\"name\":\"BilligPakke.no\",\"url\":\"https:\\\/\\\/billigpakke.no\\\/blog\\\/\",\"logo\":{\"@type\":\"ImageObject\",\"inLanguage\":\"nn-NO\",\"@id\":\"https:\\\/\\\/billigpakke.no\\\/blog\\\/#\\\/schema\\\/logo\\\/image\\\/\",\"url\":\"https:\\\/\\\/billigpakke.no\\\/blog\\\/wp-content\\\/uploads\\\/2016\\\/10\\\/logo.png\",\"contentUrl\":\"https:\\\/\\\/billigpakke.no\\\/blog\\\/wp-content\\\/uploads\\\/2016\\\/10\\\/logo.png\",\"width\":185,\"height\":71,\"caption\":\"BilligPakke.no\"},\"image\":{\"@id\":\"https:\\\/\\\/billigpakke.no\\\/blog\\\/#\\\/schema\\\/logo\\\/image\\\/\"}}]}<\/script>\n<!-- \/ Yoast SEO plugin. -->","yoast_head_json":{"title":"hvor lang tid tar det \u00e5 f\u00e5 pakke fra eish? - BilligPakke.no","description":"Det tar vanligvis 3-5 virkedager \u00e5 f\u00e5 pakke fra Eish, avhengig av leveringsmetode og destinasjon.","robots":{"index":"index","follow":"follow","max-snippet":"max-snippet:-1","max-image-preview":"max-image-preview:large","max-video-preview":"max-video-preview:-1"},"canonical":"https:\/\/billigpakke.no\/blog\/hvor-lang-tid-tar-det-a-fa-pakke-fra-eish\/","og_locale":"nn_NO","og_type":"article","og_title":"hvor lang tid tar det \u00e5 f\u00e5 pakke fra eish? - BilligPakke.no","og_description":"Det tar vanligvis 3-5 virkedager \u00e5 f\u00e5 pakke fra Eish, avhengig av leveringsmetode og destinasjon.","og_url":"https:\/\/billigpakke.no\/blog\/hvor-lang-tid-tar-det-a-fa-pakke-fra-eish\/","og_site_name":"BilligPakke.no","article_modified_time":"2024-05-05T08:23:13+00:00","twitter_card":"summary_large_image","twitter_misc":{"Est. reading time":"1 minutt"},"schema":{"@context":"https:\/\/schema.org","@graph":[{"@type":"WebPage","@id":"https:\/\/billigpakke.no\/blog\/hvor-lang-tid-tar-det-a-fa-pakke-fra-eish\/","url":"https:\/\/billigpakke.no\/blog\/hvor-lang-tid-tar-det-a-fa-pakke-fra-eish\/","name":"hvor lang tid tar det \u00e5 f\u00e5 pakke fra eish? - BilligPakke.no","isPartOf":{"@id":"https:\/\/billigpakke.no\/blog\/#website"},"datePublished":"2024-05-05T06:30:22+00:00","dateModified":"2024-05-05T08:23:13+00:00","description":"Det tar vanligvis 3-5 virkedager \u00e5 f\u00e5 pakke fra Eish, avhengig av leveringsmetode og destinasjon.","breadcrumb":{"@id":"https:\/\/billigpakke.no\/blog\/hvor-lang-tid-tar-det-a-fa-pakke-fra-eish\/#breadcrumb"},"inLanguage":"nn-NO","potentialAction":[{"@type":"ReadAction","target":["https:\/\/billigpakke.no\/blog\/hvor-lang-tid-tar-det-a-fa-pakke-fra-eish\/"]}]},{"@type":"BreadcrumbList","@id":"https:\/\/billigpakke.no\/blog\/hvor-lang-tid-tar-det-a-fa-pakke-fra-eish\/#breadcrumb","itemListElement":[{"@type":"ListItem","position":1,"name":"Home","item":"https:\/\/billigpakke.no\/blog\/"},{"@type":"ListItem","position":2,"name":"hvor lang tid tar det \u00e5 f\u00e5 pakke fra eish?"}]},{"@type":"WebSite","@id":"https:\/\/billigpakke.no\/blog\/#website","url":"https:\/\/billigpakke.no\/blog\/","name":"BilligPakke.no","description":"Billigpakke.no Blog","publisher":{"@id":"https:\/\/billigpakke.no\/blog\/#organization"},"potentialAction":[{"@type":"SearchAction","target":{"@type":"EntryPoint","urlTemplate":"https:\/\/billigpakke.no\/blog\/?s={search_term_string}"},"query-input":{"@type":"PropertyValueSpecification","valueRequired":true,"valueName":"search_term_string"}}],"inLanguage":"nn-NO"},{"@type":"Organization","@id":"https:\/\/billigpakke.no\/blog\/#organization","name":"BilligPakke.no","url":"https:\/\/billigpakke.no\/blog\/","logo":{"@type":"ImageObject","inLanguage":"nn-NO","@id":"https:\/\/billigpakke.no\/blog\/#\/schema\/logo\/image\/","url":"https:\/\/billigpakke.no\/blog\/wp-content\/uploads\/2016\/10\/logo.png","contentUrl":"https:\/\/billigpakke.no\/blog\/wp-content\/uploads\/2016\/10\/logo.png","width":185,"height":71,"caption":"BilligPakke.no"},"image":{"@id":"https:\/\/billigpakke.no\/blog\/#\/schema\/logo\/image\/"}}]}},"_links":{"self":[{"href":"https:\/\/billigpakke.no\/blog\/wp-json\/wp\/v2\/pages\/843","targetHints":{"allow":["GET"]}}],"collection":[{"href":"https:\/\/billigpakke.no\/blog\/wp-json\/wp\/v2\/pages"}],"about":[{"href":"https:\/\/billigpakke.no\/blog\/wp-json\/wp\/v2\/types\/page"}],"author":[{"embeddable":true,"href":"https:\/\/billigpakke.no\/blog\/wp-json\/wp\/v2\/users\/3"}],"replies":[{"embeddable":true,"href":"https:\/\/billigpakke.no\/blog\/wp-json\/wp\/v2\/comments?post=843"}],"version-history":[{"count":2,"href":"https:\/\/billigpakke.no\/blog\/wp-json\/wp\/v2\/pages\/843\/revisions"}],"predecessor-version":[{"id":1488,"href":"https:\/\/billigpakke.no\/blog\/wp-json\/wp\/v2\/pages\/843\/revisions\/1488"}],"wp:attachment":[{"href":"https:\/\/billigpakke.no\/blog\/wp-json\/wp\/v2\/media?parent=843"}],"curies":[{"name":"wp","href":"https:\/\/api.w.org\/{rel}","templated":true}]}}