{"id":841,"date":"2024-05-05T09:23:13","date_gmt":"2024-05-05T06:30:22","guid":{"rendered":"https:\/\/billigpakke.no\/blog\/hvor-lang-tid-tar-a-levere-pakke-via-posten\/"},"modified":"2024-05-05T09:23:13","modified_gmt":"2024-05-05T08:23:13","slug":"hvor-lang-tid-tar-a-levere-pakke-via-posten","status":"publish","type":"page","link":"https:\/\/billigpakke.no\/blog\/hvor-lang-tid-tar-a-levere-pakke-via-posten\/","title":{"rendered":"hvor lang tid tar \u00e5 levere pakke via posten?"},"content":{"rendered":"\n<p class=\"has-text-align-center\">Vanligvis tar det 1-3 virkedager \u00e5 levere en pakke via Posten i Norge, avhengig av avstanden og eventuelle forsinkelser. Det kan ogs\u00e5 ta lengre tid for internasjonale leveranser. Det er alltid lurt \u00e5 sjekke med Posten eller leverand\u00f8ren for n\u00f8yaktig leveringstid.<\/p>\n\n\n\n<div class=\"wp-block-buttons is-content-justification-center is-layout-flex wp-container-core-buttons-is-layout-16018d1d wp-block-buttons-is-layout-flex\">\n<div class=\"wp-block-button is-style-outline is-style-outline--1\"><a class=\"wp-block-button__link has-dark-gray-color has-yellow-background-color has-text-color has-background has-link-color wp-element-button\" href=\"https:\/\/billigpakke.no\">send pakkene dine billig her<\/a><\/div>\n<\/div>\n\n\n\n<p><\/p>\n\n\n\n<p class=\"has-text-align-center\">1. Hvor lang tid tar det vanligvis \u00e5 levere en pakke via Posten i Norge?<br \/>Svar: Vanligvis tar det 1-3 virkedager \u00e5 levere en pakke innenlands via Posten i Norge.<br \/><br \/>2. Hvor lang tid tar det \u00e5 levere en pakke til utlandet via Posten i Norge?<br \/>Svar: Leveringstiden for pakker til utlandet varierer avhengig av destinasjonen, men det kan ta alt fra 2-14 virkedager.<br \/><br \/>3. Hvor lang tid tar det \u00e5 levere en pakke med ekspresslevering via Posten i Norge?<br \/>Svar: Med ekspresslevering kan en pakke leveres allerede neste virkedag, avhengig av tidspunktet for innsending og destinasjonen.<\/p>\n","protected":false},"excerpt":{"rendered":"<p>Vanligvis tar det 1-3 virkedager \u00e5 levere en pakke via Posten i Norge, avhengig av avstanden og eventuelle forsinkelser. Det kan ogs\u00e5 ta lengre tid for internasjonale leveranser. Det er alltid lurt \u00e5 sjekke med Posten eller leverand\u00f8ren for n\u00f8yaktig leveringstid. 1. Hvor lang tid tar det vanligvis \u00e5 levere en pakke via Posten i &hellip; <a href=\"https:\/\/billigpakke.no\/blog\/hvor-lang-tid-tar-a-levere-pakke-via-posten\/\" class=\"more-link\">Hald fram med \u00e5 lese<span class=\"screen-reader-text\"> \u00abhvor lang tid tar \u00e5 levere pakke via posten?\u00bb<\/span><\/a><\/p>\n","protected":false},"author":3,"featured_media":0,"parent":0,"menu_order":0,"comment_status":"closed","ping_status":"closed","template":"","meta":{"footnotes":""},"class_list":["post-841","page","type-page","status-publish","hentry"],"yoast_head":"<!-- This site is optimized with the Yoast SEO plugin v27.5 - https:\/\/yoast.com\/product\/yoast-seo-wordpress\/ -->\n<title>hvor lang tid tar \u00e5 levere pakke via posten? - BilligPakke.no<\/title>\n<meta name=\"description\" content=\"Det tar vanligvis 1-3 virkedager \u00e5 levere en pakke via Posten i Norge, avhengig av avsender- og mottakersted.\" \/>\n<meta name=\"robots\" content=\"index, follow, max-snippet:-1, max-image-preview:large, max-video-preview:-1\" \/>\n<link rel=\"canonical\" href=\"https:\/\/billigpakke.no\/blog\/hvor-lang-tid-tar-a-levere-pakke-via-posten\/\" \/>\n<meta property=\"og:locale\" content=\"nn_NO\" \/>\n<meta property=\"og:type\" content=\"article\" \/>\n<meta property=\"og:title\" content=\"hvor lang tid tar \u00e5 levere pakke via posten? - BilligPakke.no\" \/>\n<meta property=\"og:description\" content=\"Det tar vanligvis 1-3 virkedager \u00e5 levere en pakke via Posten i Norge, avhengig av avsender- og mottakersted.\" \/>\n<meta property=\"og:url\" content=\"https:\/\/billigpakke.no\/blog\/hvor-lang-tid-tar-a-levere-pakke-via-posten\/\" \/>\n<meta property=\"og:site_name\" content=\"BilligPakke.no\" \/>\n<meta property=\"article:modified_time\" content=\"2024-05-05T08:23:13+00:00\" \/>\n<meta name=\"twitter:card\" content=\"summary_large_image\" \/>\n<meta name=\"twitter:label1\" content=\"Est. reading time\" \/>\n\t<meta name=\"twitter:data1\" content=\"1 minutt\" \/>\n<script type=\"application\/ld+json\" class=\"yoast-schema-graph\">{\"@context\":\"https:\\\/\\\/schema.org\",\"@graph\":[{\"@type\":\"WebPage\",\"@id\":\"https:\\\/\\\/billigpakke.no\\\/blog\\\/hvor-lang-tid-tar-a-levere-pakke-via-posten\\\/\",\"url\":\"https:\\\/\\\/billigpakke.no\\\/blog\\\/hvor-lang-tid-tar-a-levere-pakke-via-posten\\\/\",\"name\":\"hvor lang tid tar \u00e5 levere pakke via posten? - BilligPakke.no\",\"isPartOf\":{\"@id\":\"https:\\\/\\\/billigpakke.no\\\/blog\\\/#website\"},\"datePublished\":\"2024-05-05T06:30:22+00:00\",\"dateModified\":\"2024-05-05T08:23:13+00:00\",\"description\":\"Det tar vanligvis 1-3 virkedager \u00e5 levere en pakke via Posten i Norge, avhengig av avsender- og mottakersted.\",\"breadcrumb\":{\"@id\":\"https:\\\/\\\/billigpakke.no\\\/blog\\\/hvor-lang-tid-tar-a-levere-pakke-via-posten\\\/#breadcrumb\"},\"inLanguage\":\"nn-NO\",\"potentialAction\":[{\"@type\":\"ReadAction\",\"target\":[\"https:\\\/\\\/billigpakke.no\\\/blog\\\/hvor-lang-tid-tar-a-levere-pakke-via-posten\\\/\"]}]},{\"@type\":\"BreadcrumbList\",\"@id\":\"https:\\\/\\\/billigpakke.no\\\/blog\\\/hvor-lang-tid-tar-a-levere-pakke-via-posten\\\/#breadcrumb\",\"itemListElement\":[{\"@type\":\"ListItem\",\"position\":1,\"name\":\"Home\",\"item\":\"https:\\\/\\\/billigpakke.no\\\/blog\\\/\"},{\"@type\":\"ListItem\",\"position\":2,\"name\":\"hvor lang tid tar \u00e5 levere pakke via posten?\"}]},{\"@type\":\"WebSite\",\"@id\":\"https:\\\/\\\/billigpakke.no\\\/blog\\\/#website\",\"url\":\"https:\\\/\\\/billigpakke.no\\\/blog\\\/\",\"name\":\"BilligPakke.no\",\"description\":\"Billigpakke.no Blog\",\"publisher\":{\"@id\":\"https:\\\/\\\/billigpakke.no\\\/blog\\\/#organization\"},\"potentialAction\":[{\"@type\":\"SearchAction\",\"target\":{\"@type\":\"EntryPoint\",\"urlTemplate\":\"https:\\\/\\\/billigpakke.no\\\/blog\\\/?s={search_term_string}\"},\"query-input\":{\"@type\":\"PropertyValueSpecification\",\"valueRequired\":true,\"valueName\":\"search_term_string\"}}],\"inLanguage\":\"nn-NO\"},{\"@type\":\"Organization\",\"@id\":\"https:\\\/\\\/billigpakke.no\\\/blog\\\/#organization\",\"name\":\"BilligPakke.no\",\"url\":\"https:\\\/\\\/billigpakke.no\\\/blog\\\/\",\"logo\":{\"@type\":\"ImageObject\",\"inLanguage\":\"nn-NO\",\"@id\":\"https:\\\/\\\/billigpakke.no\\\/blog\\\/#\\\/schema\\\/logo\\\/image\\\/\",\"url\":\"https:\\\/\\\/billigpakke.no\\\/blog\\\/wp-content\\\/uploads\\\/2016\\\/10\\\/logo.png\",\"contentUrl\":\"https:\\\/\\\/billigpakke.no\\\/blog\\\/wp-content\\\/uploads\\\/2016\\\/10\\\/logo.png\",\"width\":185,\"height\":71,\"caption\":\"BilligPakke.no\"},\"image\":{\"@id\":\"https:\\\/\\\/billigpakke.no\\\/blog\\\/#\\\/schema\\\/logo\\\/image\\\/\"}}]}<\/script>\n<!-- \/ Yoast SEO plugin. -->","yoast_head_json":{"title":"hvor lang tid tar \u00e5 levere pakke via posten? - BilligPakke.no","description":"Det tar vanligvis 1-3 virkedager \u00e5 levere en pakke via Posten i Norge, avhengig av avsender- og mottakersted.","robots":{"index":"index","follow":"follow","max-snippet":"max-snippet:-1","max-image-preview":"max-image-preview:large","max-video-preview":"max-video-preview:-1"},"canonical":"https:\/\/billigpakke.no\/blog\/hvor-lang-tid-tar-a-levere-pakke-via-posten\/","og_locale":"nn_NO","og_type":"article","og_title":"hvor lang tid tar \u00e5 levere pakke via posten? - BilligPakke.no","og_description":"Det tar vanligvis 1-3 virkedager \u00e5 levere en pakke via Posten i Norge, avhengig av avsender- og mottakersted.","og_url":"https:\/\/billigpakke.no\/blog\/hvor-lang-tid-tar-a-levere-pakke-via-posten\/","og_site_name":"BilligPakke.no","article_modified_time":"2024-05-05T08:23:13+00:00","twitter_card":"summary_large_image","twitter_misc":{"Est. reading time":"1 minutt"},"schema":{"@context":"https:\/\/schema.org","@graph":[{"@type":"WebPage","@id":"https:\/\/billigpakke.no\/blog\/hvor-lang-tid-tar-a-levere-pakke-via-posten\/","url":"https:\/\/billigpakke.no\/blog\/hvor-lang-tid-tar-a-levere-pakke-via-posten\/","name":"hvor lang tid tar \u00e5 levere pakke via posten? - BilligPakke.no","isPartOf":{"@id":"https:\/\/billigpakke.no\/blog\/#website"},"datePublished":"2024-05-05T06:30:22+00:00","dateModified":"2024-05-05T08:23:13+00:00","description":"Det tar vanligvis 1-3 virkedager \u00e5 levere en pakke via Posten i Norge, avhengig av avsender- og mottakersted.","breadcrumb":{"@id":"https:\/\/billigpakke.no\/blog\/hvor-lang-tid-tar-a-levere-pakke-via-posten\/#breadcrumb"},"inLanguage":"nn-NO","potentialAction":[{"@type":"ReadAction","target":["https:\/\/billigpakke.no\/blog\/hvor-lang-tid-tar-a-levere-pakke-via-posten\/"]}]},{"@type":"BreadcrumbList","@id":"https:\/\/billigpakke.no\/blog\/hvor-lang-tid-tar-a-levere-pakke-via-posten\/#breadcrumb","itemListElement":[{"@type":"ListItem","position":1,"name":"Home","item":"https:\/\/billigpakke.no\/blog\/"},{"@type":"ListItem","position":2,"name":"hvor lang tid tar \u00e5 levere pakke via posten?"}]},{"@type":"WebSite","@id":"https:\/\/billigpakke.no\/blog\/#website","url":"https:\/\/billigpakke.no\/blog\/","name":"BilligPakke.no","description":"Billigpakke.no Blog","publisher":{"@id":"https:\/\/billigpakke.no\/blog\/#organization"},"potentialAction":[{"@type":"SearchAction","target":{"@type":"EntryPoint","urlTemplate":"https:\/\/billigpakke.no\/blog\/?s={search_term_string}"},"query-input":{"@type":"PropertyValueSpecification","valueRequired":true,"valueName":"search_term_string"}}],"inLanguage":"nn-NO"},{"@type":"Organization","@id":"https:\/\/billigpakke.no\/blog\/#organization","name":"BilligPakke.no","url":"https:\/\/billigpakke.no\/blog\/","logo":{"@type":"ImageObject","inLanguage":"nn-NO","@id":"https:\/\/billigpakke.no\/blog\/#\/schema\/logo\/image\/","url":"https:\/\/billigpakke.no\/blog\/wp-content\/uploads\/2016\/10\/logo.png","contentUrl":"https:\/\/billigpakke.no\/blog\/wp-content\/uploads\/2016\/10\/logo.png","width":185,"height":71,"caption":"BilligPakke.no"},"image":{"@id":"https:\/\/billigpakke.no\/blog\/#\/schema\/logo\/image\/"}}]}},"_links":{"self":[{"href":"https:\/\/billigpakke.no\/blog\/wp-json\/wp\/v2\/pages\/841","targetHints":{"allow":["GET"]}}],"collection":[{"href":"https:\/\/billigpakke.no\/blog\/wp-json\/wp\/v2\/pages"}],"about":[{"href":"https:\/\/billigpakke.no\/blog\/wp-json\/wp\/v2\/types\/page"}],"author":[{"embeddable":true,"href":"https:\/\/billigpakke.no\/blog\/wp-json\/wp\/v2\/users\/3"}],"replies":[{"embeddable":true,"href":"https:\/\/billigpakke.no\/blog\/wp-json\/wp\/v2\/comments?post=841"}],"version-history":[{"count":2,"href":"https:\/\/billigpakke.no\/blog\/wp-json\/wp\/v2\/pages\/841\/revisions"}],"predecessor-version":[{"id":1486,"href":"https:\/\/billigpakke.no\/blog\/wp-json\/wp\/v2\/pages\/841\/revisions\/1486"}],"wp:attachment":[{"href":"https:\/\/billigpakke.no\/blog\/wp-json\/wp\/v2\/media?parent=841"}],"curies":[{"name":"wp","href":"https:\/\/api.w.org\/{rel}","templated":true}]}}