{"id":828,"date":"2024-05-05T09:23:12","date_gmt":"2024-05-05T06:30:21","guid":{"rendered":"https:\/\/billigpakke.no\/blog\/hvor-lang-tid-tar-en-pakke-i-tollen-i-utlandet\/"},"modified":"2024-05-05T09:23:12","modified_gmt":"2024-05-05T08:23:12","slug":"hvor-lang-tid-tar-en-pakke-i-tollen-i-utlandet","status":"publish","type":"page","link":"https:\/\/billigpakke.no\/blog\/hvor-lang-tid-tar-en-pakke-i-tollen-i-utlandet\/","title":{"rendered":"hvor lang tid tar en pakke i tollen i utlandet?"},"content":{"rendered":"\n<p class=\"has-text-align-center\">Det er vanskelig \u00e5 gi et eksakt svar p\u00e5 hvor lang tid en pakke tar i tollen i utlandet, da det kan variere avhengig av en rekke faktorer som land, tollprosedyrer, og eventuelle tollkontroller. Generelt sett kan det ta alt fra noen dager til flere uker f\u00f8r en pakke blir frigitt fra tollen. Det beste r\u00e5det er \u00e5 v\u00e6re t\u00e5lmodig og f\u00f8lge opp med tollmyndighetene i det aktuelle landet dersom det tar uvanlig lang tid.<\/p>\n\n\n\n<div class=\"wp-block-buttons is-content-justification-center is-layout-flex wp-container-core-buttons-is-layout-16018d1d wp-block-buttons-is-layout-flex\">\n<div class=\"wp-block-button is-style-outline is-style-outline--1\"><a class=\"wp-block-button__link has-dark-gray-color has-yellow-background-color has-text-color has-background has-link-color wp-element-button\" href=\"https:\/\/billigpakke.no\">send pakkene dine billig her<\/a><\/div>\n<\/div>\n\n\n\n<p><\/p>\n\n\n\n<p class=\"has-text-align-center\">1. Hvor lang tid tar det vanligvis for en pakke \u00e5 bli behandlet i tollen i utlandet?<br \/>Svar: Tiden det tar for en pakke \u00e5 bli behandlet i tollen i utlandet kan variere avhengig av landets tollprosedyrer og eventuelle forsinkelser. Vanligvis kan det ta alt fra noen dager til flere uker.<br \/><br \/>2. Hvor lang tid kan det ta f\u00f8r en pakke blir frigitt fra tollen i utlandet?<br \/>Svar: Tiden det tar f\u00f8r en pakke blir frigitt fra tollen i utlandet avhenger av flere faktorer, inkludert tollprosedyrer, eventuelle dokumentasjonskrav og eventuelle inspeksjoner. Dette kan ta alt fra noen dager til flere uker.<br \/><br \/>3. Hvor lang tid tar det vanligvis for en pakke \u00e5 bli levert etter at den har blitt frigitt fra tollen i utlandet?<br \/>Svar: Etter at en pakke har blitt frigitt fra tollen i utlandet, vil leveringstiden avhenge av valgt fraktmetode, destinasjon og eventuelle lokale forsinkelser. Vanligvis kan det ta alt fra noen dager til flere uker f\u00f8r pakken blir levert.<\/p>\n","protected":false},"excerpt":{"rendered":"<p>Det er vanskelig \u00e5 gi et eksakt svar p\u00e5 hvor lang tid en pakke tar i tollen i utlandet, da det kan variere avhengig av en rekke faktorer som land, tollprosedyrer, og eventuelle tollkontroller. Generelt sett kan det ta alt fra noen dager til flere uker f\u00f8r en pakke blir frigitt fra tollen. Det beste &hellip; <a href=\"https:\/\/billigpakke.no\/blog\/hvor-lang-tid-tar-en-pakke-i-tollen-i-utlandet\/\" class=\"more-link\">Hald fram med \u00e5 lese<span class=\"screen-reader-text\"> \u00abhvor lang tid tar en pakke i tollen i utlandet?\u00bb<\/span><\/a><\/p>\n","protected":false},"author":3,"featured_media":0,"parent":0,"menu_order":0,"comment_status":"closed","ping_status":"closed","template":"","meta":{"footnotes":""},"class_list":["post-828","page","type-page","status-publish","hentry"],"yoast_head":"<!-- This site is optimized with the Yoast SEO plugin v27.5 - https:\/\/yoast.com\/product\/yoast-seo-wordpress\/ -->\n<title>hvor lang tid tar en pakke i tollen i utlandet? - BilligPakke.no<\/title>\n<meta name=\"description\" content=\"Det kan variere hvor lang tid det tar for en pakke \u00e5 komme gjennom tollen i utlandet, avhengig av landets tollprosedyrer og eventuelle forsinkelser. Det er lurt \u00e5 v\u00e6re t\u00e5lmodig og forvente at det kan ta noen dager til flere uker.\" \/>\n<meta name=\"robots\" content=\"index, follow, max-snippet:-1, max-image-preview:large, max-video-preview:-1\" \/>\n<link rel=\"canonical\" href=\"https:\/\/billigpakke.no\/blog\/hvor-lang-tid-tar-en-pakke-i-tollen-i-utlandet\/\" \/>\n<meta property=\"og:locale\" content=\"nn_NO\" \/>\n<meta property=\"og:type\" content=\"article\" \/>\n<meta property=\"og:title\" content=\"hvor lang tid tar en pakke i tollen i utlandet? - BilligPakke.no\" \/>\n<meta property=\"og:description\" content=\"Det kan variere hvor lang tid det tar for en pakke \u00e5 komme gjennom tollen i utlandet, avhengig av landets tollprosedyrer og eventuelle forsinkelser. Det er lurt \u00e5 v\u00e6re t\u00e5lmodig og forvente at det kan ta noen dager til flere uker.\" \/>\n<meta property=\"og:url\" content=\"https:\/\/billigpakke.no\/blog\/hvor-lang-tid-tar-en-pakke-i-tollen-i-utlandet\/\" \/>\n<meta property=\"og:site_name\" content=\"BilligPakke.no\" \/>\n<meta property=\"article:modified_time\" content=\"2024-05-05T08:23:12+00:00\" \/>\n<meta name=\"twitter:card\" content=\"summary_large_image\" \/>\n<meta name=\"twitter:label1\" content=\"Est. reading time\" \/>\n\t<meta name=\"twitter:data1\" content=\"1 minutt\" \/>\n<script type=\"application\/ld+json\" class=\"yoast-schema-graph\">{\"@context\":\"https:\\\/\\\/schema.org\",\"@graph\":[{\"@type\":\"WebPage\",\"@id\":\"https:\\\/\\\/billigpakke.no\\\/blog\\\/hvor-lang-tid-tar-en-pakke-i-tollen-i-utlandet\\\/\",\"url\":\"https:\\\/\\\/billigpakke.no\\\/blog\\\/hvor-lang-tid-tar-en-pakke-i-tollen-i-utlandet\\\/\",\"name\":\"hvor lang tid tar en pakke i tollen i utlandet? - BilligPakke.no\",\"isPartOf\":{\"@id\":\"https:\\\/\\\/billigpakke.no\\\/blog\\\/#website\"},\"datePublished\":\"2024-05-05T06:30:21+00:00\",\"dateModified\":\"2024-05-05T08:23:12+00:00\",\"description\":\"Det kan variere hvor lang tid det tar for en pakke \u00e5 komme gjennom tollen i utlandet, avhengig av landets tollprosedyrer og eventuelle forsinkelser. Det er lurt \u00e5 v\u00e6re t\u00e5lmodig og forvente at det kan ta noen dager til flere uker.\",\"breadcrumb\":{\"@id\":\"https:\\\/\\\/billigpakke.no\\\/blog\\\/hvor-lang-tid-tar-en-pakke-i-tollen-i-utlandet\\\/#breadcrumb\"},\"inLanguage\":\"nn-NO\",\"potentialAction\":[{\"@type\":\"ReadAction\",\"target\":[\"https:\\\/\\\/billigpakke.no\\\/blog\\\/hvor-lang-tid-tar-en-pakke-i-tollen-i-utlandet\\\/\"]}]},{\"@type\":\"BreadcrumbList\",\"@id\":\"https:\\\/\\\/billigpakke.no\\\/blog\\\/hvor-lang-tid-tar-en-pakke-i-tollen-i-utlandet\\\/#breadcrumb\",\"itemListElement\":[{\"@type\":\"ListItem\",\"position\":1,\"name\":\"Home\",\"item\":\"https:\\\/\\\/billigpakke.no\\\/blog\\\/\"},{\"@type\":\"ListItem\",\"position\":2,\"name\":\"hvor lang tid tar en pakke i tollen i utlandet?\"}]},{\"@type\":\"WebSite\",\"@id\":\"https:\\\/\\\/billigpakke.no\\\/blog\\\/#website\",\"url\":\"https:\\\/\\\/billigpakke.no\\\/blog\\\/\",\"name\":\"BilligPakke.no\",\"description\":\"Billigpakke.no Blog\",\"publisher\":{\"@id\":\"https:\\\/\\\/billigpakke.no\\\/blog\\\/#organization\"},\"potentialAction\":[{\"@type\":\"SearchAction\",\"target\":{\"@type\":\"EntryPoint\",\"urlTemplate\":\"https:\\\/\\\/billigpakke.no\\\/blog\\\/?s={search_term_string}\"},\"query-input\":{\"@type\":\"PropertyValueSpecification\",\"valueRequired\":true,\"valueName\":\"search_term_string\"}}],\"inLanguage\":\"nn-NO\"},{\"@type\":\"Organization\",\"@id\":\"https:\\\/\\\/billigpakke.no\\\/blog\\\/#organization\",\"name\":\"BilligPakke.no\",\"url\":\"https:\\\/\\\/billigpakke.no\\\/blog\\\/\",\"logo\":{\"@type\":\"ImageObject\",\"inLanguage\":\"nn-NO\",\"@id\":\"https:\\\/\\\/billigpakke.no\\\/blog\\\/#\\\/schema\\\/logo\\\/image\\\/\",\"url\":\"https:\\\/\\\/billigpakke.no\\\/blog\\\/wp-content\\\/uploads\\\/2016\\\/10\\\/logo.png\",\"contentUrl\":\"https:\\\/\\\/billigpakke.no\\\/blog\\\/wp-content\\\/uploads\\\/2016\\\/10\\\/logo.png\",\"width\":185,\"height\":71,\"caption\":\"BilligPakke.no\"},\"image\":{\"@id\":\"https:\\\/\\\/billigpakke.no\\\/blog\\\/#\\\/schema\\\/logo\\\/image\\\/\"}}]}<\/script>\n<!-- \/ Yoast SEO plugin. -->","yoast_head_json":{"title":"hvor lang tid tar en pakke i tollen i utlandet? - BilligPakke.no","description":"Det kan variere hvor lang tid det tar for en pakke \u00e5 komme gjennom tollen i utlandet, avhengig av landets tollprosedyrer og eventuelle forsinkelser. Det er lurt \u00e5 v\u00e6re t\u00e5lmodig og forvente at det kan ta noen dager til flere uker.","robots":{"index":"index","follow":"follow","max-snippet":"max-snippet:-1","max-image-preview":"max-image-preview:large","max-video-preview":"max-video-preview:-1"},"canonical":"https:\/\/billigpakke.no\/blog\/hvor-lang-tid-tar-en-pakke-i-tollen-i-utlandet\/","og_locale":"nn_NO","og_type":"article","og_title":"hvor lang tid tar en pakke i tollen i utlandet? - BilligPakke.no","og_description":"Det kan variere hvor lang tid det tar for en pakke \u00e5 komme gjennom tollen i utlandet, avhengig av landets tollprosedyrer og eventuelle forsinkelser. Det er lurt \u00e5 v\u00e6re t\u00e5lmodig og forvente at det kan ta noen dager til flere uker.","og_url":"https:\/\/billigpakke.no\/blog\/hvor-lang-tid-tar-en-pakke-i-tollen-i-utlandet\/","og_site_name":"BilligPakke.no","article_modified_time":"2024-05-05T08:23:12+00:00","twitter_card":"summary_large_image","twitter_misc":{"Est. reading time":"1 minutt"},"schema":{"@context":"https:\/\/schema.org","@graph":[{"@type":"WebPage","@id":"https:\/\/billigpakke.no\/blog\/hvor-lang-tid-tar-en-pakke-i-tollen-i-utlandet\/","url":"https:\/\/billigpakke.no\/blog\/hvor-lang-tid-tar-en-pakke-i-tollen-i-utlandet\/","name":"hvor lang tid tar en pakke i tollen i utlandet? - BilligPakke.no","isPartOf":{"@id":"https:\/\/billigpakke.no\/blog\/#website"},"datePublished":"2024-05-05T06:30:21+00:00","dateModified":"2024-05-05T08:23:12+00:00","description":"Det kan variere hvor lang tid det tar for en pakke \u00e5 komme gjennom tollen i utlandet, avhengig av landets tollprosedyrer og eventuelle forsinkelser. Det er lurt \u00e5 v\u00e6re t\u00e5lmodig og forvente at det kan ta noen dager til flere uker.","breadcrumb":{"@id":"https:\/\/billigpakke.no\/blog\/hvor-lang-tid-tar-en-pakke-i-tollen-i-utlandet\/#breadcrumb"},"inLanguage":"nn-NO","potentialAction":[{"@type":"ReadAction","target":["https:\/\/billigpakke.no\/blog\/hvor-lang-tid-tar-en-pakke-i-tollen-i-utlandet\/"]}]},{"@type":"BreadcrumbList","@id":"https:\/\/billigpakke.no\/blog\/hvor-lang-tid-tar-en-pakke-i-tollen-i-utlandet\/#breadcrumb","itemListElement":[{"@type":"ListItem","position":1,"name":"Home","item":"https:\/\/billigpakke.no\/blog\/"},{"@type":"ListItem","position":2,"name":"hvor lang tid tar en pakke i tollen i utlandet?"}]},{"@type":"WebSite","@id":"https:\/\/billigpakke.no\/blog\/#website","url":"https:\/\/billigpakke.no\/blog\/","name":"BilligPakke.no","description":"Billigpakke.no Blog","publisher":{"@id":"https:\/\/billigpakke.no\/blog\/#organization"},"potentialAction":[{"@type":"SearchAction","target":{"@type":"EntryPoint","urlTemplate":"https:\/\/billigpakke.no\/blog\/?s={search_term_string}"},"query-input":{"@type":"PropertyValueSpecification","valueRequired":true,"valueName":"search_term_string"}}],"inLanguage":"nn-NO"},{"@type":"Organization","@id":"https:\/\/billigpakke.no\/blog\/#organization","name":"BilligPakke.no","url":"https:\/\/billigpakke.no\/blog\/","logo":{"@type":"ImageObject","inLanguage":"nn-NO","@id":"https:\/\/billigpakke.no\/blog\/#\/schema\/logo\/image\/","url":"https:\/\/billigpakke.no\/blog\/wp-content\/uploads\/2016\/10\/logo.png","contentUrl":"https:\/\/billigpakke.no\/blog\/wp-content\/uploads\/2016\/10\/logo.png","width":185,"height":71,"caption":"BilligPakke.no"},"image":{"@id":"https:\/\/billigpakke.no\/blog\/#\/schema\/logo\/image\/"}}]}},"_links":{"self":[{"href":"https:\/\/billigpakke.no\/blog\/wp-json\/wp\/v2\/pages\/828","targetHints":{"allow":["GET"]}}],"collection":[{"href":"https:\/\/billigpakke.no\/blog\/wp-json\/wp\/v2\/pages"}],"about":[{"href":"https:\/\/billigpakke.no\/blog\/wp-json\/wp\/v2\/types\/page"}],"author":[{"embeddable":true,"href":"https:\/\/billigpakke.no\/blog\/wp-json\/wp\/v2\/users\/3"}],"replies":[{"embeddable":true,"href":"https:\/\/billigpakke.no\/blog\/wp-json\/wp\/v2\/comments?post=828"}],"version-history":[{"count":2,"href":"https:\/\/billigpakke.no\/blog\/wp-json\/wp\/v2\/pages\/828\/revisions"}],"predecessor-version":[{"id":1473,"href":"https:\/\/billigpakke.no\/blog\/wp-json\/wp\/v2\/pages\/828\/revisions\/1473"}],"wp:attachment":[{"href":"https:\/\/billigpakke.no\/blog\/wp-json\/wp\/v2\/media?parent=828"}],"curies":[{"name":"wp","href":"https:\/\/api.w.org\/{rel}","templated":true}]}}