{"id":823,"date":"2024-05-05T09:23:12","date_gmt":"2024-05-05T06:30:20","guid":{"rendered":"https:\/\/billigpakke.no\/blog\/hvor-lang-tid-tar-en-pakke-fra-luxemburg-til-bergen\/"},"modified":"2024-05-05T09:23:12","modified_gmt":"2024-05-05T08:23:12","slug":"hvor-lang-tid-tar-en-pakke-fra-luxemburg-til-bergen","status":"publish","type":"page","link":"https:\/\/billigpakke.no\/blog\/hvor-lang-tid-tar-en-pakke-fra-luxemburg-til-bergen\/","title":{"rendered":"hvor lang tid tar en pakke fra luxemburg til bergen?"},"content":{"rendered":"\n<p class=\"has-text-align-center\">Det kommer an p\u00e5 hvilken fraktmetode som brukes, men vanligvis tar det mellom 3-5 virkedager \u00e5 sende en pakke fra Luxembourg til Bergen. Det kan ogs\u00e5 avhenge av eventuelle tollprosesser og andre forsinkelser som kan oppst\u00e5 underveis.<\/p>\n\n\n\n<div class=\"wp-block-buttons is-content-justification-center is-layout-flex wp-container-core-buttons-is-layout-16018d1d wp-block-buttons-is-layout-flex\">\n<div class=\"wp-block-button is-style-outline is-style-outline--1\"><a class=\"wp-block-button__link has-dark-gray-color has-yellow-background-color has-text-color has-background has-link-color wp-element-button\" href=\"https:\/\/billigpakke.no\">send pakkene dine billig her<\/a><\/div>\n<\/div>\n\n\n\n<p><\/p>\n\n\n\n<p class=\"has-text-align-center\">1. Hvor lang tid tar det vanligvis for en pakke \u00e5 bli sendt fra Luxemburg til Bergen?<br \/>Svar: Det avhenger av fraktmetoden og transport\u00f8ren, men vanligvis tar det mellom 3-7 virkedager.<br \/><br \/>2. Hva er den gjennomsnittlige leveringstiden for pakker fra Luxemburg til Bergen?<br \/>Svar: Den gjennomsnittlige leveringstiden for pakker fra Luxemburg til Bergen er vanligvis rundt 4-5 virkedager, avhengig av fraktmetoden og eventuelle tollprosesser.<br \/><br \/>3. Hvilke faktorer kan p\u00e5virke leveringstiden for en pakke fra Luxemburg til Bergen?<br \/>Svar: Faktorer som kan p\u00e5virke leveringstiden inkluderer fraktmetoden valgt, eventuelle tollprosesser, v\u00e6rforhold og eventuelle forsinkelser hos transport\u00f8ren.<\/p>\n","protected":false},"excerpt":{"rendered":"<p>Det kommer an p\u00e5 hvilken fraktmetode som brukes, men vanligvis tar det mellom 3-5 virkedager \u00e5 sende en pakke fra Luxembourg til Bergen. Det kan ogs\u00e5 avhenge av eventuelle tollprosesser og andre forsinkelser som kan oppst\u00e5 underveis. 1. Hvor lang tid tar det vanligvis for en pakke \u00e5 bli sendt fra Luxemburg til Bergen?Svar: Det &hellip; <a href=\"https:\/\/billigpakke.no\/blog\/hvor-lang-tid-tar-en-pakke-fra-luxemburg-til-bergen\/\" class=\"more-link\">Hald fram med \u00e5 lese<span class=\"screen-reader-text\"> \u00abhvor lang tid tar en pakke fra luxemburg til bergen?\u00bb<\/span><\/a><\/p>\n","protected":false},"author":3,"featured_media":0,"parent":0,"menu_order":0,"comment_status":"closed","ping_status":"closed","template":"","meta":{"footnotes":""},"class_list":["post-823","page","type-page","status-publish","hentry"],"yoast_head":"<!-- This site is optimized with the Yoast SEO plugin v27.5 - https:\/\/yoast.com\/product\/yoast-seo-wordpress\/ -->\n<title>hvor lang tid tar en pakke fra luxemburg til bergen? - BilligPakke.no<\/title>\n<meta name=\"description\" content=\"Det tar vanligvis 3-5 virkedager for en pakke \u00e5 bli sendt fra Luxemburg til Bergen med vanlig posttjeneste. Tiden kan variere avhengig av fraktmetode og eventuelle toll- og leveringsforsinkelser.\" \/>\n<meta name=\"robots\" content=\"index, follow, max-snippet:-1, max-image-preview:large, max-video-preview:-1\" \/>\n<link rel=\"canonical\" href=\"https:\/\/billigpakke.no\/blog\/hvor-lang-tid-tar-en-pakke-fra-luxemburg-til-bergen\/\" \/>\n<meta property=\"og:locale\" content=\"nn_NO\" \/>\n<meta property=\"og:type\" content=\"article\" \/>\n<meta property=\"og:title\" content=\"hvor lang tid tar en pakke fra luxemburg til bergen? - BilligPakke.no\" \/>\n<meta property=\"og:description\" content=\"Det tar vanligvis 3-5 virkedager for en pakke \u00e5 bli sendt fra Luxemburg til Bergen med vanlig posttjeneste. Tiden kan variere avhengig av fraktmetode og eventuelle toll- og leveringsforsinkelser.\" \/>\n<meta property=\"og:url\" content=\"https:\/\/billigpakke.no\/blog\/hvor-lang-tid-tar-en-pakke-fra-luxemburg-til-bergen\/\" \/>\n<meta property=\"og:site_name\" content=\"BilligPakke.no\" \/>\n<meta property=\"article:modified_time\" content=\"2024-05-05T08:23:12+00:00\" \/>\n<meta name=\"twitter:card\" content=\"summary_large_image\" \/>\n<meta name=\"twitter:label1\" content=\"Est. reading time\" \/>\n\t<meta name=\"twitter:data1\" content=\"1 minutt\" \/>\n<script type=\"application\/ld+json\" class=\"yoast-schema-graph\">{\"@context\":\"https:\\\/\\\/schema.org\",\"@graph\":[{\"@type\":\"WebPage\",\"@id\":\"https:\\\/\\\/billigpakke.no\\\/blog\\\/hvor-lang-tid-tar-en-pakke-fra-luxemburg-til-bergen\\\/\",\"url\":\"https:\\\/\\\/billigpakke.no\\\/blog\\\/hvor-lang-tid-tar-en-pakke-fra-luxemburg-til-bergen\\\/\",\"name\":\"hvor lang tid tar en pakke fra luxemburg til bergen? - BilligPakke.no\",\"isPartOf\":{\"@id\":\"https:\\\/\\\/billigpakke.no\\\/blog\\\/#website\"},\"datePublished\":\"2024-05-05T06:30:20+00:00\",\"dateModified\":\"2024-05-05T08:23:12+00:00\",\"description\":\"Det tar vanligvis 3-5 virkedager for en pakke \u00e5 bli sendt fra Luxemburg til Bergen med vanlig posttjeneste. Tiden kan variere avhengig av fraktmetode og eventuelle toll- og leveringsforsinkelser.\",\"breadcrumb\":{\"@id\":\"https:\\\/\\\/billigpakke.no\\\/blog\\\/hvor-lang-tid-tar-en-pakke-fra-luxemburg-til-bergen\\\/#breadcrumb\"},\"inLanguage\":\"nn-NO\",\"potentialAction\":[{\"@type\":\"ReadAction\",\"target\":[\"https:\\\/\\\/billigpakke.no\\\/blog\\\/hvor-lang-tid-tar-en-pakke-fra-luxemburg-til-bergen\\\/\"]}]},{\"@type\":\"BreadcrumbList\",\"@id\":\"https:\\\/\\\/billigpakke.no\\\/blog\\\/hvor-lang-tid-tar-en-pakke-fra-luxemburg-til-bergen\\\/#breadcrumb\",\"itemListElement\":[{\"@type\":\"ListItem\",\"position\":1,\"name\":\"Home\",\"item\":\"https:\\\/\\\/billigpakke.no\\\/blog\\\/\"},{\"@type\":\"ListItem\",\"position\":2,\"name\":\"hvor lang tid tar en pakke fra luxemburg til bergen?\"}]},{\"@type\":\"WebSite\",\"@id\":\"https:\\\/\\\/billigpakke.no\\\/blog\\\/#website\",\"url\":\"https:\\\/\\\/billigpakke.no\\\/blog\\\/\",\"name\":\"BilligPakke.no\",\"description\":\"Billigpakke.no Blog\",\"publisher\":{\"@id\":\"https:\\\/\\\/billigpakke.no\\\/blog\\\/#organization\"},\"potentialAction\":[{\"@type\":\"SearchAction\",\"target\":{\"@type\":\"EntryPoint\",\"urlTemplate\":\"https:\\\/\\\/billigpakke.no\\\/blog\\\/?s={search_term_string}\"},\"query-input\":{\"@type\":\"PropertyValueSpecification\",\"valueRequired\":true,\"valueName\":\"search_term_string\"}}],\"inLanguage\":\"nn-NO\"},{\"@type\":\"Organization\",\"@id\":\"https:\\\/\\\/billigpakke.no\\\/blog\\\/#organization\",\"name\":\"BilligPakke.no\",\"url\":\"https:\\\/\\\/billigpakke.no\\\/blog\\\/\",\"logo\":{\"@type\":\"ImageObject\",\"inLanguage\":\"nn-NO\",\"@id\":\"https:\\\/\\\/billigpakke.no\\\/blog\\\/#\\\/schema\\\/logo\\\/image\\\/\",\"url\":\"https:\\\/\\\/billigpakke.no\\\/blog\\\/wp-content\\\/uploads\\\/2016\\\/10\\\/logo.png\",\"contentUrl\":\"https:\\\/\\\/billigpakke.no\\\/blog\\\/wp-content\\\/uploads\\\/2016\\\/10\\\/logo.png\",\"width\":185,\"height\":71,\"caption\":\"BilligPakke.no\"},\"image\":{\"@id\":\"https:\\\/\\\/billigpakke.no\\\/blog\\\/#\\\/schema\\\/logo\\\/image\\\/\"}}]}<\/script>\n<!-- \/ Yoast SEO plugin. -->","yoast_head_json":{"title":"hvor lang tid tar en pakke fra luxemburg til bergen? - BilligPakke.no","description":"Det tar vanligvis 3-5 virkedager for en pakke \u00e5 bli sendt fra Luxemburg til Bergen med vanlig posttjeneste. Tiden kan variere avhengig av fraktmetode og eventuelle toll- og leveringsforsinkelser.","robots":{"index":"index","follow":"follow","max-snippet":"max-snippet:-1","max-image-preview":"max-image-preview:large","max-video-preview":"max-video-preview:-1"},"canonical":"https:\/\/billigpakke.no\/blog\/hvor-lang-tid-tar-en-pakke-fra-luxemburg-til-bergen\/","og_locale":"nn_NO","og_type":"article","og_title":"hvor lang tid tar en pakke fra luxemburg til bergen? - BilligPakke.no","og_description":"Det tar vanligvis 3-5 virkedager for en pakke \u00e5 bli sendt fra Luxemburg til Bergen med vanlig posttjeneste. Tiden kan variere avhengig av fraktmetode og eventuelle toll- og leveringsforsinkelser.","og_url":"https:\/\/billigpakke.no\/blog\/hvor-lang-tid-tar-en-pakke-fra-luxemburg-til-bergen\/","og_site_name":"BilligPakke.no","article_modified_time":"2024-05-05T08:23:12+00:00","twitter_card":"summary_large_image","twitter_misc":{"Est. reading time":"1 minutt"},"schema":{"@context":"https:\/\/schema.org","@graph":[{"@type":"WebPage","@id":"https:\/\/billigpakke.no\/blog\/hvor-lang-tid-tar-en-pakke-fra-luxemburg-til-bergen\/","url":"https:\/\/billigpakke.no\/blog\/hvor-lang-tid-tar-en-pakke-fra-luxemburg-til-bergen\/","name":"hvor lang tid tar en pakke fra luxemburg til bergen? - BilligPakke.no","isPartOf":{"@id":"https:\/\/billigpakke.no\/blog\/#website"},"datePublished":"2024-05-05T06:30:20+00:00","dateModified":"2024-05-05T08:23:12+00:00","description":"Det tar vanligvis 3-5 virkedager for en pakke \u00e5 bli sendt fra Luxemburg til Bergen med vanlig posttjeneste. Tiden kan variere avhengig av fraktmetode og eventuelle toll- og leveringsforsinkelser.","breadcrumb":{"@id":"https:\/\/billigpakke.no\/blog\/hvor-lang-tid-tar-en-pakke-fra-luxemburg-til-bergen\/#breadcrumb"},"inLanguage":"nn-NO","potentialAction":[{"@type":"ReadAction","target":["https:\/\/billigpakke.no\/blog\/hvor-lang-tid-tar-en-pakke-fra-luxemburg-til-bergen\/"]}]},{"@type":"BreadcrumbList","@id":"https:\/\/billigpakke.no\/blog\/hvor-lang-tid-tar-en-pakke-fra-luxemburg-til-bergen\/#breadcrumb","itemListElement":[{"@type":"ListItem","position":1,"name":"Home","item":"https:\/\/billigpakke.no\/blog\/"},{"@type":"ListItem","position":2,"name":"hvor lang tid tar en pakke fra luxemburg til bergen?"}]},{"@type":"WebSite","@id":"https:\/\/billigpakke.no\/blog\/#website","url":"https:\/\/billigpakke.no\/blog\/","name":"BilligPakke.no","description":"Billigpakke.no Blog","publisher":{"@id":"https:\/\/billigpakke.no\/blog\/#organization"},"potentialAction":[{"@type":"SearchAction","target":{"@type":"EntryPoint","urlTemplate":"https:\/\/billigpakke.no\/blog\/?s={search_term_string}"},"query-input":{"@type":"PropertyValueSpecification","valueRequired":true,"valueName":"search_term_string"}}],"inLanguage":"nn-NO"},{"@type":"Organization","@id":"https:\/\/billigpakke.no\/blog\/#organization","name":"BilligPakke.no","url":"https:\/\/billigpakke.no\/blog\/","logo":{"@type":"ImageObject","inLanguage":"nn-NO","@id":"https:\/\/billigpakke.no\/blog\/#\/schema\/logo\/image\/","url":"https:\/\/billigpakke.no\/blog\/wp-content\/uploads\/2016\/10\/logo.png","contentUrl":"https:\/\/billigpakke.no\/blog\/wp-content\/uploads\/2016\/10\/logo.png","width":185,"height":71,"caption":"BilligPakke.no"},"image":{"@id":"https:\/\/billigpakke.no\/blog\/#\/schema\/logo\/image\/"}}]}},"_links":{"self":[{"href":"https:\/\/billigpakke.no\/blog\/wp-json\/wp\/v2\/pages\/823","targetHints":{"allow":["GET"]}}],"collection":[{"href":"https:\/\/billigpakke.no\/blog\/wp-json\/wp\/v2\/pages"}],"about":[{"href":"https:\/\/billigpakke.no\/blog\/wp-json\/wp\/v2\/types\/page"}],"author":[{"embeddable":true,"href":"https:\/\/billigpakke.no\/blog\/wp-json\/wp\/v2\/users\/3"}],"replies":[{"embeddable":true,"href":"https:\/\/billigpakke.no\/blog\/wp-json\/wp\/v2\/comments?post=823"}],"version-history":[{"count":2,"href":"https:\/\/billigpakke.no\/blog\/wp-json\/wp\/v2\/pages\/823\/revisions"}],"predecessor-version":[{"id":1468,"href":"https:\/\/billigpakke.no\/blog\/wp-json\/wp\/v2\/pages\/823\/revisions\/1468"}],"wp:attachment":[{"href":"https:\/\/billigpakke.no\/blog\/wp-json\/wp\/v2\/media?parent=823"}],"curies":[{"name":"wp","href":"https:\/\/api.w.org\/{rel}","templated":true}]}}