{"id":817,"date":"2024-05-05T09:23:12","date_gmt":"2024-05-05T06:30:20","guid":{"rendered":"https:\/\/billigpakke.no\/blog\/hvor-lang-tid-tar-en-pakke-gjennom-tollen\/"},"modified":"2024-05-05T09:23:12","modified_gmt":"2024-05-05T08:23:12","slug":"hvor-lang-tid-tar-en-pakke-gjennom-tollen","status":"publish","type":"page","link":"https:\/\/billigpakke.no\/blog\/hvor-lang-tid-tar-en-pakke-gjennom-tollen\/","title":{"rendered":"hvor lang tid tar en pakke gjennom tollen?"},"content":{"rendered":"\n<p class=\"has-text-align-center\">Det kommer an p\u00e5 flere faktorer, som hvor pakken kommer fra, hva slags innhold den har, og hvor travelt tollvesenet er. Vanligvis tar det et par dager, men det kan ogs\u00e5 ta lengre tid avhengig av omstendighetene.<\/p>\n\n\n\n<div class=\"wp-block-buttons is-content-justification-center is-layout-flex wp-container-core-buttons-is-layout-16018d1d wp-block-buttons-is-layout-flex\">\n<div class=\"wp-block-button is-style-outline is-style-outline--1\"><a class=\"wp-block-button__link has-dark-gray-color has-yellow-background-color has-text-color has-background has-link-color wp-element-button\" href=\"https:\/\/billigpakke.no\">send pakkene dine billig her<\/a><\/div>\n<\/div>\n\n\n\n<p><\/p>\n\n\n\n<p class=\"has-text-align-center\">1. Hvor lang tid tar det vanligvis for en pakke \u00e5 passere tollen i Norge?<br \/>Svar: Det tar vanligvis 1-3 dager for en pakke \u00e5 passere tollen i Norge, avhengig av tollbehandlingen og eventuelle tollprosedyrer.<br \/><br \/>2. Hva kan p\u00e5virke tiden det tar for en pakke \u00e5 passere tollen i Norge?<br \/>Svar: Faktorer som kan p\u00e5virke tiden det tar for en pakke \u00e5 passere tollen i Norge inkluderer tollbehandlingen, eventuelle tollprosedyrer, og eventuelle forsinkelser p\u00e5 grunn av h\u00f8yt volum av pakker.<br \/><br \/>3. Hva b\u00f8r jeg gj\u00f8re hvis pakken min tar lengre tid enn forventet \u00e5 passere tollen i Norge?<br \/>Svar: Hvis pakken din tar lengre tid enn forventet \u00e5 passere tollen i Norge, b\u00f8r du kontakte tollmyndighetene eller fraktselskapet for \u00e5 f\u00e5 oppdateringer om statusen til pakken og eventuelle \u00e5rsaker til forsinkelsen.<\/p>\n","protected":false},"excerpt":{"rendered":"<p>Det kommer an p\u00e5 flere faktorer, som hvor pakken kommer fra, hva slags innhold den har, og hvor travelt tollvesenet er. Vanligvis tar det et par dager, men det kan ogs\u00e5 ta lengre tid avhengig av omstendighetene. 1. Hvor lang tid tar det vanligvis for en pakke \u00e5 passere tollen i Norge?Svar: Det tar vanligvis &hellip; <a href=\"https:\/\/billigpakke.no\/blog\/hvor-lang-tid-tar-en-pakke-gjennom-tollen\/\" class=\"more-link\">Hald fram med \u00e5 lese<span class=\"screen-reader-text\"> \u00abhvor lang tid tar en pakke gjennom tollen?\u00bb<\/span><\/a><\/p>\n","protected":false},"author":3,"featured_media":0,"parent":0,"menu_order":0,"comment_status":"closed","ping_status":"closed","template":"","meta":{"footnotes":""},"class_list":["post-817","page","type-page","status-publish","hentry"],"yoast_head":"<!-- This site is optimized with the Yoast SEO plugin v27.4 - https:\/\/yoast.com\/product\/yoast-seo-wordpress\/ -->\n<title>hvor lang tid tar en pakke gjennom tollen? - BilligPakke.no<\/title>\n<meta name=\"description\" content=\"Det tar vanligvis 1-3 dager for en pakke \u00e5 passere tollen, avhengig av tollbehandlingen og eventuelle tollprosedyrer.\" \/>\n<meta name=\"robots\" content=\"index, follow, max-snippet:-1, max-image-preview:large, max-video-preview:-1\" \/>\n<link rel=\"canonical\" href=\"https:\/\/billigpakke.no\/blog\/hvor-lang-tid-tar-en-pakke-gjennom-tollen\/\" \/>\n<meta property=\"og:locale\" content=\"nn_NO\" \/>\n<meta property=\"og:type\" content=\"article\" \/>\n<meta property=\"og:title\" content=\"hvor lang tid tar en pakke gjennom tollen? - BilligPakke.no\" \/>\n<meta property=\"og:description\" content=\"Det tar vanligvis 1-3 dager for en pakke \u00e5 passere tollen, avhengig av tollbehandlingen og eventuelle tollprosedyrer.\" \/>\n<meta property=\"og:url\" content=\"https:\/\/billigpakke.no\/blog\/hvor-lang-tid-tar-en-pakke-gjennom-tollen\/\" \/>\n<meta property=\"og:site_name\" content=\"BilligPakke.no\" \/>\n<meta property=\"article:modified_time\" content=\"2024-05-05T08:23:12+00:00\" \/>\n<meta name=\"twitter:card\" content=\"summary_large_image\" \/>\n<meta name=\"twitter:label1\" content=\"Est. reading time\" \/>\n\t<meta name=\"twitter:data1\" content=\"1 minutt\" \/>\n<script type=\"application\/ld+json\" class=\"yoast-schema-graph\">{\"@context\":\"https:\\\/\\\/schema.org\",\"@graph\":[{\"@type\":\"WebPage\",\"@id\":\"https:\\\/\\\/billigpakke.no\\\/blog\\\/hvor-lang-tid-tar-en-pakke-gjennom-tollen\\\/\",\"url\":\"https:\\\/\\\/billigpakke.no\\\/blog\\\/hvor-lang-tid-tar-en-pakke-gjennom-tollen\\\/\",\"name\":\"hvor lang tid tar en pakke gjennom tollen? - BilligPakke.no\",\"isPartOf\":{\"@id\":\"https:\\\/\\\/billigpakke.no\\\/blog\\\/#website\"},\"datePublished\":\"2024-05-05T06:30:20+00:00\",\"dateModified\":\"2024-05-05T08:23:12+00:00\",\"description\":\"Det tar vanligvis 1-3 dager for en pakke \u00e5 passere tollen, avhengig av tollbehandlingen og eventuelle tollprosedyrer.\",\"breadcrumb\":{\"@id\":\"https:\\\/\\\/billigpakke.no\\\/blog\\\/hvor-lang-tid-tar-en-pakke-gjennom-tollen\\\/#breadcrumb\"},\"inLanguage\":\"nn-NO\",\"potentialAction\":[{\"@type\":\"ReadAction\",\"target\":[\"https:\\\/\\\/billigpakke.no\\\/blog\\\/hvor-lang-tid-tar-en-pakke-gjennom-tollen\\\/\"]}]},{\"@type\":\"BreadcrumbList\",\"@id\":\"https:\\\/\\\/billigpakke.no\\\/blog\\\/hvor-lang-tid-tar-en-pakke-gjennom-tollen\\\/#breadcrumb\",\"itemListElement\":[{\"@type\":\"ListItem\",\"position\":1,\"name\":\"Home\",\"item\":\"https:\\\/\\\/billigpakke.no\\\/blog\\\/\"},{\"@type\":\"ListItem\",\"position\":2,\"name\":\"hvor lang tid tar en pakke gjennom tollen?\"}]},{\"@type\":\"WebSite\",\"@id\":\"https:\\\/\\\/billigpakke.no\\\/blog\\\/#website\",\"url\":\"https:\\\/\\\/billigpakke.no\\\/blog\\\/\",\"name\":\"BilligPakke.no\",\"description\":\"Billigpakke.no Blog\",\"publisher\":{\"@id\":\"https:\\\/\\\/billigpakke.no\\\/blog\\\/#organization\"},\"potentialAction\":[{\"@type\":\"SearchAction\",\"target\":{\"@type\":\"EntryPoint\",\"urlTemplate\":\"https:\\\/\\\/billigpakke.no\\\/blog\\\/?s={search_term_string}\"},\"query-input\":{\"@type\":\"PropertyValueSpecification\",\"valueRequired\":true,\"valueName\":\"search_term_string\"}}],\"inLanguage\":\"nn-NO\"},{\"@type\":\"Organization\",\"@id\":\"https:\\\/\\\/billigpakke.no\\\/blog\\\/#organization\",\"name\":\"BilligPakke.no\",\"url\":\"https:\\\/\\\/billigpakke.no\\\/blog\\\/\",\"logo\":{\"@type\":\"ImageObject\",\"inLanguage\":\"nn-NO\",\"@id\":\"https:\\\/\\\/billigpakke.no\\\/blog\\\/#\\\/schema\\\/logo\\\/image\\\/\",\"url\":\"https:\\\/\\\/billigpakke.no\\\/blog\\\/wp-content\\\/uploads\\\/2016\\\/10\\\/logo.png\",\"contentUrl\":\"https:\\\/\\\/billigpakke.no\\\/blog\\\/wp-content\\\/uploads\\\/2016\\\/10\\\/logo.png\",\"width\":185,\"height\":71,\"caption\":\"BilligPakke.no\"},\"image\":{\"@id\":\"https:\\\/\\\/billigpakke.no\\\/blog\\\/#\\\/schema\\\/logo\\\/image\\\/\"}}]}<\/script>\n<!-- \/ Yoast SEO plugin. -->","yoast_head_json":{"title":"hvor lang tid tar en pakke gjennom tollen? - BilligPakke.no","description":"Det tar vanligvis 1-3 dager for en pakke \u00e5 passere tollen, avhengig av tollbehandlingen og eventuelle tollprosedyrer.","robots":{"index":"index","follow":"follow","max-snippet":"max-snippet:-1","max-image-preview":"max-image-preview:large","max-video-preview":"max-video-preview:-1"},"canonical":"https:\/\/billigpakke.no\/blog\/hvor-lang-tid-tar-en-pakke-gjennom-tollen\/","og_locale":"nn_NO","og_type":"article","og_title":"hvor lang tid tar en pakke gjennom tollen? - BilligPakke.no","og_description":"Det tar vanligvis 1-3 dager for en pakke \u00e5 passere tollen, avhengig av tollbehandlingen og eventuelle tollprosedyrer.","og_url":"https:\/\/billigpakke.no\/blog\/hvor-lang-tid-tar-en-pakke-gjennom-tollen\/","og_site_name":"BilligPakke.no","article_modified_time":"2024-05-05T08:23:12+00:00","twitter_card":"summary_large_image","twitter_misc":{"Est. reading time":"1 minutt"},"schema":{"@context":"https:\/\/schema.org","@graph":[{"@type":"WebPage","@id":"https:\/\/billigpakke.no\/blog\/hvor-lang-tid-tar-en-pakke-gjennom-tollen\/","url":"https:\/\/billigpakke.no\/blog\/hvor-lang-tid-tar-en-pakke-gjennom-tollen\/","name":"hvor lang tid tar en pakke gjennom tollen? - BilligPakke.no","isPartOf":{"@id":"https:\/\/billigpakke.no\/blog\/#website"},"datePublished":"2024-05-05T06:30:20+00:00","dateModified":"2024-05-05T08:23:12+00:00","description":"Det tar vanligvis 1-3 dager for en pakke \u00e5 passere tollen, avhengig av tollbehandlingen og eventuelle tollprosedyrer.","breadcrumb":{"@id":"https:\/\/billigpakke.no\/blog\/hvor-lang-tid-tar-en-pakke-gjennom-tollen\/#breadcrumb"},"inLanguage":"nn-NO","potentialAction":[{"@type":"ReadAction","target":["https:\/\/billigpakke.no\/blog\/hvor-lang-tid-tar-en-pakke-gjennom-tollen\/"]}]},{"@type":"BreadcrumbList","@id":"https:\/\/billigpakke.no\/blog\/hvor-lang-tid-tar-en-pakke-gjennom-tollen\/#breadcrumb","itemListElement":[{"@type":"ListItem","position":1,"name":"Home","item":"https:\/\/billigpakke.no\/blog\/"},{"@type":"ListItem","position":2,"name":"hvor lang tid tar en pakke gjennom tollen?"}]},{"@type":"WebSite","@id":"https:\/\/billigpakke.no\/blog\/#website","url":"https:\/\/billigpakke.no\/blog\/","name":"BilligPakke.no","description":"Billigpakke.no Blog","publisher":{"@id":"https:\/\/billigpakke.no\/blog\/#organization"},"potentialAction":[{"@type":"SearchAction","target":{"@type":"EntryPoint","urlTemplate":"https:\/\/billigpakke.no\/blog\/?s={search_term_string}"},"query-input":{"@type":"PropertyValueSpecification","valueRequired":true,"valueName":"search_term_string"}}],"inLanguage":"nn-NO"},{"@type":"Organization","@id":"https:\/\/billigpakke.no\/blog\/#organization","name":"BilligPakke.no","url":"https:\/\/billigpakke.no\/blog\/","logo":{"@type":"ImageObject","inLanguage":"nn-NO","@id":"https:\/\/billigpakke.no\/blog\/#\/schema\/logo\/image\/","url":"https:\/\/billigpakke.no\/blog\/wp-content\/uploads\/2016\/10\/logo.png","contentUrl":"https:\/\/billigpakke.no\/blog\/wp-content\/uploads\/2016\/10\/logo.png","width":185,"height":71,"caption":"BilligPakke.no"},"image":{"@id":"https:\/\/billigpakke.no\/blog\/#\/schema\/logo\/image\/"}}]}},"_links":{"self":[{"href":"https:\/\/billigpakke.no\/blog\/wp-json\/wp\/v2\/pages\/817","targetHints":{"allow":["GET"]}}],"collection":[{"href":"https:\/\/billigpakke.no\/blog\/wp-json\/wp\/v2\/pages"}],"about":[{"href":"https:\/\/billigpakke.no\/blog\/wp-json\/wp\/v2\/types\/page"}],"author":[{"embeddable":true,"href":"https:\/\/billigpakke.no\/blog\/wp-json\/wp\/v2\/users\/3"}],"replies":[{"embeddable":true,"href":"https:\/\/billigpakke.no\/blog\/wp-json\/wp\/v2\/comments?post=817"}],"version-history":[{"count":2,"href":"https:\/\/billigpakke.no\/blog\/wp-json\/wp\/v2\/pages\/817\/revisions"}],"predecessor-version":[{"id":1462,"href":"https:\/\/billigpakke.no\/blog\/wp-json\/wp\/v2\/pages\/817\/revisions\/1462"}],"wp:attachment":[{"href":"https:\/\/billigpakke.no\/blog\/wp-json\/wp\/v2\/media?parent=817"}],"curies":[{"name":"wp","href":"https:\/\/api.w.org\/{rel}","templated":true}]}}