{"id":808,"date":"2024-05-05T09:23:11","date_gmt":"2024-05-05T06:30:19","guid":{"rendered":"https:\/\/billigpakke.no\/blog\/hvor-lang-tid-tar-en-pakke-fra-molde-til-tonsberg\/"},"modified":"2024-05-05T09:23:11","modified_gmt":"2024-05-05T08:23:11","slug":"hvor-lang-tid-tar-en-pakke-fra-molde-til-tonsberg","status":"publish","type":"page","link":"https:\/\/billigpakke.no\/blog\/hvor-lang-tid-tar-en-pakke-fra-molde-til-tonsberg\/","title":{"rendered":"hvor lang tid tar en pakke fra molde til t\u00f8nsberg?"},"content":{"rendered":"\n<p class=\"has-text-align-center\">Det kommer an p\u00e5 hvilken fraktmetode som brukes, men vanligvis tar det omtrent 1-3 virkedager \u00e5 sende en pakke fra Molde til T\u00f8nsberg med vanlig post eller frakttjenester som Bring eller Posten. Hvis man velger ekspresslevering kan det g\u00e5 enda raskere.<\/p>\n\n\n\n<div class=\"wp-block-buttons is-content-justification-center is-layout-flex wp-container-core-buttons-is-layout-16018d1d wp-block-buttons-is-layout-flex\">\n<div class=\"wp-block-button is-style-outline is-style-outline--1\"><a class=\"wp-block-button__link has-dark-gray-color has-yellow-background-color has-text-color has-background has-link-color wp-element-button\" href=\"https:\/\/billigpakke.no\">send pakkene dine billig her<\/a><\/div>\n<\/div>\n\n\n\n<p><\/p>\n\n\n\n<p class=\"has-text-align-center\">1. Hvor lang tid tar det vanligvis \u00e5 sende en pakke fra Molde til T\u00f8nsberg?<br \/>Svar: Vanligvis tar det 1-3 virkedager \u00e5 sende en pakke fra Molde til T\u00f8nsberg, avhengig av hvilken frakttjeneste som brukes.<br \/><br \/>2. Hva er den gjennomsnittlige leveringstiden for en pakke fra Molde til T\u00f8nsberg?<br \/>Svar: Den gjennomsnittlige leveringstiden for en pakke fra Molde til T\u00f8nsberg er vanligvis 2 virkedager, men dette kan variere avhengig av frakttjenesten og eventuelle uforutsette forsinkelser.<br \/><br \/>3. Hvilke faktorer kan p\u00e5virke leveringstiden for en pakke fra Molde til T\u00f8nsberg?<br \/>Svar: Faktorer som kan p\u00e5virke leveringstiden for en pakke fra Molde til T\u00f8nsberg inkluderer v\u00e6rforhold, trafikkforhold, og eventuelle logistikkproblemer hos frakttjenesten.<\/p>\n","protected":false},"excerpt":{"rendered":"<p>Det kommer an p\u00e5 hvilken fraktmetode som brukes, men vanligvis tar det omtrent 1-3 virkedager \u00e5 sende en pakke fra Molde til T\u00f8nsberg med vanlig post eller frakttjenester som Bring eller Posten. Hvis man velger ekspresslevering kan det g\u00e5 enda raskere. 1. Hvor lang tid tar det vanligvis \u00e5 sende en pakke fra Molde til &hellip; <a href=\"https:\/\/billigpakke.no\/blog\/hvor-lang-tid-tar-en-pakke-fra-molde-til-tonsberg\/\" class=\"more-link\">Hald fram med \u00e5 lese<span class=\"screen-reader-text\"> \u00abhvor lang tid tar en pakke fra molde til t\u00f8nsberg?\u00bb<\/span><\/a><\/p>\n","protected":false},"author":3,"featured_media":0,"parent":0,"menu_order":0,"comment_status":"closed","ping_status":"closed","template":"","meta":{"footnotes":""},"class_list":["post-808","page","type-page","status-publish","hentry"],"yoast_head":"<!-- This site is optimized with the Yoast SEO plugin v27.3 - https:\/\/yoast.com\/product\/yoast-seo-wordpress\/ -->\n<title>hvor lang tid tar en pakke fra molde til t\u00f8nsberg? - BilligPakke.no<\/title>\n<meta name=\"description\" content=\"Det er vanligvis en leveringstid p\u00e5 1-3 virkedager for pakker sendt fra Molde til T\u00f8nsberg, avhengig av fraktselskap og valgt leveringsmetode.\" \/>\n<meta name=\"robots\" content=\"index, follow, max-snippet:-1, max-image-preview:large, max-video-preview:-1\" \/>\n<link rel=\"canonical\" href=\"https:\/\/billigpakke.no\/blog\/hvor-lang-tid-tar-en-pakke-fra-molde-til-tonsberg\/\" \/>\n<meta property=\"og:locale\" content=\"nn_NO\" \/>\n<meta property=\"og:type\" content=\"article\" \/>\n<meta property=\"og:title\" content=\"hvor lang tid tar en pakke fra molde til t\u00f8nsberg? - BilligPakke.no\" \/>\n<meta property=\"og:description\" content=\"Det er vanligvis en leveringstid p\u00e5 1-3 virkedager for pakker sendt fra Molde til T\u00f8nsberg, avhengig av fraktselskap og valgt leveringsmetode.\" \/>\n<meta property=\"og:url\" content=\"https:\/\/billigpakke.no\/blog\/hvor-lang-tid-tar-en-pakke-fra-molde-til-tonsberg\/\" \/>\n<meta property=\"og:site_name\" content=\"BilligPakke.no\" \/>\n<meta property=\"article:modified_time\" content=\"2024-05-05T08:23:11+00:00\" \/>\n<meta name=\"twitter:card\" content=\"summary_large_image\" \/>\n<meta name=\"twitter:label1\" content=\"Est. reading time\" \/>\n\t<meta name=\"twitter:data1\" content=\"1 minutt\" \/>\n<script type=\"application\/ld+json\" class=\"yoast-schema-graph\">{\"@context\":\"https:\\\/\\\/schema.org\",\"@graph\":[{\"@type\":\"WebPage\",\"@id\":\"https:\\\/\\\/billigpakke.no\\\/blog\\\/hvor-lang-tid-tar-en-pakke-fra-molde-til-tonsberg\\\/\",\"url\":\"https:\\\/\\\/billigpakke.no\\\/blog\\\/hvor-lang-tid-tar-en-pakke-fra-molde-til-tonsberg\\\/\",\"name\":\"hvor lang tid tar en pakke fra molde til t\u00f8nsberg? - BilligPakke.no\",\"isPartOf\":{\"@id\":\"https:\\\/\\\/billigpakke.no\\\/blog\\\/#website\"},\"datePublished\":\"2024-05-05T06:30:19+00:00\",\"dateModified\":\"2024-05-05T08:23:11+00:00\",\"description\":\"Det er vanligvis en leveringstid p\u00e5 1-3 virkedager for pakker sendt fra Molde til T\u00f8nsberg, avhengig av fraktselskap og valgt leveringsmetode.\",\"breadcrumb\":{\"@id\":\"https:\\\/\\\/billigpakke.no\\\/blog\\\/hvor-lang-tid-tar-en-pakke-fra-molde-til-tonsberg\\\/#breadcrumb\"},\"inLanguage\":\"nn-NO\",\"potentialAction\":[{\"@type\":\"ReadAction\",\"target\":[\"https:\\\/\\\/billigpakke.no\\\/blog\\\/hvor-lang-tid-tar-en-pakke-fra-molde-til-tonsberg\\\/\"]}]},{\"@type\":\"BreadcrumbList\",\"@id\":\"https:\\\/\\\/billigpakke.no\\\/blog\\\/hvor-lang-tid-tar-en-pakke-fra-molde-til-tonsberg\\\/#breadcrumb\",\"itemListElement\":[{\"@type\":\"ListItem\",\"position\":1,\"name\":\"Home\",\"item\":\"https:\\\/\\\/billigpakke.no\\\/blog\\\/\"},{\"@type\":\"ListItem\",\"position\":2,\"name\":\"hvor lang tid tar en pakke fra molde til t\u00f8nsberg?\"}]},{\"@type\":\"WebSite\",\"@id\":\"https:\\\/\\\/billigpakke.no\\\/blog\\\/#website\",\"url\":\"https:\\\/\\\/billigpakke.no\\\/blog\\\/\",\"name\":\"BilligPakke.no\",\"description\":\"Billigpakke.no Blog\",\"publisher\":{\"@id\":\"https:\\\/\\\/billigpakke.no\\\/blog\\\/#organization\"},\"potentialAction\":[{\"@type\":\"SearchAction\",\"target\":{\"@type\":\"EntryPoint\",\"urlTemplate\":\"https:\\\/\\\/billigpakke.no\\\/blog\\\/?s={search_term_string}\"},\"query-input\":{\"@type\":\"PropertyValueSpecification\",\"valueRequired\":true,\"valueName\":\"search_term_string\"}}],\"inLanguage\":\"nn-NO\"},{\"@type\":\"Organization\",\"@id\":\"https:\\\/\\\/billigpakke.no\\\/blog\\\/#organization\",\"name\":\"BilligPakke.no\",\"url\":\"https:\\\/\\\/billigpakke.no\\\/blog\\\/\",\"logo\":{\"@type\":\"ImageObject\",\"inLanguage\":\"nn-NO\",\"@id\":\"https:\\\/\\\/billigpakke.no\\\/blog\\\/#\\\/schema\\\/logo\\\/image\\\/\",\"url\":\"https:\\\/\\\/billigpakke.no\\\/blog\\\/wp-content\\\/uploads\\\/2016\\\/10\\\/logo.png\",\"contentUrl\":\"https:\\\/\\\/billigpakke.no\\\/blog\\\/wp-content\\\/uploads\\\/2016\\\/10\\\/logo.png\",\"width\":185,\"height\":71,\"caption\":\"BilligPakke.no\"},\"image\":{\"@id\":\"https:\\\/\\\/billigpakke.no\\\/blog\\\/#\\\/schema\\\/logo\\\/image\\\/\"}}]}<\/script>\n<!-- \/ Yoast SEO plugin. -->","yoast_head_json":{"title":"hvor lang tid tar en pakke fra molde til t\u00f8nsberg? - BilligPakke.no","description":"Det er vanligvis en leveringstid p\u00e5 1-3 virkedager for pakker sendt fra Molde til T\u00f8nsberg, avhengig av fraktselskap og valgt leveringsmetode.","robots":{"index":"index","follow":"follow","max-snippet":"max-snippet:-1","max-image-preview":"max-image-preview:large","max-video-preview":"max-video-preview:-1"},"canonical":"https:\/\/billigpakke.no\/blog\/hvor-lang-tid-tar-en-pakke-fra-molde-til-tonsberg\/","og_locale":"nn_NO","og_type":"article","og_title":"hvor lang tid tar en pakke fra molde til t\u00f8nsberg? - BilligPakke.no","og_description":"Det er vanligvis en leveringstid p\u00e5 1-3 virkedager for pakker sendt fra Molde til T\u00f8nsberg, avhengig av fraktselskap og valgt leveringsmetode.","og_url":"https:\/\/billigpakke.no\/blog\/hvor-lang-tid-tar-en-pakke-fra-molde-til-tonsberg\/","og_site_name":"BilligPakke.no","article_modified_time":"2024-05-05T08:23:11+00:00","twitter_card":"summary_large_image","twitter_misc":{"Est. reading time":"1 minutt"},"schema":{"@context":"https:\/\/schema.org","@graph":[{"@type":"WebPage","@id":"https:\/\/billigpakke.no\/blog\/hvor-lang-tid-tar-en-pakke-fra-molde-til-tonsberg\/","url":"https:\/\/billigpakke.no\/blog\/hvor-lang-tid-tar-en-pakke-fra-molde-til-tonsberg\/","name":"hvor lang tid tar en pakke fra molde til t\u00f8nsberg? - BilligPakke.no","isPartOf":{"@id":"https:\/\/billigpakke.no\/blog\/#website"},"datePublished":"2024-05-05T06:30:19+00:00","dateModified":"2024-05-05T08:23:11+00:00","description":"Det er vanligvis en leveringstid p\u00e5 1-3 virkedager for pakker sendt fra Molde til T\u00f8nsberg, avhengig av fraktselskap og valgt leveringsmetode.","breadcrumb":{"@id":"https:\/\/billigpakke.no\/blog\/hvor-lang-tid-tar-en-pakke-fra-molde-til-tonsberg\/#breadcrumb"},"inLanguage":"nn-NO","potentialAction":[{"@type":"ReadAction","target":["https:\/\/billigpakke.no\/blog\/hvor-lang-tid-tar-en-pakke-fra-molde-til-tonsberg\/"]}]},{"@type":"BreadcrumbList","@id":"https:\/\/billigpakke.no\/blog\/hvor-lang-tid-tar-en-pakke-fra-molde-til-tonsberg\/#breadcrumb","itemListElement":[{"@type":"ListItem","position":1,"name":"Home","item":"https:\/\/billigpakke.no\/blog\/"},{"@type":"ListItem","position":2,"name":"hvor lang tid tar en pakke fra molde til t\u00f8nsberg?"}]},{"@type":"WebSite","@id":"https:\/\/billigpakke.no\/blog\/#website","url":"https:\/\/billigpakke.no\/blog\/","name":"BilligPakke.no","description":"Billigpakke.no Blog","publisher":{"@id":"https:\/\/billigpakke.no\/blog\/#organization"},"potentialAction":[{"@type":"SearchAction","target":{"@type":"EntryPoint","urlTemplate":"https:\/\/billigpakke.no\/blog\/?s={search_term_string}"},"query-input":{"@type":"PropertyValueSpecification","valueRequired":true,"valueName":"search_term_string"}}],"inLanguage":"nn-NO"},{"@type":"Organization","@id":"https:\/\/billigpakke.no\/blog\/#organization","name":"BilligPakke.no","url":"https:\/\/billigpakke.no\/blog\/","logo":{"@type":"ImageObject","inLanguage":"nn-NO","@id":"https:\/\/billigpakke.no\/blog\/#\/schema\/logo\/image\/","url":"https:\/\/billigpakke.no\/blog\/wp-content\/uploads\/2016\/10\/logo.png","contentUrl":"https:\/\/billigpakke.no\/blog\/wp-content\/uploads\/2016\/10\/logo.png","width":185,"height":71,"caption":"BilligPakke.no"},"image":{"@id":"https:\/\/billigpakke.no\/blog\/#\/schema\/logo\/image\/"}}]}},"_links":{"self":[{"href":"https:\/\/billigpakke.no\/blog\/wp-json\/wp\/v2\/pages\/808","targetHints":{"allow":["GET"]}}],"collection":[{"href":"https:\/\/billigpakke.no\/blog\/wp-json\/wp\/v2\/pages"}],"about":[{"href":"https:\/\/billigpakke.no\/blog\/wp-json\/wp\/v2\/types\/page"}],"author":[{"embeddable":true,"href":"https:\/\/billigpakke.no\/blog\/wp-json\/wp\/v2\/users\/3"}],"replies":[{"embeddable":true,"href":"https:\/\/billigpakke.no\/blog\/wp-json\/wp\/v2\/comments?post=808"}],"version-history":[{"count":2,"href":"https:\/\/billigpakke.no\/blog\/wp-json\/wp\/v2\/pages\/808\/revisions"}],"predecessor-version":[{"id":1453,"href":"https:\/\/billigpakke.no\/blog\/wp-json\/wp\/v2\/pages\/808\/revisions\/1453"}],"wp:attachment":[{"href":"https:\/\/billigpakke.no\/blog\/wp-json\/wp\/v2\/media?parent=808"}],"curies":[{"name":"wp","href":"https:\/\/api.w.org\/{rel}","templated":true}]}}