{"id":802,"date":"2024-05-05T09:23:11","date_gmt":"2024-05-05T06:30:18","guid":{"rendered":"https:\/\/billigpakke.no\/blog\/hvor-lenge-kan-man-vente-med-a-hente-pakke\/"},"modified":"2024-05-05T09:23:11","modified_gmt":"2024-05-05T08:23:11","slug":"hvor-lenge-kan-man-vente-med-a-hente-pakke","status":"publish","type":"page","link":"https:\/\/billigpakke.no\/blog\/hvor-lenge-kan-man-vente-med-a-hente-pakke\/","title":{"rendered":"hvor lenge kan man vente med \u00e5 hente pakke?"},"content":{"rendered":"\n<p class=\"has-text-align-center\">Du kan vanligvis vente med \u00e5 hente en pakke i opptil 14 dager etter at den har blitt levert til postkontoret eller utleveringsstedet. Etter dette kan pakken bli returnert til avsenderen. Det er imidlertid lurt \u00e5 sjekke med postkontoret eller leverand\u00f8ren for n\u00f8yaktige retningslinjer, da det kan variere avhengig av leveringsmetode og selskap.<\/p>\n\n\n\n<div class=\"wp-block-buttons is-content-justification-center is-layout-flex wp-container-core-buttons-is-layout-16018d1d wp-block-buttons-is-layout-flex\">\n<div class=\"wp-block-button is-style-outline is-style-outline--1\"><a class=\"wp-block-button__link has-dark-gray-color has-yellow-background-color has-text-color has-background has-link-color wp-element-button\" href=\"https:\/\/billigpakke.no\">send pakkene dine billig her<\/a><\/div>\n<\/div>\n\n\n\n<p><\/p>\n\n\n\n<p class=\"has-text-align-center\">1. Hvor lenge kan jeg vente med \u00e5 hente en pakke p\u00e5 postkontoret?<br \/>Svar: Du kan vanligvis vente med \u00e5 hente en pakke p\u00e5 postkontoret i opptil 14 dager f\u00f8r den returneres til avsender.<br \/><br \/>2. Hvor lenge kan jeg vente med \u00e5 hente en pakke p\u00e5 et utleveringssted?<br \/>Svar: Du kan vanligvis vente med \u00e5 hente en pakke p\u00e5 et utleveringssted i opptil 7 dager f\u00f8r den returneres til avsender.<br \/><br \/>3. Hvor lenge kan jeg vente med \u00e5 hente en pakke p\u00e5 et postkontor f\u00f8r den sendes tilbake?<br \/>Svar: Du kan vanligvis vente med \u00e5 hente en pakke p\u00e5 postkontoret i opptil 14 dager f\u00f8r den returneres til avsender.<\/p>\n","protected":false},"excerpt":{"rendered":"<p>Du kan vanligvis vente med \u00e5 hente en pakke i opptil 14 dager etter at den har blitt levert til postkontoret eller utleveringsstedet. Etter dette kan pakken bli returnert til avsenderen. Det er imidlertid lurt \u00e5 sjekke med postkontoret eller leverand\u00f8ren for n\u00f8yaktige retningslinjer, da det kan variere avhengig av leveringsmetode og selskap. 1. Hvor &hellip; <a href=\"https:\/\/billigpakke.no\/blog\/hvor-lenge-kan-man-vente-med-a-hente-pakke\/\" class=\"more-link\">Hald fram med \u00e5 lese<span class=\"screen-reader-text\"> \u00abhvor lenge kan man vente med \u00e5 hente pakke?\u00bb<\/span><\/a><\/p>\n","protected":false},"author":3,"featured_media":0,"parent":0,"menu_order":0,"comment_status":"closed","ping_status":"closed","template":"","meta":{"footnotes":""},"class_list":["post-802","page","type-page","status-publish","hentry"],"yoast_head":"<!-- This site is optimized with the Yoast SEO plugin v27.3 - https:\/\/yoast.com\/product\/yoast-seo-wordpress\/ -->\n<title>hvor lenge kan man vente med \u00e5 hente pakke? - BilligPakke.no<\/title>\n<meta name=\"description\" content=\"Det er vanligvis en tidsfrist p\u00e5 14 dager for \u00e5 hente en pakke p\u00e5 postkontoret eller et utleveringssted. Etter dette kan pakken returneres til avsender.\" \/>\n<meta name=\"robots\" content=\"index, follow, max-snippet:-1, max-image-preview:large, max-video-preview:-1\" \/>\n<link rel=\"canonical\" href=\"https:\/\/billigpakke.no\/blog\/hvor-lenge-kan-man-vente-med-a-hente-pakke\/\" \/>\n<meta property=\"og:locale\" content=\"nn_NO\" \/>\n<meta property=\"og:type\" content=\"article\" \/>\n<meta property=\"og:title\" content=\"hvor lenge kan man vente med \u00e5 hente pakke? - BilligPakke.no\" \/>\n<meta property=\"og:description\" content=\"Det er vanligvis en tidsfrist p\u00e5 14 dager for \u00e5 hente en pakke p\u00e5 postkontoret eller et utleveringssted. Etter dette kan pakken returneres til avsender.\" \/>\n<meta property=\"og:url\" content=\"https:\/\/billigpakke.no\/blog\/hvor-lenge-kan-man-vente-med-a-hente-pakke\/\" \/>\n<meta property=\"og:site_name\" content=\"BilligPakke.no\" \/>\n<meta property=\"article:modified_time\" content=\"2024-05-05T08:23:11+00:00\" \/>\n<meta name=\"twitter:card\" content=\"summary_large_image\" \/>\n<meta name=\"twitter:label1\" content=\"Est. reading time\" \/>\n\t<meta name=\"twitter:data1\" content=\"1 minutt\" \/>\n<script type=\"application\/ld+json\" class=\"yoast-schema-graph\">{\"@context\":\"https:\\\/\\\/schema.org\",\"@graph\":[{\"@type\":\"WebPage\",\"@id\":\"https:\\\/\\\/billigpakke.no\\\/blog\\\/hvor-lenge-kan-man-vente-med-a-hente-pakke\\\/\",\"url\":\"https:\\\/\\\/billigpakke.no\\\/blog\\\/hvor-lenge-kan-man-vente-med-a-hente-pakke\\\/\",\"name\":\"hvor lenge kan man vente med \u00e5 hente pakke? - BilligPakke.no\",\"isPartOf\":{\"@id\":\"https:\\\/\\\/billigpakke.no\\\/blog\\\/#website\"},\"datePublished\":\"2024-05-05T06:30:18+00:00\",\"dateModified\":\"2024-05-05T08:23:11+00:00\",\"description\":\"Det er vanligvis en tidsfrist p\u00e5 14 dager for \u00e5 hente en pakke p\u00e5 postkontoret eller et utleveringssted. Etter dette kan pakken returneres til avsender.\",\"breadcrumb\":{\"@id\":\"https:\\\/\\\/billigpakke.no\\\/blog\\\/hvor-lenge-kan-man-vente-med-a-hente-pakke\\\/#breadcrumb\"},\"inLanguage\":\"nn-NO\",\"potentialAction\":[{\"@type\":\"ReadAction\",\"target\":[\"https:\\\/\\\/billigpakke.no\\\/blog\\\/hvor-lenge-kan-man-vente-med-a-hente-pakke\\\/\"]}]},{\"@type\":\"BreadcrumbList\",\"@id\":\"https:\\\/\\\/billigpakke.no\\\/blog\\\/hvor-lenge-kan-man-vente-med-a-hente-pakke\\\/#breadcrumb\",\"itemListElement\":[{\"@type\":\"ListItem\",\"position\":1,\"name\":\"Home\",\"item\":\"https:\\\/\\\/billigpakke.no\\\/blog\\\/\"},{\"@type\":\"ListItem\",\"position\":2,\"name\":\"hvor lenge kan man vente med \u00e5 hente pakke?\"}]},{\"@type\":\"WebSite\",\"@id\":\"https:\\\/\\\/billigpakke.no\\\/blog\\\/#website\",\"url\":\"https:\\\/\\\/billigpakke.no\\\/blog\\\/\",\"name\":\"BilligPakke.no\",\"description\":\"Billigpakke.no Blog\",\"publisher\":{\"@id\":\"https:\\\/\\\/billigpakke.no\\\/blog\\\/#organization\"},\"potentialAction\":[{\"@type\":\"SearchAction\",\"target\":{\"@type\":\"EntryPoint\",\"urlTemplate\":\"https:\\\/\\\/billigpakke.no\\\/blog\\\/?s={search_term_string}\"},\"query-input\":{\"@type\":\"PropertyValueSpecification\",\"valueRequired\":true,\"valueName\":\"search_term_string\"}}],\"inLanguage\":\"nn-NO\"},{\"@type\":\"Organization\",\"@id\":\"https:\\\/\\\/billigpakke.no\\\/blog\\\/#organization\",\"name\":\"BilligPakke.no\",\"url\":\"https:\\\/\\\/billigpakke.no\\\/blog\\\/\",\"logo\":{\"@type\":\"ImageObject\",\"inLanguage\":\"nn-NO\",\"@id\":\"https:\\\/\\\/billigpakke.no\\\/blog\\\/#\\\/schema\\\/logo\\\/image\\\/\",\"url\":\"https:\\\/\\\/billigpakke.no\\\/blog\\\/wp-content\\\/uploads\\\/2016\\\/10\\\/logo.png\",\"contentUrl\":\"https:\\\/\\\/billigpakke.no\\\/blog\\\/wp-content\\\/uploads\\\/2016\\\/10\\\/logo.png\",\"width\":185,\"height\":71,\"caption\":\"BilligPakke.no\"},\"image\":{\"@id\":\"https:\\\/\\\/billigpakke.no\\\/blog\\\/#\\\/schema\\\/logo\\\/image\\\/\"}}]}<\/script>\n<!-- \/ Yoast SEO plugin. -->","yoast_head_json":{"title":"hvor lenge kan man vente med \u00e5 hente pakke? - BilligPakke.no","description":"Det er vanligvis en tidsfrist p\u00e5 14 dager for \u00e5 hente en pakke p\u00e5 postkontoret eller et utleveringssted. Etter dette kan pakken returneres til avsender.","robots":{"index":"index","follow":"follow","max-snippet":"max-snippet:-1","max-image-preview":"max-image-preview:large","max-video-preview":"max-video-preview:-1"},"canonical":"https:\/\/billigpakke.no\/blog\/hvor-lenge-kan-man-vente-med-a-hente-pakke\/","og_locale":"nn_NO","og_type":"article","og_title":"hvor lenge kan man vente med \u00e5 hente pakke? - BilligPakke.no","og_description":"Det er vanligvis en tidsfrist p\u00e5 14 dager for \u00e5 hente en pakke p\u00e5 postkontoret eller et utleveringssted. Etter dette kan pakken returneres til avsender.","og_url":"https:\/\/billigpakke.no\/blog\/hvor-lenge-kan-man-vente-med-a-hente-pakke\/","og_site_name":"BilligPakke.no","article_modified_time":"2024-05-05T08:23:11+00:00","twitter_card":"summary_large_image","twitter_misc":{"Est. reading time":"1 minutt"},"schema":{"@context":"https:\/\/schema.org","@graph":[{"@type":"WebPage","@id":"https:\/\/billigpakke.no\/blog\/hvor-lenge-kan-man-vente-med-a-hente-pakke\/","url":"https:\/\/billigpakke.no\/blog\/hvor-lenge-kan-man-vente-med-a-hente-pakke\/","name":"hvor lenge kan man vente med \u00e5 hente pakke? - BilligPakke.no","isPartOf":{"@id":"https:\/\/billigpakke.no\/blog\/#website"},"datePublished":"2024-05-05T06:30:18+00:00","dateModified":"2024-05-05T08:23:11+00:00","description":"Det er vanligvis en tidsfrist p\u00e5 14 dager for \u00e5 hente en pakke p\u00e5 postkontoret eller et utleveringssted. Etter dette kan pakken returneres til avsender.","breadcrumb":{"@id":"https:\/\/billigpakke.no\/blog\/hvor-lenge-kan-man-vente-med-a-hente-pakke\/#breadcrumb"},"inLanguage":"nn-NO","potentialAction":[{"@type":"ReadAction","target":["https:\/\/billigpakke.no\/blog\/hvor-lenge-kan-man-vente-med-a-hente-pakke\/"]}]},{"@type":"BreadcrumbList","@id":"https:\/\/billigpakke.no\/blog\/hvor-lenge-kan-man-vente-med-a-hente-pakke\/#breadcrumb","itemListElement":[{"@type":"ListItem","position":1,"name":"Home","item":"https:\/\/billigpakke.no\/blog\/"},{"@type":"ListItem","position":2,"name":"hvor lenge kan man vente med \u00e5 hente pakke?"}]},{"@type":"WebSite","@id":"https:\/\/billigpakke.no\/blog\/#website","url":"https:\/\/billigpakke.no\/blog\/","name":"BilligPakke.no","description":"Billigpakke.no Blog","publisher":{"@id":"https:\/\/billigpakke.no\/blog\/#organization"},"potentialAction":[{"@type":"SearchAction","target":{"@type":"EntryPoint","urlTemplate":"https:\/\/billigpakke.no\/blog\/?s={search_term_string}"},"query-input":{"@type":"PropertyValueSpecification","valueRequired":true,"valueName":"search_term_string"}}],"inLanguage":"nn-NO"},{"@type":"Organization","@id":"https:\/\/billigpakke.no\/blog\/#organization","name":"BilligPakke.no","url":"https:\/\/billigpakke.no\/blog\/","logo":{"@type":"ImageObject","inLanguage":"nn-NO","@id":"https:\/\/billigpakke.no\/blog\/#\/schema\/logo\/image\/","url":"https:\/\/billigpakke.no\/blog\/wp-content\/uploads\/2016\/10\/logo.png","contentUrl":"https:\/\/billigpakke.no\/blog\/wp-content\/uploads\/2016\/10\/logo.png","width":185,"height":71,"caption":"BilligPakke.no"},"image":{"@id":"https:\/\/billigpakke.no\/blog\/#\/schema\/logo\/image\/"}}]}},"_links":{"self":[{"href":"https:\/\/billigpakke.no\/blog\/wp-json\/wp\/v2\/pages\/802","targetHints":{"allow":["GET"]}}],"collection":[{"href":"https:\/\/billigpakke.no\/blog\/wp-json\/wp\/v2\/pages"}],"about":[{"href":"https:\/\/billigpakke.no\/blog\/wp-json\/wp\/v2\/types\/page"}],"author":[{"embeddable":true,"href":"https:\/\/billigpakke.no\/blog\/wp-json\/wp\/v2\/users\/3"}],"replies":[{"embeddable":true,"href":"https:\/\/billigpakke.no\/blog\/wp-json\/wp\/v2\/comments?post=802"}],"version-history":[{"count":2,"href":"https:\/\/billigpakke.no\/blog\/wp-json\/wp\/v2\/pages\/802\/revisions"}],"predecessor-version":[{"id":1447,"href":"https:\/\/billigpakke.no\/blog\/wp-json\/wp\/v2\/pages\/802\/revisions\/1447"}],"wp:attachment":[{"href":"https:\/\/billigpakke.no\/blog\/wp-json\/wp\/v2\/media?parent=802"}],"curies":[{"name":"wp","href":"https:\/\/api.w.org\/{rel}","templated":true}]}}