{"id":801,"date":"2024-05-05T09:23:11","date_gmt":"2024-05-05T06:30:18","guid":{"rendered":"https:\/\/billigpakke.no\/blog\/hvor-lenge-er-pakker-i-tollen\/"},"modified":"2024-05-05T09:23:11","modified_gmt":"2024-05-05T08:23:11","slug":"hvor-lenge-er-pakker-i-tollen","status":"publish","type":"page","link":"https:\/\/billigpakke.no\/blog\/hvor-lenge-er-pakker-i-tollen\/","title":{"rendered":"hvor lenge er pakker i tollen?"},"content":{"rendered":"\n<p class=\"has-text-align-center\">Pakker kan v\u00e6re i tollen i ulik tid avhengig av flere faktorer, inkludert tollbehandlingen, eventuelle dokumentasjonsfeil, og hvor travelt tollvesenet er. Det er vanskelig \u00e5 gi en eksakt tidslengde, men vanligvis tar tollbehandlingen noen dager til noen uker. Det er viktig \u00e5 v\u00e6re t\u00e5lmodig og f\u00f8lge opp med tollvesenet dersom det tar lengre tid enn forventet.<\/p>\n\n\n\n<div class=\"wp-block-buttons is-content-justification-center is-layout-flex wp-container-core-buttons-is-layout-16018d1d wp-block-buttons-is-layout-flex\">\n<div class=\"wp-block-button is-style-outline is-style-outline--1\"><a class=\"wp-block-button__link has-dark-gray-color has-yellow-background-color has-text-color has-background has-link-color wp-element-button\" href=\"https:\/\/billigpakke.no\">send pakkene dine billig her<\/a><\/div>\n<\/div>\n\n\n\n<p><\/p>\n\n\n\n<p class=\"has-text-align-center\">1. Hvor lenge kan en pakke v\u00e6re i tollen i Norge?<br \/>Svar: En pakke kan v\u00e6re i tollen i opptil 10 dager f\u00f8r den blir frigitt eller returnert til avsender.<br \/><br \/>2. Hva skjer hvis en pakke blir liggende i tollen i Norge i mer enn 10 dager?<br \/>Svar: Hvis en pakke blir liggende i tollen i mer enn 10 dager, kan den enten bli returnert til avsender eller destruert, avhengig av innholdet og eventuelle toll- og avgiftsforhold.<br \/><br \/>3. Kan man kontakte tollvesenet for \u00e5 fremskynde frigivelsen av en pakke som har v\u00e6rt i tollen i Norge i mer enn 10 dager?<br \/>Svar: Ja, det er mulig \u00e5 kontakte tollvesenet for \u00e5 fremskynde frigivelsen av en pakke som har v\u00e6rt i tollen i mer enn 10 dager. Man kan kontakte tollvesenet for \u00e5 f\u00e5 informasjon om hvorfor pakken er forsinket og eventuelt gi n\u00f8dvendig dokumentasjon eller informasjon for \u00e5 hjelpe tollvesenet med \u00e5 frigj\u00f8re pakken raskere.<\/p>\n","protected":false},"excerpt":{"rendered":"<p>Pakker kan v\u00e6re i tollen i ulik tid avhengig av flere faktorer, inkludert tollbehandlingen, eventuelle dokumentasjonsfeil, og hvor travelt tollvesenet er. Det er vanskelig \u00e5 gi en eksakt tidslengde, men vanligvis tar tollbehandlingen noen dager til noen uker. Det er viktig \u00e5 v\u00e6re t\u00e5lmodig og f\u00f8lge opp med tollvesenet dersom det tar lengre tid enn &hellip; <a href=\"https:\/\/billigpakke.no\/blog\/hvor-lenge-er-pakker-i-tollen\/\" class=\"more-link\">Hald fram med \u00e5 lese<span class=\"screen-reader-text\"> \u00abhvor lenge er pakker i tollen?\u00bb<\/span><\/a><\/p>\n","protected":false},"author":3,"featured_media":0,"parent":0,"menu_order":0,"comment_status":"closed","ping_status":"closed","template":"","meta":{"footnotes":""},"class_list":["post-801","page","type-page","status-publish","hentry"],"yoast_head":"<!-- This site is optimized with the Yoast SEO plugin v27.6 - https:\/\/yoast.com\/product\/yoast-seo-wordpress\/ -->\n<title>hvor lenge er pakker i tollen? - BilligPakke.no<\/title>\n<meta name=\"description\" content=\"Pakker kan v\u00e6re i tollen i opptil 30 dager f\u00f8r de blir frigitt eller returnert til avsenderen. Det er viktig \u00e5 v\u00e6re t\u00e5lmodig og f\u00f8lge opp med tollmyndighetene ved behov.\" \/>\n<meta name=\"robots\" content=\"index, follow, max-snippet:-1, max-image-preview:large, max-video-preview:-1\" \/>\n<link rel=\"canonical\" href=\"https:\/\/billigpakke.no\/blog\/hvor-lenge-er-pakker-i-tollen\/\" \/>\n<meta property=\"og:locale\" content=\"nn_NO\" \/>\n<meta property=\"og:type\" content=\"article\" \/>\n<meta property=\"og:title\" content=\"hvor lenge er pakker i tollen? - BilligPakke.no\" \/>\n<meta property=\"og:description\" content=\"Pakker kan v\u00e6re i tollen i opptil 30 dager f\u00f8r de blir frigitt eller returnert til avsenderen. Det er viktig \u00e5 v\u00e6re t\u00e5lmodig og f\u00f8lge opp med tollmyndighetene ved behov.\" \/>\n<meta property=\"og:url\" content=\"https:\/\/billigpakke.no\/blog\/hvor-lenge-er-pakker-i-tollen\/\" \/>\n<meta property=\"og:site_name\" content=\"BilligPakke.no\" \/>\n<meta property=\"article:modified_time\" content=\"2024-05-05T08:23:11+00:00\" \/>\n<meta name=\"twitter:card\" content=\"summary_large_image\" \/>\n<meta name=\"twitter:label1\" content=\"Est. reading time\" \/>\n\t<meta name=\"twitter:data1\" content=\"1 minutt\" \/>\n<script type=\"application\/ld+json\" class=\"yoast-schema-graph\">{\"@context\":\"https:\\\/\\\/schema.org\",\"@graph\":[{\"@type\":\"WebPage\",\"@id\":\"https:\\\/\\\/billigpakke.no\\\/blog\\\/hvor-lenge-er-pakker-i-tollen\\\/\",\"url\":\"https:\\\/\\\/billigpakke.no\\\/blog\\\/hvor-lenge-er-pakker-i-tollen\\\/\",\"name\":\"hvor lenge er pakker i tollen? - BilligPakke.no\",\"isPartOf\":{\"@id\":\"https:\\\/\\\/billigpakke.no\\\/blog\\\/#website\"},\"datePublished\":\"2024-05-05T06:30:18+00:00\",\"dateModified\":\"2024-05-05T08:23:11+00:00\",\"description\":\"Pakker kan v\u00e6re i tollen i opptil 30 dager f\u00f8r de blir frigitt eller returnert til avsenderen. Det er viktig \u00e5 v\u00e6re t\u00e5lmodig og f\u00f8lge opp med tollmyndighetene ved behov.\",\"breadcrumb\":{\"@id\":\"https:\\\/\\\/billigpakke.no\\\/blog\\\/hvor-lenge-er-pakker-i-tollen\\\/#breadcrumb\"},\"inLanguage\":\"nn-NO\",\"potentialAction\":[{\"@type\":\"ReadAction\",\"target\":[\"https:\\\/\\\/billigpakke.no\\\/blog\\\/hvor-lenge-er-pakker-i-tollen\\\/\"]}]},{\"@type\":\"BreadcrumbList\",\"@id\":\"https:\\\/\\\/billigpakke.no\\\/blog\\\/hvor-lenge-er-pakker-i-tollen\\\/#breadcrumb\",\"itemListElement\":[{\"@type\":\"ListItem\",\"position\":1,\"name\":\"Home\",\"item\":\"https:\\\/\\\/billigpakke.no\\\/blog\\\/\"},{\"@type\":\"ListItem\",\"position\":2,\"name\":\"hvor lenge er pakker i tollen?\"}]},{\"@type\":\"WebSite\",\"@id\":\"https:\\\/\\\/billigpakke.no\\\/blog\\\/#website\",\"url\":\"https:\\\/\\\/billigpakke.no\\\/blog\\\/\",\"name\":\"BilligPakke.no\",\"description\":\"Billigpakke.no Blog\",\"publisher\":{\"@id\":\"https:\\\/\\\/billigpakke.no\\\/blog\\\/#organization\"},\"potentialAction\":[{\"@type\":\"SearchAction\",\"target\":{\"@type\":\"EntryPoint\",\"urlTemplate\":\"https:\\\/\\\/billigpakke.no\\\/blog\\\/?s={search_term_string}\"},\"query-input\":{\"@type\":\"PropertyValueSpecification\",\"valueRequired\":true,\"valueName\":\"search_term_string\"}}],\"inLanguage\":\"nn-NO\"},{\"@type\":\"Organization\",\"@id\":\"https:\\\/\\\/billigpakke.no\\\/blog\\\/#organization\",\"name\":\"BilligPakke.no\",\"url\":\"https:\\\/\\\/billigpakke.no\\\/blog\\\/\",\"logo\":{\"@type\":\"ImageObject\",\"inLanguage\":\"nn-NO\",\"@id\":\"https:\\\/\\\/billigpakke.no\\\/blog\\\/#\\\/schema\\\/logo\\\/image\\\/\",\"url\":\"https:\\\/\\\/billigpakke.no\\\/blog\\\/wp-content\\\/uploads\\\/2016\\\/10\\\/logo.png\",\"contentUrl\":\"https:\\\/\\\/billigpakke.no\\\/blog\\\/wp-content\\\/uploads\\\/2016\\\/10\\\/logo.png\",\"width\":185,\"height\":71,\"caption\":\"BilligPakke.no\"},\"image\":{\"@id\":\"https:\\\/\\\/billigpakke.no\\\/blog\\\/#\\\/schema\\\/logo\\\/image\\\/\"}}]}<\/script>\n<!-- \/ Yoast SEO plugin. -->","yoast_head_json":{"title":"hvor lenge er pakker i tollen? - BilligPakke.no","description":"Pakker kan v\u00e6re i tollen i opptil 30 dager f\u00f8r de blir frigitt eller returnert til avsenderen. Det er viktig \u00e5 v\u00e6re t\u00e5lmodig og f\u00f8lge opp med tollmyndighetene ved behov.","robots":{"index":"index","follow":"follow","max-snippet":"max-snippet:-1","max-image-preview":"max-image-preview:large","max-video-preview":"max-video-preview:-1"},"canonical":"https:\/\/billigpakke.no\/blog\/hvor-lenge-er-pakker-i-tollen\/","og_locale":"nn_NO","og_type":"article","og_title":"hvor lenge er pakker i tollen? - BilligPakke.no","og_description":"Pakker kan v\u00e6re i tollen i opptil 30 dager f\u00f8r de blir frigitt eller returnert til avsenderen. Det er viktig \u00e5 v\u00e6re t\u00e5lmodig og f\u00f8lge opp med tollmyndighetene ved behov.","og_url":"https:\/\/billigpakke.no\/blog\/hvor-lenge-er-pakker-i-tollen\/","og_site_name":"BilligPakke.no","article_modified_time":"2024-05-05T08:23:11+00:00","twitter_card":"summary_large_image","twitter_misc":{"Est. reading time":"1 minutt"},"schema":{"@context":"https:\/\/schema.org","@graph":[{"@type":"WebPage","@id":"https:\/\/billigpakke.no\/blog\/hvor-lenge-er-pakker-i-tollen\/","url":"https:\/\/billigpakke.no\/blog\/hvor-lenge-er-pakker-i-tollen\/","name":"hvor lenge er pakker i tollen? - BilligPakke.no","isPartOf":{"@id":"https:\/\/billigpakke.no\/blog\/#website"},"datePublished":"2024-05-05T06:30:18+00:00","dateModified":"2024-05-05T08:23:11+00:00","description":"Pakker kan v\u00e6re i tollen i opptil 30 dager f\u00f8r de blir frigitt eller returnert til avsenderen. Det er viktig \u00e5 v\u00e6re t\u00e5lmodig og f\u00f8lge opp med tollmyndighetene ved behov.","breadcrumb":{"@id":"https:\/\/billigpakke.no\/blog\/hvor-lenge-er-pakker-i-tollen\/#breadcrumb"},"inLanguage":"nn-NO","potentialAction":[{"@type":"ReadAction","target":["https:\/\/billigpakke.no\/blog\/hvor-lenge-er-pakker-i-tollen\/"]}]},{"@type":"BreadcrumbList","@id":"https:\/\/billigpakke.no\/blog\/hvor-lenge-er-pakker-i-tollen\/#breadcrumb","itemListElement":[{"@type":"ListItem","position":1,"name":"Home","item":"https:\/\/billigpakke.no\/blog\/"},{"@type":"ListItem","position":2,"name":"hvor lenge er pakker i tollen?"}]},{"@type":"WebSite","@id":"https:\/\/billigpakke.no\/blog\/#website","url":"https:\/\/billigpakke.no\/blog\/","name":"BilligPakke.no","description":"Billigpakke.no Blog","publisher":{"@id":"https:\/\/billigpakke.no\/blog\/#organization"},"potentialAction":[{"@type":"SearchAction","target":{"@type":"EntryPoint","urlTemplate":"https:\/\/billigpakke.no\/blog\/?s={search_term_string}"},"query-input":{"@type":"PropertyValueSpecification","valueRequired":true,"valueName":"search_term_string"}}],"inLanguage":"nn-NO"},{"@type":"Organization","@id":"https:\/\/billigpakke.no\/blog\/#organization","name":"BilligPakke.no","url":"https:\/\/billigpakke.no\/blog\/","logo":{"@type":"ImageObject","inLanguage":"nn-NO","@id":"https:\/\/billigpakke.no\/blog\/#\/schema\/logo\/image\/","url":"https:\/\/billigpakke.no\/blog\/wp-content\/uploads\/2016\/10\/logo.png","contentUrl":"https:\/\/billigpakke.no\/blog\/wp-content\/uploads\/2016\/10\/logo.png","width":185,"height":71,"caption":"BilligPakke.no"},"image":{"@id":"https:\/\/billigpakke.no\/blog\/#\/schema\/logo\/image\/"}}]}},"_links":{"self":[{"href":"https:\/\/billigpakke.no\/blog\/wp-json\/wp\/v2\/pages\/801","targetHints":{"allow":["GET"]}}],"collection":[{"href":"https:\/\/billigpakke.no\/blog\/wp-json\/wp\/v2\/pages"}],"about":[{"href":"https:\/\/billigpakke.no\/blog\/wp-json\/wp\/v2\/types\/page"}],"author":[{"embeddable":true,"href":"https:\/\/billigpakke.no\/blog\/wp-json\/wp\/v2\/users\/3"}],"replies":[{"embeddable":true,"href":"https:\/\/billigpakke.no\/blog\/wp-json\/wp\/v2\/comments?post=801"}],"version-history":[{"count":2,"href":"https:\/\/billigpakke.no\/blog\/wp-json\/wp\/v2\/pages\/801\/revisions"}],"predecessor-version":[{"id":1446,"href":"https:\/\/billigpakke.no\/blog\/wp-json\/wp\/v2\/pages\/801\/revisions\/1446"}],"wp:attachment":[{"href":"https:\/\/billigpakke.no\/blog\/wp-json\/wp\/v2\/media?parent=801"}],"curies":[{"name":"wp","href":"https:\/\/api.w.org\/{rel}","templated":true}]}}