{"id":798,"date":"2024-05-05T09:23:11","date_gmt":"2024-05-05T06:30:18","guid":{"rendered":"https:\/\/billigpakke.no\/blog\/hvordan-betaler-kunden-frakt\/"},"modified":"2024-05-05T09:23:11","modified_gmt":"2024-05-05T08:23:11","slug":"hvordan-betaler-kunden-frakt","status":"publish","type":"page","link":"https:\/\/billigpakke.no\/blog\/hvordan-betaler-kunden-frakt\/","title":{"rendered":"hvordan betaler kunden frakt?"},"content":{"rendered":"\n<p class=\"has-text-align-center\">Kunden kan betale fraktkostnadene p\u00e5 flere m\u00e5ter, avhengig av hva som er tilgjengelig hos den aktuelle leverand\u00f8ren. Vanlige betalingsmetoder inkluderer kredittkort, debetkort, bankoverf\u00f8ring eller faktura. Noen leverand\u00f8rer kan ogs\u00e5 tilby betaling via tredjeparts betalingsplattformer som PayPal eller Vipps. Det er viktig \u00e5 sjekke hvilke betalingsalternativer som er tilgjengelige f\u00f8r man fullf\u00f8rer kj\u00f8pet for \u00e5 unng\u00e5 forsinkelser i fraktprosessen.<\/p>\n\n\n\n<div class=\"wp-block-buttons is-content-justification-center is-layout-flex wp-container-core-buttons-is-layout-16018d1d wp-block-buttons-is-layout-flex\">\n<div class=\"wp-block-button is-style-outline is-style-outline--1\"><a class=\"wp-block-button__link has-dark-gray-color has-yellow-background-color has-text-color has-background has-link-color wp-element-button\" href=\"https:\/\/billigpakke.no\">send pakkene dine billig her<\/a><\/div>\n<\/div>\n\n\n\n<p><\/p>\n\n\n\n<p class=\"has-text-align-center\">1. Hvordan betaler kunden frakt n\u00e5r de handler p\u00e5 nettet?<br \/> &#8211; Kunden kan vanligvis velge mellom ulike fraktmetoder ved utsjekking, og kostnaden for frakten legges til totalbel\u00f8pet som skal betales. Kunden kan betale fraktkostnaden sammen med varene ved hjelp av ulike betalingsmetoder som kredittkort, PayPal eller faktura.<br \/><br \/>2. Hvordan betaler kunden frakt n\u00e5r de handler i en fysisk butikk?<br \/> &#8211; N\u00e5r kunden handler i en fysisk butikk, vil fraktkostnaden vanligvis v\u00e6re inkludert i prisen p\u00e5 varene. Kunden betaler derfor fraktkostnaden indirekte gjennom kj\u00f8pet av varene.<br \/><br \/>3. Hvordan betaler kunden frakt n\u00e5r de sender pakker selv?<br \/> &#8211; N\u00e5r kunden sender pakker selv, kan de vanligvis velge og betale for fraktetjenesten direkte hos et fraktselskap eller postkontor. Kunden kan betale for frakten ved hjelp av ulike betalingsmetoder som kontanter, kort eller mobilbetaling.<\/p>\n","protected":false},"excerpt":{"rendered":"<p>Kunden kan betale fraktkostnadene p\u00e5 flere m\u00e5ter, avhengig av hva som er tilgjengelig hos den aktuelle leverand\u00f8ren. Vanlige betalingsmetoder inkluderer kredittkort, debetkort, bankoverf\u00f8ring eller faktura. Noen leverand\u00f8rer kan ogs\u00e5 tilby betaling via tredjeparts betalingsplattformer som PayPal eller Vipps. Det er viktig \u00e5 sjekke hvilke betalingsalternativer som er tilgjengelige f\u00f8r man fullf\u00f8rer kj\u00f8pet for \u00e5 unng\u00e5 &hellip; <a href=\"https:\/\/billigpakke.no\/blog\/hvordan-betaler-kunden-frakt\/\" class=\"more-link\">Hald fram med \u00e5 lese<span class=\"screen-reader-text\"> \u00abhvordan betaler kunden frakt?\u00bb<\/span><\/a><\/p>\n","protected":false},"author":3,"featured_media":0,"parent":0,"menu_order":0,"comment_status":"closed","ping_status":"closed","template":"","meta":{"footnotes":""},"class_list":["post-798","page","type-page","status-publish","hentry"],"yoast_head":"<!-- This site is optimized with the Yoast SEO plugin v27.5 - https:\/\/yoast.com\/product\/yoast-seo-wordpress\/ -->\n<title>hvordan betaler kunden frakt? - BilligPakke.no<\/title>\n<meta name=\"description\" content=\"Kunden kan betale frakt p\u00e5 ulike m\u00e5ter, enten ved \u00e5 velge fraktalternativ ved utsjekking, bruke en fraktkonto eller betale direkte til fraktselskapet.\" \/>\n<meta name=\"robots\" content=\"index, follow, max-snippet:-1, max-image-preview:large, max-video-preview:-1\" \/>\n<link rel=\"canonical\" href=\"https:\/\/billigpakke.no\/blog\/hvordan-betaler-kunden-frakt\/\" \/>\n<meta property=\"og:locale\" content=\"nn_NO\" \/>\n<meta property=\"og:type\" content=\"article\" \/>\n<meta property=\"og:title\" content=\"hvordan betaler kunden frakt? - BilligPakke.no\" \/>\n<meta property=\"og:description\" content=\"Kunden kan betale frakt p\u00e5 ulike m\u00e5ter, enten ved \u00e5 velge fraktalternativ ved utsjekking, bruke en fraktkonto eller betale direkte til fraktselskapet.\" \/>\n<meta property=\"og:url\" content=\"https:\/\/billigpakke.no\/blog\/hvordan-betaler-kunden-frakt\/\" \/>\n<meta property=\"og:site_name\" content=\"BilligPakke.no\" \/>\n<meta property=\"article:modified_time\" content=\"2024-05-05T08:23:11+00:00\" \/>\n<meta name=\"twitter:card\" content=\"summary_large_image\" \/>\n<meta name=\"twitter:label1\" content=\"Est. reading time\" \/>\n\t<meta name=\"twitter:data1\" content=\"1 minutt\" \/>\n<script type=\"application\/ld+json\" class=\"yoast-schema-graph\">{\"@context\":\"https:\\\/\\\/schema.org\",\"@graph\":[{\"@type\":\"WebPage\",\"@id\":\"https:\\\/\\\/billigpakke.no\\\/blog\\\/hvordan-betaler-kunden-frakt\\\/\",\"url\":\"https:\\\/\\\/billigpakke.no\\\/blog\\\/hvordan-betaler-kunden-frakt\\\/\",\"name\":\"hvordan betaler kunden frakt? - BilligPakke.no\",\"isPartOf\":{\"@id\":\"https:\\\/\\\/billigpakke.no\\\/blog\\\/#website\"},\"datePublished\":\"2024-05-05T06:30:18+00:00\",\"dateModified\":\"2024-05-05T08:23:11+00:00\",\"description\":\"Kunden kan betale frakt p\u00e5 ulike m\u00e5ter, enten ved \u00e5 velge fraktalternativ ved utsjekking, bruke en fraktkonto eller betale direkte til fraktselskapet.\",\"breadcrumb\":{\"@id\":\"https:\\\/\\\/billigpakke.no\\\/blog\\\/hvordan-betaler-kunden-frakt\\\/#breadcrumb\"},\"inLanguage\":\"nn-NO\",\"potentialAction\":[{\"@type\":\"ReadAction\",\"target\":[\"https:\\\/\\\/billigpakke.no\\\/blog\\\/hvordan-betaler-kunden-frakt\\\/\"]}]},{\"@type\":\"BreadcrumbList\",\"@id\":\"https:\\\/\\\/billigpakke.no\\\/blog\\\/hvordan-betaler-kunden-frakt\\\/#breadcrumb\",\"itemListElement\":[{\"@type\":\"ListItem\",\"position\":1,\"name\":\"Home\",\"item\":\"https:\\\/\\\/billigpakke.no\\\/blog\\\/\"},{\"@type\":\"ListItem\",\"position\":2,\"name\":\"hvordan betaler kunden frakt?\"}]},{\"@type\":\"WebSite\",\"@id\":\"https:\\\/\\\/billigpakke.no\\\/blog\\\/#website\",\"url\":\"https:\\\/\\\/billigpakke.no\\\/blog\\\/\",\"name\":\"BilligPakke.no\",\"description\":\"Billigpakke.no Blog\",\"publisher\":{\"@id\":\"https:\\\/\\\/billigpakke.no\\\/blog\\\/#organization\"},\"potentialAction\":[{\"@type\":\"SearchAction\",\"target\":{\"@type\":\"EntryPoint\",\"urlTemplate\":\"https:\\\/\\\/billigpakke.no\\\/blog\\\/?s={search_term_string}\"},\"query-input\":{\"@type\":\"PropertyValueSpecification\",\"valueRequired\":true,\"valueName\":\"search_term_string\"}}],\"inLanguage\":\"nn-NO\"},{\"@type\":\"Organization\",\"@id\":\"https:\\\/\\\/billigpakke.no\\\/blog\\\/#organization\",\"name\":\"BilligPakke.no\",\"url\":\"https:\\\/\\\/billigpakke.no\\\/blog\\\/\",\"logo\":{\"@type\":\"ImageObject\",\"inLanguage\":\"nn-NO\",\"@id\":\"https:\\\/\\\/billigpakke.no\\\/blog\\\/#\\\/schema\\\/logo\\\/image\\\/\",\"url\":\"https:\\\/\\\/billigpakke.no\\\/blog\\\/wp-content\\\/uploads\\\/2016\\\/10\\\/logo.png\",\"contentUrl\":\"https:\\\/\\\/billigpakke.no\\\/blog\\\/wp-content\\\/uploads\\\/2016\\\/10\\\/logo.png\",\"width\":185,\"height\":71,\"caption\":\"BilligPakke.no\"},\"image\":{\"@id\":\"https:\\\/\\\/billigpakke.no\\\/blog\\\/#\\\/schema\\\/logo\\\/image\\\/\"}}]}<\/script>\n<!-- \/ Yoast SEO plugin. -->","yoast_head_json":{"title":"hvordan betaler kunden frakt? - BilligPakke.no","description":"Kunden kan betale frakt p\u00e5 ulike m\u00e5ter, enten ved \u00e5 velge fraktalternativ ved utsjekking, bruke en fraktkonto eller betale direkte til fraktselskapet.","robots":{"index":"index","follow":"follow","max-snippet":"max-snippet:-1","max-image-preview":"max-image-preview:large","max-video-preview":"max-video-preview:-1"},"canonical":"https:\/\/billigpakke.no\/blog\/hvordan-betaler-kunden-frakt\/","og_locale":"nn_NO","og_type":"article","og_title":"hvordan betaler kunden frakt? - BilligPakke.no","og_description":"Kunden kan betale frakt p\u00e5 ulike m\u00e5ter, enten ved \u00e5 velge fraktalternativ ved utsjekking, bruke en fraktkonto eller betale direkte til fraktselskapet.","og_url":"https:\/\/billigpakke.no\/blog\/hvordan-betaler-kunden-frakt\/","og_site_name":"BilligPakke.no","article_modified_time":"2024-05-05T08:23:11+00:00","twitter_card":"summary_large_image","twitter_misc":{"Est. reading time":"1 minutt"},"schema":{"@context":"https:\/\/schema.org","@graph":[{"@type":"WebPage","@id":"https:\/\/billigpakke.no\/blog\/hvordan-betaler-kunden-frakt\/","url":"https:\/\/billigpakke.no\/blog\/hvordan-betaler-kunden-frakt\/","name":"hvordan betaler kunden frakt? - BilligPakke.no","isPartOf":{"@id":"https:\/\/billigpakke.no\/blog\/#website"},"datePublished":"2024-05-05T06:30:18+00:00","dateModified":"2024-05-05T08:23:11+00:00","description":"Kunden kan betale frakt p\u00e5 ulike m\u00e5ter, enten ved \u00e5 velge fraktalternativ ved utsjekking, bruke en fraktkonto eller betale direkte til fraktselskapet.","breadcrumb":{"@id":"https:\/\/billigpakke.no\/blog\/hvordan-betaler-kunden-frakt\/#breadcrumb"},"inLanguage":"nn-NO","potentialAction":[{"@type":"ReadAction","target":["https:\/\/billigpakke.no\/blog\/hvordan-betaler-kunden-frakt\/"]}]},{"@type":"BreadcrumbList","@id":"https:\/\/billigpakke.no\/blog\/hvordan-betaler-kunden-frakt\/#breadcrumb","itemListElement":[{"@type":"ListItem","position":1,"name":"Home","item":"https:\/\/billigpakke.no\/blog\/"},{"@type":"ListItem","position":2,"name":"hvordan betaler kunden frakt?"}]},{"@type":"WebSite","@id":"https:\/\/billigpakke.no\/blog\/#website","url":"https:\/\/billigpakke.no\/blog\/","name":"BilligPakke.no","description":"Billigpakke.no Blog","publisher":{"@id":"https:\/\/billigpakke.no\/blog\/#organization"},"potentialAction":[{"@type":"SearchAction","target":{"@type":"EntryPoint","urlTemplate":"https:\/\/billigpakke.no\/blog\/?s={search_term_string}"},"query-input":{"@type":"PropertyValueSpecification","valueRequired":true,"valueName":"search_term_string"}}],"inLanguage":"nn-NO"},{"@type":"Organization","@id":"https:\/\/billigpakke.no\/blog\/#organization","name":"BilligPakke.no","url":"https:\/\/billigpakke.no\/blog\/","logo":{"@type":"ImageObject","inLanguage":"nn-NO","@id":"https:\/\/billigpakke.no\/blog\/#\/schema\/logo\/image\/","url":"https:\/\/billigpakke.no\/blog\/wp-content\/uploads\/2016\/10\/logo.png","contentUrl":"https:\/\/billigpakke.no\/blog\/wp-content\/uploads\/2016\/10\/logo.png","width":185,"height":71,"caption":"BilligPakke.no"},"image":{"@id":"https:\/\/billigpakke.no\/blog\/#\/schema\/logo\/image\/"}}]}},"_links":{"self":[{"href":"https:\/\/billigpakke.no\/blog\/wp-json\/wp\/v2\/pages\/798","targetHints":{"allow":["GET"]}}],"collection":[{"href":"https:\/\/billigpakke.no\/blog\/wp-json\/wp\/v2\/pages"}],"about":[{"href":"https:\/\/billigpakke.no\/blog\/wp-json\/wp\/v2\/types\/page"}],"author":[{"embeddable":true,"href":"https:\/\/billigpakke.no\/blog\/wp-json\/wp\/v2\/users\/3"}],"replies":[{"embeddable":true,"href":"https:\/\/billigpakke.no\/blog\/wp-json\/wp\/v2\/comments?post=798"}],"version-history":[{"count":2,"href":"https:\/\/billigpakke.no\/blog\/wp-json\/wp\/v2\/pages\/798\/revisions"}],"predecessor-version":[{"id":1443,"href":"https:\/\/billigpakke.no\/blog\/wp-json\/wp\/v2\/pages\/798\/revisions\/1443"}],"wp:attachment":[{"href":"https:\/\/billigpakke.no\/blog\/wp-json\/wp\/v2\/media?parent=798"}],"curies":[{"name":"wp","href":"https:\/\/api.w.org\/{rel}","templated":true}]}}