{"id":735,"date":"2024-05-05T09:23:10","date_gmt":"2024-05-05T06:27:23","guid":{"rendered":"https:\/\/billigpakke.no\/blog\/hva-koster-frakt-med-posten\/"},"modified":"2024-05-05T09:23:10","modified_gmt":"2024-05-05T08:23:10","slug":"hva-koster-frakt-med-posten","status":"publish","type":"page","link":"https:\/\/billigpakke.no\/blog\/hva-koster-frakt-med-posten\/","title":{"rendered":"hva koster frakt med posten?"},"content":{"rendered":"\n<p class=\"has-text-align-center\">Prisen for frakt med Posten avhenger av vekten og st\u00f8rrelsen p\u00e5 pakken, samt destinasjonen den skal sendes til. Du kan enkelt beregne prisen ved \u00e5 bruke Posten sin fraktkalkulator p\u00e5 deres nettside, eller ved \u00e5 kontakte dem direkte for et prisoverslag.<\/p>\n\n\n\n<div class=\"wp-block-buttons is-content-justification-center is-layout-flex wp-container-core-buttons-is-layout-16018d1d wp-block-buttons-is-layout-flex\">\n<div class=\"wp-block-button is-style-outline is-style-outline--1\"><a class=\"wp-block-button__link has-dark-gray-color has-yellow-background-color has-text-color has-background has-link-color wp-element-button\" href=\"https:\/\/billigpakke.no\">send pakkene dine billig her<\/a><\/div>\n<\/div>\n\n\n\n<p><\/p>\n\n\n\n<p class=\"has-text-align-center\">1. Hva koster frakt med Posten for en pakke p\u00e5 5 kg innenlands?<br \/>Svar: Prisen for frakt med Posten avhenger av st\u00f8rrelse, vekt og destinasjon. For en pakke p\u00e5 5 kg innenlands kan prisen variere fra rundt 100 til 300 kroner, avhengig av valgt tjeneste og tilleggstjenester.<br \/><br \/>2. Hva koster det \u00e5 sende et brev med Posten i Norge?<br \/>Svar: Prisen for \u00e5 sende et brev med Posten i Norge varierer avhengig av vekt og st\u00f8rrelse. For et standard A-post brev (inntil 50 gram) koster det 21 kroner, mens et B-post brev (inntil 350 gram) koster 18 kroner.<br \/><br \/>3. Hva er prisen for \u00e5 sende en pakke med Posten til utlandet?<br \/>Svar: Prisen for \u00e5 sende en pakke med Posten til utlandet varierer avhengig av destinasjon, st\u00f8rrelse og vekt. For eksempel kan prisen for \u00e5 sende en pakke til Sverige starte p\u00e5 rundt 200 kroner, mens prisen for \u00e5 sende en pakke til USA kan starte p\u00e5 rundt 400 kroner.<\/p>\n","protected":false},"excerpt":{"rendered":"<p>Prisen for frakt med Posten avhenger av vekten og st\u00f8rrelsen p\u00e5 pakken, samt destinasjonen den skal sendes til. Du kan enkelt beregne prisen ved \u00e5 bruke Posten sin fraktkalkulator p\u00e5 deres nettside, eller ved \u00e5 kontakte dem direkte for et prisoverslag. 1. Hva koster frakt med Posten for en pakke p\u00e5 5 kg innenlands?Svar: Prisen &hellip; <a href=\"https:\/\/billigpakke.no\/blog\/hva-koster-frakt-med-posten\/\" class=\"more-link\">Hald fram med \u00e5 lese<span class=\"screen-reader-text\"> \u00abhva koster frakt med posten?\u00bb<\/span><\/a><\/p>\n","protected":false},"author":3,"featured_media":0,"parent":0,"menu_order":0,"comment_status":"closed","ping_status":"closed","template":"","meta":{"footnotes":""},"class_list":["post-735","page","type-page","status-publish","hentry"],"yoast_head":"<!-- This site is optimized with the Yoast SEO plugin v27.4 - https:\/\/yoast.com\/product\/yoast-seo-wordpress\/ -->\n<title>hva koster frakt med posten? - BilligPakke.no<\/title>\n<meta name=\"description\" content=\"Fraktkostnader med Posten varierer avhengig av vekt, st\u00f8rrelse og destinasjon. Priser kan sjekkes p\u00e5 Posten sin nettside eller i n\u00e6rmeste postkontor.\" \/>\n<meta name=\"robots\" content=\"index, follow, max-snippet:-1, max-image-preview:large, max-video-preview:-1\" \/>\n<link rel=\"canonical\" href=\"https:\/\/billigpakke.no\/blog\/hva-koster-frakt-med-posten\/\" \/>\n<meta property=\"og:locale\" content=\"nn_NO\" \/>\n<meta property=\"og:type\" content=\"article\" \/>\n<meta property=\"og:title\" content=\"hva koster frakt med posten? - BilligPakke.no\" \/>\n<meta property=\"og:description\" content=\"Fraktkostnader med Posten varierer avhengig av vekt, st\u00f8rrelse og destinasjon. Priser kan sjekkes p\u00e5 Posten sin nettside eller i n\u00e6rmeste postkontor.\" \/>\n<meta property=\"og:url\" content=\"https:\/\/billigpakke.no\/blog\/hva-koster-frakt-med-posten\/\" \/>\n<meta property=\"og:site_name\" content=\"BilligPakke.no\" \/>\n<meta property=\"article:modified_time\" content=\"2024-05-05T08:23:10+00:00\" \/>\n<meta name=\"twitter:card\" content=\"summary_large_image\" \/>\n<meta name=\"twitter:label1\" content=\"Est. reading time\" \/>\n\t<meta name=\"twitter:data1\" content=\"1 minutt\" \/>\n<script type=\"application\/ld+json\" class=\"yoast-schema-graph\">{\"@context\":\"https:\\\/\\\/schema.org\",\"@graph\":[{\"@type\":\"WebPage\",\"@id\":\"https:\\\/\\\/billigpakke.no\\\/blog\\\/hva-koster-frakt-med-posten\\\/\",\"url\":\"https:\\\/\\\/billigpakke.no\\\/blog\\\/hva-koster-frakt-med-posten\\\/\",\"name\":\"hva koster frakt med posten? - BilligPakke.no\",\"isPartOf\":{\"@id\":\"https:\\\/\\\/billigpakke.no\\\/blog\\\/#website\"},\"datePublished\":\"2024-05-05T06:27:23+00:00\",\"dateModified\":\"2024-05-05T08:23:10+00:00\",\"description\":\"Fraktkostnader med Posten varierer avhengig av vekt, st\u00f8rrelse og destinasjon. Priser kan sjekkes p\u00e5 Posten sin nettside eller i n\u00e6rmeste postkontor.\",\"breadcrumb\":{\"@id\":\"https:\\\/\\\/billigpakke.no\\\/blog\\\/hva-koster-frakt-med-posten\\\/#breadcrumb\"},\"inLanguage\":\"nn-NO\",\"potentialAction\":[{\"@type\":\"ReadAction\",\"target\":[\"https:\\\/\\\/billigpakke.no\\\/blog\\\/hva-koster-frakt-med-posten\\\/\"]}]},{\"@type\":\"BreadcrumbList\",\"@id\":\"https:\\\/\\\/billigpakke.no\\\/blog\\\/hva-koster-frakt-med-posten\\\/#breadcrumb\",\"itemListElement\":[{\"@type\":\"ListItem\",\"position\":1,\"name\":\"Home\",\"item\":\"https:\\\/\\\/billigpakke.no\\\/blog\\\/\"},{\"@type\":\"ListItem\",\"position\":2,\"name\":\"hva koster frakt med posten?\"}]},{\"@type\":\"WebSite\",\"@id\":\"https:\\\/\\\/billigpakke.no\\\/blog\\\/#website\",\"url\":\"https:\\\/\\\/billigpakke.no\\\/blog\\\/\",\"name\":\"BilligPakke.no\",\"description\":\"Billigpakke.no Blog\",\"publisher\":{\"@id\":\"https:\\\/\\\/billigpakke.no\\\/blog\\\/#organization\"},\"potentialAction\":[{\"@type\":\"SearchAction\",\"target\":{\"@type\":\"EntryPoint\",\"urlTemplate\":\"https:\\\/\\\/billigpakke.no\\\/blog\\\/?s={search_term_string}\"},\"query-input\":{\"@type\":\"PropertyValueSpecification\",\"valueRequired\":true,\"valueName\":\"search_term_string\"}}],\"inLanguage\":\"nn-NO\"},{\"@type\":\"Organization\",\"@id\":\"https:\\\/\\\/billigpakke.no\\\/blog\\\/#organization\",\"name\":\"BilligPakke.no\",\"url\":\"https:\\\/\\\/billigpakke.no\\\/blog\\\/\",\"logo\":{\"@type\":\"ImageObject\",\"inLanguage\":\"nn-NO\",\"@id\":\"https:\\\/\\\/billigpakke.no\\\/blog\\\/#\\\/schema\\\/logo\\\/image\\\/\",\"url\":\"https:\\\/\\\/billigpakke.no\\\/blog\\\/wp-content\\\/uploads\\\/2016\\\/10\\\/logo.png\",\"contentUrl\":\"https:\\\/\\\/billigpakke.no\\\/blog\\\/wp-content\\\/uploads\\\/2016\\\/10\\\/logo.png\",\"width\":185,\"height\":71,\"caption\":\"BilligPakke.no\"},\"image\":{\"@id\":\"https:\\\/\\\/billigpakke.no\\\/blog\\\/#\\\/schema\\\/logo\\\/image\\\/\"}}]}<\/script>\n<!-- \/ Yoast SEO plugin. -->","yoast_head_json":{"title":"hva koster frakt med posten? - BilligPakke.no","description":"Fraktkostnader med Posten varierer avhengig av vekt, st\u00f8rrelse og destinasjon. Priser kan sjekkes p\u00e5 Posten sin nettside eller i n\u00e6rmeste postkontor.","robots":{"index":"index","follow":"follow","max-snippet":"max-snippet:-1","max-image-preview":"max-image-preview:large","max-video-preview":"max-video-preview:-1"},"canonical":"https:\/\/billigpakke.no\/blog\/hva-koster-frakt-med-posten\/","og_locale":"nn_NO","og_type":"article","og_title":"hva koster frakt med posten? - BilligPakke.no","og_description":"Fraktkostnader med Posten varierer avhengig av vekt, st\u00f8rrelse og destinasjon. Priser kan sjekkes p\u00e5 Posten sin nettside eller i n\u00e6rmeste postkontor.","og_url":"https:\/\/billigpakke.no\/blog\/hva-koster-frakt-med-posten\/","og_site_name":"BilligPakke.no","article_modified_time":"2024-05-05T08:23:10+00:00","twitter_card":"summary_large_image","twitter_misc":{"Est. reading time":"1 minutt"},"schema":{"@context":"https:\/\/schema.org","@graph":[{"@type":"WebPage","@id":"https:\/\/billigpakke.no\/blog\/hva-koster-frakt-med-posten\/","url":"https:\/\/billigpakke.no\/blog\/hva-koster-frakt-med-posten\/","name":"hva koster frakt med posten? - BilligPakke.no","isPartOf":{"@id":"https:\/\/billigpakke.no\/blog\/#website"},"datePublished":"2024-05-05T06:27:23+00:00","dateModified":"2024-05-05T08:23:10+00:00","description":"Fraktkostnader med Posten varierer avhengig av vekt, st\u00f8rrelse og destinasjon. Priser kan sjekkes p\u00e5 Posten sin nettside eller i n\u00e6rmeste postkontor.","breadcrumb":{"@id":"https:\/\/billigpakke.no\/blog\/hva-koster-frakt-med-posten\/#breadcrumb"},"inLanguage":"nn-NO","potentialAction":[{"@type":"ReadAction","target":["https:\/\/billigpakke.no\/blog\/hva-koster-frakt-med-posten\/"]}]},{"@type":"BreadcrumbList","@id":"https:\/\/billigpakke.no\/blog\/hva-koster-frakt-med-posten\/#breadcrumb","itemListElement":[{"@type":"ListItem","position":1,"name":"Home","item":"https:\/\/billigpakke.no\/blog\/"},{"@type":"ListItem","position":2,"name":"hva koster frakt med posten?"}]},{"@type":"WebSite","@id":"https:\/\/billigpakke.no\/blog\/#website","url":"https:\/\/billigpakke.no\/blog\/","name":"BilligPakke.no","description":"Billigpakke.no Blog","publisher":{"@id":"https:\/\/billigpakke.no\/blog\/#organization"},"potentialAction":[{"@type":"SearchAction","target":{"@type":"EntryPoint","urlTemplate":"https:\/\/billigpakke.no\/blog\/?s={search_term_string}"},"query-input":{"@type":"PropertyValueSpecification","valueRequired":true,"valueName":"search_term_string"}}],"inLanguage":"nn-NO"},{"@type":"Organization","@id":"https:\/\/billigpakke.no\/blog\/#organization","name":"BilligPakke.no","url":"https:\/\/billigpakke.no\/blog\/","logo":{"@type":"ImageObject","inLanguage":"nn-NO","@id":"https:\/\/billigpakke.no\/blog\/#\/schema\/logo\/image\/","url":"https:\/\/billigpakke.no\/blog\/wp-content\/uploads\/2016\/10\/logo.png","contentUrl":"https:\/\/billigpakke.no\/blog\/wp-content\/uploads\/2016\/10\/logo.png","width":185,"height":71,"caption":"BilligPakke.no"},"image":{"@id":"https:\/\/billigpakke.no\/blog\/#\/schema\/logo\/image\/"}}]}},"_links":{"self":[{"href":"https:\/\/billigpakke.no\/blog\/wp-json\/wp\/v2\/pages\/735","targetHints":{"allow":["GET"]}}],"collection":[{"href":"https:\/\/billigpakke.no\/blog\/wp-json\/wp\/v2\/pages"}],"about":[{"href":"https:\/\/billigpakke.no\/blog\/wp-json\/wp\/v2\/types\/page"}],"author":[{"embeddable":true,"href":"https:\/\/billigpakke.no\/blog\/wp-json\/wp\/v2\/users\/3"}],"replies":[{"embeddable":true,"href":"https:\/\/billigpakke.no\/blog\/wp-json\/wp\/v2\/comments?post=735"}],"version-history":[{"count":2,"href":"https:\/\/billigpakke.no\/blog\/wp-json\/wp\/v2\/pages\/735\/revisions"}],"predecessor-version":[{"id":1440,"href":"https:\/\/billigpakke.no\/blog\/wp-json\/wp\/v2\/pages\/735\/revisions\/1440"}],"wp:attachment":[{"href":"https:\/\/billigpakke.no\/blog\/wp-json\/wp\/v2\/media?parent=735"}],"curies":[{"name":"wp","href":"https:\/\/api.w.org\/{rel}","templated":true}]}}