{"id":719,"date":"2024-05-05T09:23:09","date_gmt":"2024-05-05T06:27:22","guid":{"rendered":"https:\/\/billigpakke.no\/blog\/hvor-mye-koster-det-a-sende-pakke-til-usa\/"},"modified":"2024-05-05T09:23:09","modified_gmt":"2024-05-05T08:23:09","slug":"hvor-mye-koster-det-a-sende-pakke-til-usa","status":"publish","type":"page","link":"https:\/\/billigpakke.no\/blog\/hvor-mye-koster-det-a-sende-pakke-til-usa\/","title":{"rendered":"hvor mye koster det \u00e5 sende pakke til usa?"},"content":{"rendered":"\n<p class=\"has-text-align-center\">Det koster vanligvis rundt 500-1000 kroner \u00e5 sende en pakke til USA, avhengig av vekten og st\u00f8rrelsen p\u00e5 pakken. Det kan ogs\u00e5 v\u00e6re ekstra kostnader for toll og avgifter som m\u00e5 tas i betraktning. Det beste er \u00e5 sjekke med postkontoret eller fraktselskapet for n\u00f8yaktige priser basert p\u00e5 dine spesifikke behov.<\/p>\n\n\n\n<div class=\"wp-block-buttons is-content-justification-center is-layout-flex wp-container-core-buttons-is-layout-16018d1d wp-block-buttons-is-layout-flex\">\n<div class=\"wp-block-button is-style-outline is-style-outline--1\"><a class=\"wp-block-button__link has-dark-gray-color has-yellow-background-color has-text-color has-background has-link-color wp-element-button\" href=\"https:\/\/billigpakke.no\">send pakkene dine billig her<\/a><\/div>\n<\/div>\n\n\n\n<p><\/p>\n\n\n\n<p class=\"has-text-align-center\">1. Hvor mye koster det \u00e5 sende en pakke til USA fra Norge?<br \/>Svar: Prisen for \u00e5 sende en pakke til USA fra Norge avhenger av vekten, st\u00f8rrelsen og leveringsmetoden. Vanligvis kan prisen variere fra rundt 300 til 1000 kroner, avhengig av disse faktorene.<br \/><br \/>2. Hvilke fraktalternativer er tilgjengelige for \u00e5 sende en pakke til USA fra Norge?<br \/>Svar: Det er flere fraktalternativer tilgjengelige for \u00e5 sende en pakke til USA fra Norge, inkludert internasjonale kurertjenester som DHL, FedEx og UPS, samt posttjenester som Posten Norge.<br \/><br \/>3. Hvor lang tid tar det vanligvis \u00e5 sende en pakke til USA fra Norge?<br \/>Svar: Leveringstiden for \u00e5 sende en pakke til USA fra Norge kan variere avhengig av fraktmetoden som brukes. Vanligvis tar det mellom 3-7 virkedager for ekspressleveringstjenester, mens standard frakt kan ta opptil 2-3 uker.<\/p>\n","protected":false},"excerpt":{"rendered":"<p>Det koster vanligvis rundt 500-1000 kroner \u00e5 sende en pakke til USA, avhengig av vekten og st\u00f8rrelsen p\u00e5 pakken. Det kan ogs\u00e5 v\u00e6re ekstra kostnader for toll og avgifter som m\u00e5 tas i betraktning. Det beste er \u00e5 sjekke med postkontoret eller fraktselskapet for n\u00f8yaktige priser basert p\u00e5 dine spesifikke behov. 1. Hvor mye koster &hellip; <a href=\"https:\/\/billigpakke.no\/blog\/hvor-mye-koster-det-a-sende-pakke-til-usa\/\" class=\"more-link\">Hald fram med \u00e5 lese<span class=\"screen-reader-text\"> \u00abhvor mye koster det \u00e5 sende pakke til usa?\u00bb<\/span><\/a><\/p>\n","protected":false},"author":3,"featured_media":0,"parent":0,"menu_order":0,"comment_status":"closed","ping_status":"closed","template":"","meta":{"footnotes":""},"class_list":["post-719","page","type-page","status-publish","hentry"],"yoast_head":"<!-- This site is optimized with the Yoast SEO plugin v27.4 - https:\/\/yoast.com\/product\/yoast-seo-wordpress\/ -->\n<title>hvor mye koster det \u00e5 sende pakke til usa? - BilligPakke.no<\/title>\n<meta name=\"description\" content=\"Det er vanligvis kostbart \u00e5 sende en pakke til USA, avhengig av vekt og st\u00f8rrelse. Priser varierer mellom ulike fraktselskaper og tjenester.\" \/>\n<meta name=\"robots\" content=\"index, follow, max-snippet:-1, max-image-preview:large, max-video-preview:-1\" \/>\n<link rel=\"canonical\" href=\"https:\/\/billigpakke.no\/blog\/hvor-mye-koster-det-a-sende-pakke-til-usa\/\" \/>\n<meta property=\"og:locale\" content=\"nn_NO\" \/>\n<meta property=\"og:type\" content=\"article\" \/>\n<meta property=\"og:title\" content=\"hvor mye koster det \u00e5 sende pakke til usa? - BilligPakke.no\" \/>\n<meta property=\"og:description\" content=\"Det er vanligvis kostbart \u00e5 sende en pakke til USA, avhengig av vekt og st\u00f8rrelse. Priser varierer mellom ulike fraktselskaper og tjenester.\" \/>\n<meta property=\"og:url\" content=\"https:\/\/billigpakke.no\/blog\/hvor-mye-koster-det-a-sende-pakke-til-usa\/\" \/>\n<meta property=\"og:site_name\" content=\"BilligPakke.no\" \/>\n<meta property=\"article:modified_time\" content=\"2024-05-05T08:23:09+00:00\" \/>\n<meta name=\"twitter:card\" content=\"summary_large_image\" \/>\n<meta name=\"twitter:label1\" content=\"Est. reading time\" \/>\n\t<meta name=\"twitter:data1\" content=\"1 minutt\" \/>\n<script type=\"application\/ld+json\" class=\"yoast-schema-graph\">{\"@context\":\"https:\\\/\\\/schema.org\",\"@graph\":[{\"@type\":\"WebPage\",\"@id\":\"https:\\\/\\\/billigpakke.no\\\/blog\\\/hvor-mye-koster-det-a-sende-pakke-til-usa\\\/\",\"url\":\"https:\\\/\\\/billigpakke.no\\\/blog\\\/hvor-mye-koster-det-a-sende-pakke-til-usa\\\/\",\"name\":\"hvor mye koster det \u00e5 sende pakke til usa? - BilligPakke.no\",\"isPartOf\":{\"@id\":\"https:\\\/\\\/billigpakke.no\\\/blog\\\/#website\"},\"datePublished\":\"2024-05-05T06:27:22+00:00\",\"dateModified\":\"2024-05-05T08:23:09+00:00\",\"description\":\"Det er vanligvis kostbart \u00e5 sende en pakke til USA, avhengig av vekt og st\u00f8rrelse. Priser varierer mellom ulike fraktselskaper og tjenester.\",\"breadcrumb\":{\"@id\":\"https:\\\/\\\/billigpakke.no\\\/blog\\\/hvor-mye-koster-det-a-sende-pakke-til-usa\\\/#breadcrumb\"},\"inLanguage\":\"nn-NO\",\"potentialAction\":[{\"@type\":\"ReadAction\",\"target\":[\"https:\\\/\\\/billigpakke.no\\\/blog\\\/hvor-mye-koster-det-a-sende-pakke-til-usa\\\/\"]}]},{\"@type\":\"BreadcrumbList\",\"@id\":\"https:\\\/\\\/billigpakke.no\\\/blog\\\/hvor-mye-koster-det-a-sende-pakke-til-usa\\\/#breadcrumb\",\"itemListElement\":[{\"@type\":\"ListItem\",\"position\":1,\"name\":\"Home\",\"item\":\"https:\\\/\\\/billigpakke.no\\\/blog\\\/\"},{\"@type\":\"ListItem\",\"position\":2,\"name\":\"hvor mye koster det \u00e5 sende pakke til usa?\"}]},{\"@type\":\"WebSite\",\"@id\":\"https:\\\/\\\/billigpakke.no\\\/blog\\\/#website\",\"url\":\"https:\\\/\\\/billigpakke.no\\\/blog\\\/\",\"name\":\"BilligPakke.no\",\"description\":\"Billigpakke.no Blog\",\"publisher\":{\"@id\":\"https:\\\/\\\/billigpakke.no\\\/blog\\\/#organization\"},\"potentialAction\":[{\"@type\":\"SearchAction\",\"target\":{\"@type\":\"EntryPoint\",\"urlTemplate\":\"https:\\\/\\\/billigpakke.no\\\/blog\\\/?s={search_term_string}\"},\"query-input\":{\"@type\":\"PropertyValueSpecification\",\"valueRequired\":true,\"valueName\":\"search_term_string\"}}],\"inLanguage\":\"nn-NO\"},{\"@type\":\"Organization\",\"@id\":\"https:\\\/\\\/billigpakke.no\\\/blog\\\/#organization\",\"name\":\"BilligPakke.no\",\"url\":\"https:\\\/\\\/billigpakke.no\\\/blog\\\/\",\"logo\":{\"@type\":\"ImageObject\",\"inLanguage\":\"nn-NO\",\"@id\":\"https:\\\/\\\/billigpakke.no\\\/blog\\\/#\\\/schema\\\/logo\\\/image\\\/\",\"url\":\"https:\\\/\\\/billigpakke.no\\\/blog\\\/wp-content\\\/uploads\\\/2016\\\/10\\\/logo.png\",\"contentUrl\":\"https:\\\/\\\/billigpakke.no\\\/blog\\\/wp-content\\\/uploads\\\/2016\\\/10\\\/logo.png\",\"width\":185,\"height\":71,\"caption\":\"BilligPakke.no\"},\"image\":{\"@id\":\"https:\\\/\\\/billigpakke.no\\\/blog\\\/#\\\/schema\\\/logo\\\/image\\\/\"}}]}<\/script>\n<!-- \/ Yoast SEO plugin. -->","yoast_head_json":{"title":"hvor mye koster det \u00e5 sende pakke til usa? - BilligPakke.no","description":"Det er vanligvis kostbart \u00e5 sende en pakke til USA, avhengig av vekt og st\u00f8rrelse. Priser varierer mellom ulike fraktselskaper og tjenester.","robots":{"index":"index","follow":"follow","max-snippet":"max-snippet:-1","max-image-preview":"max-image-preview:large","max-video-preview":"max-video-preview:-1"},"canonical":"https:\/\/billigpakke.no\/blog\/hvor-mye-koster-det-a-sende-pakke-til-usa\/","og_locale":"nn_NO","og_type":"article","og_title":"hvor mye koster det \u00e5 sende pakke til usa? - BilligPakke.no","og_description":"Det er vanligvis kostbart \u00e5 sende en pakke til USA, avhengig av vekt og st\u00f8rrelse. Priser varierer mellom ulike fraktselskaper og tjenester.","og_url":"https:\/\/billigpakke.no\/blog\/hvor-mye-koster-det-a-sende-pakke-til-usa\/","og_site_name":"BilligPakke.no","article_modified_time":"2024-05-05T08:23:09+00:00","twitter_card":"summary_large_image","twitter_misc":{"Est. reading time":"1 minutt"},"schema":{"@context":"https:\/\/schema.org","@graph":[{"@type":"WebPage","@id":"https:\/\/billigpakke.no\/blog\/hvor-mye-koster-det-a-sende-pakke-til-usa\/","url":"https:\/\/billigpakke.no\/blog\/hvor-mye-koster-det-a-sende-pakke-til-usa\/","name":"hvor mye koster det \u00e5 sende pakke til usa? - BilligPakke.no","isPartOf":{"@id":"https:\/\/billigpakke.no\/blog\/#website"},"datePublished":"2024-05-05T06:27:22+00:00","dateModified":"2024-05-05T08:23:09+00:00","description":"Det er vanligvis kostbart \u00e5 sende en pakke til USA, avhengig av vekt og st\u00f8rrelse. Priser varierer mellom ulike fraktselskaper og tjenester.","breadcrumb":{"@id":"https:\/\/billigpakke.no\/blog\/hvor-mye-koster-det-a-sende-pakke-til-usa\/#breadcrumb"},"inLanguage":"nn-NO","potentialAction":[{"@type":"ReadAction","target":["https:\/\/billigpakke.no\/blog\/hvor-mye-koster-det-a-sende-pakke-til-usa\/"]}]},{"@type":"BreadcrumbList","@id":"https:\/\/billigpakke.no\/blog\/hvor-mye-koster-det-a-sende-pakke-til-usa\/#breadcrumb","itemListElement":[{"@type":"ListItem","position":1,"name":"Home","item":"https:\/\/billigpakke.no\/blog\/"},{"@type":"ListItem","position":2,"name":"hvor mye koster det \u00e5 sende pakke til usa?"}]},{"@type":"WebSite","@id":"https:\/\/billigpakke.no\/blog\/#website","url":"https:\/\/billigpakke.no\/blog\/","name":"BilligPakke.no","description":"Billigpakke.no Blog","publisher":{"@id":"https:\/\/billigpakke.no\/blog\/#organization"},"potentialAction":[{"@type":"SearchAction","target":{"@type":"EntryPoint","urlTemplate":"https:\/\/billigpakke.no\/blog\/?s={search_term_string}"},"query-input":{"@type":"PropertyValueSpecification","valueRequired":true,"valueName":"search_term_string"}}],"inLanguage":"nn-NO"},{"@type":"Organization","@id":"https:\/\/billigpakke.no\/blog\/#organization","name":"BilligPakke.no","url":"https:\/\/billigpakke.no\/blog\/","logo":{"@type":"ImageObject","inLanguage":"nn-NO","@id":"https:\/\/billigpakke.no\/blog\/#\/schema\/logo\/image\/","url":"https:\/\/billigpakke.no\/blog\/wp-content\/uploads\/2016\/10\/logo.png","contentUrl":"https:\/\/billigpakke.no\/blog\/wp-content\/uploads\/2016\/10\/logo.png","width":185,"height":71,"caption":"BilligPakke.no"},"image":{"@id":"https:\/\/billigpakke.no\/blog\/#\/schema\/logo\/image\/"}}]}},"_links":{"self":[{"href":"https:\/\/billigpakke.no\/blog\/wp-json\/wp\/v2\/pages\/719","targetHints":{"allow":["GET"]}}],"collection":[{"href":"https:\/\/billigpakke.no\/blog\/wp-json\/wp\/v2\/pages"}],"about":[{"href":"https:\/\/billigpakke.no\/blog\/wp-json\/wp\/v2\/types\/page"}],"author":[{"embeddable":true,"href":"https:\/\/billigpakke.no\/blog\/wp-json\/wp\/v2\/users\/3"}],"replies":[{"embeddable":true,"href":"https:\/\/billigpakke.no\/blog\/wp-json\/wp\/v2\/comments?post=719"}],"version-history":[{"count":2,"href":"https:\/\/billigpakke.no\/blog\/wp-json\/wp\/v2\/pages\/719\/revisions"}],"predecessor-version":[{"id":1424,"href":"https:\/\/billigpakke.no\/blog\/wp-json\/wp\/v2\/pages\/719\/revisions\/1424"}],"wp:attachment":[{"href":"https:\/\/billigpakke.no\/blog\/wp-json\/wp\/v2\/media?parent=719"}],"curies":[{"name":"wp","href":"https:\/\/api.w.org\/{rel}","templated":true}]}}