{"id":711,"date":"2024-05-05T09:23:09","date_gmt":"2024-05-05T06:27:22","guid":{"rendered":"https:\/\/billigpakke.no\/blog\/hva-koster-det-a-sende-pakke-i-posten\/"},"modified":"2024-05-05T09:23:09","modified_gmt":"2024-05-05T08:23:09","slug":"hva-koster-det-a-sende-pakke-i-posten","status":"publish","type":"page","link":"https:\/\/billigpakke.no\/blog\/hva-koster-det-a-sende-pakke-i-posten\/","title":{"rendered":"hva koster det \u00e5 sende pakke i posten?"},"content":{"rendered":"\n<p class=\"has-text-align-center\">Det koster avhengig av st\u00f8rrelse og vekt p\u00e5 pakken. For en vanlig pakke p\u00e5 opptil 2 kg koster det fra 155 kr \u00e5 sende med Posten. Det kan ogs\u00e5 v\u00e6re billigere \u00e5 sende pakken som servicepakke eller som brevpost, avhengig av st\u00f8rrelse og vekt. Det l\u00f8nner seg \u00e5 sjekke priser og alternativer p\u00e5 Posten sin nettside f\u00f8r man sender pakken.<\/p>\n\n\n\n<div class=\"wp-block-buttons is-content-justification-center is-layout-flex wp-container-core-buttons-is-layout-16018d1d wp-block-buttons-is-layout-flex\">\n<div class=\"wp-block-button is-style-outline is-style-outline--1\"><a class=\"wp-block-button__link has-dark-gray-color has-yellow-background-color has-text-color has-background has-link-color wp-element-button\" href=\"https:\/\/billigpakke.no\">send pakkene dine billig her<\/a><\/div>\n<\/div>\n\n\n\n<p><\/p>\n\n\n\n<p class=\"has-text-align-center\">1. Hva koster det \u00e5 sende en pakke i posten i Norge?<br \/>Svar: Prisen for \u00e5 sende en pakke i posten i Norge avhenger av vekten og st\u00f8rrelsen p\u00e5 pakken, samt hvilken tjeneste du velger. Du kan sjekke prisen p\u00e5 Posten sin nettside eller i en postkontor.<br \/><br \/>2. Hvor mye koster det \u00e5 sende en pakke med sporingsnummer i Norge?<br \/>Svar: Prisen for \u00e5 sende en pakke med sporingsnummer i Norge varierer avhengig av vekten og st\u00f8rrelsen p\u00e5 pakken, samt hvilken tjeneste du velger. Du kan sjekke prisen p\u00e5 Posten sin nettside eller i en postkontor.<br \/><br \/>3. Hva er den billigste m\u00e5ten \u00e5 sende en pakke i Norge?<br \/>Svar: Den billigste m\u00e5ten \u00e5 sende en pakke i Norge avhenger av vekten og st\u00f8rrelsen p\u00e5 pakken, samt hvor raskt du trenger at den skal leveres. Posten tilbyr ulike tjenester som kan passe ulike behov, og du kan sjekke prisen p\u00e5 deres nettside eller i en postkontor.<\/p>\n","protected":false},"excerpt":{"rendered":"<p>Det koster avhengig av st\u00f8rrelse og vekt p\u00e5 pakken. For en vanlig pakke p\u00e5 opptil 2 kg koster det fra 155 kr \u00e5 sende med Posten. Det kan ogs\u00e5 v\u00e6re billigere \u00e5 sende pakken som servicepakke eller som brevpost, avhengig av st\u00f8rrelse og vekt. Det l\u00f8nner seg \u00e5 sjekke priser og alternativer p\u00e5 Posten sin &hellip; <a href=\"https:\/\/billigpakke.no\/blog\/hva-koster-det-a-sende-pakke-i-posten\/\" class=\"more-link\">Hald fram med \u00e5 lese<span class=\"screen-reader-text\"> \u00abhva koster det \u00e5 sende pakke i posten?\u00bb<\/span><\/a><\/p>\n","protected":false},"author":3,"featured_media":0,"parent":0,"menu_order":0,"comment_status":"closed","ping_status":"closed","template":"","meta":{"footnotes":""},"class_list":["post-711","page","type-page","status-publish","hentry"],"yoast_head":"<!-- This site is optimized with the Yoast SEO plugin v27.4 - https:\/\/yoast.com\/product\/yoast-seo-wordpress\/ -->\n<title>hva koster det \u00e5 sende pakke i posten? - BilligPakke.no<\/title>\n<meta name=\"description\" content=\"Det koster avhengig av vekt og st\u00f8rrelse. Priser starter fra 55 kr for sm\u00e5 pakker og kan g\u00e5 opp til flere hundre kroner for st\u00f8rre og tyngre pakker.\" \/>\n<meta name=\"robots\" content=\"index, follow, max-snippet:-1, max-image-preview:large, max-video-preview:-1\" \/>\n<link rel=\"canonical\" href=\"https:\/\/billigpakke.no\/blog\/hva-koster-det-a-sende-pakke-i-posten\/\" \/>\n<meta property=\"og:locale\" content=\"nn_NO\" \/>\n<meta property=\"og:type\" content=\"article\" \/>\n<meta property=\"og:title\" content=\"hva koster det \u00e5 sende pakke i posten? - BilligPakke.no\" \/>\n<meta property=\"og:description\" content=\"Det koster avhengig av vekt og st\u00f8rrelse. Priser starter fra 55 kr for sm\u00e5 pakker og kan g\u00e5 opp til flere hundre kroner for st\u00f8rre og tyngre pakker.\" \/>\n<meta property=\"og:url\" content=\"https:\/\/billigpakke.no\/blog\/hva-koster-det-a-sende-pakke-i-posten\/\" \/>\n<meta property=\"og:site_name\" content=\"BilligPakke.no\" \/>\n<meta property=\"article:modified_time\" content=\"2024-05-05T08:23:09+00:00\" \/>\n<meta name=\"twitter:card\" content=\"summary_large_image\" \/>\n<meta name=\"twitter:label1\" content=\"Est. reading time\" \/>\n\t<meta name=\"twitter:data1\" content=\"1 minutt\" \/>\n<script type=\"application\/ld+json\" class=\"yoast-schema-graph\">{\"@context\":\"https:\\\/\\\/schema.org\",\"@graph\":[{\"@type\":\"WebPage\",\"@id\":\"https:\\\/\\\/billigpakke.no\\\/blog\\\/hva-koster-det-a-sende-pakke-i-posten\\\/\",\"url\":\"https:\\\/\\\/billigpakke.no\\\/blog\\\/hva-koster-det-a-sende-pakke-i-posten\\\/\",\"name\":\"hva koster det \u00e5 sende pakke i posten? - BilligPakke.no\",\"isPartOf\":{\"@id\":\"https:\\\/\\\/billigpakke.no\\\/blog\\\/#website\"},\"datePublished\":\"2024-05-05T06:27:22+00:00\",\"dateModified\":\"2024-05-05T08:23:09+00:00\",\"description\":\"Det koster avhengig av vekt og st\u00f8rrelse. Priser starter fra 55 kr for sm\u00e5 pakker og kan g\u00e5 opp til flere hundre kroner for st\u00f8rre og tyngre pakker.\",\"breadcrumb\":{\"@id\":\"https:\\\/\\\/billigpakke.no\\\/blog\\\/hva-koster-det-a-sende-pakke-i-posten\\\/#breadcrumb\"},\"inLanguage\":\"nn-NO\",\"potentialAction\":[{\"@type\":\"ReadAction\",\"target\":[\"https:\\\/\\\/billigpakke.no\\\/blog\\\/hva-koster-det-a-sende-pakke-i-posten\\\/\"]}]},{\"@type\":\"BreadcrumbList\",\"@id\":\"https:\\\/\\\/billigpakke.no\\\/blog\\\/hva-koster-det-a-sende-pakke-i-posten\\\/#breadcrumb\",\"itemListElement\":[{\"@type\":\"ListItem\",\"position\":1,\"name\":\"Home\",\"item\":\"https:\\\/\\\/billigpakke.no\\\/blog\\\/\"},{\"@type\":\"ListItem\",\"position\":2,\"name\":\"hva koster det \u00e5 sende pakke i posten?\"}]},{\"@type\":\"WebSite\",\"@id\":\"https:\\\/\\\/billigpakke.no\\\/blog\\\/#website\",\"url\":\"https:\\\/\\\/billigpakke.no\\\/blog\\\/\",\"name\":\"BilligPakke.no\",\"description\":\"Billigpakke.no Blog\",\"publisher\":{\"@id\":\"https:\\\/\\\/billigpakke.no\\\/blog\\\/#organization\"},\"potentialAction\":[{\"@type\":\"SearchAction\",\"target\":{\"@type\":\"EntryPoint\",\"urlTemplate\":\"https:\\\/\\\/billigpakke.no\\\/blog\\\/?s={search_term_string}\"},\"query-input\":{\"@type\":\"PropertyValueSpecification\",\"valueRequired\":true,\"valueName\":\"search_term_string\"}}],\"inLanguage\":\"nn-NO\"},{\"@type\":\"Organization\",\"@id\":\"https:\\\/\\\/billigpakke.no\\\/blog\\\/#organization\",\"name\":\"BilligPakke.no\",\"url\":\"https:\\\/\\\/billigpakke.no\\\/blog\\\/\",\"logo\":{\"@type\":\"ImageObject\",\"inLanguage\":\"nn-NO\",\"@id\":\"https:\\\/\\\/billigpakke.no\\\/blog\\\/#\\\/schema\\\/logo\\\/image\\\/\",\"url\":\"https:\\\/\\\/billigpakke.no\\\/blog\\\/wp-content\\\/uploads\\\/2016\\\/10\\\/logo.png\",\"contentUrl\":\"https:\\\/\\\/billigpakke.no\\\/blog\\\/wp-content\\\/uploads\\\/2016\\\/10\\\/logo.png\",\"width\":185,\"height\":71,\"caption\":\"BilligPakke.no\"},\"image\":{\"@id\":\"https:\\\/\\\/billigpakke.no\\\/blog\\\/#\\\/schema\\\/logo\\\/image\\\/\"}}]}<\/script>\n<!-- \/ Yoast SEO plugin. -->","yoast_head_json":{"title":"hva koster det \u00e5 sende pakke i posten? - BilligPakke.no","description":"Det koster avhengig av vekt og st\u00f8rrelse. Priser starter fra 55 kr for sm\u00e5 pakker og kan g\u00e5 opp til flere hundre kroner for st\u00f8rre og tyngre pakker.","robots":{"index":"index","follow":"follow","max-snippet":"max-snippet:-1","max-image-preview":"max-image-preview:large","max-video-preview":"max-video-preview:-1"},"canonical":"https:\/\/billigpakke.no\/blog\/hva-koster-det-a-sende-pakke-i-posten\/","og_locale":"nn_NO","og_type":"article","og_title":"hva koster det \u00e5 sende pakke i posten? - BilligPakke.no","og_description":"Det koster avhengig av vekt og st\u00f8rrelse. Priser starter fra 55 kr for sm\u00e5 pakker og kan g\u00e5 opp til flere hundre kroner for st\u00f8rre og tyngre pakker.","og_url":"https:\/\/billigpakke.no\/blog\/hva-koster-det-a-sende-pakke-i-posten\/","og_site_name":"BilligPakke.no","article_modified_time":"2024-05-05T08:23:09+00:00","twitter_card":"summary_large_image","twitter_misc":{"Est. reading time":"1 minutt"},"schema":{"@context":"https:\/\/schema.org","@graph":[{"@type":"WebPage","@id":"https:\/\/billigpakke.no\/blog\/hva-koster-det-a-sende-pakke-i-posten\/","url":"https:\/\/billigpakke.no\/blog\/hva-koster-det-a-sende-pakke-i-posten\/","name":"hva koster det \u00e5 sende pakke i posten? - BilligPakke.no","isPartOf":{"@id":"https:\/\/billigpakke.no\/blog\/#website"},"datePublished":"2024-05-05T06:27:22+00:00","dateModified":"2024-05-05T08:23:09+00:00","description":"Det koster avhengig av vekt og st\u00f8rrelse. Priser starter fra 55 kr for sm\u00e5 pakker og kan g\u00e5 opp til flere hundre kroner for st\u00f8rre og tyngre pakker.","breadcrumb":{"@id":"https:\/\/billigpakke.no\/blog\/hva-koster-det-a-sende-pakke-i-posten\/#breadcrumb"},"inLanguage":"nn-NO","potentialAction":[{"@type":"ReadAction","target":["https:\/\/billigpakke.no\/blog\/hva-koster-det-a-sende-pakke-i-posten\/"]}]},{"@type":"BreadcrumbList","@id":"https:\/\/billigpakke.no\/blog\/hva-koster-det-a-sende-pakke-i-posten\/#breadcrumb","itemListElement":[{"@type":"ListItem","position":1,"name":"Home","item":"https:\/\/billigpakke.no\/blog\/"},{"@type":"ListItem","position":2,"name":"hva koster det \u00e5 sende pakke i posten?"}]},{"@type":"WebSite","@id":"https:\/\/billigpakke.no\/blog\/#website","url":"https:\/\/billigpakke.no\/blog\/","name":"BilligPakke.no","description":"Billigpakke.no Blog","publisher":{"@id":"https:\/\/billigpakke.no\/blog\/#organization"},"potentialAction":[{"@type":"SearchAction","target":{"@type":"EntryPoint","urlTemplate":"https:\/\/billigpakke.no\/blog\/?s={search_term_string}"},"query-input":{"@type":"PropertyValueSpecification","valueRequired":true,"valueName":"search_term_string"}}],"inLanguage":"nn-NO"},{"@type":"Organization","@id":"https:\/\/billigpakke.no\/blog\/#organization","name":"BilligPakke.no","url":"https:\/\/billigpakke.no\/blog\/","logo":{"@type":"ImageObject","inLanguage":"nn-NO","@id":"https:\/\/billigpakke.no\/blog\/#\/schema\/logo\/image\/","url":"https:\/\/billigpakke.no\/blog\/wp-content\/uploads\/2016\/10\/logo.png","contentUrl":"https:\/\/billigpakke.no\/blog\/wp-content\/uploads\/2016\/10\/logo.png","width":185,"height":71,"caption":"BilligPakke.no"},"image":{"@id":"https:\/\/billigpakke.no\/blog\/#\/schema\/logo\/image\/"}}]}},"_links":{"self":[{"href":"https:\/\/billigpakke.no\/blog\/wp-json\/wp\/v2\/pages\/711","targetHints":{"allow":["GET"]}}],"collection":[{"href":"https:\/\/billigpakke.no\/blog\/wp-json\/wp\/v2\/pages"}],"about":[{"href":"https:\/\/billigpakke.no\/blog\/wp-json\/wp\/v2\/types\/page"}],"author":[{"embeddable":true,"href":"https:\/\/billigpakke.no\/blog\/wp-json\/wp\/v2\/users\/3"}],"replies":[{"embeddable":true,"href":"https:\/\/billigpakke.no\/blog\/wp-json\/wp\/v2\/comments?post=711"}],"version-history":[{"count":2,"href":"https:\/\/billigpakke.no\/blog\/wp-json\/wp\/v2\/pages\/711\/revisions"}],"predecessor-version":[{"id":1416,"href":"https:\/\/billigpakke.no\/blog\/wp-json\/wp\/v2\/pages\/711\/revisions\/1416"}],"wp:attachment":[{"href":"https:\/\/billigpakke.no\/blog\/wp-json\/wp\/v2\/media?parent=711"}],"curies":[{"name":"wp","href":"https:\/\/api.w.org\/{rel}","templated":true}]}}