{"id":707,"date":"2024-05-05T09:23:09","date_gmt":"2024-05-05T06:27:21","guid":{"rendered":"https:\/\/billigpakke.no\/blog\/hvor-lang-tid-bruker-posten-pa-pakker\/"},"modified":"2024-05-05T09:23:09","modified_gmt":"2024-05-05T08:23:09","slug":"hvor-lang-tid-bruker-posten-pa-pakker","status":"publish","type":"page","link":"https:\/\/billigpakke.no\/blog\/hvor-lang-tid-bruker-posten-pa-pakker\/","title":{"rendered":"hvor lang tid bruker posten p\u00e5 pakker?"},"content":{"rendered":"\n<p class=\"has-text-align-center\">Posten bruker vanligvis 1-3 virkedager p\u00e5 \u00e5 levere pakker innenlands i Norge. Ved sending til utlandet kan leveringstiden variere avhengig av destinasjon og valgt leveringsmetode. Det er ogs\u00e5 viktig \u00e5 merke seg at det kan v\u00e6re forsinkelser i perioder med h\u00f8yt volum, som for eksempel i forbindelse med h\u00f8ytider eller spesielle arrangementer.<\/p>\n\n\n\n<div class=\"wp-block-buttons is-content-justification-center is-layout-flex wp-container-core-buttons-is-layout-16018d1d wp-block-buttons-is-layout-flex\">\n<div class=\"wp-block-button is-style-outline is-style-outline--1\"><a class=\"wp-block-button__link has-dark-gray-color has-yellow-background-color has-text-color has-background has-link-color wp-element-button\" href=\"https:\/\/billigpakke.no\">send pakkene dine billig her<\/a><\/div>\n<\/div>\n\n\n\n<p><\/p>\n\n\n\n<p class=\"has-text-align-center\">1. Hvor lang tid bruker Posten vanligvis p\u00e5 \u00e5 levere en pakke innenlands?<br \/>Svar: Posten vanligvis bruker 1-3 virkedager p\u00e5 \u00e5 levere en pakke innenlands.<br \/><br \/>2. Hvor lang tid tar det \u00e5 sende en pakke med Posten til utlandet?<br \/>Svar: Tiden det tar \u00e5 sende en pakke med Posten til utlandet varierer avhengig av destinasjonen, men det kan vanligvis ta 3-7 virkedager.<br \/><br \/>3. Hvor lang tid tar det \u00e5 sende en pakke med Posten til en fjernere del av Norge?<br \/>Svar: Det kan ta opptil 5 virkedager \u00e5 sende en pakke med Posten til en fjernere del av Norge, avhengig av tilgjengeligheten av transport og logistikk.<\/p>\n","protected":false},"excerpt":{"rendered":"<p>Posten bruker vanligvis 1-3 virkedager p\u00e5 \u00e5 levere pakker innenlands i Norge. Ved sending til utlandet kan leveringstiden variere avhengig av destinasjon og valgt leveringsmetode. Det er ogs\u00e5 viktig \u00e5 merke seg at det kan v\u00e6re forsinkelser i perioder med h\u00f8yt volum, som for eksempel i forbindelse med h\u00f8ytider eller spesielle arrangementer. 1. Hvor lang &hellip; <a href=\"https:\/\/billigpakke.no\/blog\/hvor-lang-tid-bruker-posten-pa-pakker\/\" class=\"more-link\">Hald fram med \u00e5 lese<span class=\"screen-reader-text\"> \u00abhvor lang tid bruker posten p\u00e5 pakker?\u00bb<\/span><\/a><\/p>\n","protected":false},"author":3,"featured_media":0,"parent":0,"menu_order":0,"comment_status":"closed","ping_status":"closed","template":"","meta":{"footnotes":""},"class_list":["post-707","page","type-page","status-publish","hentry"],"yoast_head":"<!-- This site is optimized with the Yoast SEO plugin v27.3 - https:\/\/yoast.com\/product\/yoast-seo-wordpress\/ -->\n<title>hvor lang tid bruker posten p\u00e5 pakker? - BilligPakke.no<\/title>\n<meta name=\"description\" content=\"Posten bruker vanligvis 1-3 virkedager p\u00e5 \u00e5 levere pakker innenlands. Internasjonale pakker kan ta lengre tid avhengig av destinasjon.\" \/>\n<meta name=\"robots\" content=\"index, follow, max-snippet:-1, max-image-preview:large, max-video-preview:-1\" \/>\n<link rel=\"canonical\" href=\"https:\/\/billigpakke.no\/blog\/hvor-lang-tid-bruker-posten-pa-pakker\/\" \/>\n<meta property=\"og:locale\" content=\"nn_NO\" \/>\n<meta property=\"og:type\" content=\"article\" \/>\n<meta property=\"og:title\" content=\"hvor lang tid bruker posten p\u00e5 pakker? - BilligPakke.no\" \/>\n<meta property=\"og:description\" content=\"Posten bruker vanligvis 1-3 virkedager p\u00e5 \u00e5 levere pakker innenlands. Internasjonale pakker kan ta lengre tid avhengig av destinasjon.\" \/>\n<meta property=\"og:url\" content=\"https:\/\/billigpakke.no\/blog\/hvor-lang-tid-bruker-posten-pa-pakker\/\" \/>\n<meta property=\"og:site_name\" content=\"BilligPakke.no\" \/>\n<meta property=\"article:modified_time\" content=\"2024-05-05T08:23:09+00:00\" \/>\n<meta name=\"twitter:card\" content=\"summary_large_image\" \/>\n<meta name=\"twitter:label1\" content=\"Est. reading time\" \/>\n\t<meta name=\"twitter:data1\" content=\"1 minutt\" \/>\n<script type=\"application\/ld+json\" class=\"yoast-schema-graph\">{\"@context\":\"https:\\\/\\\/schema.org\",\"@graph\":[{\"@type\":\"WebPage\",\"@id\":\"https:\\\/\\\/billigpakke.no\\\/blog\\\/hvor-lang-tid-bruker-posten-pa-pakker\\\/\",\"url\":\"https:\\\/\\\/billigpakke.no\\\/blog\\\/hvor-lang-tid-bruker-posten-pa-pakker\\\/\",\"name\":\"hvor lang tid bruker posten p\u00e5 pakker? - BilligPakke.no\",\"isPartOf\":{\"@id\":\"https:\\\/\\\/billigpakke.no\\\/blog\\\/#website\"},\"datePublished\":\"2024-05-05T06:27:21+00:00\",\"dateModified\":\"2024-05-05T08:23:09+00:00\",\"description\":\"Posten bruker vanligvis 1-3 virkedager p\u00e5 \u00e5 levere pakker innenlands. Internasjonale pakker kan ta lengre tid avhengig av destinasjon.\",\"breadcrumb\":{\"@id\":\"https:\\\/\\\/billigpakke.no\\\/blog\\\/hvor-lang-tid-bruker-posten-pa-pakker\\\/#breadcrumb\"},\"inLanguage\":\"nn-NO\",\"potentialAction\":[{\"@type\":\"ReadAction\",\"target\":[\"https:\\\/\\\/billigpakke.no\\\/blog\\\/hvor-lang-tid-bruker-posten-pa-pakker\\\/\"]}]},{\"@type\":\"BreadcrumbList\",\"@id\":\"https:\\\/\\\/billigpakke.no\\\/blog\\\/hvor-lang-tid-bruker-posten-pa-pakker\\\/#breadcrumb\",\"itemListElement\":[{\"@type\":\"ListItem\",\"position\":1,\"name\":\"Home\",\"item\":\"https:\\\/\\\/billigpakke.no\\\/blog\\\/\"},{\"@type\":\"ListItem\",\"position\":2,\"name\":\"hvor lang tid bruker posten p\u00e5 pakker?\"}]},{\"@type\":\"WebSite\",\"@id\":\"https:\\\/\\\/billigpakke.no\\\/blog\\\/#website\",\"url\":\"https:\\\/\\\/billigpakke.no\\\/blog\\\/\",\"name\":\"BilligPakke.no\",\"description\":\"Billigpakke.no Blog\",\"publisher\":{\"@id\":\"https:\\\/\\\/billigpakke.no\\\/blog\\\/#organization\"},\"potentialAction\":[{\"@type\":\"SearchAction\",\"target\":{\"@type\":\"EntryPoint\",\"urlTemplate\":\"https:\\\/\\\/billigpakke.no\\\/blog\\\/?s={search_term_string}\"},\"query-input\":{\"@type\":\"PropertyValueSpecification\",\"valueRequired\":true,\"valueName\":\"search_term_string\"}}],\"inLanguage\":\"nn-NO\"},{\"@type\":\"Organization\",\"@id\":\"https:\\\/\\\/billigpakke.no\\\/blog\\\/#organization\",\"name\":\"BilligPakke.no\",\"url\":\"https:\\\/\\\/billigpakke.no\\\/blog\\\/\",\"logo\":{\"@type\":\"ImageObject\",\"inLanguage\":\"nn-NO\",\"@id\":\"https:\\\/\\\/billigpakke.no\\\/blog\\\/#\\\/schema\\\/logo\\\/image\\\/\",\"url\":\"https:\\\/\\\/billigpakke.no\\\/blog\\\/wp-content\\\/uploads\\\/2016\\\/10\\\/logo.png\",\"contentUrl\":\"https:\\\/\\\/billigpakke.no\\\/blog\\\/wp-content\\\/uploads\\\/2016\\\/10\\\/logo.png\",\"width\":185,\"height\":71,\"caption\":\"BilligPakke.no\"},\"image\":{\"@id\":\"https:\\\/\\\/billigpakke.no\\\/blog\\\/#\\\/schema\\\/logo\\\/image\\\/\"}}]}<\/script>\n<!-- \/ Yoast SEO plugin. -->","yoast_head_json":{"title":"hvor lang tid bruker posten p\u00e5 pakker? - BilligPakke.no","description":"Posten bruker vanligvis 1-3 virkedager p\u00e5 \u00e5 levere pakker innenlands. Internasjonale pakker kan ta lengre tid avhengig av destinasjon.","robots":{"index":"index","follow":"follow","max-snippet":"max-snippet:-1","max-image-preview":"max-image-preview:large","max-video-preview":"max-video-preview:-1"},"canonical":"https:\/\/billigpakke.no\/blog\/hvor-lang-tid-bruker-posten-pa-pakker\/","og_locale":"nn_NO","og_type":"article","og_title":"hvor lang tid bruker posten p\u00e5 pakker? - BilligPakke.no","og_description":"Posten bruker vanligvis 1-3 virkedager p\u00e5 \u00e5 levere pakker innenlands. Internasjonale pakker kan ta lengre tid avhengig av destinasjon.","og_url":"https:\/\/billigpakke.no\/blog\/hvor-lang-tid-bruker-posten-pa-pakker\/","og_site_name":"BilligPakke.no","article_modified_time":"2024-05-05T08:23:09+00:00","twitter_card":"summary_large_image","twitter_misc":{"Est. reading time":"1 minutt"},"schema":{"@context":"https:\/\/schema.org","@graph":[{"@type":"WebPage","@id":"https:\/\/billigpakke.no\/blog\/hvor-lang-tid-bruker-posten-pa-pakker\/","url":"https:\/\/billigpakke.no\/blog\/hvor-lang-tid-bruker-posten-pa-pakker\/","name":"hvor lang tid bruker posten p\u00e5 pakker? - BilligPakke.no","isPartOf":{"@id":"https:\/\/billigpakke.no\/blog\/#website"},"datePublished":"2024-05-05T06:27:21+00:00","dateModified":"2024-05-05T08:23:09+00:00","description":"Posten bruker vanligvis 1-3 virkedager p\u00e5 \u00e5 levere pakker innenlands. Internasjonale pakker kan ta lengre tid avhengig av destinasjon.","breadcrumb":{"@id":"https:\/\/billigpakke.no\/blog\/hvor-lang-tid-bruker-posten-pa-pakker\/#breadcrumb"},"inLanguage":"nn-NO","potentialAction":[{"@type":"ReadAction","target":["https:\/\/billigpakke.no\/blog\/hvor-lang-tid-bruker-posten-pa-pakker\/"]}]},{"@type":"BreadcrumbList","@id":"https:\/\/billigpakke.no\/blog\/hvor-lang-tid-bruker-posten-pa-pakker\/#breadcrumb","itemListElement":[{"@type":"ListItem","position":1,"name":"Home","item":"https:\/\/billigpakke.no\/blog\/"},{"@type":"ListItem","position":2,"name":"hvor lang tid bruker posten p\u00e5 pakker?"}]},{"@type":"WebSite","@id":"https:\/\/billigpakke.no\/blog\/#website","url":"https:\/\/billigpakke.no\/blog\/","name":"BilligPakke.no","description":"Billigpakke.no Blog","publisher":{"@id":"https:\/\/billigpakke.no\/blog\/#organization"},"potentialAction":[{"@type":"SearchAction","target":{"@type":"EntryPoint","urlTemplate":"https:\/\/billigpakke.no\/blog\/?s={search_term_string}"},"query-input":{"@type":"PropertyValueSpecification","valueRequired":true,"valueName":"search_term_string"}}],"inLanguage":"nn-NO"},{"@type":"Organization","@id":"https:\/\/billigpakke.no\/blog\/#organization","name":"BilligPakke.no","url":"https:\/\/billigpakke.no\/blog\/","logo":{"@type":"ImageObject","inLanguage":"nn-NO","@id":"https:\/\/billigpakke.no\/blog\/#\/schema\/logo\/image\/","url":"https:\/\/billigpakke.no\/blog\/wp-content\/uploads\/2016\/10\/logo.png","contentUrl":"https:\/\/billigpakke.no\/blog\/wp-content\/uploads\/2016\/10\/logo.png","width":185,"height":71,"caption":"BilligPakke.no"},"image":{"@id":"https:\/\/billigpakke.no\/blog\/#\/schema\/logo\/image\/"}}]}},"_links":{"self":[{"href":"https:\/\/billigpakke.no\/blog\/wp-json\/wp\/v2\/pages\/707","targetHints":{"allow":["GET"]}}],"collection":[{"href":"https:\/\/billigpakke.no\/blog\/wp-json\/wp\/v2\/pages"}],"about":[{"href":"https:\/\/billigpakke.no\/blog\/wp-json\/wp\/v2\/types\/page"}],"author":[{"embeddable":true,"href":"https:\/\/billigpakke.no\/blog\/wp-json\/wp\/v2\/users\/3"}],"replies":[{"embeddable":true,"href":"https:\/\/billigpakke.no\/blog\/wp-json\/wp\/v2\/comments?post=707"}],"version-history":[{"count":2,"href":"https:\/\/billigpakke.no\/blog\/wp-json\/wp\/v2\/pages\/707\/revisions"}],"predecessor-version":[{"id":1412,"href":"https:\/\/billigpakke.no\/blog\/wp-json\/wp\/v2\/pages\/707\/revisions\/1412"}],"wp:attachment":[{"href":"https:\/\/billigpakke.no\/blog\/wp-json\/wp\/v2\/media?parent=707"}],"curies":[{"name":"wp","href":"https:\/\/api.w.org\/{rel}","templated":true}]}}