{"id":701,"date":"2024-05-05T09:23:08","date_gmt":"2024-05-05T06:27:21","guid":{"rendered":"https:\/\/billigpakke.no\/blog\/hvor-lang-tid-tar-det-for-pakken-kommer\/"},"modified":"2024-05-05T09:23:08","modified_gmt":"2024-05-05T08:23:08","slug":"hvor-lang-tid-tar-det-for-pakken-kommer","status":"publish","type":"page","link":"https:\/\/billigpakke.no\/blog\/hvor-lang-tid-tar-det-for-pakken-kommer\/","title":{"rendered":"hvor lang tid tar det f\u00f8r pakken kommer?"},"content":{"rendered":"\n<p class=\"has-text-align-center\">Det kommer an p\u00e5 hvor pakken skal sendes fra og til, samt hvilken fraktmetode som er valgt. Vanligvis tar det mellom 2-5 virkedager for en pakke \u00e5 komme frem innenlands i Norge, men dette kan variere avhengig av ulike faktorer som v\u00e6rforhold og eventuelle forsinkelser. Hvis pakken skal sendes internasjonalt, kan leveringstiden v\u00e6re lengre avhengig av destinasjon og fraktmetode. Det er alltid lurt \u00e5 sjekke med fraktselskapet eller selgeren for \u00e5 f\u00e5 en mer n\u00f8yaktig leveringstid.<\/p>\n\n\n\n<div class=\"wp-block-buttons is-content-justification-center is-layout-flex wp-container-core-buttons-is-layout-16018d1d wp-block-buttons-is-layout-flex\">\n<div class=\"wp-block-button is-style-outline is-style-outline--1\"><a class=\"wp-block-button__link has-dark-gray-color has-yellow-background-color has-text-color has-background has-link-color wp-element-button\" href=\"https:\/\/billigpakke.no\">send pakkene dine billig her<\/a><\/div>\n<\/div>\n\n\n\n<p><\/p>\n\n\n\n<p class=\"has-text-align-center\">1. Hvor lang tid tar det vanligvis f\u00f8r en pakke kommer frem med vanlig post i Norge?<br \/>Svar: Vanligvis tar det 1-3 virkedager for en pakke \u00e5 komme frem med vanlig post i Norge.<br \/><br \/>2. Hvor lang tid tar det for en pakke \u00e5 komme frem med ekspresslevering i Norge?<br \/>Svar: Med ekspresslevering kan en pakke komme frem allerede neste virkedag, avhengig av hvor i landet den skal leveres.<br \/><br \/>3. Hvor lang tid tar det for en pakke \u00e5 komme frem med internasjonal frakt til og fra Norge?<br \/>Svar: Tiden det tar for en pakke \u00e5 komme frem med internasjonal frakt til og fra Norge varierer avhengig av destinasjon og fraktselskap, men det kan vanligvis ta alt fra noen dager til flere uker.<\/p>\n","protected":false},"excerpt":{"rendered":"<p>Det kommer an p\u00e5 hvor pakken skal sendes fra og til, samt hvilken fraktmetode som er valgt. Vanligvis tar det mellom 2-5 virkedager for en pakke \u00e5 komme frem innenlands i Norge, men dette kan variere avhengig av ulike faktorer som v\u00e6rforhold og eventuelle forsinkelser. Hvis pakken skal sendes internasjonalt, kan leveringstiden v\u00e6re lengre avhengig &hellip; <a href=\"https:\/\/billigpakke.no\/blog\/hvor-lang-tid-tar-det-for-pakken-kommer\/\" class=\"more-link\">Hald fram med \u00e5 lese<span class=\"screen-reader-text\"> \u00abhvor lang tid tar det f\u00f8r pakken kommer?\u00bb<\/span><\/a><\/p>\n","protected":false},"author":3,"featured_media":0,"parent":0,"menu_order":0,"comment_status":"closed","ping_status":"closed","template":"","meta":{"footnotes":""},"class_list":["post-701","page","type-page","status-publish","hentry"],"yoast_head":"<!-- This site is optimized with the Yoast SEO plugin v27.5 - https:\/\/yoast.com\/product\/yoast-seo-wordpress\/ -->\n<title>hvor lang tid tar det f\u00f8r pakken kommer? - BilligPakke.no<\/title>\n<meta name=\"description\" content=\"Det er vanligvis avhengig av leverand\u00f8ren og fraktmetoden, men vanligvis tar det mellom 1-5 virkedager for en pakke \u00e5 komme frem.\" \/>\n<meta name=\"robots\" content=\"index, follow, max-snippet:-1, max-image-preview:large, max-video-preview:-1\" \/>\n<link rel=\"canonical\" href=\"https:\/\/billigpakke.no\/blog\/hvor-lang-tid-tar-det-for-pakken-kommer\/\" \/>\n<meta property=\"og:locale\" content=\"nn_NO\" \/>\n<meta property=\"og:type\" content=\"article\" \/>\n<meta property=\"og:title\" content=\"hvor lang tid tar det f\u00f8r pakken kommer? - BilligPakke.no\" \/>\n<meta property=\"og:description\" content=\"Det er vanligvis avhengig av leverand\u00f8ren og fraktmetoden, men vanligvis tar det mellom 1-5 virkedager for en pakke \u00e5 komme frem.\" \/>\n<meta property=\"og:url\" content=\"https:\/\/billigpakke.no\/blog\/hvor-lang-tid-tar-det-for-pakken-kommer\/\" \/>\n<meta property=\"og:site_name\" content=\"BilligPakke.no\" \/>\n<meta property=\"article:modified_time\" content=\"2024-05-05T08:23:08+00:00\" \/>\n<meta name=\"twitter:card\" content=\"summary_large_image\" \/>\n<meta name=\"twitter:label1\" content=\"Est. reading time\" \/>\n\t<meta name=\"twitter:data1\" content=\"1 minutt\" \/>\n<script type=\"application\/ld+json\" class=\"yoast-schema-graph\">{\"@context\":\"https:\\\/\\\/schema.org\",\"@graph\":[{\"@type\":\"WebPage\",\"@id\":\"https:\\\/\\\/billigpakke.no\\\/blog\\\/hvor-lang-tid-tar-det-for-pakken-kommer\\\/\",\"url\":\"https:\\\/\\\/billigpakke.no\\\/blog\\\/hvor-lang-tid-tar-det-for-pakken-kommer\\\/\",\"name\":\"hvor lang tid tar det f\u00f8r pakken kommer? - BilligPakke.no\",\"isPartOf\":{\"@id\":\"https:\\\/\\\/billigpakke.no\\\/blog\\\/#website\"},\"datePublished\":\"2024-05-05T06:27:21+00:00\",\"dateModified\":\"2024-05-05T08:23:08+00:00\",\"description\":\"Det er vanligvis avhengig av leverand\u00f8ren og fraktmetoden, men vanligvis tar det mellom 1-5 virkedager for en pakke \u00e5 komme frem.\",\"breadcrumb\":{\"@id\":\"https:\\\/\\\/billigpakke.no\\\/blog\\\/hvor-lang-tid-tar-det-for-pakken-kommer\\\/#breadcrumb\"},\"inLanguage\":\"nn-NO\",\"potentialAction\":[{\"@type\":\"ReadAction\",\"target\":[\"https:\\\/\\\/billigpakke.no\\\/blog\\\/hvor-lang-tid-tar-det-for-pakken-kommer\\\/\"]}]},{\"@type\":\"BreadcrumbList\",\"@id\":\"https:\\\/\\\/billigpakke.no\\\/blog\\\/hvor-lang-tid-tar-det-for-pakken-kommer\\\/#breadcrumb\",\"itemListElement\":[{\"@type\":\"ListItem\",\"position\":1,\"name\":\"Home\",\"item\":\"https:\\\/\\\/billigpakke.no\\\/blog\\\/\"},{\"@type\":\"ListItem\",\"position\":2,\"name\":\"hvor lang tid tar det f\u00f8r pakken kommer?\"}]},{\"@type\":\"WebSite\",\"@id\":\"https:\\\/\\\/billigpakke.no\\\/blog\\\/#website\",\"url\":\"https:\\\/\\\/billigpakke.no\\\/blog\\\/\",\"name\":\"BilligPakke.no\",\"description\":\"Billigpakke.no Blog\",\"publisher\":{\"@id\":\"https:\\\/\\\/billigpakke.no\\\/blog\\\/#organization\"},\"potentialAction\":[{\"@type\":\"SearchAction\",\"target\":{\"@type\":\"EntryPoint\",\"urlTemplate\":\"https:\\\/\\\/billigpakke.no\\\/blog\\\/?s={search_term_string}\"},\"query-input\":{\"@type\":\"PropertyValueSpecification\",\"valueRequired\":true,\"valueName\":\"search_term_string\"}}],\"inLanguage\":\"nn-NO\"},{\"@type\":\"Organization\",\"@id\":\"https:\\\/\\\/billigpakke.no\\\/blog\\\/#organization\",\"name\":\"BilligPakke.no\",\"url\":\"https:\\\/\\\/billigpakke.no\\\/blog\\\/\",\"logo\":{\"@type\":\"ImageObject\",\"inLanguage\":\"nn-NO\",\"@id\":\"https:\\\/\\\/billigpakke.no\\\/blog\\\/#\\\/schema\\\/logo\\\/image\\\/\",\"url\":\"https:\\\/\\\/billigpakke.no\\\/blog\\\/wp-content\\\/uploads\\\/2016\\\/10\\\/logo.png\",\"contentUrl\":\"https:\\\/\\\/billigpakke.no\\\/blog\\\/wp-content\\\/uploads\\\/2016\\\/10\\\/logo.png\",\"width\":185,\"height\":71,\"caption\":\"BilligPakke.no\"},\"image\":{\"@id\":\"https:\\\/\\\/billigpakke.no\\\/blog\\\/#\\\/schema\\\/logo\\\/image\\\/\"}}]}<\/script>\n<!-- \/ Yoast SEO plugin. -->","yoast_head_json":{"title":"hvor lang tid tar det f\u00f8r pakken kommer? - BilligPakke.no","description":"Det er vanligvis avhengig av leverand\u00f8ren og fraktmetoden, men vanligvis tar det mellom 1-5 virkedager for en pakke \u00e5 komme frem.","robots":{"index":"index","follow":"follow","max-snippet":"max-snippet:-1","max-image-preview":"max-image-preview:large","max-video-preview":"max-video-preview:-1"},"canonical":"https:\/\/billigpakke.no\/blog\/hvor-lang-tid-tar-det-for-pakken-kommer\/","og_locale":"nn_NO","og_type":"article","og_title":"hvor lang tid tar det f\u00f8r pakken kommer? - BilligPakke.no","og_description":"Det er vanligvis avhengig av leverand\u00f8ren og fraktmetoden, men vanligvis tar det mellom 1-5 virkedager for en pakke \u00e5 komme frem.","og_url":"https:\/\/billigpakke.no\/blog\/hvor-lang-tid-tar-det-for-pakken-kommer\/","og_site_name":"BilligPakke.no","article_modified_time":"2024-05-05T08:23:08+00:00","twitter_card":"summary_large_image","twitter_misc":{"Est. reading time":"1 minutt"},"schema":{"@context":"https:\/\/schema.org","@graph":[{"@type":"WebPage","@id":"https:\/\/billigpakke.no\/blog\/hvor-lang-tid-tar-det-for-pakken-kommer\/","url":"https:\/\/billigpakke.no\/blog\/hvor-lang-tid-tar-det-for-pakken-kommer\/","name":"hvor lang tid tar det f\u00f8r pakken kommer? - BilligPakke.no","isPartOf":{"@id":"https:\/\/billigpakke.no\/blog\/#website"},"datePublished":"2024-05-05T06:27:21+00:00","dateModified":"2024-05-05T08:23:08+00:00","description":"Det er vanligvis avhengig av leverand\u00f8ren og fraktmetoden, men vanligvis tar det mellom 1-5 virkedager for en pakke \u00e5 komme frem.","breadcrumb":{"@id":"https:\/\/billigpakke.no\/blog\/hvor-lang-tid-tar-det-for-pakken-kommer\/#breadcrumb"},"inLanguage":"nn-NO","potentialAction":[{"@type":"ReadAction","target":["https:\/\/billigpakke.no\/blog\/hvor-lang-tid-tar-det-for-pakken-kommer\/"]}]},{"@type":"BreadcrumbList","@id":"https:\/\/billigpakke.no\/blog\/hvor-lang-tid-tar-det-for-pakken-kommer\/#breadcrumb","itemListElement":[{"@type":"ListItem","position":1,"name":"Home","item":"https:\/\/billigpakke.no\/blog\/"},{"@type":"ListItem","position":2,"name":"hvor lang tid tar det f\u00f8r pakken kommer?"}]},{"@type":"WebSite","@id":"https:\/\/billigpakke.no\/blog\/#website","url":"https:\/\/billigpakke.no\/blog\/","name":"BilligPakke.no","description":"Billigpakke.no Blog","publisher":{"@id":"https:\/\/billigpakke.no\/blog\/#organization"},"potentialAction":[{"@type":"SearchAction","target":{"@type":"EntryPoint","urlTemplate":"https:\/\/billigpakke.no\/blog\/?s={search_term_string}"},"query-input":{"@type":"PropertyValueSpecification","valueRequired":true,"valueName":"search_term_string"}}],"inLanguage":"nn-NO"},{"@type":"Organization","@id":"https:\/\/billigpakke.no\/blog\/#organization","name":"BilligPakke.no","url":"https:\/\/billigpakke.no\/blog\/","logo":{"@type":"ImageObject","inLanguage":"nn-NO","@id":"https:\/\/billigpakke.no\/blog\/#\/schema\/logo\/image\/","url":"https:\/\/billigpakke.no\/blog\/wp-content\/uploads\/2016\/10\/logo.png","contentUrl":"https:\/\/billigpakke.no\/blog\/wp-content\/uploads\/2016\/10\/logo.png","width":185,"height":71,"caption":"BilligPakke.no"},"image":{"@id":"https:\/\/billigpakke.no\/blog\/#\/schema\/logo\/image\/"}}]}},"_links":{"self":[{"href":"https:\/\/billigpakke.no\/blog\/wp-json\/wp\/v2\/pages\/701","targetHints":{"allow":["GET"]}}],"collection":[{"href":"https:\/\/billigpakke.no\/blog\/wp-json\/wp\/v2\/pages"}],"about":[{"href":"https:\/\/billigpakke.no\/blog\/wp-json\/wp\/v2\/types\/page"}],"author":[{"embeddable":true,"href":"https:\/\/billigpakke.no\/blog\/wp-json\/wp\/v2\/users\/3"}],"replies":[{"embeddable":true,"href":"https:\/\/billigpakke.no\/blog\/wp-json\/wp\/v2\/comments?post=701"}],"version-history":[{"count":2,"href":"https:\/\/billigpakke.no\/blog\/wp-json\/wp\/v2\/pages\/701\/revisions"}],"predecessor-version":[{"id":1406,"href":"https:\/\/billigpakke.no\/blog\/wp-json\/wp\/v2\/pages\/701\/revisions\/1406"}],"wp:attachment":[{"href":"https:\/\/billigpakke.no\/blog\/wp-json\/wp\/v2\/media?parent=701"}],"curies":[{"name":"wp","href":"https:\/\/api.w.org\/{rel}","templated":true}]}}