{"id":699,"date":"2024-05-05T09:23:08","date_gmt":"2024-05-05T06:27:21","guid":{"rendered":"https:\/\/billigpakke.no\/blog\/hvor-lang-tid-bruker-en-pakke-i-posten\/"},"modified":"2024-05-05T09:23:08","modified_gmt":"2024-05-05T08:23:08","slug":"hvor-lang-tid-bruker-en-pakke-i-posten","status":"publish","type":"page","link":"https:\/\/billigpakke.no\/blog\/hvor-lang-tid-bruker-en-pakke-i-posten\/","title":{"rendered":"hvor lang tid bruker en pakke i posten?"},"content":{"rendered":"\n<p class=\"has-text-align-center\">Det kommer an p\u00e5 flere faktorer, som for eksempel hvor pakken skal sendes, hvilken leveringsmetode som er valgt, og eventuelle forsinkelser som kan oppst\u00e5 underveis. Vanligvis tar det 1-3 virkedager for en pakke \u00e5 bli levert innenlands i Norge, men det kan ta lengre tid hvis pakken skal sendes til utlandet eller hvis det oppst\u00e5r uforutsette hendelser. Det beste er \u00e5 sjekke med postleverand\u00f8ren eller fraktselskapet for en mer n\u00f8yaktig leveringstid.<\/p>\n\n\n\n<div class=\"wp-block-buttons is-content-justification-center is-layout-flex wp-container-core-buttons-is-layout-16018d1d wp-block-buttons-is-layout-flex\">\n<div class=\"wp-block-button is-style-outline is-style-outline--1\"><a class=\"wp-block-button__link has-dark-gray-color has-yellow-background-color has-text-color has-background has-link-color wp-element-button\" href=\"https:\/\/billigpakke.no\">send pakkene dine billig her<\/a><\/div>\n<\/div>\n\n\n\n<p><\/p>\n\n\n\n<p class=\"has-text-align-center\">1. Hvor lang tid tar det vanligvis \u00e5 f\u00e5 en pakke i posten i Norge?<br \/>Svar: Vanligvis tar det 1-3 virkedager \u00e5 f\u00e5 en pakke i posten i Norge, avhengig av avsenderens og mottakerens lokasjon.<br \/><br \/>2. Hvor lang tid kan det ta \u00e5 f\u00e5 en pakke i posten fra utlandet til Norge?<br \/>Svar: Det kan ta alt fra noen dager til flere uker \u00e5 f\u00e5 en pakke i posten fra utlandet til Norge, avhengig av fraktmetoden og tollbehandlingen.<br \/><br \/>3. Hvor lang tid tar det \u00e5 f\u00e5 en pakke i posten med ekspresslevering i Norge?<br \/>Svar: Med ekspresslevering kan man forvente \u00e5 f\u00e5 en pakke i posten i l\u00f8pet av 1-2 virkedager, avhengig av avsenderens og mottakerens lokasjon.<\/p>\n","protected":false},"excerpt":{"rendered":"<p>Det kommer an p\u00e5 flere faktorer, som for eksempel hvor pakken skal sendes, hvilken leveringsmetode som er valgt, og eventuelle forsinkelser som kan oppst\u00e5 underveis. Vanligvis tar det 1-3 virkedager for en pakke \u00e5 bli levert innenlands i Norge, men det kan ta lengre tid hvis pakken skal sendes til utlandet eller hvis det oppst\u00e5r &hellip; <a href=\"https:\/\/billigpakke.no\/blog\/hvor-lang-tid-bruker-en-pakke-i-posten\/\" class=\"more-link\">Hald fram med \u00e5 lese<span class=\"screen-reader-text\"> \u00abhvor lang tid bruker en pakke i posten?\u00bb<\/span><\/a><\/p>\n","protected":false},"author":3,"featured_media":0,"parent":0,"menu_order":0,"comment_status":"closed","ping_status":"closed","template":"","meta":{"footnotes":""},"class_list":["post-699","page","type-page","status-publish","hentry"],"yoast_head":"<!-- This site is optimized with the Yoast SEO plugin v27.4 - https:\/\/yoast.com\/product\/yoast-seo-wordpress\/ -->\n<title>hvor lang tid bruker en pakke i posten? - BilligPakke.no<\/title>\n<meta name=\"description\" content=\"En pakke i posten kan variere i leveringstid avhengig av posttjenesten og destinasjonen. Noen pakker kan komme frem p\u00e5 f\u00e5 dager, mens andre kan ta lengre tid.\" \/>\n<meta name=\"robots\" content=\"index, follow, max-snippet:-1, max-image-preview:large, max-video-preview:-1\" \/>\n<link rel=\"canonical\" href=\"https:\/\/billigpakke.no\/blog\/hvor-lang-tid-bruker-en-pakke-i-posten\/\" \/>\n<meta property=\"og:locale\" content=\"nn_NO\" \/>\n<meta property=\"og:type\" content=\"article\" \/>\n<meta property=\"og:title\" content=\"hvor lang tid bruker en pakke i posten? - BilligPakke.no\" \/>\n<meta property=\"og:description\" content=\"En pakke i posten kan variere i leveringstid avhengig av posttjenesten og destinasjonen. Noen pakker kan komme frem p\u00e5 f\u00e5 dager, mens andre kan ta lengre tid.\" \/>\n<meta property=\"og:url\" content=\"https:\/\/billigpakke.no\/blog\/hvor-lang-tid-bruker-en-pakke-i-posten\/\" \/>\n<meta property=\"og:site_name\" content=\"BilligPakke.no\" \/>\n<meta property=\"article:modified_time\" content=\"2024-05-05T08:23:08+00:00\" \/>\n<meta name=\"twitter:card\" content=\"summary_large_image\" \/>\n<meta name=\"twitter:label1\" content=\"Est. reading time\" \/>\n\t<meta name=\"twitter:data1\" content=\"1 minutt\" \/>\n<script type=\"application\/ld+json\" class=\"yoast-schema-graph\">{\"@context\":\"https:\\\/\\\/schema.org\",\"@graph\":[{\"@type\":\"WebPage\",\"@id\":\"https:\\\/\\\/billigpakke.no\\\/blog\\\/hvor-lang-tid-bruker-en-pakke-i-posten\\\/\",\"url\":\"https:\\\/\\\/billigpakke.no\\\/blog\\\/hvor-lang-tid-bruker-en-pakke-i-posten\\\/\",\"name\":\"hvor lang tid bruker en pakke i posten? - BilligPakke.no\",\"isPartOf\":{\"@id\":\"https:\\\/\\\/billigpakke.no\\\/blog\\\/#website\"},\"datePublished\":\"2024-05-05T06:27:21+00:00\",\"dateModified\":\"2024-05-05T08:23:08+00:00\",\"description\":\"En pakke i posten kan variere i leveringstid avhengig av posttjenesten og destinasjonen. Noen pakker kan komme frem p\u00e5 f\u00e5 dager, mens andre kan ta lengre tid.\",\"breadcrumb\":{\"@id\":\"https:\\\/\\\/billigpakke.no\\\/blog\\\/hvor-lang-tid-bruker-en-pakke-i-posten\\\/#breadcrumb\"},\"inLanguage\":\"nn-NO\",\"potentialAction\":[{\"@type\":\"ReadAction\",\"target\":[\"https:\\\/\\\/billigpakke.no\\\/blog\\\/hvor-lang-tid-bruker-en-pakke-i-posten\\\/\"]}]},{\"@type\":\"BreadcrumbList\",\"@id\":\"https:\\\/\\\/billigpakke.no\\\/blog\\\/hvor-lang-tid-bruker-en-pakke-i-posten\\\/#breadcrumb\",\"itemListElement\":[{\"@type\":\"ListItem\",\"position\":1,\"name\":\"Home\",\"item\":\"https:\\\/\\\/billigpakke.no\\\/blog\\\/\"},{\"@type\":\"ListItem\",\"position\":2,\"name\":\"hvor lang tid bruker en pakke i posten?\"}]},{\"@type\":\"WebSite\",\"@id\":\"https:\\\/\\\/billigpakke.no\\\/blog\\\/#website\",\"url\":\"https:\\\/\\\/billigpakke.no\\\/blog\\\/\",\"name\":\"BilligPakke.no\",\"description\":\"Billigpakke.no Blog\",\"publisher\":{\"@id\":\"https:\\\/\\\/billigpakke.no\\\/blog\\\/#organization\"},\"potentialAction\":[{\"@type\":\"SearchAction\",\"target\":{\"@type\":\"EntryPoint\",\"urlTemplate\":\"https:\\\/\\\/billigpakke.no\\\/blog\\\/?s={search_term_string}\"},\"query-input\":{\"@type\":\"PropertyValueSpecification\",\"valueRequired\":true,\"valueName\":\"search_term_string\"}}],\"inLanguage\":\"nn-NO\"},{\"@type\":\"Organization\",\"@id\":\"https:\\\/\\\/billigpakke.no\\\/blog\\\/#organization\",\"name\":\"BilligPakke.no\",\"url\":\"https:\\\/\\\/billigpakke.no\\\/blog\\\/\",\"logo\":{\"@type\":\"ImageObject\",\"inLanguage\":\"nn-NO\",\"@id\":\"https:\\\/\\\/billigpakke.no\\\/blog\\\/#\\\/schema\\\/logo\\\/image\\\/\",\"url\":\"https:\\\/\\\/billigpakke.no\\\/blog\\\/wp-content\\\/uploads\\\/2016\\\/10\\\/logo.png\",\"contentUrl\":\"https:\\\/\\\/billigpakke.no\\\/blog\\\/wp-content\\\/uploads\\\/2016\\\/10\\\/logo.png\",\"width\":185,\"height\":71,\"caption\":\"BilligPakke.no\"},\"image\":{\"@id\":\"https:\\\/\\\/billigpakke.no\\\/blog\\\/#\\\/schema\\\/logo\\\/image\\\/\"}}]}<\/script>\n<!-- \/ Yoast SEO plugin. -->","yoast_head_json":{"title":"hvor lang tid bruker en pakke i posten? - BilligPakke.no","description":"En pakke i posten kan variere i leveringstid avhengig av posttjenesten og destinasjonen. Noen pakker kan komme frem p\u00e5 f\u00e5 dager, mens andre kan ta lengre tid.","robots":{"index":"index","follow":"follow","max-snippet":"max-snippet:-1","max-image-preview":"max-image-preview:large","max-video-preview":"max-video-preview:-1"},"canonical":"https:\/\/billigpakke.no\/blog\/hvor-lang-tid-bruker-en-pakke-i-posten\/","og_locale":"nn_NO","og_type":"article","og_title":"hvor lang tid bruker en pakke i posten? - BilligPakke.no","og_description":"En pakke i posten kan variere i leveringstid avhengig av posttjenesten og destinasjonen. Noen pakker kan komme frem p\u00e5 f\u00e5 dager, mens andre kan ta lengre tid.","og_url":"https:\/\/billigpakke.no\/blog\/hvor-lang-tid-bruker-en-pakke-i-posten\/","og_site_name":"BilligPakke.no","article_modified_time":"2024-05-05T08:23:08+00:00","twitter_card":"summary_large_image","twitter_misc":{"Est. reading time":"1 minutt"},"schema":{"@context":"https:\/\/schema.org","@graph":[{"@type":"WebPage","@id":"https:\/\/billigpakke.no\/blog\/hvor-lang-tid-bruker-en-pakke-i-posten\/","url":"https:\/\/billigpakke.no\/blog\/hvor-lang-tid-bruker-en-pakke-i-posten\/","name":"hvor lang tid bruker en pakke i posten? - BilligPakke.no","isPartOf":{"@id":"https:\/\/billigpakke.no\/blog\/#website"},"datePublished":"2024-05-05T06:27:21+00:00","dateModified":"2024-05-05T08:23:08+00:00","description":"En pakke i posten kan variere i leveringstid avhengig av posttjenesten og destinasjonen. Noen pakker kan komme frem p\u00e5 f\u00e5 dager, mens andre kan ta lengre tid.","breadcrumb":{"@id":"https:\/\/billigpakke.no\/blog\/hvor-lang-tid-bruker-en-pakke-i-posten\/#breadcrumb"},"inLanguage":"nn-NO","potentialAction":[{"@type":"ReadAction","target":["https:\/\/billigpakke.no\/blog\/hvor-lang-tid-bruker-en-pakke-i-posten\/"]}]},{"@type":"BreadcrumbList","@id":"https:\/\/billigpakke.no\/blog\/hvor-lang-tid-bruker-en-pakke-i-posten\/#breadcrumb","itemListElement":[{"@type":"ListItem","position":1,"name":"Home","item":"https:\/\/billigpakke.no\/blog\/"},{"@type":"ListItem","position":2,"name":"hvor lang tid bruker en pakke i posten?"}]},{"@type":"WebSite","@id":"https:\/\/billigpakke.no\/blog\/#website","url":"https:\/\/billigpakke.no\/blog\/","name":"BilligPakke.no","description":"Billigpakke.no Blog","publisher":{"@id":"https:\/\/billigpakke.no\/blog\/#organization"},"potentialAction":[{"@type":"SearchAction","target":{"@type":"EntryPoint","urlTemplate":"https:\/\/billigpakke.no\/blog\/?s={search_term_string}"},"query-input":{"@type":"PropertyValueSpecification","valueRequired":true,"valueName":"search_term_string"}}],"inLanguage":"nn-NO"},{"@type":"Organization","@id":"https:\/\/billigpakke.no\/blog\/#organization","name":"BilligPakke.no","url":"https:\/\/billigpakke.no\/blog\/","logo":{"@type":"ImageObject","inLanguage":"nn-NO","@id":"https:\/\/billigpakke.no\/blog\/#\/schema\/logo\/image\/","url":"https:\/\/billigpakke.no\/blog\/wp-content\/uploads\/2016\/10\/logo.png","contentUrl":"https:\/\/billigpakke.no\/blog\/wp-content\/uploads\/2016\/10\/logo.png","width":185,"height":71,"caption":"BilligPakke.no"},"image":{"@id":"https:\/\/billigpakke.no\/blog\/#\/schema\/logo\/image\/"}}]}},"_links":{"self":[{"href":"https:\/\/billigpakke.no\/blog\/wp-json\/wp\/v2\/pages\/699","targetHints":{"allow":["GET"]}}],"collection":[{"href":"https:\/\/billigpakke.no\/blog\/wp-json\/wp\/v2\/pages"}],"about":[{"href":"https:\/\/billigpakke.no\/blog\/wp-json\/wp\/v2\/types\/page"}],"author":[{"embeddable":true,"href":"https:\/\/billigpakke.no\/blog\/wp-json\/wp\/v2\/users\/3"}],"replies":[{"embeddable":true,"href":"https:\/\/billigpakke.no\/blog\/wp-json\/wp\/v2\/comments?post=699"}],"version-history":[{"count":2,"href":"https:\/\/billigpakke.no\/blog\/wp-json\/wp\/v2\/pages\/699\/revisions"}],"predecessor-version":[{"id":1404,"href":"https:\/\/billigpakke.no\/blog\/wp-json\/wp\/v2\/pages\/699\/revisions\/1404"}],"wp:attachment":[{"href":"https:\/\/billigpakke.no\/blog\/wp-json\/wp\/v2\/media?parent=699"}],"curies":[{"name":"wp","href":"https:\/\/api.w.org\/{rel}","templated":true}]}}