{"id":679,"date":"2024-05-05T09:23:07","date_gmt":"2024-05-05T06:27:20","guid":{"rendered":"https:\/\/billigpakke.no\/blog\/hva-koster-det-a-sende-pakke\/"},"modified":"2024-05-05T09:23:07","modified_gmt":"2024-05-05T08:23:07","slug":"hva-koster-det-a-sende-pakke","status":"publish","type":"page","link":"https:\/\/billigpakke.no\/blog\/hva-koster-det-a-sende-pakke\/","title":{"rendered":"hva koster det \u00e5 sende pakke?"},"content":{"rendered":"\n<p class=\"has-text-align-center\">Det koster avhengig av st\u00f8rrelse, vekt og destinasjon. Du kan sjekke priser p\u00e5 posten.no eller i en postkontor.<\/p>\n\n\n\n<div class=\"wp-block-buttons is-content-justification-center is-layout-flex wp-container-core-buttons-is-layout-16018d1d wp-block-buttons-is-layout-flex\">\n<div class=\"wp-block-button is-style-outline is-style-outline--1\"><a class=\"wp-block-button__link has-dark-gray-color has-yellow-background-color has-text-color has-background has-link-color wp-element-button\" href=\"https:\/\/billigpakke.no\">send pakkene dine billig her<\/a><\/div>\n<\/div>\n\n\n\n<p><\/p>\n\n\n\n<p class=\"has-text-align-center\">1. Hva koster det \u00e5 sende en pakke innenlands i Norge?<br \/> &#8211; Prisen for \u00e5 sende en pakke innenlands i Norge varierer avhengig av vekt, st\u00f8rrelse og leveringsm\u00e5te. For eksempel kan en vanlig pakke p\u00e5 opptil 2 kg sendes med Posten for rundt 155 kr.<br \/><br \/>2. Hva koster det \u00e5 sende en pakke til utlandet fra Norge?<br \/> &#8211; Prisen for \u00e5 sende en pakke til utlandet fra Norge avhenger av destinasjon, vekt og leveringsm\u00e5te. For eksempel kan en pakke p\u00e5 opptil 2 kg sendes til enkelte europeiske land for rundt 250 kr med Posten.<br \/><br \/>3. Hva er den billigste m\u00e5ten \u00e5 sende en pakke i Norge?<br \/> &#8211; Den billigste m\u00e5ten \u00e5 sende en pakke i Norge avhenger av vekt, st\u00f8rrelse og leveringshastighet. Generelt sett kan man spare penger ved \u00e5 velge en tregere leveringsm\u00e5te eller ved \u00e5 benytte seg av alternative leveringsfirmaer som Bring eller Helthjem.<\/p>\n","protected":false},"excerpt":{"rendered":"<p>Det koster avhengig av st\u00f8rrelse, vekt og destinasjon. Du kan sjekke priser p\u00e5 posten.no eller i en postkontor. 1. Hva koster det \u00e5 sende en pakke innenlands i Norge? &#8211; Prisen for \u00e5 sende en pakke innenlands i Norge varierer avhengig av vekt, st\u00f8rrelse og leveringsm\u00e5te. For eksempel kan en vanlig pakke p\u00e5 opptil 2 &hellip; <a href=\"https:\/\/billigpakke.no\/blog\/hva-koster-det-a-sende-pakke\/\" class=\"more-link\">Hald fram med \u00e5 lese<span class=\"screen-reader-text\"> \u00abhva koster det \u00e5 sende pakke?\u00bb<\/span><\/a><\/p>\n","protected":false},"author":3,"featured_media":0,"parent":0,"menu_order":0,"comment_status":"closed","ping_status":"closed","template":"","meta":{"footnotes":""},"class_list":["post-679","page","type-page","status-publish","hentry"],"yoast_head":"<!-- This site is optimized with the Yoast SEO plugin v27.5 - https:\/\/yoast.com\/product\/yoast-seo-wordpress\/ -->\n<title>hva koster det \u00e5 sende pakke? - BilligPakke.no<\/title>\n<meta name=\"description\" content=\"Det koster avhengig av vekt, st\u00f8rrelse og destinasjon. Priser varierer mellom ulike fraktselskaper og tjenester. Sjekk aktuelle priser f\u00f8r sending.\" \/>\n<meta name=\"robots\" content=\"index, follow, max-snippet:-1, max-image-preview:large, max-video-preview:-1\" \/>\n<link rel=\"canonical\" href=\"https:\/\/billigpakke.no\/blog\/hva-koster-det-a-sende-pakke\/\" \/>\n<meta property=\"og:locale\" content=\"nn_NO\" \/>\n<meta property=\"og:type\" content=\"article\" \/>\n<meta property=\"og:title\" content=\"hva koster det \u00e5 sende pakke? - BilligPakke.no\" \/>\n<meta property=\"og:description\" content=\"Det koster avhengig av vekt, st\u00f8rrelse og destinasjon. Priser varierer mellom ulike fraktselskaper og tjenester. Sjekk aktuelle priser f\u00f8r sending.\" \/>\n<meta property=\"og:url\" content=\"https:\/\/billigpakke.no\/blog\/hva-koster-det-a-sende-pakke\/\" \/>\n<meta property=\"og:site_name\" content=\"BilligPakke.no\" \/>\n<meta property=\"article:modified_time\" content=\"2024-05-05T08:23:07+00:00\" \/>\n<meta name=\"twitter:card\" content=\"summary_large_image\" \/>\n<meta name=\"twitter:label1\" content=\"Est. reading time\" \/>\n\t<meta name=\"twitter:data1\" content=\"1 minutt\" \/>\n<script type=\"application\/ld+json\" class=\"yoast-schema-graph\">{\"@context\":\"https:\\\/\\\/schema.org\",\"@graph\":[{\"@type\":\"WebPage\",\"@id\":\"https:\\\/\\\/billigpakke.no\\\/blog\\\/hva-koster-det-a-sende-pakke\\\/\",\"url\":\"https:\\\/\\\/billigpakke.no\\\/blog\\\/hva-koster-det-a-sende-pakke\\\/\",\"name\":\"hva koster det \u00e5 sende pakke? - BilligPakke.no\",\"isPartOf\":{\"@id\":\"https:\\\/\\\/billigpakke.no\\\/blog\\\/#website\"},\"datePublished\":\"2024-05-05T06:27:20+00:00\",\"dateModified\":\"2024-05-05T08:23:07+00:00\",\"description\":\"Det koster avhengig av vekt, st\u00f8rrelse og destinasjon. Priser varierer mellom ulike fraktselskaper og tjenester. Sjekk aktuelle priser f\u00f8r sending.\",\"breadcrumb\":{\"@id\":\"https:\\\/\\\/billigpakke.no\\\/blog\\\/hva-koster-det-a-sende-pakke\\\/#breadcrumb\"},\"inLanguage\":\"nn-NO\",\"potentialAction\":[{\"@type\":\"ReadAction\",\"target\":[\"https:\\\/\\\/billigpakke.no\\\/blog\\\/hva-koster-det-a-sende-pakke\\\/\"]}]},{\"@type\":\"BreadcrumbList\",\"@id\":\"https:\\\/\\\/billigpakke.no\\\/blog\\\/hva-koster-det-a-sende-pakke\\\/#breadcrumb\",\"itemListElement\":[{\"@type\":\"ListItem\",\"position\":1,\"name\":\"Home\",\"item\":\"https:\\\/\\\/billigpakke.no\\\/blog\\\/\"},{\"@type\":\"ListItem\",\"position\":2,\"name\":\"hva koster det \u00e5 sende pakke?\"}]},{\"@type\":\"WebSite\",\"@id\":\"https:\\\/\\\/billigpakke.no\\\/blog\\\/#website\",\"url\":\"https:\\\/\\\/billigpakke.no\\\/blog\\\/\",\"name\":\"BilligPakke.no\",\"description\":\"Billigpakke.no Blog\",\"publisher\":{\"@id\":\"https:\\\/\\\/billigpakke.no\\\/blog\\\/#organization\"},\"potentialAction\":[{\"@type\":\"SearchAction\",\"target\":{\"@type\":\"EntryPoint\",\"urlTemplate\":\"https:\\\/\\\/billigpakke.no\\\/blog\\\/?s={search_term_string}\"},\"query-input\":{\"@type\":\"PropertyValueSpecification\",\"valueRequired\":true,\"valueName\":\"search_term_string\"}}],\"inLanguage\":\"nn-NO\"},{\"@type\":\"Organization\",\"@id\":\"https:\\\/\\\/billigpakke.no\\\/blog\\\/#organization\",\"name\":\"BilligPakke.no\",\"url\":\"https:\\\/\\\/billigpakke.no\\\/blog\\\/\",\"logo\":{\"@type\":\"ImageObject\",\"inLanguage\":\"nn-NO\",\"@id\":\"https:\\\/\\\/billigpakke.no\\\/blog\\\/#\\\/schema\\\/logo\\\/image\\\/\",\"url\":\"https:\\\/\\\/billigpakke.no\\\/blog\\\/wp-content\\\/uploads\\\/2016\\\/10\\\/logo.png\",\"contentUrl\":\"https:\\\/\\\/billigpakke.no\\\/blog\\\/wp-content\\\/uploads\\\/2016\\\/10\\\/logo.png\",\"width\":185,\"height\":71,\"caption\":\"BilligPakke.no\"},\"image\":{\"@id\":\"https:\\\/\\\/billigpakke.no\\\/blog\\\/#\\\/schema\\\/logo\\\/image\\\/\"}}]}<\/script>\n<!-- \/ Yoast SEO plugin. -->","yoast_head_json":{"title":"hva koster det \u00e5 sende pakke? - BilligPakke.no","description":"Det koster avhengig av vekt, st\u00f8rrelse og destinasjon. Priser varierer mellom ulike fraktselskaper og tjenester. Sjekk aktuelle priser f\u00f8r sending.","robots":{"index":"index","follow":"follow","max-snippet":"max-snippet:-1","max-image-preview":"max-image-preview:large","max-video-preview":"max-video-preview:-1"},"canonical":"https:\/\/billigpakke.no\/blog\/hva-koster-det-a-sende-pakke\/","og_locale":"nn_NO","og_type":"article","og_title":"hva koster det \u00e5 sende pakke? - BilligPakke.no","og_description":"Det koster avhengig av vekt, st\u00f8rrelse og destinasjon. Priser varierer mellom ulike fraktselskaper og tjenester. Sjekk aktuelle priser f\u00f8r sending.","og_url":"https:\/\/billigpakke.no\/blog\/hva-koster-det-a-sende-pakke\/","og_site_name":"BilligPakke.no","article_modified_time":"2024-05-05T08:23:07+00:00","twitter_card":"summary_large_image","twitter_misc":{"Est. reading time":"1 minutt"},"schema":{"@context":"https:\/\/schema.org","@graph":[{"@type":"WebPage","@id":"https:\/\/billigpakke.no\/blog\/hva-koster-det-a-sende-pakke\/","url":"https:\/\/billigpakke.no\/blog\/hva-koster-det-a-sende-pakke\/","name":"hva koster det \u00e5 sende pakke? - BilligPakke.no","isPartOf":{"@id":"https:\/\/billigpakke.no\/blog\/#website"},"datePublished":"2024-05-05T06:27:20+00:00","dateModified":"2024-05-05T08:23:07+00:00","description":"Det koster avhengig av vekt, st\u00f8rrelse og destinasjon. Priser varierer mellom ulike fraktselskaper og tjenester. Sjekk aktuelle priser f\u00f8r sending.","breadcrumb":{"@id":"https:\/\/billigpakke.no\/blog\/hva-koster-det-a-sende-pakke\/#breadcrumb"},"inLanguage":"nn-NO","potentialAction":[{"@type":"ReadAction","target":["https:\/\/billigpakke.no\/blog\/hva-koster-det-a-sende-pakke\/"]}]},{"@type":"BreadcrumbList","@id":"https:\/\/billigpakke.no\/blog\/hva-koster-det-a-sende-pakke\/#breadcrumb","itemListElement":[{"@type":"ListItem","position":1,"name":"Home","item":"https:\/\/billigpakke.no\/blog\/"},{"@type":"ListItem","position":2,"name":"hva koster det \u00e5 sende pakke?"}]},{"@type":"WebSite","@id":"https:\/\/billigpakke.no\/blog\/#website","url":"https:\/\/billigpakke.no\/blog\/","name":"BilligPakke.no","description":"Billigpakke.no Blog","publisher":{"@id":"https:\/\/billigpakke.no\/blog\/#organization"},"potentialAction":[{"@type":"SearchAction","target":{"@type":"EntryPoint","urlTemplate":"https:\/\/billigpakke.no\/blog\/?s={search_term_string}"},"query-input":{"@type":"PropertyValueSpecification","valueRequired":true,"valueName":"search_term_string"}}],"inLanguage":"nn-NO"},{"@type":"Organization","@id":"https:\/\/billigpakke.no\/blog\/#organization","name":"BilligPakke.no","url":"https:\/\/billigpakke.no\/blog\/","logo":{"@type":"ImageObject","inLanguage":"nn-NO","@id":"https:\/\/billigpakke.no\/blog\/#\/schema\/logo\/image\/","url":"https:\/\/billigpakke.no\/blog\/wp-content\/uploads\/2016\/10\/logo.png","contentUrl":"https:\/\/billigpakke.no\/blog\/wp-content\/uploads\/2016\/10\/logo.png","width":185,"height":71,"caption":"BilligPakke.no"},"image":{"@id":"https:\/\/billigpakke.no\/blog\/#\/schema\/logo\/image\/"}}]}},"_links":{"self":[{"href":"https:\/\/billigpakke.no\/blog\/wp-json\/wp\/v2\/pages\/679","targetHints":{"allow":["GET"]}}],"collection":[{"href":"https:\/\/billigpakke.no\/blog\/wp-json\/wp\/v2\/pages"}],"about":[{"href":"https:\/\/billigpakke.no\/blog\/wp-json\/wp\/v2\/types\/page"}],"author":[{"embeddable":true,"href":"https:\/\/billigpakke.no\/blog\/wp-json\/wp\/v2\/users\/3"}],"replies":[{"embeddable":true,"href":"https:\/\/billigpakke.no\/blog\/wp-json\/wp\/v2\/comments?post=679"}],"version-history":[{"count":2,"href":"https:\/\/billigpakke.no\/blog\/wp-json\/wp\/v2\/pages\/679\/revisions"}],"predecessor-version":[{"id":1384,"href":"https:\/\/billigpakke.no\/blog\/wp-json\/wp\/v2\/pages\/679\/revisions\/1384"}],"wp:attachment":[{"href":"https:\/\/billigpakke.no\/blog\/wp-json\/wp\/v2\/media?parent=679"}],"curies":[{"name":"wp","href":"https:\/\/api.w.org\/{rel}","templated":true}]}}