{"id":563,"date":"2021-09-01T11:28:25","date_gmt":"2021-09-01T10:28:25","guid":{"rendered":"https:\/\/billigpakke.no\/blog\/?page_id=563"},"modified":"2024-01-13T10:24:54","modified_gmt":"2024-01-13T09:24:54","slug":"stavanger","status":"publish","type":"page","link":"https:\/\/billigpakke.no\/blog\/dhl-service-point\/stavanger\/","title":{"rendered":"DHL Service point Stavanger &#8211; Drop off &#038; Utlevering"},"content":{"rendered":"\n<p>Enten du trenger \u00e5 sende eller motta en pakke med DHL i Stavanger, kan du gj\u00f8re det via et service point. Alle DHL service points i Stavanger finner du nedenfor.<\/p>\n\n\n\n<h2 class=\"wp-block-heading\">Hvordan sender man en pakke med DHL fra Stavanger?<\/h2>\n\n\n\n<p>Generelt sett, n\u00e5r du \u00f8nsker \u00e5 sende en pakke med DHL, b\u00f8r du gj\u00f8re f\u00f8lgende:<\/p>\n\n\n\n<ol class=\"wp-block-list\">\n<li>G\u00e5 til DHLs offisielle nettsted eller Billigpakke.no, hvis de tilbyr DHL services <\/li>\n\n\n\n<li>Opprett en konto eller logg inn hvis n\u00f8dvendig.<\/li>\n\n\n\n<li>F\u00f8lg instruksjonene for \u00e5 fylle ut opplysningene om pakken din, inkludert st\u00f8rrelse, vekt og leveringsadresse.<\/li>\n\n\n\n<li>Velg \u00f8nsket fraktalternativ og betal for forsendelsen.<\/li>\n\n\n\n<li>Etter at betalingen er gjennomf\u00f8rt, vil du motta et fraktetikett som du m\u00e5 skrive ut og feste til pakken din.<\/li>\n\n\n\n<li>Lever pakken din til n\u00e6rmeste DHL-avhentingssted eller avtale en henting med DHL, avhengig av hva som er tilgjengelig for deg.<\/li>\n\n\n\n<li>F\u00f8lg sporingsinformasjonen som er gitt for \u00e5 holde deg oppdatert om statusen til forsendelsen din.<\/li>\n<\/ol>\n\n\n\n<p>Husk at priser og tilgjengelige tjenester kan variere avhengig av st\u00f8rrelse, vekt og destinasjonen til pakken din. Det kan ogs\u00e5 v\u00e6re toll- eller importavgifter som m\u00e5 tas i betraktning n\u00e5r du sender internasjonale forsendelser. <\/p>\n\n\n\n<p>Vi anbefaler derfor \u00e5 kontakte DHL direkte eller bes\u00f8ke nettstedet til Billigpakke.no for n\u00f8yaktig informasjon om hvordan du sender en pakke fra Stavanger til din \u00f8nskede destinasjon.<\/p>\n\n\n\n<h3 class=\"wp-block-heading\">Sender du en pakke med DHL? F\u00e5 den absolutt billigste prisen her:<\/h3>\n\n\n\n<div class=\"wp-block-button\" style=\"text-align: center;\"><a class=\"wp-block-button__link has-dark-gray-color has-text-color has-background\" style=\"background-color: #e7d55f;\" href=\"https:\/\/billigpakke.no\/dhl\">F\u00e5 den beste prisen p\u00e5 DHL pakken din<\/a><\/div>\n\n\n\n<p>&nbsp;<br><iframe style=\"border: none; width: 100%; height: 940px;\" title=\"Pakkeshop Lokator\" src=\"https:\/\/postibutikk.billigpakke.no\/?carrier=dhl&amp;forIframe=1\"><\/iframe><\/p>\n\n\n\n<h2 class=\"wp-block-heading\"><span class=\"VIiyi\" lang=\"no\"><span class=\"JLqJ4b ChMk0b\" data-language-for-alternatives=\"no\" data-language-to-translate-into=\"da\" data-phrase-index=\"0\">Leter du etter DHL Service Point i Stavanger?<\/span> <span class=\"JLqJ4b ChMk0b\" data-language-for-alternatives=\"no\" data-language-to-translate-into=\"da\" data-phrase-index=\"1\">P\u00e5 denne siden finner du f\u00f8lgende:<\/span><\/span><\/h2>\n\n\n\n<p>DHL Pickup point Stavanger<br>DHL Drop off point Stavanger<br>DHL Terminal Stavanger<br>DHL Stavanger<br>DHL Drop off Stavanger<br>DHL Locations Stavanger<br>DHL Parcel shop Stavanger<br>DHL Office Stavanger<br>DHL Store Stavanger<br>DHL Collection point Stavanger<br>DHL Utleveringssted Stavanger<br>DHL Innleveringssted Stavanger<br>DHL Parcel locker Stavanger<br>DHL Collection centre Stavanger<br>DHL Service location Stavanger<br>DHL Depot Stavanger<br>DHL Shipping location Stavanger<br>DHL Outlet Stavanger<br>DHL Delivery office Stavanger<br>DHL Locker Stavanger<br>DHL Distribution center Stavanger<br>DHL Parcel point Stavanger<br>DHL Pakkeshop Stavanger<br>DHL Packstation Stavanger<br>DHL Point Stavanger<br>DHL Service station Stavanger<\/p>\n\n\n\n<h3 class=\"wp-block-heading\">Sender du en pakke med DHL? F\u00e5 den absolutt billigste prisen her:<\/h3>\n\n\n\n<div class=\"wp-block-button\" style=\"text-align: center;\"><a class=\"wp-block-button__link has-dark-gray-color has-text-color has-background\" style=\"background-color: #e7d55f;\" href=\"https:\/\/billigpakke.no\/dhl\">F\u00e5 den beste prisen p\u00e5 pakken din<\/a><\/div>\n\n\n\n<h3 class=\"wp-block-heading\">Finn DHL Service Points i andre byer<\/h3>\n\n\n\n<!-- Page-list plugin v.5.9 wordpress.org\/plugins\/page-list\/ -->\n<ul class=\"page-list \">\n<li class=\"page_item page-item-525\"><a href=\"https:\/\/billigpakke.no\/blog\/dhl-service-point\/\">Alle DHL Service Points &#8211; Drop off &#038; Utlevering<\/a><\/li>\n\n<\/ul>\n","protected":false},"excerpt":{"rendered":"<p>Enten du trenger \u00e5 sende eller motta en pakke med DHL i Stavanger, kan du gj\u00f8re det via et service point. Alle DHL service points i Stavanger finner du nedenfor. Hvordan sender man en pakke med DHL fra Stavanger? Generelt sett, n\u00e5r du \u00f8nsker \u00e5 sende en pakke med DHL, b\u00f8r du gj\u00f8re f\u00f8lgende: Husk &hellip; <a href=\"https:\/\/billigpakke.no\/blog\/dhl-service-point\/stavanger\/\" class=\"more-link\">Hald fram med \u00e5 lese<span class=\"screen-reader-text\"> \u00abDHL Service point Stavanger &#8211; Drop off &#038; Utlevering\u00bb<\/span><\/a><\/p>\n","protected":false},"author":4,"featured_media":0,"parent":525,"menu_order":0,"comment_status":"closed","ping_status":"closed","template":"","meta":{"footnotes":""},"class_list":["post-563","page","type-page","status-publish","hentry"],"yoast_head":"<!-- This site is optimized with the Yoast SEO plugin v27.5 - https:\/\/yoast.com\/product\/yoast-seo-wordpress\/ -->\n<title>DHL Service Point Stavanger - Drop Off &amp; Utlevering - BilligPakke<\/title>\n<meta name=\"description\" content=\"Leter du etter et DHL Service Point i Stavanger? Finn n\u00e6rmeste DHL drop off points og utleveringssteder her.\" \/>\n<meta name=\"robots\" content=\"index, follow, max-snippet:-1, max-image-preview:large, max-video-preview:-1\" \/>\n<link rel=\"canonical\" href=\"https:\/\/billigpakke.no\/blog\/dhl-service-point\/stavanger\/\" \/>\n<meta property=\"og:locale\" content=\"nn_NO\" \/>\n<meta property=\"og:type\" content=\"article\" \/>\n<meta property=\"og:title\" content=\"DHL Service Point Stavanger - Drop Off &amp; Utlevering - BilligPakke\" \/>\n<meta property=\"og:description\" content=\"Leter du etter et DHL Service Point i Stavanger? Finn n\u00e6rmeste DHL drop off points og utleveringssteder her.\" \/>\n<meta property=\"og:url\" content=\"https:\/\/billigpakke.no\/blog\/dhl-service-point\/stavanger\/\" \/>\n<meta property=\"og:site_name\" content=\"BilligPakke.no\" \/>\n<meta property=\"article:modified_time\" content=\"2024-01-13T09:24:54+00:00\" \/>\n<meta name=\"twitter:card\" content=\"summary_large_image\" \/>\n<meta name=\"twitter:label1\" content=\"Est. reading time\" \/>\n\t<meta name=\"twitter:data1\" content=\"2 minutt\" \/>\n<script type=\"application\/ld+json\" class=\"yoast-schema-graph\">{\"@context\":\"https:\\\/\\\/schema.org\",\"@graph\":[{\"@type\":\"WebPage\",\"@id\":\"https:\\\/\\\/billigpakke.no\\\/blog\\\/dhl-service-point\\\/stavanger\\\/\",\"url\":\"https:\\\/\\\/billigpakke.no\\\/blog\\\/dhl-service-point\\\/stavanger\\\/\",\"name\":\"DHL Service Point Stavanger - Drop Off & Utlevering - BilligPakke\",\"isPartOf\":{\"@id\":\"https:\\\/\\\/billigpakke.no\\\/blog\\\/#website\"},\"datePublished\":\"2021-09-01T10:28:25+00:00\",\"dateModified\":\"2024-01-13T09:24:54+00:00\",\"description\":\"Leter du etter et DHL Service Point i Stavanger? Finn n\u00e6rmeste DHL drop off points og utleveringssteder her.\",\"breadcrumb\":{\"@id\":\"https:\\\/\\\/billigpakke.no\\\/blog\\\/dhl-service-point\\\/stavanger\\\/#breadcrumb\"},\"inLanguage\":\"nn-NO\",\"potentialAction\":[{\"@type\":\"ReadAction\",\"target\":[\"https:\\\/\\\/billigpakke.no\\\/blog\\\/dhl-service-point\\\/stavanger\\\/\"]}]},{\"@type\":\"BreadcrumbList\",\"@id\":\"https:\\\/\\\/billigpakke.no\\\/blog\\\/dhl-service-point\\\/stavanger\\\/#breadcrumb\",\"itemListElement\":[{\"@type\":\"ListItem\",\"position\":1,\"name\":\"Home\",\"item\":\"https:\\\/\\\/billigpakke.no\\\/blog\\\/\"},{\"@type\":\"ListItem\",\"position\":2,\"name\":\"Alle DHL Service Points &#8211; Drop off &#038; Utlevering\",\"item\":\"https:\\\/\\\/billigpakke.no\\\/blog\\\/dhl-service-point\\\/\"},{\"@type\":\"ListItem\",\"position\":3,\"name\":\"DHL Service point Stavanger &#8211; Drop off &#038; Utlevering\"}]},{\"@type\":\"WebSite\",\"@id\":\"https:\\\/\\\/billigpakke.no\\\/blog\\\/#website\",\"url\":\"https:\\\/\\\/billigpakke.no\\\/blog\\\/\",\"name\":\"BilligPakke.no\",\"description\":\"Billigpakke.no Blog\",\"publisher\":{\"@id\":\"https:\\\/\\\/billigpakke.no\\\/blog\\\/#organization\"},\"potentialAction\":[{\"@type\":\"SearchAction\",\"target\":{\"@type\":\"EntryPoint\",\"urlTemplate\":\"https:\\\/\\\/billigpakke.no\\\/blog\\\/?s={search_term_string}\"},\"query-input\":{\"@type\":\"PropertyValueSpecification\",\"valueRequired\":true,\"valueName\":\"search_term_string\"}}],\"inLanguage\":\"nn-NO\"},{\"@type\":\"Organization\",\"@id\":\"https:\\\/\\\/billigpakke.no\\\/blog\\\/#organization\",\"name\":\"BilligPakke.no\",\"url\":\"https:\\\/\\\/billigpakke.no\\\/blog\\\/\",\"logo\":{\"@type\":\"ImageObject\",\"inLanguage\":\"nn-NO\",\"@id\":\"https:\\\/\\\/billigpakke.no\\\/blog\\\/#\\\/schema\\\/logo\\\/image\\\/\",\"url\":\"https:\\\/\\\/billigpakke.no\\\/blog\\\/wp-content\\\/uploads\\\/2016\\\/10\\\/logo.png\",\"contentUrl\":\"https:\\\/\\\/billigpakke.no\\\/blog\\\/wp-content\\\/uploads\\\/2016\\\/10\\\/logo.png\",\"width\":185,\"height\":71,\"caption\":\"BilligPakke.no\"},\"image\":{\"@id\":\"https:\\\/\\\/billigpakke.no\\\/blog\\\/#\\\/schema\\\/logo\\\/image\\\/\"}}]}<\/script>\n<!-- \/ Yoast SEO plugin. -->","yoast_head_json":{"title":"DHL Service Point Stavanger - Drop Off & Utlevering - BilligPakke","description":"Leter du etter et DHL Service Point i Stavanger? Finn n\u00e6rmeste DHL drop off points og utleveringssteder her.","robots":{"index":"index","follow":"follow","max-snippet":"max-snippet:-1","max-image-preview":"max-image-preview:large","max-video-preview":"max-video-preview:-1"},"canonical":"https:\/\/billigpakke.no\/blog\/dhl-service-point\/stavanger\/","og_locale":"nn_NO","og_type":"article","og_title":"DHL Service Point Stavanger - Drop Off & Utlevering - BilligPakke","og_description":"Leter du etter et DHL Service Point i Stavanger? Finn n\u00e6rmeste DHL drop off points og utleveringssteder her.","og_url":"https:\/\/billigpakke.no\/blog\/dhl-service-point\/stavanger\/","og_site_name":"BilligPakke.no","article_modified_time":"2024-01-13T09:24:54+00:00","twitter_card":"summary_large_image","twitter_misc":{"Est. reading time":"2 minutt"},"schema":{"@context":"https:\/\/schema.org","@graph":[{"@type":"WebPage","@id":"https:\/\/billigpakke.no\/blog\/dhl-service-point\/stavanger\/","url":"https:\/\/billigpakke.no\/blog\/dhl-service-point\/stavanger\/","name":"DHL Service Point Stavanger - Drop Off & Utlevering - BilligPakke","isPartOf":{"@id":"https:\/\/billigpakke.no\/blog\/#website"},"datePublished":"2021-09-01T10:28:25+00:00","dateModified":"2024-01-13T09:24:54+00:00","description":"Leter du etter et DHL Service Point i Stavanger? Finn n\u00e6rmeste DHL drop off points og utleveringssteder her.","breadcrumb":{"@id":"https:\/\/billigpakke.no\/blog\/dhl-service-point\/stavanger\/#breadcrumb"},"inLanguage":"nn-NO","potentialAction":[{"@type":"ReadAction","target":["https:\/\/billigpakke.no\/blog\/dhl-service-point\/stavanger\/"]}]},{"@type":"BreadcrumbList","@id":"https:\/\/billigpakke.no\/blog\/dhl-service-point\/stavanger\/#breadcrumb","itemListElement":[{"@type":"ListItem","position":1,"name":"Home","item":"https:\/\/billigpakke.no\/blog\/"},{"@type":"ListItem","position":2,"name":"Alle DHL Service Points &#8211; Drop off &#038; Utlevering","item":"https:\/\/billigpakke.no\/blog\/dhl-service-point\/"},{"@type":"ListItem","position":3,"name":"DHL Service point Stavanger &#8211; Drop off &#038; Utlevering"}]},{"@type":"WebSite","@id":"https:\/\/billigpakke.no\/blog\/#website","url":"https:\/\/billigpakke.no\/blog\/","name":"BilligPakke.no","description":"Billigpakke.no Blog","publisher":{"@id":"https:\/\/billigpakke.no\/blog\/#organization"},"potentialAction":[{"@type":"SearchAction","target":{"@type":"EntryPoint","urlTemplate":"https:\/\/billigpakke.no\/blog\/?s={search_term_string}"},"query-input":{"@type":"PropertyValueSpecification","valueRequired":true,"valueName":"search_term_string"}}],"inLanguage":"nn-NO"},{"@type":"Organization","@id":"https:\/\/billigpakke.no\/blog\/#organization","name":"BilligPakke.no","url":"https:\/\/billigpakke.no\/blog\/","logo":{"@type":"ImageObject","inLanguage":"nn-NO","@id":"https:\/\/billigpakke.no\/blog\/#\/schema\/logo\/image\/","url":"https:\/\/billigpakke.no\/blog\/wp-content\/uploads\/2016\/10\/logo.png","contentUrl":"https:\/\/billigpakke.no\/blog\/wp-content\/uploads\/2016\/10\/logo.png","width":185,"height":71,"caption":"BilligPakke.no"},"image":{"@id":"https:\/\/billigpakke.no\/blog\/#\/schema\/logo\/image\/"}}]}},"_links":{"self":[{"href":"https:\/\/billigpakke.no\/blog\/wp-json\/wp\/v2\/pages\/563","targetHints":{"allow":["GET"]}}],"collection":[{"href":"https:\/\/billigpakke.no\/blog\/wp-json\/wp\/v2\/pages"}],"about":[{"href":"https:\/\/billigpakke.no\/blog\/wp-json\/wp\/v2\/types\/page"}],"author":[{"embeddable":true,"href":"https:\/\/billigpakke.no\/blog\/wp-json\/wp\/v2\/users\/4"}],"replies":[{"embeddable":true,"href":"https:\/\/billigpakke.no\/blog\/wp-json\/wp\/v2\/comments?post=563"}],"version-history":[{"count":4,"href":"https:\/\/billigpakke.no\/blog\/wp-json\/wp\/v2\/pages\/563\/revisions"}],"predecessor-version":[{"id":659,"href":"https:\/\/billigpakke.no\/blog\/wp-json\/wp\/v2\/pages\/563\/revisions\/659"}],"up":[{"embeddable":true,"href":"https:\/\/billigpakke.no\/blog\/wp-json\/wp\/v2\/pages\/525"}],"wp:attachment":[{"href":"https:\/\/billigpakke.no\/blog\/wp-json\/wp\/v2\/media?parent=563"}],"curies":[{"name":"wp","href":"https:\/\/api.w.org\/{rel}","templated":true}]}}