{"id":530,"date":"2021-08-31T12:28:33","date_gmt":"2021-08-31T11:28:33","guid":{"rendered":"https:\/\/billigpakke.no\/blog\/?page_id=530"},"modified":"2024-01-14T06:54:54","modified_gmt":"2024-01-14T05:54:54","slug":"oslo","status":"publish","type":"page","link":"https:\/\/billigpakke.no\/blog\/dhl-service-point\/oslo\/","title":{"rendered":"DHL Service point Oslo &#8211; Drop off &#038; Utlevering"},"content":{"rendered":"\n<p>DHL er en av verdens ledende leverand\u00f8rer av frakt- og logistikktjenester, og DHL Oslo er din lokale partner for \u00e5 h\u00e5ndtere alle dine forsendelsesbehov. Med et bredt spekter av tjenester og l\u00f8sninger, kan DHL Oslo hjelpe deg med \u00e5 sende alt fra sm\u00e5 pakker til store forsendelser, b\u00e5de nasjonalt og internasjonalt.<\/p>\n\n\n\n<p>DHL Oslo tilbyr en rekke tjenester som kan tilpasses dine spesifikke behov. Enten du trenger ekspresslevering, standard frakt eller spesialtilpassede l\u00f8sninger, kan DHL Oslo hjelpe deg med \u00e5 finne den beste l\u00f8sningen for din virksomhet. Med et omfattende nettverk av transport\u00f8rer og partnere over hele verden, kan DHL Oslo sikre at dine forsendelser blir levert til rett tid og p\u00e5 rett sted.<\/p>\n\n\n\n<p>DHL Oslo har ogs\u00e5 et bredt utvalg av logistikkl\u00f8sninger som kan hjelpe deg med \u00e5 optimalisere din forsyningskjede. Fra lagerstyring til transportplanlegging, kan DHL Oslo hjelpe deg med \u00e5 redusere kostnader og \u00f8ke effektiviteten i din virksomhet. Med avanserte teknologiske l\u00f8sninger og ekspertise innen logistikk, kan DHL Oslo hjelpe deg med \u00e5 ta din virksomhet til neste niv\u00e5.<\/p>\n\n\n\n<p>Som en del av DHLs globale nettverk, kan DHL Oslo tilby deg enest\u00e5ende kundeservice og st\u00f8tte. Med et dedikert team av eksperter innen frakt og logistikk, kan DHL Oslo hjelpe deg med \u00e5 l\u00f8se eventuelle utfordringer du m\u00e5tte ha, og sikre at dine forsendelser blir levert p\u00e5 en trygg og p\u00e5litelig m\u00e5te.<\/p>\n\n\n\n<p><\/p>\n\n\n\n<h3 class=\"wp-block-heading\">Sender du en pakke med DHL? F\u00e5 den absolutt billigste prisen her:<\/h3>\n\n\n\n<div class=\"wp-block-button\" style=\"text-align: center;\"><a class=\"wp-block-button__link has-dark-gray-color has-text-color has-background\" style=\"background-color: #e7d55f;\" href=\"https:\/\/billigpakke.no\/dhl\">F\u00e5 den beste prisen p\u00e5 pakken din<\/a><\/div>\n\n\n\n<p>&nbsp;<br><iframe style=\"border: none; width: 100%; height: 940px;\" title=\"Pakkeshop Lokator\" src=\"https:\/\/postibutikk.billigpakke.no\/?carrier=dhl&amp;forIframe=1\"><\/iframe><\/p>\n\n\n\n<h2 class=\"wp-block-heading\"><span class=\"VIiyi\" lang=\"no\"><span class=\"JLqJ4b ChMk0b\" data-language-for-alternatives=\"no\" data-language-to-translate-into=\"da\" data-phrase-index=\"0\">Leter du etter DHL Service Point i Oslo?<\/span> <span class=\"JLqJ4b ChMk0b\" data-language-for-alternatives=\"no\" data-language-to-translate-into=\"da\" data-phrase-index=\"1\">P\u00e5 denne siden finner du f\u00f8lgende:<\/span><\/span><\/h2>\n\n\n\n<p>DHL Pickup point Oslo<br>DHL Drop off point Oslo<br>DHL Terminal Oslo<br>DHL Oslo<br>DHL Drop off Oslo<br>DHL Locations Oslo<br>DHL Parcel shop Oslo<br>DHL Office Oslo<br>DHL Store Oslo<br>DHL Collection point Oslo<br>DHL Utleveringssted Oslo<br>DHL Innleveringssted Oslo<br>DHL Parcel locker Oslo<br>DHL Collection centre Oslo<br>DHL Service location Oslo<br>DHL Depot Oslo<br>DHL Shipping location Oslo<br>DHL Outlet Oslo<br>DHL Delivery office Oslo<br>DHL Locker Oslo<br>DHL Distribution center Oslo<br>DHL Parcel point Oslo<br>DHL Pakkeshop Oslo<br>DHL Packstation Oslo<br>DHL Point Oslo<br>DHL Service station Oslo<\/p>\n\n\n\n<p>1. Hva er DHL Oslo?<br>DHL Oslo er en del av DHL Express, som er en global leverand\u00f8r av logistikktjenester og ekspressfrakt. DHL Oslo tilbyr en rekke tjenester, inkludert internasjonal frakt, import og eksport, tollklarering og levering av pakker og dokumenter.<\/p>\n\n\n\n<p>2. Hvor er DHL Oslo lokalisert?<br>DHL Oslo har flere lokasjoner i Oslo-omr\u00e5det, inkludert et hovedkontor p\u00e5 Alnabru og et servicepunkt p\u00e5 Gardermoen. Det finnes ogs\u00e5 flere DHL-utsalgssteder rundt om i byen.<\/p>\n\n\n\n<p>3. Hvordan kan jeg spore en pakke sendt med DHL Oslo?<br>Du kan spore en pakke sendt med DHL Oslo ved \u00e5 g\u00e5 til DHLs nettside og legge inn sporingsnummeret som ble gitt til deg ved sending. Du kan ogs\u00e5 kontakte DHLs kundeservice for \u00e5 f\u00e5 hjelp med sporing av pakken.<\/p>\n\n\n\n<p>4. Hva er leveringstiden for en pakke sendt med DHL Oslo?<br>Leveringstiden for en pakke sendt med DHL Oslo avhenger av flere faktorer, inkludert destinasjon, frakttype og st\u00f8rrelse p\u00e5 pakken. DHL tilbyr imidlertid en rekke leveringsalternativer, inkludert ekspresslevering og standardlevering, som kan tilpasses etter behov. Kontakt DHLs kundeservice for mer informasjon om leveringstider og alternativer.<\/p>\n\n\n\n<h3 class=\"wp-block-heading\">Sender du en pakke med DHL? F\u00e5 den absolutt billigste prisen her:<\/h3>\n\n\n\n<div class=\"wp-block-button\" style=\"text-align: center;\"><a class=\"wp-block-button__link has-dark-gray-color has-text-color has-background\" style=\"background-color: #e7d55f;\" href=\"https:\/\/billigpakke.no\/dhl\">F\u00e5 den beste prisen p\u00e5 pakken din<\/a><\/div>\n\n\n\n<h3 class=\"wp-block-heading\">Finn DHL Service Points i andre byer<\/h3>\n\n\n\n<!-- Page-list plugin v.5.9 wordpress.org\/plugins\/page-list\/ -->\n<ul class=\"page-list \">\n<li class=\"page_item page-item-525\"><a href=\"https:\/\/billigpakke.no\/blog\/dhl-service-point\/\">Alle DHL Service Points &#8211; Drop off &#038; Utlevering<\/a><\/li>\n\n<\/ul>\n","protected":false},"excerpt":{"rendered":"<p>DHL er en av verdens ledende leverand\u00f8rer av frakt- og logistikktjenester, og DHL Oslo er din lokale partner for \u00e5 h\u00e5ndtere alle dine forsendelsesbehov. Med et bredt spekter av tjenester og l\u00f8sninger, kan DHL Oslo hjelpe deg med \u00e5 sende alt fra sm\u00e5 pakker til store forsendelser, b\u00e5de nasjonalt og internasjonalt. DHL Oslo tilbyr en &hellip; <a href=\"https:\/\/billigpakke.no\/blog\/dhl-service-point\/oslo\/\" class=\"more-link\">Hald fram med \u00e5 lese<span class=\"screen-reader-text\"> \u00abDHL Service point Oslo &#8211; Drop off &#038; Utlevering\u00bb<\/span><\/a><\/p>\n","protected":false},"author":4,"featured_media":0,"parent":525,"menu_order":0,"comment_status":"closed","ping_status":"closed","template":"","meta":{"footnotes":""},"class_list":["post-530","page","type-page","status-publish","hentry"],"yoast_head":"<!-- This site is optimized with the Yoast SEO plugin v27.4 - https:\/\/yoast.com\/product\/yoast-seo-wordpress\/ -->\n<title>DHL Service Point Oslo - Drop Off &amp; Utlevering - BilligPakke.no<\/title>\n<meta name=\"description\" content=\"Leter du etter et DHL Service Point i Oslo? Finn n\u00e6rmeste DHL drop off points og utleveringssteder her.\" \/>\n<meta name=\"robots\" content=\"index, follow, max-snippet:-1, max-image-preview:large, max-video-preview:-1\" \/>\n<link rel=\"canonical\" href=\"https:\/\/billigpakke.no\/blog\/dhl-service-point\/oslo\/\" \/>\n<meta property=\"og:locale\" content=\"nn_NO\" \/>\n<meta property=\"og:type\" content=\"article\" \/>\n<meta property=\"og:title\" content=\"DHL Service Point Oslo - Drop Off &amp; Utlevering - BilligPakke.no\" \/>\n<meta property=\"og:description\" content=\"Leter du etter et DHL Service Point i Oslo? Finn n\u00e6rmeste DHL drop off points og utleveringssteder her.\" \/>\n<meta property=\"og:url\" content=\"https:\/\/billigpakke.no\/blog\/dhl-service-point\/oslo\/\" \/>\n<meta property=\"og:site_name\" content=\"BilligPakke.no\" \/>\n<meta property=\"article:modified_time\" content=\"2024-01-14T05:54:54+00:00\" \/>\n<meta name=\"twitter:card\" content=\"summary_large_image\" \/>\n<meta name=\"twitter:label1\" content=\"Est. reading time\" \/>\n\t<meta name=\"twitter:data1\" content=\"1 minutt\" \/>\n<script type=\"application\/ld+json\" class=\"yoast-schema-graph\">{\"@context\":\"https:\\\/\\\/schema.org\",\"@graph\":[{\"@type\":\"WebPage\",\"@id\":\"https:\\\/\\\/billigpakke.no\\\/blog\\\/dhl-service-point\\\/oslo\\\/\",\"url\":\"https:\\\/\\\/billigpakke.no\\\/blog\\\/dhl-service-point\\\/oslo\\\/\",\"name\":\"DHL Service Point Oslo - Drop Off & Utlevering - BilligPakke.no\",\"isPartOf\":{\"@id\":\"https:\\\/\\\/billigpakke.no\\\/blog\\\/#website\"},\"datePublished\":\"2021-08-31T11:28:33+00:00\",\"dateModified\":\"2024-01-14T05:54:54+00:00\",\"description\":\"Leter du etter et DHL Service Point i Oslo? Finn n\u00e6rmeste DHL drop off points og utleveringssteder her.\",\"breadcrumb\":{\"@id\":\"https:\\\/\\\/billigpakke.no\\\/blog\\\/dhl-service-point\\\/oslo\\\/#breadcrumb\"},\"inLanguage\":\"nn-NO\",\"potentialAction\":[{\"@type\":\"ReadAction\",\"target\":[\"https:\\\/\\\/billigpakke.no\\\/blog\\\/dhl-service-point\\\/oslo\\\/\"]}]},{\"@type\":\"BreadcrumbList\",\"@id\":\"https:\\\/\\\/billigpakke.no\\\/blog\\\/dhl-service-point\\\/oslo\\\/#breadcrumb\",\"itemListElement\":[{\"@type\":\"ListItem\",\"position\":1,\"name\":\"Home\",\"item\":\"https:\\\/\\\/billigpakke.no\\\/blog\\\/\"},{\"@type\":\"ListItem\",\"position\":2,\"name\":\"Alle DHL Service Points &#8211; Drop off &#038; Utlevering\",\"item\":\"https:\\\/\\\/billigpakke.no\\\/blog\\\/dhl-service-point\\\/\"},{\"@type\":\"ListItem\",\"position\":3,\"name\":\"DHL Service point Oslo &#8211; Drop off &#038; Utlevering\"}]},{\"@type\":\"WebSite\",\"@id\":\"https:\\\/\\\/billigpakke.no\\\/blog\\\/#website\",\"url\":\"https:\\\/\\\/billigpakke.no\\\/blog\\\/\",\"name\":\"BilligPakke.no\",\"description\":\"Billigpakke.no Blog\",\"publisher\":{\"@id\":\"https:\\\/\\\/billigpakke.no\\\/blog\\\/#organization\"},\"potentialAction\":[{\"@type\":\"SearchAction\",\"target\":{\"@type\":\"EntryPoint\",\"urlTemplate\":\"https:\\\/\\\/billigpakke.no\\\/blog\\\/?s={search_term_string}\"},\"query-input\":{\"@type\":\"PropertyValueSpecification\",\"valueRequired\":true,\"valueName\":\"search_term_string\"}}],\"inLanguage\":\"nn-NO\"},{\"@type\":\"Organization\",\"@id\":\"https:\\\/\\\/billigpakke.no\\\/blog\\\/#organization\",\"name\":\"BilligPakke.no\",\"url\":\"https:\\\/\\\/billigpakke.no\\\/blog\\\/\",\"logo\":{\"@type\":\"ImageObject\",\"inLanguage\":\"nn-NO\",\"@id\":\"https:\\\/\\\/billigpakke.no\\\/blog\\\/#\\\/schema\\\/logo\\\/image\\\/\",\"url\":\"https:\\\/\\\/billigpakke.no\\\/blog\\\/wp-content\\\/uploads\\\/2016\\\/10\\\/logo.png\",\"contentUrl\":\"https:\\\/\\\/billigpakke.no\\\/blog\\\/wp-content\\\/uploads\\\/2016\\\/10\\\/logo.png\",\"width\":185,\"height\":71,\"caption\":\"BilligPakke.no\"},\"image\":{\"@id\":\"https:\\\/\\\/billigpakke.no\\\/blog\\\/#\\\/schema\\\/logo\\\/image\\\/\"}}]}<\/script>\n<!-- \/ Yoast SEO plugin. -->","yoast_head_json":{"title":"DHL Service Point Oslo - Drop Off & Utlevering - BilligPakke.no","description":"Leter du etter et DHL Service Point i Oslo? Finn n\u00e6rmeste DHL drop off points og utleveringssteder her.","robots":{"index":"index","follow":"follow","max-snippet":"max-snippet:-1","max-image-preview":"max-image-preview:large","max-video-preview":"max-video-preview:-1"},"canonical":"https:\/\/billigpakke.no\/blog\/dhl-service-point\/oslo\/","og_locale":"nn_NO","og_type":"article","og_title":"DHL Service Point Oslo - Drop Off & Utlevering - BilligPakke.no","og_description":"Leter du etter et DHL Service Point i Oslo? Finn n\u00e6rmeste DHL drop off points og utleveringssteder her.","og_url":"https:\/\/billigpakke.no\/blog\/dhl-service-point\/oslo\/","og_site_name":"BilligPakke.no","article_modified_time":"2024-01-14T05:54:54+00:00","twitter_card":"summary_large_image","twitter_misc":{"Est. reading time":"1 minutt"},"schema":{"@context":"https:\/\/schema.org","@graph":[{"@type":"WebPage","@id":"https:\/\/billigpakke.no\/blog\/dhl-service-point\/oslo\/","url":"https:\/\/billigpakke.no\/blog\/dhl-service-point\/oslo\/","name":"DHL Service Point Oslo - Drop Off & Utlevering - BilligPakke.no","isPartOf":{"@id":"https:\/\/billigpakke.no\/blog\/#website"},"datePublished":"2021-08-31T11:28:33+00:00","dateModified":"2024-01-14T05:54:54+00:00","description":"Leter du etter et DHL Service Point i Oslo? Finn n\u00e6rmeste DHL drop off points og utleveringssteder her.","breadcrumb":{"@id":"https:\/\/billigpakke.no\/blog\/dhl-service-point\/oslo\/#breadcrumb"},"inLanguage":"nn-NO","potentialAction":[{"@type":"ReadAction","target":["https:\/\/billigpakke.no\/blog\/dhl-service-point\/oslo\/"]}]},{"@type":"BreadcrumbList","@id":"https:\/\/billigpakke.no\/blog\/dhl-service-point\/oslo\/#breadcrumb","itemListElement":[{"@type":"ListItem","position":1,"name":"Home","item":"https:\/\/billigpakke.no\/blog\/"},{"@type":"ListItem","position":2,"name":"Alle DHL Service Points &#8211; Drop off &#038; Utlevering","item":"https:\/\/billigpakke.no\/blog\/dhl-service-point\/"},{"@type":"ListItem","position":3,"name":"DHL Service point Oslo &#8211; Drop off &#038; Utlevering"}]},{"@type":"WebSite","@id":"https:\/\/billigpakke.no\/blog\/#website","url":"https:\/\/billigpakke.no\/blog\/","name":"BilligPakke.no","description":"Billigpakke.no Blog","publisher":{"@id":"https:\/\/billigpakke.no\/blog\/#organization"},"potentialAction":[{"@type":"SearchAction","target":{"@type":"EntryPoint","urlTemplate":"https:\/\/billigpakke.no\/blog\/?s={search_term_string}"},"query-input":{"@type":"PropertyValueSpecification","valueRequired":true,"valueName":"search_term_string"}}],"inLanguage":"nn-NO"},{"@type":"Organization","@id":"https:\/\/billigpakke.no\/blog\/#organization","name":"BilligPakke.no","url":"https:\/\/billigpakke.no\/blog\/","logo":{"@type":"ImageObject","inLanguage":"nn-NO","@id":"https:\/\/billigpakke.no\/blog\/#\/schema\/logo\/image\/","url":"https:\/\/billigpakke.no\/blog\/wp-content\/uploads\/2016\/10\/logo.png","contentUrl":"https:\/\/billigpakke.no\/blog\/wp-content\/uploads\/2016\/10\/logo.png","width":185,"height":71,"caption":"BilligPakke.no"},"image":{"@id":"https:\/\/billigpakke.no\/blog\/#\/schema\/logo\/image\/"}}]}},"_links":{"self":[{"href":"https:\/\/billigpakke.no\/blog\/wp-json\/wp\/v2\/pages\/530","targetHints":{"allow":["GET"]}}],"collection":[{"href":"https:\/\/billigpakke.no\/blog\/wp-json\/wp\/v2\/pages"}],"about":[{"href":"https:\/\/billigpakke.no\/blog\/wp-json\/wp\/v2\/types\/page"}],"author":[{"embeddable":true,"href":"https:\/\/billigpakke.no\/blog\/wp-json\/wp\/v2\/users\/4"}],"replies":[{"embeddable":true,"href":"https:\/\/billigpakke.no\/blog\/wp-json\/wp\/v2\/comments?post=530"}],"version-history":[{"count":18,"href":"https:\/\/billigpakke.no\/blog\/wp-json\/wp\/v2\/pages\/530\/revisions"}],"predecessor-version":[{"id":666,"href":"https:\/\/billigpakke.no\/blog\/wp-json\/wp\/v2\/pages\/530\/revisions\/666"}],"up":[{"embeddable":true,"href":"https:\/\/billigpakke.no\/blog\/wp-json\/wp\/v2\/pages\/525"}],"wp:attachment":[{"href":"https:\/\/billigpakke.no\/blog\/wp-json\/wp\/v2\/media?parent=530"}],"curies":[{"name":"wp","href":"https:\/\/api.w.org\/{rel}","templated":true}]}}