{"id":1088,"date":"2024-05-05T09:23:28","date_gmt":"2024-05-05T06:30:39","guid":{"rendered":"https:\/\/billigpakke.no\/blog\/hva-koster-frakt-til-utlandet\/"},"modified":"2024-05-05T09:23:28","modified_gmt":"2024-05-05T08:23:28","slug":"hva-koster-frakt-til-utlandet","status":"publish","type":"page","link":"https:\/\/billigpakke.no\/blog\/hva-koster-frakt-til-utlandet\/","title":{"rendered":"hva koster frakt til utlandet?"},"content":{"rendered":"\n<p class=\"has-text-align-center\">Det kommer an p\u00e5 flere faktorer, som destinasjon, vekt og st\u00f8rrelse p\u00e5 pakken. Jeg anbefaler \u00e5 kontakte et fraktselskap direkte for \u00e5 f\u00e5 en n\u00f8yaktig pris.<\/p>\n\n\n\n<div class=\"wp-block-buttons is-content-justification-center is-layout-flex wp-container-core-buttons-is-layout-16018d1d wp-block-buttons-is-layout-flex\">\n<div class=\"wp-block-button is-style-outline is-style-outline--1\"><a class=\"wp-block-button__link has-dark-gray-color has-yellow-background-color has-text-color has-background has-link-color wp-element-button\" href=\"https:\/\/billigpakke.no\">send pakkene dine billig her<\/a><\/div>\n<\/div>\n\n\n\n<p><\/p>\n\n\n\n<p class=\"has-text-align-center\">1. Hva koster frakt til utlandet fra Norge?<br \/>Svar: Fraktkostnader til utlandet varierer avhengig av destinasjon, vekt og st\u00f8rrelse p\u00e5 pakken. Det er vanlig \u00e5 f\u00e5 et prisestimat fra fraktselskapet basert p\u00e5 disse faktorene.<br \/><br \/>2. Hvilke fraktselskaper tilbyr rimelig frakt til utlandet fra Norge?<br \/>Svar: Det finnes flere fraktselskaper i Norge som tilbyr internasjonal frakt, inkludert Posten, DHL, UPS, FedEx og andre. Prisene og tjenestene varierer mellom selskapene, s\u00e5 det kan v\u00e6re lurt \u00e5 sammenligne tilbudene f\u00f8r du velger fraktselskap.<br \/><br \/>3. Hva er de vanligste leveringstidene for frakt til utlandet fra Norge?<br \/>Svar: Leveringstidene for frakt til utlandet varierer avhengig av destinasjon og fraktselskap. Vanligvis tar det mellom 3-10 virkedager for internasjonal frakt fra Norge, men dette kan variere basert p\u00e5 transportmetode og eventuelle toll- og importprosesser.<\/p>\n","protected":false},"excerpt":{"rendered":"<p>Det kommer an p\u00e5 flere faktorer, som destinasjon, vekt og st\u00f8rrelse p\u00e5 pakken. Jeg anbefaler \u00e5 kontakte et fraktselskap direkte for \u00e5 f\u00e5 en n\u00f8yaktig pris. 1. Hva koster frakt til utlandet fra Norge?Svar: Fraktkostnader til utlandet varierer avhengig av destinasjon, vekt og st\u00f8rrelse p\u00e5 pakken. Det er vanlig \u00e5 f\u00e5 et prisestimat fra fraktselskapet &hellip; <a href=\"https:\/\/billigpakke.no\/blog\/hva-koster-frakt-til-utlandet\/\" class=\"more-link\">Hald fram med \u00e5 lese<span class=\"screen-reader-text\"> \u00abhva koster frakt til utlandet?\u00bb<\/span><\/a><\/p>\n","protected":false},"author":3,"featured_media":0,"parent":0,"menu_order":0,"comment_status":"closed","ping_status":"closed","template":"","meta":{"footnotes":""},"class_list":["post-1088","page","type-page","status-publish","hentry"],"yoast_head":"<!-- This site is optimized with the Yoast SEO plugin v27.4 - https:\/\/yoast.com\/product\/yoast-seo-wordpress\/ -->\n<title>hva koster frakt til utlandet? - BilligPakke.no<\/title>\n<meta name=\"description\" content=\"Fraktkostnader til utlandet varierer avhengig av destinasjon, vekt og st\u00f8rrelse p\u00e5 pakken. Sjekk med fraktselskapet for n\u00f8yaktige priser.\" \/>\n<meta name=\"robots\" content=\"index, follow, max-snippet:-1, max-image-preview:large, max-video-preview:-1\" \/>\n<link rel=\"canonical\" href=\"https:\/\/billigpakke.no\/blog\/hva-koster-frakt-til-utlandet\/\" \/>\n<meta property=\"og:locale\" content=\"nn_NO\" \/>\n<meta property=\"og:type\" content=\"article\" \/>\n<meta property=\"og:title\" content=\"hva koster frakt til utlandet? - BilligPakke.no\" \/>\n<meta property=\"og:description\" content=\"Fraktkostnader til utlandet varierer avhengig av destinasjon, vekt og st\u00f8rrelse p\u00e5 pakken. Sjekk med fraktselskapet for n\u00f8yaktige priser.\" \/>\n<meta property=\"og:url\" content=\"https:\/\/billigpakke.no\/blog\/hva-koster-frakt-til-utlandet\/\" \/>\n<meta property=\"og:site_name\" content=\"BilligPakke.no\" \/>\n<meta property=\"article:modified_time\" content=\"2024-05-05T08:23:28+00:00\" \/>\n<meta name=\"twitter:card\" content=\"summary_large_image\" \/>\n<meta name=\"twitter:label1\" content=\"Est. reading time\" \/>\n\t<meta name=\"twitter:data1\" content=\"1 minutt\" \/>\n<script type=\"application\/ld+json\" class=\"yoast-schema-graph\">{\"@context\":\"https:\\\/\\\/schema.org\",\"@graph\":[{\"@type\":\"WebPage\",\"@id\":\"https:\\\/\\\/billigpakke.no\\\/blog\\\/hva-koster-frakt-til-utlandet\\\/\",\"url\":\"https:\\\/\\\/billigpakke.no\\\/blog\\\/hva-koster-frakt-til-utlandet\\\/\",\"name\":\"hva koster frakt til utlandet? - BilligPakke.no\",\"isPartOf\":{\"@id\":\"https:\\\/\\\/billigpakke.no\\\/blog\\\/#website\"},\"datePublished\":\"2024-05-05T06:30:39+00:00\",\"dateModified\":\"2024-05-05T08:23:28+00:00\",\"description\":\"Fraktkostnader til utlandet varierer avhengig av destinasjon, vekt og st\u00f8rrelse p\u00e5 pakken. Sjekk med fraktselskapet for n\u00f8yaktige priser.\",\"breadcrumb\":{\"@id\":\"https:\\\/\\\/billigpakke.no\\\/blog\\\/hva-koster-frakt-til-utlandet\\\/#breadcrumb\"},\"inLanguage\":\"nn-NO\",\"potentialAction\":[{\"@type\":\"ReadAction\",\"target\":[\"https:\\\/\\\/billigpakke.no\\\/blog\\\/hva-koster-frakt-til-utlandet\\\/\"]}]},{\"@type\":\"BreadcrumbList\",\"@id\":\"https:\\\/\\\/billigpakke.no\\\/blog\\\/hva-koster-frakt-til-utlandet\\\/#breadcrumb\",\"itemListElement\":[{\"@type\":\"ListItem\",\"position\":1,\"name\":\"Home\",\"item\":\"https:\\\/\\\/billigpakke.no\\\/blog\\\/\"},{\"@type\":\"ListItem\",\"position\":2,\"name\":\"hva koster frakt til utlandet?\"}]},{\"@type\":\"WebSite\",\"@id\":\"https:\\\/\\\/billigpakke.no\\\/blog\\\/#website\",\"url\":\"https:\\\/\\\/billigpakke.no\\\/blog\\\/\",\"name\":\"BilligPakke.no\",\"description\":\"Billigpakke.no Blog\",\"publisher\":{\"@id\":\"https:\\\/\\\/billigpakke.no\\\/blog\\\/#organization\"},\"potentialAction\":[{\"@type\":\"SearchAction\",\"target\":{\"@type\":\"EntryPoint\",\"urlTemplate\":\"https:\\\/\\\/billigpakke.no\\\/blog\\\/?s={search_term_string}\"},\"query-input\":{\"@type\":\"PropertyValueSpecification\",\"valueRequired\":true,\"valueName\":\"search_term_string\"}}],\"inLanguage\":\"nn-NO\"},{\"@type\":\"Organization\",\"@id\":\"https:\\\/\\\/billigpakke.no\\\/blog\\\/#organization\",\"name\":\"BilligPakke.no\",\"url\":\"https:\\\/\\\/billigpakke.no\\\/blog\\\/\",\"logo\":{\"@type\":\"ImageObject\",\"inLanguage\":\"nn-NO\",\"@id\":\"https:\\\/\\\/billigpakke.no\\\/blog\\\/#\\\/schema\\\/logo\\\/image\\\/\",\"url\":\"https:\\\/\\\/billigpakke.no\\\/blog\\\/wp-content\\\/uploads\\\/2016\\\/10\\\/logo.png\",\"contentUrl\":\"https:\\\/\\\/billigpakke.no\\\/blog\\\/wp-content\\\/uploads\\\/2016\\\/10\\\/logo.png\",\"width\":185,\"height\":71,\"caption\":\"BilligPakke.no\"},\"image\":{\"@id\":\"https:\\\/\\\/billigpakke.no\\\/blog\\\/#\\\/schema\\\/logo\\\/image\\\/\"}}]}<\/script>\n<!-- \/ Yoast SEO plugin. -->","yoast_head_json":{"title":"hva koster frakt til utlandet? - BilligPakke.no","description":"Fraktkostnader til utlandet varierer avhengig av destinasjon, vekt og st\u00f8rrelse p\u00e5 pakken. Sjekk med fraktselskapet for n\u00f8yaktige priser.","robots":{"index":"index","follow":"follow","max-snippet":"max-snippet:-1","max-image-preview":"max-image-preview:large","max-video-preview":"max-video-preview:-1"},"canonical":"https:\/\/billigpakke.no\/blog\/hva-koster-frakt-til-utlandet\/","og_locale":"nn_NO","og_type":"article","og_title":"hva koster frakt til utlandet? - BilligPakke.no","og_description":"Fraktkostnader til utlandet varierer avhengig av destinasjon, vekt og st\u00f8rrelse p\u00e5 pakken. Sjekk med fraktselskapet for n\u00f8yaktige priser.","og_url":"https:\/\/billigpakke.no\/blog\/hva-koster-frakt-til-utlandet\/","og_site_name":"BilligPakke.no","article_modified_time":"2024-05-05T08:23:28+00:00","twitter_card":"summary_large_image","twitter_misc":{"Est. reading time":"1 minutt"},"schema":{"@context":"https:\/\/schema.org","@graph":[{"@type":"WebPage","@id":"https:\/\/billigpakke.no\/blog\/hva-koster-frakt-til-utlandet\/","url":"https:\/\/billigpakke.no\/blog\/hva-koster-frakt-til-utlandet\/","name":"hva koster frakt til utlandet? - BilligPakke.no","isPartOf":{"@id":"https:\/\/billigpakke.no\/blog\/#website"},"datePublished":"2024-05-05T06:30:39+00:00","dateModified":"2024-05-05T08:23:28+00:00","description":"Fraktkostnader til utlandet varierer avhengig av destinasjon, vekt og st\u00f8rrelse p\u00e5 pakken. Sjekk med fraktselskapet for n\u00f8yaktige priser.","breadcrumb":{"@id":"https:\/\/billigpakke.no\/blog\/hva-koster-frakt-til-utlandet\/#breadcrumb"},"inLanguage":"nn-NO","potentialAction":[{"@type":"ReadAction","target":["https:\/\/billigpakke.no\/blog\/hva-koster-frakt-til-utlandet\/"]}]},{"@type":"BreadcrumbList","@id":"https:\/\/billigpakke.no\/blog\/hva-koster-frakt-til-utlandet\/#breadcrumb","itemListElement":[{"@type":"ListItem","position":1,"name":"Home","item":"https:\/\/billigpakke.no\/blog\/"},{"@type":"ListItem","position":2,"name":"hva koster frakt til utlandet?"}]},{"@type":"WebSite","@id":"https:\/\/billigpakke.no\/blog\/#website","url":"https:\/\/billigpakke.no\/blog\/","name":"BilligPakke.no","description":"Billigpakke.no Blog","publisher":{"@id":"https:\/\/billigpakke.no\/blog\/#organization"},"potentialAction":[{"@type":"SearchAction","target":{"@type":"EntryPoint","urlTemplate":"https:\/\/billigpakke.no\/blog\/?s={search_term_string}"},"query-input":{"@type":"PropertyValueSpecification","valueRequired":true,"valueName":"search_term_string"}}],"inLanguage":"nn-NO"},{"@type":"Organization","@id":"https:\/\/billigpakke.no\/blog\/#organization","name":"BilligPakke.no","url":"https:\/\/billigpakke.no\/blog\/","logo":{"@type":"ImageObject","inLanguage":"nn-NO","@id":"https:\/\/billigpakke.no\/blog\/#\/schema\/logo\/image\/","url":"https:\/\/billigpakke.no\/blog\/wp-content\/uploads\/2016\/10\/logo.png","contentUrl":"https:\/\/billigpakke.no\/blog\/wp-content\/uploads\/2016\/10\/logo.png","width":185,"height":71,"caption":"BilligPakke.no"},"image":{"@id":"https:\/\/billigpakke.no\/blog\/#\/schema\/logo\/image\/"}}]}},"_links":{"self":[{"href":"https:\/\/billigpakke.no\/blog\/wp-json\/wp\/v2\/pages\/1088","targetHints":{"allow":["GET"]}}],"collection":[{"href":"https:\/\/billigpakke.no\/blog\/wp-json\/wp\/v2\/pages"}],"about":[{"href":"https:\/\/billigpakke.no\/blog\/wp-json\/wp\/v2\/types\/page"}],"author":[{"embeddable":true,"href":"https:\/\/billigpakke.no\/blog\/wp-json\/wp\/v2\/users\/3"}],"replies":[{"embeddable":true,"href":"https:\/\/billigpakke.no\/blog\/wp-json\/wp\/v2\/comments?post=1088"}],"version-history":[{"count":2,"href":"https:\/\/billigpakke.no\/blog\/wp-json\/wp\/v2\/pages\/1088\/revisions"}],"predecessor-version":[{"id":1733,"href":"https:\/\/billigpakke.no\/blog\/wp-json\/wp\/v2\/pages\/1088\/revisions\/1733"}],"wp:attachment":[{"href":"https:\/\/billigpakke.no\/blog\/wp-json\/wp\/v2\/media?parent=1088"}],"curies":[{"name":"wp","href":"https:\/\/api.w.org\/{rel}","templated":true}]}}