{"id":1087,"date":"2024-05-05T09:23:28","date_gmt":"2024-05-05T06:30:39","guid":{"rendered":"https:\/\/billigpakke.no\/blog\/hva-koster-frakt-bil\/"},"modified":"2024-05-05T09:23:28","modified_gmt":"2024-05-05T08:23:28","slug":"hva-koster-frakt-bil","status":"publish","type":"page","link":"https:\/\/billigpakke.no\/blog\/hva-koster-frakt-bil\/","title":{"rendered":"hva koster frakt bil?"},"content":{"rendered":"\n<p class=\"has-text-align-center\">Det kommer an p\u00e5 flere faktorer, som avstanden frakten skal dekke, st\u00f8rrelsen og vekten p\u00e5 bilen, samt hvilket selskap du velger \u00e5 bruke for frakten. Jeg anbefaler \u00e5 kontakte ulike fraktselskaper for \u00e5 f\u00e5 tilbud basert p\u00e5 dine spesifikke behov.<\/p>\n\n\n\n<div class=\"wp-block-buttons is-content-justification-center is-layout-flex wp-container-core-buttons-is-layout-16018d1d wp-block-buttons-is-layout-flex\">\n<div class=\"wp-block-button is-style-outline is-style-outline--1\"><a class=\"wp-block-button__link has-dark-gray-color has-yellow-background-color has-text-color has-background has-link-color wp-element-button\" href=\"https:\/\/billigpakke.no\">send pakkene dine billig her<\/a><\/div>\n<\/div>\n\n\n\n<p><\/p>\n\n\n\n<p class=\"has-text-align-center\">1. Hva koster frakt av en bil i Norge?<br \/>Svar: Prisen for frakt av en bil i Norge varierer avhengig av avstanden som skal fraktes, st\u00f8rrelsen og vekten p\u00e5 bilen, samt hvilket fraktselskap man velger \u00e5 benytte seg av. Generelt sett kan prisen ligge et sted mellom 5000 og 15000 kroner.<br \/><br \/>2. Hvilke faktorer p\u00e5virker prisen for frakt av en bil i Norge?<br \/>Svar: Prisen for frakt av en bil i Norge p\u00e5virkes av flere faktorer, inkludert avstanden som skal fraktes, st\u00f8rrelsen og vekten p\u00e5 bilen, samt hvilket fraktselskap man velger \u00e5 benytte seg av. I tillegg kan sesong og tilgjengelighet av frakttjenester ogs\u00e5 p\u00e5virke prisen.<br \/><br \/>3. Hvilke fraktselskaper tilbyr frakt av bil i Norge?<br \/>Svar: Det finnes flere fraktselskaper i Norge som tilbyr frakt av bil, inkludert selskaper som Bring, DHL, Schenker, og andre mindre spesialiserte fraktselskaper. Det kan v\u00e6re lurt \u00e5 sammenligne priser og tjenester fra ulike selskaper f\u00f8r man velger hvilket selskap man \u00f8nsker \u00e5 benytte seg av.<\/p>\n","protected":false},"excerpt":{"rendered":"<p>Det kommer an p\u00e5 flere faktorer, som avstanden frakten skal dekke, st\u00f8rrelsen og vekten p\u00e5 bilen, samt hvilket selskap du velger \u00e5 bruke for frakten. Jeg anbefaler \u00e5 kontakte ulike fraktselskaper for \u00e5 f\u00e5 tilbud basert p\u00e5 dine spesifikke behov. 1. Hva koster frakt av en bil i Norge?Svar: Prisen for frakt av en bil &hellip; <a href=\"https:\/\/billigpakke.no\/blog\/hva-koster-frakt-bil\/\" class=\"more-link\">Hald fram med \u00e5 lese<span class=\"screen-reader-text\"> \u00abhva koster frakt bil?\u00bb<\/span><\/a><\/p>\n","protected":false},"author":3,"featured_media":0,"parent":0,"menu_order":0,"comment_status":"closed","ping_status":"closed","template":"","meta":{"footnotes":""},"class_list":["post-1087","page","type-page","status-publish","hentry"],"yoast_head":"<!-- This site is optimized with the Yoast SEO plugin v27.4 - https:\/\/yoast.com\/product\/yoast-seo-wordpress\/ -->\n<title>hva koster frakt bil? - BilligPakke.no<\/title>\n<meta name=\"description\" content=\"Fraktkostnader for bil avhenger av avstand, st\u00f8rrelse og vekt. Priser varierer mellom ulike transport\u00f8rer og kan inkludere forsikring og tollavgifter.\" \/>\n<meta name=\"robots\" content=\"index, follow, max-snippet:-1, max-image-preview:large, max-video-preview:-1\" \/>\n<link rel=\"canonical\" href=\"https:\/\/billigpakke.no\/blog\/hva-koster-frakt-bil\/\" \/>\n<meta property=\"og:locale\" content=\"nn_NO\" \/>\n<meta property=\"og:type\" content=\"article\" \/>\n<meta property=\"og:title\" content=\"hva koster frakt bil? - BilligPakke.no\" \/>\n<meta property=\"og:description\" content=\"Fraktkostnader for bil avhenger av avstand, st\u00f8rrelse og vekt. Priser varierer mellom ulike transport\u00f8rer og kan inkludere forsikring og tollavgifter.\" \/>\n<meta property=\"og:url\" content=\"https:\/\/billigpakke.no\/blog\/hva-koster-frakt-bil\/\" \/>\n<meta property=\"og:site_name\" content=\"BilligPakke.no\" \/>\n<meta property=\"article:modified_time\" content=\"2024-05-05T08:23:28+00:00\" \/>\n<meta name=\"twitter:card\" content=\"summary_large_image\" \/>\n<meta name=\"twitter:label1\" content=\"Est. reading time\" \/>\n\t<meta name=\"twitter:data1\" content=\"1 minutt\" \/>\n<script type=\"application\/ld+json\" class=\"yoast-schema-graph\">{\"@context\":\"https:\\\/\\\/schema.org\",\"@graph\":[{\"@type\":\"WebPage\",\"@id\":\"https:\\\/\\\/billigpakke.no\\\/blog\\\/hva-koster-frakt-bil\\\/\",\"url\":\"https:\\\/\\\/billigpakke.no\\\/blog\\\/hva-koster-frakt-bil\\\/\",\"name\":\"hva koster frakt bil? - BilligPakke.no\",\"isPartOf\":{\"@id\":\"https:\\\/\\\/billigpakke.no\\\/blog\\\/#website\"},\"datePublished\":\"2024-05-05T06:30:39+00:00\",\"dateModified\":\"2024-05-05T08:23:28+00:00\",\"description\":\"Fraktkostnader for bil avhenger av avstand, st\u00f8rrelse og vekt. Priser varierer mellom ulike transport\u00f8rer og kan inkludere forsikring og tollavgifter.\",\"breadcrumb\":{\"@id\":\"https:\\\/\\\/billigpakke.no\\\/blog\\\/hva-koster-frakt-bil\\\/#breadcrumb\"},\"inLanguage\":\"nn-NO\",\"potentialAction\":[{\"@type\":\"ReadAction\",\"target\":[\"https:\\\/\\\/billigpakke.no\\\/blog\\\/hva-koster-frakt-bil\\\/\"]}]},{\"@type\":\"BreadcrumbList\",\"@id\":\"https:\\\/\\\/billigpakke.no\\\/blog\\\/hva-koster-frakt-bil\\\/#breadcrumb\",\"itemListElement\":[{\"@type\":\"ListItem\",\"position\":1,\"name\":\"Home\",\"item\":\"https:\\\/\\\/billigpakke.no\\\/blog\\\/\"},{\"@type\":\"ListItem\",\"position\":2,\"name\":\"hva koster frakt bil?\"}]},{\"@type\":\"WebSite\",\"@id\":\"https:\\\/\\\/billigpakke.no\\\/blog\\\/#website\",\"url\":\"https:\\\/\\\/billigpakke.no\\\/blog\\\/\",\"name\":\"BilligPakke.no\",\"description\":\"Billigpakke.no Blog\",\"publisher\":{\"@id\":\"https:\\\/\\\/billigpakke.no\\\/blog\\\/#organization\"},\"potentialAction\":[{\"@type\":\"SearchAction\",\"target\":{\"@type\":\"EntryPoint\",\"urlTemplate\":\"https:\\\/\\\/billigpakke.no\\\/blog\\\/?s={search_term_string}\"},\"query-input\":{\"@type\":\"PropertyValueSpecification\",\"valueRequired\":true,\"valueName\":\"search_term_string\"}}],\"inLanguage\":\"nn-NO\"},{\"@type\":\"Organization\",\"@id\":\"https:\\\/\\\/billigpakke.no\\\/blog\\\/#organization\",\"name\":\"BilligPakke.no\",\"url\":\"https:\\\/\\\/billigpakke.no\\\/blog\\\/\",\"logo\":{\"@type\":\"ImageObject\",\"inLanguage\":\"nn-NO\",\"@id\":\"https:\\\/\\\/billigpakke.no\\\/blog\\\/#\\\/schema\\\/logo\\\/image\\\/\",\"url\":\"https:\\\/\\\/billigpakke.no\\\/blog\\\/wp-content\\\/uploads\\\/2016\\\/10\\\/logo.png\",\"contentUrl\":\"https:\\\/\\\/billigpakke.no\\\/blog\\\/wp-content\\\/uploads\\\/2016\\\/10\\\/logo.png\",\"width\":185,\"height\":71,\"caption\":\"BilligPakke.no\"},\"image\":{\"@id\":\"https:\\\/\\\/billigpakke.no\\\/blog\\\/#\\\/schema\\\/logo\\\/image\\\/\"}}]}<\/script>\n<!-- \/ Yoast SEO plugin. -->","yoast_head_json":{"title":"hva koster frakt bil? - BilligPakke.no","description":"Fraktkostnader for bil avhenger av avstand, st\u00f8rrelse og vekt. Priser varierer mellom ulike transport\u00f8rer og kan inkludere forsikring og tollavgifter.","robots":{"index":"index","follow":"follow","max-snippet":"max-snippet:-1","max-image-preview":"max-image-preview:large","max-video-preview":"max-video-preview:-1"},"canonical":"https:\/\/billigpakke.no\/blog\/hva-koster-frakt-bil\/","og_locale":"nn_NO","og_type":"article","og_title":"hva koster frakt bil? - BilligPakke.no","og_description":"Fraktkostnader for bil avhenger av avstand, st\u00f8rrelse og vekt. Priser varierer mellom ulike transport\u00f8rer og kan inkludere forsikring og tollavgifter.","og_url":"https:\/\/billigpakke.no\/blog\/hva-koster-frakt-bil\/","og_site_name":"BilligPakke.no","article_modified_time":"2024-05-05T08:23:28+00:00","twitter_card":"summary_large_image","twitter_misc":{"Est. reading time":"1 minutt"},"schema":{"@context":"https:\/\/schema.org","@graph":[{"@type":"WebPage","@id":"https:\/\/billigpakke.no\/blog\/hva-koster-frakt-bil\/","url":"https:\/\/billigpakke.no\/blog\/hva-koster-frakt-bil\/","name":"hva koster frakt bil? - BilligPakke.no","isPartOf":{"@id":"https:\/\/billigpakke.no\/blog\/#website"},"datePublished":"2024-05-05T06:30:39+00:00","dateModified":"2024-05-05T08:23:28+00:00","description":"Fraktkostnader for bil avhenger av avstand, st\u00f8rrelse og vekt. Priser varierer mellom ulike transport\u00f8rer og kan inkludere forsikring og tollavgifter.","breadcrumb":{"@id":"https:\/\/billigpakke.no\/blog\/hva-koster-frakt-bil\/#breadcrumb"},"inLanguage":"nn-NO","potentialAction":[{"@type":"ReadAction","target":["https:\/\/billigpakke.no\/blog\/hva-koster-frakt-bil\/"]}]},{"@type":"BreadcrumbList","@id":"https:\/\/billigpakke.no\/blog\/hva-koster-frakt-bil\/#breadcrumb","itemListElement":[{"@type":"ListItem","position":1,"name":"Home","item":"https:\/\/billigpakke.no\/blog\/"},{"@type":"ListItem","position":2,"name":"hva koster frakt bil?"}]},{"@type":"WebSite","@id":"https:\/\/billigpakke.no\/blog\/#website","url":"https:\/\/billigpakke.no\/blog\/","name":"BilligPakke.no","description":"Billigpakke.no Blog","publisher":{"@id":"https:\/\/billigpakke.no\/blog\/#organization"},"potentialAction":[{"@type":"SearchAction","target":{"@type":"EntryPoint","urlTemplate":"https:\/\/billigpakke.no\/blog\/?s={search_term_string}"},"query-input":{"@type":"PropertyValueSpecification","valueRequired":true,"valueName":"search_term_string"}}],"inLanguage":"nn-NO"},{"@type":"Organization","@id":"https:\/\/billigpakke.no\/blog\/#organization","name":"BilligPakke.no","url":"https:\/\/billigpakke.no\/blog\/","logo":{"@type":"ImageObject","inLanguage":"nn-NO","@id":"https:\/\/billigpakke.no\/blog\/#\/schema\/logo\/image\/","url":"https:\/\/billigpakke.no\/blog\/wp-content\/uploads\/2016\/10\/logo.png","contentUrl":"https:\/\/billigpakke.no\/blog\/wp-content\/uploads\/2016\/10\/logo.png","width":185,"height":71,"caption":"BilligPakke.no"},"image":{"@id":"https:\/\/billigpakke.no\/blog\/#\/schema\/logo\/image\/"}}]}},"_links":{"self":[{"href":"https:\/\/billigpakke.no\/blog\/wp-json\/wp\/v2\/pages\/1087","targetHints":{"allow":["GET"]}}],"collection":[{"href":"https:\/\/billigpakke.no\/blog\/wp-json\/wp\/v2\/pages"}],"about":[{"href":"https:\/\/billigpakke.no\/blog\/wp-json\/wp\/v2\/types\/page"}],"author":[{"embeddable":true,"href":"https:\/\/billigpakke.no\/blog\/wp-json\/wp\/v2\/users\/3"}],"replies":[{"embeddable":true,"href":"https:\/\/billigpakke.no\/blog\/wp-json\/wp\/v2\/comments?post=1087"}],"version-history":[{"count":2,"href":"https:\/\/billigpakke.no\/blog\/wp-json\/wp\/v2\/pages\/1087\/revisions"}],"predecessor-version":[{"id":1732,"href":"https:\/\/billigpakke.no\/blog\/wp-json\/wp\/v2\/pages\/1087\/revisions\/1732"}],"wp:attachment":[{"href":"https:\/\/billigpakke.no\/blog\/wp-json\/wp\/v2\/media?parent=1087"}],"curies":[{"name":"wp","href":"https:\/\/api.w.org\/{rel}","templated":true}]}}