{"id":1084,"date":"2024-05-05T09:23:28","date_gmt":"2024-05-05T06:30:39","guid":{"rendered":"https:\/\/billigpakke.no\/blog\/hva-betyr-internasjonalt-levering\/"},"modified":"2024-05-05T09:23:28","modified_gmt":"2024-05-05T08:23:28","slug":"hva-betyr-internasjonalt-levering","status":"publish","type":"page","link":"https:\/\/billigpakke.no\/blog\/hva-betyr-internasjonalt-levering\/","title":{"rendered":"hva betyr internasjonalt levering?"},"content":{"rendered":"\n<p class=\"has-text-align-center\">Internasjonalt levering betyr \u00e5 sende varer eller tjenester fra ett land til et annet. Dette kan inneb\u00e6re toll, frakt, og andre logistikkelementer som m\u00e5 h\u00e5ndteres for \u00e5 sikre at varene eller tjenestene n\u00e5r frem til sin destinasjon p\u00e5 en trygg og effektiv m\u00e5te.<\/p>\n\n\n\n<div class=\"wp-block-buttons is-content-justification-center is-layout-flex wp-container-core-buttons-is-layout-16018d1d wp-block-buttons-is-layout-flex\">\n<div class=\"wp-block-button is-style-outline is-style-outline--1\"><a class=\"wp-block-button__link has-dark-gray-color has-yellow-background-color has-text-color has-background has-link-color wp-element-button\" href=\"https:\/\/billigpakke.no\">send pakkene dine billig her<\/a><\/div>\n<\/div>\n\n\n\n<p><\/p>\n\n\n\n<p class=\"has-text-align-center\">1. Hva betyr internasjonalt levering?<br \/>Internasjonalt levering refererer til prosessen med \u00e5 sende varer eller tjenester fra en leverand\u00f8r i ett land til en mottaker i et annet land.<br \/><br \/>2. Hvilke faktorer p\u00e5virker internasjonalt levering?<br \/>Faktorer som kan p\u00e5virke internasjonalt levering inkluderer tollavgifter, importrestriksjoner, transportkostnader, valutakurser og internasjonale handelsavtaler.<br \/><br \/>3. Hva er de vanligste metodene for internasjonalt levering?<br \/>De vanligste metodene for internasjonalt levering inkluderer flyfrakt, sj\u00f8frakt, jernbanefrakt og veifrakt. I tillegg kan levering ogs\u00e5 skje via posttjenester eller kurertjenester.<\/p>\n","protected":false},"excerpt":{"rendered":"<p>Internasjonalt levering betyr \u00e5 sende varer eller tjenester fra ett land til et annet. Dette kan inneb\u00e6re toll, frakt, og andre logistikkelementer som m\u00e5 h\u00e5ndteres for \u00e5 sikre at varene eller tjenestene n\u00e5r frem til sin destinasjon p\u00e5 en trygg og effektiv m\u00e5te. 1. Hva betyr internasjonalt levering?Internasjonalt levering refererer til prosessen med \u00e5 sende &hellip; <a href=\"https:\/\/billigpakke.no\/blog\/hva-betyr-internasjonalt-levering\/\" class=\"more-link\">Hald fram med \u00e5 lese<span class=\"screen-reader-text\"> \u00abhva betyr internasjonalt levering?\u00bb<\/span><\/a><\/p>\n","protected":false},"author":3,"featured_media":0,"parent":0,"menu_order":0,"comment_status":"closed","ping_status":"closed","template":"","meta":{"footnotes":""},"class_list":["post-1084","page","type-page","status-publish","hentry"],"yoast_head":"<!-- This site is optimized with the Yoast SEO plugin v27.5 - https:\/\/yoast.com\/product\/yoast-seo-wordpress\/ -->\n<title>hva betyr internasjonalt levering? - BilligPakke.no<\/title>\n<meta name=\"description\" content=\"Internasjonalt levering betyr at varer eller tjenester blir sendt fra en leverand\u00f8r i ett land til en mottaker i et annet land. Dette kan inneb\u00e6re ulike tollregler og fraktmetoder.\" \/>\n<meta name=\"robots\" content=\"index, follow, max-snippet:-1, max-image-preview:large, max-video-preview:-1\" \/>\n<link rel=\"canonical\" href=\"https:\/\/billigpakke.no\/blog\/hva-betyr-internasjonalt-levering\/\" \/>\n<meta property=\"og:locale\" content=\"nn_NO\" \/>\n<meta property=\"og:type\" content=\"article\" \/>\n<meta property=\"og:title\" content=\"hva betyr internasjonalt levering? - BilligPakke.no\" \/>\n<meta property=\"og:description\" content=\"Internasjonalt levering betyr at varer eller tjenester blir sendt fra en leverand\u00f8r i ett land til en mottaker i et annet land. Dette kan inneb\u00e6re ulike tollregler og fraktmetoder.\" \/>\n<meta property=\"og:url\" content=\"https:\/\/billigpakke.no\/blog\/hva-betyr-internasjonalt-levering\/\" \/>\n<meta property=\"og:site_name\" content=\"BilligPakke.no\" \/>\n<meta property=\"article:modified_time\" content=\"2024-05-05T08:23:28+00:00\" \/>\n<meta name=\"twitter:card\" content=\"summary_large_image\" \/>\n<meta name=\"twitter:label1\" content=\"Est. reading time\" \/>\n\t<meta name=\"twitter:data1\" content=\"1 minutt\" \/>\n<script type=\"application\/ld+json\" class=\"yoast-schema-graph\">{\"@context\":\"https:\\\/\\\/schema.org\",\"@graph\":[{\"@type\":\"WebPage\",\"@id\":\"https:\\\/\\\/billigpakke.no\\\/blog\\\/hva-betyr-internasjonalt-levering\\\/\",\"url\":\"https:\\\/\\\/billigpakke.no\\\/blog\\\/hva-betyr-internasjonalt-levering\\\/\",\"name\":\"hva betyr internasjonalt levering? - BilligPakke.no\",\"isPartOf\":{\"@id\":\"https:\\\/\\\/billigpakke.no\\\/blog\\\/#website\"},\"datePublished\":\"2024-05-05T06:30:39+00:00\",\"dateModified\":\"2024-05-05T08:23:28+00:00\",\"description\":\"Internasjonalt levering betyr at varer eller tjenester blir sendt fra en leverand\u00f8r i ett land til en mottaker i et annet land. Dette kan inneb\u00e6re ulike tollregler og fraktmetoder.\",\"breadcrumb\":{\"@id\":\"https:\\\/\\\/billigpakke.no\\\/blog\\\/hva-betyr-internasjonalt-levering\\\/#breadcrumb\"},\"inLanguage\":\"nn-NO\",\"potentialAction\":[{\"@type\":\"ReadAction\",\"target\":[\"https:\\\/\\\/billigpakke.no\\\/blog\\\/hva-betyr-internasjonalt-levering\\\/\"]}]},{\"@type\":\"BreadcrumbList\",\"@id\":\"https:\\\/\\\/billigpakke.no\\\/blog\\\/hva-betyr-internasjonalt-levering\\\/#breadcrumb\",\"itemListElement\":[{\"@type\":\"ListItem\",\"position\":1,\"name\":\"Home\",\"item\":\"https:\\\/\\\/billigpakke.no\\\/blog\\\/\"},{\"@type\":\"ListItem\",\"position\":2,\"name\":\"hva betyr internasjonalt levering?\"}]},{\"@type\":\"WebSite\",\"@id\":\"https:\\\/\\\/billigpakke.no\\\/blog\\\/#website\",\"url\":\"https:\\\/\\\/billigpakke.no\\\/blog\\\/\",\"name\":\"BilligPakke.no\",\"description\":\"Billigpakke.no Blog\",\"publisher\":{\"@id\":\"https:\\\/\\\/billigpakke.no\\\/blog\\\/#organization\"},\"potentialAction\":[{\"@type\":\"SearchAction\",\"target\":{\"@type\":\"EntryPoint\",\"urlTemplate\":\"https:\\\/\\\/billigpakke.no\\\/blog\\\/?s={search_term_string}\"},\"query-input\":{\"@type\":\"PropertyValueSpecification\",\"valueRequired\":true,\"valueName\":\"search_term_string\"}}],\"inLanguage\":\"nn-NO\"},{\"@type\":\"Organization\",\"@id\":\"https:\\\/\\\/billigpakke.no\\\/blog\\\/#organization\",\"name\":\"BilligPakke.no\",\"url\":\"https:\\\/\\\/billigpakke.no\\\/blog\\\/\",\"logo\":{\"@type\":\"ImageObject\",\"inLanguage\":\"nn-NO\",\"@id\":\"https:\\\/\\\/billigpakke.no\\\/blog\\\/#\\\/schema\\\/logo\\\/image\\\/\",\"url\":\"https:\\\/\\\/billigpakke.no\\\/blog\\\/wp-content\\\/uploads\\\/2016\\\/10\\\/logo.png\",\"contentUrl\":\"https:\\\/\\\/billigpakke.no\\\/blog\\\/wp-content\\\/uploads\\\/2016\\\/10\\\/logo.png\",\"width\":185,\"height\":71,\"caption\":\"BilligPakke.no\"},\"image\":{\"@id\":\"https:\\\/\\\/billigpakke.no\\\/blog\\\/#\\\/schema\\\/logo\\\/image\\\/\"}}]}<\/script>\n<!-- \/ Yoast SEO plugin. -->","yoast_head_json":{"title":"hva betyr internasjonalt levering? - BilligPakke.no","description":"Internasjonalt levering betyr at varer eller tjenester blir sendt fra en leverand\u00f8r i ett land til en mottaker i et annet land. Dette kan inneb\u00e6re ulike tollregler og fraktmetoder.","robots":{"index":"index","follow":"follow","max-snippet":"max-snippet:-1","max-image-preview":"max-image-preview:large","max-video-preview":"max-video-preview:-1"},"canonical":"https:\/\/billigpakke.no\/blog\/hva-betyr-internasjonalt-levering\/","og_locale":"nn_NO","og_type":"article","og_title":"hva betyr internasjonalt levering? - BilligPakke.no","og_description":"Internasjonalt levering betyr at varer eller tjenester blir sendt fra en leverand\u00f8r i ett land til en mottaker i et annet land. Dette kan inneb\u00e6re ulike tollregler og fraktmetoder.","og_url":"https:\/\/billigpakke.no\/blog\/hva-betyr-internasjonalt-levering\/","og_site_name":"BilligPakke.no","article_modified_time":"2024-05-05T08:23:28+00:00","twitter_card":"summary_large_image","twitter_misc":{"Est. reading time":"1 minutt"},"schema":{"@context":"https:\/\/schema.org","@graph":[{"@type":"WebPage","@id":"https:\/\/billigpakke.no\/blog\/hva-betyr-internasjonalt-levering\/","url":"https:\/\/billigpakke.no\/blog\/hva-betyr-internasjonalt-levering\/","name":"hva betyr internasjonalt levering? - BilligPakke.no","isPartOf":{"@id":"https:\/\/billigpakke.no\/blog\/#website"},"datePublished":"2024-05-05T06:30:39+00:00","dateModified":"2024-05-05T08:23:28+00:00","description":"Internasjonalt levering betyr at varer eller tjenester blir sendt fra en leverand\u00f8r i ett land til en mottaker i et annet land. Dette kan inneb\u00e6re ulike tollregler og fraktmetoder.","breadcrumb":{"@id":"https:\/\/billigpakke.no\/blog\/hva-betyr-internasjonalt-levering\/#breadcrumb"},"inLanguage":"nn-NO","potentialAction":[{"@type":"ReadAction","target":["https:\/\/billigpakke.no\/blog\/hva-betyr-internasjonalt-levering\/"]}]},{"@type":"BreadcrumbList","@id":"https:\/\/billigpakke.no\/blog\/hva-betyr-internasjonalt-levering\/#breadcrumb","itemListElement":[{"@type":"ListItem","position":1,"name":"Home","item":"https:\/\/billigpakke.no\/blog\/"},{"@type":"ListItem","position":2,"name":"hva betyr internasjonalt levering?"}]},{"@type":"WebSite","@id":"https:\/\/billigpakke.no\/blog\/#website","url":"https:\/\/billigpakke.no\/blog\/","name":"BilligPakke.no","description":"Billigpakke.no Blog","publisher":{"@id":"https:\/\/billigpakke.no\/blog\/#organization"},"potentialAction":[{"@type":"SearchAction","target":{"@type":"EntryPoint","urlTemplate":"https:\/\/billigpakke.no\/blog\/?s={search_term_string}"},"query-input":{"@type":"PropertyValueSpecification","valueRequired":true,"valueName":"search_term_string"}}],"inLanguage":"nn-NO"},{"@type":"Organization","@id":"https:\/\/billigpakke.no\/blog\/#organization","name":"BilligPakke.no","url":"https:\/\/billigpakke.no\/blog\/","logo":{"@type":"ImageObject","inLanguage":"nn-NO","@id":"https:\/\/billigpakke.no\/blog\/#\/schema\/logo\/image\/","url":"https:\/\/billigpakke.no\/blog\/wp-content\/uploads\/2016\/10\/logo.png","contentUrl":"https:\/\/billigpakke.no\/blog\/wp-content\/uploads\/2016\/10\/logo.png","width":185,"height":71,"caption":"BilligPakke.no"},"image":{"@id":"https:\/\/billigpakke.no\/blog\/#\/schema\/logo\/image\/"}}]}},"_links":{"self":[{"href":"https:\/\/billigpakke.no\/blog\/wp-json\/wp\/v2\/pages\/1084","targetHints":{"allow":["GET"]}}],"collection":[{"href":"https:\/\/billigpakke.no\/blog\/wp-json\/wp\/v2\/pages"}],"about":[{"href":"https:\/\/billigpakke.no\/blog\/wp-json\/wp\/v2\/types\/page"}],"author":[{"embeddable":true,"href":"https:\/\/billigpakke.no\/blog\/wp-json\/wp\/v2\/users\/3"}],"replies":[{"embeddable":true,"href":"https:\/\/billigpakke.no\/blog\/wp-json\/wp\/v2\/comments?post=1084"}],"version-history":[{"count":2,"href":"https:\/\/billigpakke.no\/blog\/wp-json\/wp\/v2\/pages\/1084\/revisions"}],"predecessor-version":[{"id":1729,"href":"https:\/\/billigpakke.no\/blog\/wp-json\/wp\/v2\/pages\/1084\/revisions\/1729"}],"wp:attachment":[{"href":"https:\/\/billigpakke.no\/blog\/wp-json\/wp\/v2\/media?parent=1084"}],"curies":[{"name":"wp","href":"https:\/\/api.w.org\/{rel}","templated":true}]}}