{"id":1083,"date":"2024-05-05T09:23:27","date_gmt":"2024-05-05T06:30:39","guid":{"rendered":"https:\/\/billigpakke.no\/blog\/hva-betry-gratis-frakt\/"},"modified":"2024-05-05T09:23:27","modified_gmt":"2024-05-05T08:23:27","slug":"hva-betry-gratis-frakt","status":"publish","type":"page","link":"https:\/\/billigpakke.no\/blog\/hva-betry-gratis-frakt\/","title":{"rendered":"hva betry gratis frakt?"},"content":{"rendered":"\n<p class=\"has-text-align-center\">Gratis frakt betyr at du ikke trenger \u00e5 betale ekstra for levering av varen. Dette kan v\u00e6re en god avtale for kunder, spesielt hvis de handler mye p\u00e5 nettet. Det kan ogs\u00e5 v\u00e6re en god m\u00e5te for butikker \u00e5 tiltrekke seg kunder og \u00f8ke salget.<\/p>\n\n\n\n<div class=\"wp-block-buttons is-content-justification-center is-layout-flex wp-container-core-buttons-is-layout-16018d1d wp-block-buttons-is-layout-flex\">\n<div class=\"wp-block-button is-style-outline is-style-outline--1\"><a class=\"wp-block-button__link has-dark-gray-color has-yellow-background-color has-text-color has-background has-link-color wp-element-button\" href=\"https:\/\/billigpakke.no\">send pakkene dine billig her<\/a><\/div>\n<\/div>\n\n\n\n<p><\/p>\n\n\n\n<p class=\"has-text-align-center\">1. Hva betyr gratis frakt?<br \/>Svar: Gratis frakt betyr at kunden ikke trenger \u00e5 betale for levering av varen. Dette kan v\u00e6re et tilbud fra selgeren eller en del av en kampanje.<br \/><br \/>2. Hvilke betingelser gjelder for gratis frakt?<br \/>Svar: Betingelsene for gratis frakt kan variere fra butikk til butikk. Noen kan kreve at kunden handler for et visst bel\u00f8p, mens andre kan tilby gratis frakt uten noen spesifikke betingelser.<br \/><br \/>3. Hvor kan jeg finne nettbutikker som tilbyr gratis frakt i Norge?<br \/>Svar: Det finnes flere nettsider og apper som samler tilbud fra ulike nettbutikker, hvor du kan filtrere etter gratis frakt. Du kan ogs\u00e5 sjekke nettbutikkenes egne nettsider for informasjon om fraktvilk\u00e5r.<\/p>\n","protected":false},"excerpt":{"rendered":"<p>Gratis frakt betyr at du ikke trenger \u00e5 betale ekstra for levering av varen. Dette kan v\u00e6re en god avtale for kunder, spesielt hvis de handler mye p\u00e5 nettet. Det kan ogs\u00e5 v\u00e6re en god m\u00e5te for butikker \u00e5 tiltrekke seg kunder og \u00f8ke salget. 1. Hva betyr gratis frakt?Svar: Gratis frakt betyr at kunden &hellip; <a href=\"https:\/\/billigpakke.no\/blog\/hva-betry-gratis-frakt\/\" class=\"more-link\">Hald fram med \u00e5 lese<span class=\"screen-reader-text\"> \u00abhva betry gratis frakt?\u00bb<\/span><\/a><\/p>\n","protected":false},"author":3,"featured_media":0,"parent":0,"menu_order":0,"comment_status":"closed","ping_status":"closed","template":"","meta":{"footnotes":""},"class_list":["post-1083","page","type-page","status-publish","hentry"],"yoast_head":"<!-- This site is optimized with the Yoast SEO plugin v27.3 - https:\/\/yoast.com\/product\/yoast-seo-wordpress\/ -->\n<title>hva betry gratis frakt? - BilligPakke.no<\/title>\n<meta name=\"description\" content=\"Gratis frakt er et tiltak som mange selskaper tilbyr for \u00e5 tiltrekke seg kunder og \u00f8ke salget. Dette kan v\u00e6re en fordel for forbrukerne, da det sparer dem for ekstra kostnader og gj\u00f8r det mer fristende \u00e5 handle.\" \/>\n<meta name=\"robots\" content=\"index, follow, max-snippet:-1, max-image-preview:large, max-video-preview:-1\" \/>\n<link rel=\"canonical\" href=\"https:\/\/billigpakke.no\/blog\/hva-betry-gratis-frakt\/\" \/>\n<meta property=\"og:locale\" content=\"nn_NO\" \/>\n<meta property=\"og:type\" content=\"article\" \/>\n<meta property=\"og:title\" content=\"hva betry gratis frakt? - BilligPakke.no\" \/>\n<meta property=\"og:description\" content=\"Gratis frakt er et tiltak som mange selskaper tilbyr for \u00e5 tiltrekke seg kunder og \u00f8ke salget. Dette kan v\u00e6re en fordel for forbrukerne, da det sparer dem for ekstra kostnader og gj\u00f8r det mer fristende \u00e5 handle.\" \/>\n<meta property=\"og:url\" content=\"https:\/\/billigpakke.no\/blog\/hva-betry-gratis-frakt\/\" \/>\n<meta property=\"og:site_name\" content=\"BilligPakke.no\" \/>\n<meta property=\"article:modified_time\" content=\"2024-05-05T08:23:27+00:00\" \/>\n<meta name=\"twitter:card\" content=\"summary_large_image\" \/>\n<meta name=\"twitter:label1\" content=\"Est. reading time\" \/>\n\t<meta name=\"twitter:data1\" content=\"1 minutt\" \/>\n<script type=\"application\/ld+json\" class=\"yoast-schema-graph\">{\"@context\":\"https:\\\/\\\/schema.org\",\"@graph\":[{\"@type\":\"WebPage\",\"@id\":\"https:\\\/\\\/billigpakke.no\\\/blog\\\/hva-betry-gratis-frakt\\\/\",\"url\":\"https:\\\/\\\/billigpakke.no\\\/blog\\\/hva-betry-gratis-frakt\\\/\",\"name\":\"hva betry gratis frakt? - BilligPakke.no\",\"isPartOf\":{\"@id\":\"https:\\\/\\\/billigpakke.no\\\/blog\\\/#website\"},\"datePublished\":\"2024-05-05T06:30:39+00:00\",\"dateModified\":\"2024-05-05T08:23:27+00:00\",\"description\":\"Gratis frakt er et tiltak som mange selskaper tilbyr for \u00e5 tiltrekke seg kunder og \u00f8ke salget. Dette kan v\u00e6re en fordel for forbrukerne, da det sparer dem for ekstra kostnader og gj\u00f8r det mer fristende \u00e5 handle.\",\"breadcrumb\":{\"@id\":\"https:\\\/\\\/billigpakke.no\\\/blog\\\/hva-betry-gratis-frakt\\\/#breadcrumb\"},\"inLanguage\":\"nn-NO\",\"potentialAction\":[{\"@type\":\"ReadAction\",\"target\":[\"https:\\\/\\\/billigpakke.no\\\/blog\\\/hva-betry-gratis-frakt\\\/\"]}]},{\"@type\":\"BreadcrumbList\",\"@id\":\"https:\\\/\\\/billigpakke.no\\\/blog\\\/hva-betry-gratis-frakt\\\/#breadcrumb\",\"itemListElement\":[{\"@type\":\"ListItem\",\"position\":1,\"name\":\"Home\",\"item\":\"https:\\\/\\\/billigpakke.no\\\/blog\\\/\"},{\"@type\":\"ListItem\",\"position\":2,\"name\":\"hva betry gratis frakt?\"}]},{\"@type\":\"WebSite\",\"@id\":\"https:\\\/\\\/billigpakke.no\\\/blog\\\/#website\",\"url\":\"https:\\\/\\\/billigpakke.no\\\/blog\\\/\",\"name\":\"BilligPakke.no\",\"description\":\"Billigpakke.no Blog\",\"publisher\":{\"@id\":\"https:\\\/\\\/billigpakke.no\\\/blog\\\/#organization\"},\"potentialAction\":[{\"@type\":\"SearchAction\",\"target\":{\"@type\":\"EntryPoint\",\"urlTemplate\":\"https:\\\/\\\/billigpakke.no\\\/blog\\\/?s={search_term_string}\"},\"query-input\":{\"@type\":\"PropertyValueSpecification\",\"valueRequired\":true,\"valueName\":\"search_term_string\"}}],\"inLanguage\":\"nn-NO\"},{\"@type\":\"Organization\",\"@id\":\"https:\\\/\\\/billigpakke.no\\\/blog\\\/#organization\",\"name\":\"BilligPakke.no\",\"url\":\"https:\\\/\\\/billigpakke.no\\\/blog\\\/\",\"logo\":{\"@type\":\"ImageObject\",\"inLanguage\":\"nn-NO\",\"@id\":\"https:\\\/\\\/billigpakke.no\\\/blog\\\/#\\\/schema\\\/logo\\\/image\\\/\",\"url\":\"https:\\\/\\\/billigpakke.no\\\/blog\\\/wp-content\\\/uploads\\\/2016\\\/10\\\/logo.png\",\"contentUrl\":\"https:\\\/\\\/billigpakke.no\\\/blog\\\/wp-content\\\/uploads\\\/2016\\\/10\\\/logo.png\",\"width\":185,\"height\":71,\"caption\":\"BilligPakke.no\"},\"image\":{\"@id\":\"https:\\\/\\\/billigpakke.no\\\/blog\\\/#\\\/schema\\\/logo\\\/image\\\/\"}}]}<\/script>\n<!-- \/ Yoast SEO plugin. -->","yoast_head_json":{"title":"hva betry gratis frakt? - BilligPakke.no","description":"Gratis frakt er et tiltak som mange selskaper tilbyr for \u00e5 tiltrekke seg kunder og \u00f8ke salget. Dette kan v\u00e6re en fordel for forbrukerne, da det sparer dem for ekstra kostnader og gj\u00f8r det mer fristende \u00e5 handle.","robots":{"index":"index","follow":"follow","max-snippet":"max-snippet:-1","max-image-preview":"max-image-preview:large","max-video-preview":"max-video-preview:-1"},"canonical":"https:\/\/billigpakke.no\/blog\/hva-betry-gratis-frakt\/","og_locale":"nn_NO","og_type":"article","og_title":"hva betry gratis frakt? - BilligPakke.no","og_description":"Gratis frakt er et tiltak som mange selskaper tilbyr for \u00e5 tiltrekke seg kunder og \u00f8ke salget. Dette kan v\u00e6re en fordel for forbrukerne, da det sparer dem for ekstra kostnader og gj\u00f8r det mer fristende \u00e5 handle.","og_url":"https:\/\/billigpakke.no\/blog\/hva-betry-gratis-frakt\/","og_site_name":"BilligPakke.no","article_modified_time":"2024-05-05T08:23:27+00:00","twitter_card":"summary_large_image","twitter_misc":{"Est. reading time":"1 minutt"},"schema":{"@context":"https:\/\/schema.org","@graph":[{"@type":"WebPage","@id":"https:\/\/billigpakke.no\/blog\/hva-betry-gratis-frakt\/","url":"https:\/\/billigpakke.no\/blog\/hva-betry-gratis-frakt\/","name":"hva betry gratis frakt? - BilligPakke.no","isPartOf":{"@id":"https:\/\/billigpakke.no\/blog\/#website"},"datePublished":"2024-05-05T06:30:39+00:00","dateModified":"2024-05-05T08:23:27+00:00","description":"Gratis frakt er et tiltak som mange selskaper tilbyr for \u00e5 tiltrekke seg kunder og \u00f8ke salget. Dette kan v\u00e6re en fordel for forbrukerne, da det sparer dem for ekstra kostnader og gj\u00f8r det mer fristende \u00e5 handle.","breadcrumb":{"@id":"https:\/\/billigpakke.no\/blog\/hva-betry-gratis-frakt\/#breadcrumb"},"inLanguage":"nn-NO","potentialAction":[{"@type":"ReadAction","target":["https:\/\/billigpakke.no\/blog\/hva-betry-gratis-frakt\/"]}]},{"@type":"BreadcrumbList","@id":"https:\/\/billigpakke.no\/blog\/hva-betry-gratis-frakt\/#breadcrumb","itemListElement":[{"@type":"ListItem","position":1,"name":"Home","item":"https:\/\/billigpakke.no\/blog\/"},{"@type":"ListItem","position":2,"name":"hva betry gratis frakt?"}]},{"@type":"WebSite","@id":"https:\/\/billigpakke.no\/blog\/#website","url":"https:\/\/billigpakke.no\/blog\/","name":"BilligPakke.no","description":"Billigpakke.no Blog","publisher":{"@id":"https:\/\/billigpakke.no\/blog\/#organization"},"potentialAction":[{"@type":"SearchAction","target":{"@type":"EntryPoint","urlTemplate":"https:\/\/billigpakke.no\/blog\/?s={search_term_string}"},"query-input":{"@type":"PropertyValueSpecification","valueRequired":true,"valueName":"search_term_string"}}],"inLanguage":"nn-NO"},{"@type":"Organization","@id":"https:\/\/billigpakke.no\/blog\/#organization","name":"BilligPakke.no","url":"https:\/\/billigpakke.no\/blog\/","logo":{"@type":"ImageObject","inLanguage":"nn-NO","@id":"https:\/\/billigpakke.no\/blog\/#\/schema\/logo\/image\/","url":"https:\/\/billigpakke.no\/blog\/wp-content\/uploads\/2016\/10\/logo.png","contentUrl":"https:\/\/billigpakke.no\/blog\/wp-content\/uploads\/2016\/10\/logo.png","width":185,"height":71,"caption":"BilligPakke.no"},"image":{"@id":"https:\/\/billigpakke.no\/blog\/#\/schema\/logo\/image\/"}}]}},"_links":{"self":[{"href":"https:\/\/billigpakke.no\/blog\/wp-json\/wp\/v2\/pages\/1083","targetHints":{"allow":["GET"]}}],"collection":[{"href":"https:\/\/billigpakke.no\/blog\/wp-json\/wp\/v2\/pages"}],"about":[{"href":"https:\/\/billigpakke.no\/blog\/wp-json\/wp\/v2\/types\/page"}],"author":[{"embeddable":true,"href":"https:\/\/billigpakke.no\/blog\/wp-json\/wp\/v2\/users\/3"}],"replies":[{"embeddable":true,"href":"https:\/\/billigpakke.no\/blog\/wp-json\/wp\/v2\/comments?post=1083"}],"version-history":[{"count":2,"href":"https:\/\/billigpakke.no\/blog\/wp-json\/wp\/v2\/pages\/1083\/revisions"}],"predecessor-version":[{"id":1728,"href":"https:\/\/billigpakke.no\/blog\/wp-json\/wp\/v2\/pages\/1083\/revisions\/1728"}],"wp:attachment":[{"href":"https:\/\/billigpakke.no\/blog\/wp-json\/wp\/v2\/media?parent=1083"}],"curies":[{"name":"wp","href":"https:\/\/api.w.org\/{rel}","templated":true}]}}