{"id":1073,"date":"2024-05-05T09:23:27","date_gmt":"2024-05-05T06:30:38","guid":{"rendered":"https:\/\/billigpakke.no\/blog\/hvordan-frakte-barnevogn-fly\/"},"modified":"2024-05-05T09:23:27","modified_gmt":"2024-05-05T08:23:27","slug":"hvordan-frakte-barnevogn-fly","status":"publish","type":"page","link":"https:\/\/billigpakke.no\/blog\/hvordan-frakte-barnevogn-fly\/","title":{"rendered":"hvordan frakte barnevogn fly?"},"content":{"rendered":"\n<p class=\"has-text-align-center\">Det beste alternativet for \u00e5 frakte en barnevogn p\u00e5 fly er \u00e5 sjekke den inn som spesialbagasje. De fleste flyselskaper tillater barnevogner \u00e5 bli sjekket inn uten ekstra kostnad, og de vil bli levert til deg ved ankomst. Det er viktig \u00e5 s\u00f8rge for at barnevognen er riktig pakket og merket, og \u00e5 kontakte flyselskapet p\u00e5 forh\u00e5nd for \u00e5 f\u00e5 informasjon om deres spesifikke retningslinjer for barnevogner.<\/p>\n\n\n\n<div class=\"wp-block-buttons is-content-justification-center is-layout-flex wp-container-core-buttons-is-layout-16018d1d wp-block-buttons-is-layout-flex\">\n<div class=\"wp-block-button is-style-outline is-style-outline--1\"><a class=\"wp-block-button__link has-dark-gray-color has-yellow-background-color has-text-color has-background has-link-color wp-element-button\" href=\"https:\/\/billigpakke.no\">send pakkene dine billig her<\/a><\/div>\n<\/div>\n\n\n\n<p><\/p>\n\n\n\n<p class=\"has-text-align-center\">1. Kan jeg ta med barnevognen min p\u00e5 flyet?<br \/>Ja, de fleste flyselskaper tillater passasjerer \u00e5 ta med barnevognen sin p\u00e5 flyet, enten som en del av h\u00e5ndbagasjen eller som innsjekket bagasje.<br \/><br \/>2. Hva er reglene for \u00e5 ta med barnevogn som innsjekket bagasje?<br \/>De fleste flyselskaper tillater passasjerer \u00e5 sjekke inn barnevognen uten ekstra kostnad, men det kan v\u00e6re begrensninger p\u00e5 st\u00f8rrelse og vekt. Det er viktig \u00e5 sjekke flyselskapets regler p\u00e5 forh\u00e5nd.<br \/><br \/>3. Kan jeg bruke barnevognen helt frem til ombordstigning?<br \/>Mange flyselskaper tillater passasjerer \u00e5 bruke barnevognen helt frem til ombordstigning, og den vil bli tatt fra deg rett f\u00f8r du g\u00e5r om bord i flyet. Det er imidlertid lurt \u00e5 dobbeltsjekke med flyselskapet ditt for \u00e5 v\u00e6re sikker p\u00e5 reglene p\u00e5 din spesifikke flyvning.<\/p>\n","protected":false},"excerpt":{"rendered":"<p>Det beste alternativet for \u00e5 frakte en barnevogn p\u00e5 fly er \u00e5 sjekke den inn som spesialbagasje. De fleste flyselskaper tillater barnevogner \u00e5 bli sjekket inn uten ekstra kostnad, og de vil bli levert til deg ved ankomst. Det er viktig \u00e5 s\u00f8rge for at barnevognen er riktig pakket og merket, og \u00e5 kontakte flyselskapet &hellip; <a href=\"https:\/\/billigpakke.no\/blog\/hvordan-frakte-barnevogn-fly\/\" class=\"more-link\">Hald fram med \u00e5 lese<span class=\"screen-reader-text\"> \u00abhvordan frakte barnevogn fly?\u00bb<\/span><\/a><\/p>\n","protected":false},"author":3,"featured_media":0,"parent":0,"menu_order":0,"comment_status":"closed","ping_status":"closed","template":"","meta":{"footnotes":""},"class_list":["post-1073","page","type-page","status-publish","hentry"],"yoast_head":"<!-- This site is optimized with the Yoast SEO plugin v27.4 - https:\/\/yoast.com\/product\/yoast-seo-wordpress\/ -->\n<title>hvordan frakte barnevogn fly? - BilligPakke.no<\/title>\n<meta name=\"description\" content=\"N\u00e5r man skal frakte barnevogn p\u00e5 fly, er det viktig \u00e5 sjekke flyselskapets regler og retningslinjer. Noen selskaper tillater gratis frakt av barnevogn, mens andre krever ekstra kostnader. Det er ogs\u00e5 lurt \u00e5 pakke barnevognen godt inn for \u00e5 unng\u00e5 skader under transport.\" \/>\n<meta name=\"robots\" content=\"index, follow, max-snippet:-1, max-image-preview:large, max-video-preview:-1\" \/>\n<link rel=\"canonical\" href=\"https:\/\/billigpakke.no\/blog\/hvordan-frakte-barnevogn-fly\/\" \/>\n<meta property=\"og:locale\" content=\"nn_NO\" \/>\n<meta property=\"og:type\" content=\"article\" \/>\n<meta property=\"og:title\" content=\"hvordan frakte barnevogn fly? - BilligPakke.no\" \/>\n<meta property=\"og:description\" content=\"N\u00e5r man skal frakte barnevogn p\u00e5 fly, er det viktig \u00e5 sjekke flyselskapets regler og retningslinjer. Noen selskaper tillater gratis frakt av barnevogn, mens andre krever ekstra kostnader. Det er ogs\u00e5 lurt \u00e5 pakke barnevognen godt inn for \u00e5 unng\u00e5 skader under transport.\" \/>\n<meta property=\"og:url\" content=\"https:\/\/billigpakke.no\/blog\/hvordan-frakte-barnevogn-fly\/\" \/>\n<meta property=\"og:site_name\" content=\"BilligPakke.no\" \/>\n<meta property=\"article:modified_time\" content=\"2024-05-05T08:23:27+00:00\" \/>\n<meta name=\"twitter:card\" content=\"summary_large_image\" \/>\n<meta name=\"twitter:label1\" content=\"Est. reading time\" \/>\n\t<meta name=\"twitter:data1\" content=\"1 minutt\" \/>\n<script type=\"application\/ld+json\" class=\"yoast-schema-graph\">{\"@context\":\"https:\\\/\\\/schema.org\",\"@graph\":[{\"@type\":\"WebPage\",\"@id\":\"https:\\\/\\\/billigpakke.no\\\/blog\\\/hvordan-frakte-barnevogn-fly\\\/\",\"url\":\"https:\\\/\\\/billigpakke.no\\\/blog\\\/hvordan-frakte-barnevogn-fly\\\/\",\"name\":\"hvordan frakte barnevogn fly? - BilligPakke.no\",\"isPartOf\":{\"@id\":\"https:\\\/\\\/billigpakke.no\\\/blog\\\/#website\"},\"datePublished\":\"2024-05-05T06:30:38+00:00\",\"dateModified\":\"2024-05-05T08:23:27+00:00\",\"description\":\"N\u00e5r man skal frakte barnevogn p\u00e5 fly, er det viktig \u00e5 sjekke flyselskapets regler og retningslinjer. Noen selskaper tillater gratis frakt av barnevogn, mens andre krever ekstra kostnader. Det er ogs\u00e5 lurt \u00e5 pakke barnevognen godt inn for \u00e5 unng\u00e5 skader under transport.\",\"breadcrumb\":{\"@id\":\"https:\\\/\\\/billigpakke.no\\\/blog\\\/hvordan-frakte-barnevogn-fly\\\/#breadcrumb\"},\"inLanguage\":\"nn-NO\",\"potentialAction\":[{\"@type\":\"ReadAction\",\"target\":[\"https:\\\/\\\/billigpakke.no\\\/blog\\\/hvordan-frakte-barnevogn-fly\\\/\"]}]},{\"@type\":\"BreadcrumbList\",\"@id\":\"https:\\\/\\\/billigpakke.no\\\/blog\\\/hvordan-frakte-barnevogn-fly\\\/#breadcrumb\",\"itemListElement\":[{\"@type\":\"ListItem\",\"position\":1,\"name\":\"Home\",\"item\":\"https:\\\/\\\/billigpakke.no\\\/blog\\\/\"},{\"@type\":\"ListItem\",\"position\":2,\"name\":\"hvordan frakte barnevogn fly?\"}]},{\"@type\":\"WebSite\",\"@id\":\"https:\\\/\\\/billigpakke.no\\\/blog\\\/#website\",\"url\":\"https:\\\/\\\/billigpakke.no\\\/blog\\\/\",\"name\":\"BilligPakke.no\",\"description\":\"Billigpakke.no Blog\",\"publisher\":{\"@id\":\"https:\\\/\\\/billigpakke.no\\\/blog\\\/#organization\"},\"potentialAction\":[{\"@type\":\"SearchAction\",\"target\":{\"@type\":\"EntryPoint\",\"urlTemplate\":\"https:\\\/\\\/billigpakke.no\\\/blog\\\/?s={search_term_string}\"},\"query-input\":{\"@type\":\"PropertyValueSpecification\",\"valueRequired\":true,\"valueName\":\"search_term_string\"}}],\"inLanguage\":\"nn-NO\"},{\"@type\":\"Organization\",\"@id\":\"https:\\\/\\\/billigpakke.no\\\/blog\\\/#organization\",\"name\":\"BilligPakke.no\",\"url\":\"https:\\\/\\\/billigpakke.no\\\/blog\\\/\",\"logo\":{\"@type\":\"ImageObject\",\"inLanguage\":\"nn-NO\",\"@id\":\"https:\\\/\\\/billigpakke.no\\\/blog\\\/#\\\/schema\\\/logo\\\/image\\\/\",\"url\":\"https:\\\/\\\/billigpakke.no\\\/blog\\\/wp-content\\\/uploads\\\/2016\\\/10\\\/logo.png\",\"contentUrl\":\"https:\\\/\\\/billigpakke.no\\\/blog\\\/wp-content\\\/uploads\\\/2016\\\/10\\\/logo.png\",\"width\":185,\"height\":71,\"caption\":\"BilligPakke.no\"},\"image\":{\"@id\":\"https:\\\/\\\/billigpakke.no\\\/blog\\\/#\\\/schema\\\/logo\\\/image\\\/\"}}]}<\/script>\n<!-- \/ Yoast SEO plugin. -->","yoast_head_json":{"title":"hvordan frakte barnevogn fly? - BilligPakke.no","description":"N\u00e5r man skal frakte barnevogn p\u00e5 fly, er det viktig \u00e5 sjekke flyselskapets regler og retningslinjer. Noen selskaper tillater gratis frakt av barnevogn, mens andre krever ekstra kostnader. Det er ogs\u00e5 lurt \u00e5 pakke barnevognen godt inn for \u00e5 unng\u00e5 skader under transport.","robots":{"index":"index","follow":"follow","max-snippet":"max-snippet:-1","max-image-preview":"max-image-preview:large","max-video-preview":"max-video-preview:-1"},"canonical":"https:\/\/billigpakke.no\/blog\/hvordan-frakte-barnevogn-fly\/","og_locale":"nn_NO","og_type":"article","og_title":"hvordan frakte barnevogn fly? - BilligPakke.no","og_description":"N\u00e5r man skal frakte barnevogn p\u00e5 fly, er det viktig \u00e5 sjekke flyselskapets regler og retningslinjer. Noen selskaper tillater gratis frakt av barnevogn, mens andre krever ekstra kostnader. Det er ogs\u00e5 lurt \u00e5 pakke barnevognen godt inn for \u00e5 unng\u00e5 skader under transport.","og_url":"https:\/\/billigpakke.no\/blog\/hvordan-frakte-barnevogn-fly\/","og_site_name":"BilligPakke.no","article_modified_time":"2024-05-05T08:23:27+00:00","twitter_card":"summary_large_image","twitter_misc":{"Est. reading time":"1 minutt"},"schema":{"@context":"https:\/\/schema.org","@graph":[{"@type":"WebPage","@id":"https:\/\/billigpakke.no\/blog\/hvordan-frakte-barnevogn-fly\/","url":"https:\/\/billigpakke.no\/blog\/hvordan-frakte-barnevogn-fly\/","name":"hvordan frakte barnevogn fly? - BilligPakke.no","isPartOf":{"@id":"https:\/\/billigpakke.no\/blog\/#website"},"datePublished":"2024-05-05T06:30:38+00:00","dateModified":"2024-05-05T08:23:27+00:00","description":"N\u00e5r man skal frakte barnevogn p\u00e5 fly, er det viktig \u00e5 sjekke flyselskapets regler og retningslinjer. Noen selskaper tillater gratis frakt av barnevogn, mens andre krever ekstra kostnader. Det er ogs\u00e5 lurt \u00e5 pakke barnevognen godt inn for \u00e5 unng\u00e5 skader under transport.","breadcrumb":{"@id":"https:\/\/billigpakke.no\/blog\/hvordan-frakte-barnevogn-fly\/#breadcrumb"},"inLanguage":"nn-NO","potentialAction":[{"@type":"ReadAction","target":["https:\/\/billigpakke.no\/blog\/hvordan-frakte-barnevogn-fly\/"]}]},{"@type":"BreadcrumbList","@id":"https:\/\/billigpakke.no\/blog\/hvordan-frakte-barnevogn-fly\/#breadcrumb","itemListElement":[{"@type":"ListItem","position":1,"name":"Home","item":"https:\/\/billigpakke.no\/blog\/"},{"@type":"ListItem","position":2,"name":"hvordan frakte barnevogn fly?"}]},{"@type":"WebSite","@id":"https:\/\/billigpakke.no\/blog\/#website","url":"https:\/\/billigpakke.no\/blog\/","name":"BilligPakke.no","description":"Billigpakke.no Blog","publisher":{"@id":"https:\/\/billigpakke.no\/blog\/#organization"},"potentialAction":[{"@type":"SearchAction","target":{"@type":"EntryPoint","urlTemplate":"https:\/\/billigpakke.no\/blog\/?s={search_term_string}"},"query-input":{"@type":"PropertyValueSpecification","valueRequired":true,"valueName":"search_term_string"}}],"inLanguage":"nn-NO"},{"@type":"Organization","@id":"https:\/\/billigpakke.no\/blog\/#organization","name":"BilligPakke.no","url":"https:\/\/billigpakke.no\/blog\/","logo":{"@type":"ImageObject","inLanguage":"nn-NO","@id":"https:\/\/billigpakke.no\/blog\/#\/schema\/logo\/image\/","url":"https:\/\/billigpakke.no\/blog\/wp-content\/uploads\/2016\/10\/logo.png","contentUrl":"https:\/\/billigpakke.no\/blog\/wp-content\/uploads\/2016\/10\/logo.png","width":185,"height":71,"caption":"BilligPakke.no"},"image":{"@id":"https:\/\/billigpakke.no\/blog\/#\/schema\/logo\/image\/"}}]}},"_links":{"self":[{"href":"https:\/\/billigpakke.no\/blog\/wp-json\/wp\/v2\/pages\/1073","targetHints":{"allow":["GET"]}}],"collection":[{"href":"https:\/\/billigpakke.no\/blog\/wp-json\/wp\/v2\/pages"}],"about":[{"href":"https:\/\/billigpakke.no\/blog\/wp-json\/wp\/v2\/types\/page"}],"author":[{"embeddable":true,"href":"https:\/\/billigpakke.no\/blog\/wp-json\/wp\/v2\/users\/3"}],"replies":[{"embeddable":true,"href":"https:\/\/billigpakke.no\/blog\/wp-json\/wp\/v2\/comments?post=1073"}],"version-history":[{"count":2,"href":"https:\/\/billigpakke.no\/blog\/wp-json\/wp\/v2\/pages\/1073\/revisions"}],"predecessor-version":[{"id":1718,"href":"https:\/\/billigpakke.no\/blog\/wp-json\/wp\/v2\/pages\/1073\/revisions\/1718"}],"wp:attachment":[{"href":"https:\/\/billigpakke.no\/blog\/wp-json\/wp\/v2\/media?parent=1073"}],"curies":[{"name":"wp","href":"https:\/\/api.w.org\/{rel}","templated":true}]}}