{"id":1057,"date":"2024-05-05T09:23:26","date_gmt":"2024-05-05T06:30:37","guid":{"rendered":"https:\/\/billigpakke.no\/blog\/hvordan-sendes-pakker-fra-prettylittlething\/"},"modified":"2024-05-05T09:23:26","modified_gmt":"2024-05-05T08:23:26","slug":"hvordan-sendes-pakker-fra-prettylittlething","status":"publish","type":"page","link":"https:\/\/billigpakke.no\/blog\/hvordan-sendes-pakker-fra-prettylittlething\/","title":{"rendered":"hvordan sendes pakker fra prettylittlething?"},"content":{"rendered":"\n<p class=\"has-text-align-center\">Du kan sende pakker fra PrettyLittleThing ved \u00e5 velge leveringsalternativet som passer best for deg n\u00e5r du fullf\u00f8rer bestillingen. De tilbyr vanligvis standardlevering og expresslevering, avhengig av hvor raskt du trenger pakken. N\u00e5r bestillingen er fullf\u00f8rt, vil de sende pakken til den angitte leveringsadressen.<\/p>\n\n\n\n<div class=\"wp-block-buttons is-content-justification-center is-layout-flex wp-container-core-buttons-is-layout-16018d1d wp-block-buttons-is-layout-flex\">\n<div class=\"wp-block-button is-style-outline is-style-outline--1\"><a class=\"wp-block-button__link has-dark-gray-color has-yellow-background-color has-text-color has-background has-link-color wp-element-button\" href=\"https:\/\/billigpakke.no\">send pakkene dine billig her<\/a><\/div>\n<\/div>\n\n\n\n<p><\/p>\n\n\n\n<p class=\"has-text-align-center\">1. Hvordan sender jeg en pakke fra PrettyLittleThing til Norge?<br \/>Svar: Du kan sende en pakke fra PrettyLittleThing til Norge ved \u00e5 velge Norge som leveringsadresse ved utsjekking p\u00e5 nettsiden deres. Pakken vil deretter bli sendt til deg via internasjonal frakt.<br \/><br \/>2. Hvor lang tid tar det \u00e5 f\u00e5 en pakke fra PrettyLittleThing til Norge?<br \/>Svar: Leveringstiden for pakker fra PrettyLittleThing til Norge kan variere, men vanligvis tar det mellom 5-10 virkedager.<br \/><br \/>3. Hvilke fraktalternativer tilbys for sending av pakker fra PrettyLittleThing til Norge?<br \/>Svar: PrettyLittleThing tilbyr vanligvis internasjonal standardfrakt og ekspressfrakt for sending av pakker til Norge. Du kan velge det fraktalternativet som passer best for deg ved utsjekking p\u00e5 nettsiden deres.<\/p>\n","protected":false},"excerpt":{"rendered":"<p>Du kan sende pakker fra PrettyLittleThing ved \u00e5 velge leveringsalternativet som passer best for deg n\u00e5r du fullf\u00f8rer bestillingen. De tilbyr vanligvis standardlevering og expresslevering, avhengig av hvor raskt du trenger pakken. N\u00e5r bestillingen er fullf\u00f8rt, vil de sende pakken til den angitte leveringsadressen. 1. Hvordan sender jeg en pakke fra PrettyLittleThing til Norge?Svar: Du &hellip; <a href=\"https:\/\/billigpakke.no\/blog\/hvordan-sendes-pakker-fra-prettylittlething\/\" class=\"more-link\">Hald fram med \u00e5 lese<span class=\"screen-reader-text\"> \u00abhvordan sendes pakker fra prettylittlething?\u00bb<\/span><\/a><\/p>\n","protected":false},"author":3,"featured_media":0,"parent":0,"menu_order":0,"comment_status":"closed","ping_status":"closed","template":"","meta":{"footnotes":""},"class_list":["post-1057","page","type-page","status-publish","hentry"],"yoast_head":"<!-- This site is optimized with the Yoast SEO plugin v27.6 - https:\/\/yoast.com\/product\/yoast-seo-wordpress\/ -->\n<title>hvordan sendes pakker fra prettylittlething? - BilligPakke.no<\/title>\n<meta name=\"description\" content=\"Pakker fra PrettyLittleThing sendes vanligvis med standard fraktmetoder som post eller kurertjenester, avhengig av destinasjon og valgt leveringsalternativ. Leveringstiden kan variere basert p\u00e5 destinasjon og valgt fraktmetode.\" \/>\n<meta name=\"robots\" content=\"index, follow, max-snippet:-1, max-image-preview:large, max-video-preview:-1\" \/>\n<link rel=\"canonical\" href=\"https:\/\/billigpakke.no\/blog\/hvordan-sendes-pakker-fra-prettylittlething\/\" \/>\n<meta property=\"og:locale\" content=\"nn_NO\" \/>\n<meta property=\"og:type\" content=\"article\" \/>\n<meta property=\"og:title\" content=\"hvordan sendes pakker fra prettylittlething? - BilligPakke.no\" \/>\n<meta property=\"og:description\" content=\"Pakker fra PrettyLittleThing sendes vanligvis med standard fraktmetoder som post eller kurertjenester, avhengig av destinasjon og valgt leveringsalternativ. Leveringstiden kan variere basert p\u00e5 destinasjon og valgt fraktmetode.\" \/>\n<meta property=\"og:url\" content=\"https:\/\/billigpakke.no\/blog\/hvordan-sendes-pakker-fra-prettylittlething\/\" \/>\n<meta property=\"og:site_name\" content=\"BilligPakke.no\" \/>\n<meta property=\"article:modified_time\" content=\"2024-05-05T08:23:26+00:00\" \/>\n<meta name=\"twitter:card\" content=\"summary_large_image\" \/>\n<meta name=\"twitter:label1\" content=\"Est. reading time\" \/>\n\t<meta name=\"twitter:data1\" content=\"1 minutt\" \/>\n<script type=\"application\/ld+json\" class=\"yoast-schema-graph\">{\"@context\":\"https:\\\/\\\/schema.org\",\"@graph\":[{\"@type\":\"WebPage\",\"@id\":\"https:\\\/\\\/billigpakke.no\\\/blog\\\/hvordan-sendes-pakker-fra-prettylittlething\\\/\",\"url\":\"https:\\\/\\\/billigpakke.no\\\/blog\\\/hvordan-sendes-pakker-fra-prettylittlething\\\/\",\"name\":\"hvordan sendes pakker fra prettylittlething? - BilligPakke.no\",\"isPartOf\":{\"@id\":\"https:\\\/\\\/billigpakke.no\\\/blog\\\/#website\"},\"datePublished\":\"2024-05-05T06:30:37+00:00\",\"dateModified\":\"2024-05-05T08:23:26+00:00\",\"description\":\"Pakker fra PrettyLittleThing sendes vanligvis med standard fraktmetoder som post eller kurertjenester, avhengig av destinasjon og valgt leveringsalternativ. Leveringstiden kan variere basert p\u00e5 destinasjon og valgt fraktmetode.\",\"breadcrumb\":{\"@id\":\"https:\\\/\\\/billigpakke.no\\\/blog\\\/hvordan-sendes-pakker-fra-prettylittlething\\\/#breadcrumb\"},\"inLanguage\":\"nn-NO\",\"potentialAction\":[{\"@type\":\"ReadAction\",\"target\":[\"https:\\\/\\\/billigpakke.no\\\/blog\\\/hvordan-sendes-pakker-fra-prettylittlething\\\/\"]}]},{\"@type\":\"BreadcrumbList\",\"@id\":\"https:\\\/\\\/billigpakke.no\\\/blog\\\/hvordan-sendes-pakker-fra-prettylittlething\\\/#breadcrumb\",\"itemListElement\":[{\"@type\":\"ListItem\",\"position\":1,\"name\":\"Home\",\"item\":\"https:\\\/\\\/billigpakke.no\\\/blog\\\/\"},{\"@type\":\"ListItem\",\"position\":2,\"name\":\"hvordan sendes pakker fra prettylittlething?\"}]},{\"@type\":\"WebSite\",\"@id\":\"https:\\\/\\\/billigpakke.no\\\/blog\\\/#website\",\"url\":\"https:\\\/\\\/billigpakke.no\\\/blog\\\/\",\"name\":\"BilligPakke.no\",\"description\":\"Billigpakke.no Blog\",\"publisher\":{\"@id\":\"https:\\\/\\\/billigpakke.no\\\/blog\\\/#organization\"},\"potentialAction\":[{\"@type\":\"SearchAction\",\"target\":{\"@type\":\"EntryPoint\",\"urlTemplate\":\"https:\\\/\\\/billigpakke.no\\\/blog\\\/?s={search_term_string}\"},\"query-input\":{\"@type\":\"PropertyValueSpecification\",\"valueRequired\":true,\"valueName\":\"search_term_string\"}}],\"inLanguage\":\"nn-NO\"},{\"@type\":\"Organization\",\"@id\":\"https:\\\/\\\/billigpakke.no\\\/blog\\\/#organization\",\"name\":\"BilligPakke.no\",\"url\":\"https:\\\/\\\/billigpakke.no\\\/blog\\\/\",\"logo\":{\"@type\":\"ImageObject\",\"inLanguage\":\"nn-NO\",\"@id\":\"https:\\\/\\\/billigpakke.no\\\/blog\\\/#\\\/schema\\\/logo\\\/image\\\/\",\"url\":\"https:\\\/\\\/billigpakke.no\\\/blog\\\/wp-content\\\/uploads\\\/2016\\\/10\\\/logo.png\",\"contentUrl\":\"https:\\\/\\\/billigpakke.no\\\/blog\\\/wp-content\\\/uploads\\\/2016\\\/10\\\/logo.png\",\"width\":185,\"height\":71,\"caption\":\"BilligPakke.no\"},\"image\":{\"@id\":\"https:\\\/\\\/billigpakke.no\\\/blog\\\/#\\\/schema\\\/logo\\\/image\\\/\"}}]}<\/script>\n<!-- \/ Yoast SEO plugin. -->","yoast_head_json":{"title":"hvordan sendes pakker fra prettylittlething? - BilligPakke.no","description":"Pakker fra PrettyLittleThing sendes vanligvis med standard fraktmetoder som post eller kurertjenester, avhengig av destinasjon og valgt leveringsalternativ. Leveringstiden kan variere basert p\u00e5 destinasjon og valgt fraktmetode.","robots":{"index":"index","follow":"follow","max-snippet":"max-snippet:-1","max-image-preview":"max-image-preview:large","max-video-preview":"max-video-preview:-1"},"canonical":"https:\/\/billigpakke.no\/blog\/hvordan-sendes-pakker-fra-prettylittlething\/","og_locale":"nn_NO","og_type":"article","og_title":"hvordan sendes pakker fra prettylittlething? - BilligPakke.no","og_description":"Pakker fra PrettyLittleThing sendes vanligvis med standard fraktmetoder som post eller kurertjenester, avhengig av destinasjon og valgt leveringsalternativ. Leveringstiden kan variere basert p\u00e5 destinasjon og valgt fraktmetode.","og_url":"https:\/\/billigpakke.no\/blog\/hvordan-sendes-pakker-fra-prettylittlething\/","og_site_name":"BilligPakke.no","article_modified_time":"2024-05-05T08:23:26+00:00","twitter_card":"summary_large_image","twitter_misc":{"Est. reading time":"1 minutt"},"schema":{"@context":"https:\/\/schema.org","@graph":[{"@type":"WebPage","@id":"https:\/\/billigpakke.no\/blog\/hvordan-sendes-pakker-fra-prettylittlething\/","url":"https:\/\/billigpakke.no\/blog\/hvordan-sendes-pakker-fra-prettylittlething\/","name":"hvordan sendes pakker fra prettylittlething? - BilligPakke.no","isPartOf":{"@id":"https:\/\/billigpakke.no\/blog\/#website"},"datePublished":"2024-05-05T06:30:37+00:00","dateModified":"2024-05-05T08:23:26+00:00","description":"Pakker fra PrettyLittleThing sendes vanligvis med standard fraktmetoder som post eller kurertjenester, avhengig av destinasjon og valgt leveringsalternativ. Leveringstiden kan variere basert p\u00e5 destinasjon og valgt fraktmetode.","breadcrumb":{"@id":"https:\/\/billigpakke.no\/blog\/hvordan-sendes-pakker-fra-prettylittlething\/#breadcrumb"},"inLanguage":"nn-NO","potentialAction":[{"@type":"ReadAction","target":["https:\/\/billigpakke.no\/blog\/hvordan-sendes-pakker-fra-prettylittlething\/"]}]},{"@type":"BreadcrumbList","@id":"https:\/\/billigpakke.no\/blog\/hvordan-sendes-pakker-fra-prettylittlething\/#breadcrumb","itemListElement":[{"@type":"ListItem","position":1,"name":"Home","item":"https:\/\/billigpakke.no\/blog\/"},{"@type":"ListItem","position":2,"name":"hvordan sendes pakker fra prettylittlething?"}]},{"@type":"WebSite","@id":"https:\/\/billigpakke.no\/blog\/#website","url":"https:\/\/billigpakke.no\/blog\/","name":"BilligPakke.no","description":"Billigpakke.no Blog","publisher":{"@id":"https:\/\/billigpakke.no\/blog\/#organization"},"potentialAction":[{"@type":"SearchAction","target":{"@type":"EntryPoint","urlTemplate":"https:\/\/billigpakke.no\/blog\/?s={search_term_string}"},"query-input":{"@type":"PropertyValueSpecification","valueRequired":true,"valueName":"search_term_string"}}],"inLanguage":"nn-NO"},{"@type":"Organization","@id":"https:\/\/billigpakke.no\/blog\/#organization","name":"BilligPakke.no","url":"https:\/\/billigpakke.no\/blog\/","logo":{"@type":"ImageObject","inLanguage":"nn-NO","@id":"https:\/\/billigpakke.no\/blog\/#\/schema\/logo\/image\/","url":"https:\/\/billigpakke.no\/blog\/wp-content\/uploads\/2016\/10\/logo.png","contentUrl":"https:\/\/billigpakke.no\/blog\/wp-content\/uploads\/2016\/10\/logo.png","width":185,"height":71,"caption":"BilligPakke.no"},"image":{"@id":"https:\/\/billigpakke.no\/blog\/#\/schema\/logo\/image\/"}}]}},"_links":{"self":[{"href":"https:\/\/billigpakke.no\/blog\/wp-json\/wp\/v2\/pages\/1057","targetHints":{"allow":["GET"]}}],"collection":[{"href":"https:\/\/billigpakke.no\/blog\/wp-json\/wp\/v2\/pages"}],"about":[{"href":"https:\/\/billigpakke.no\/blog\/wp-json\/wp\/v2\/types\/page"}],"author":[{"embeddable":true,"href":"https:\/\/billigpakke.no\/blog\/wp-json\/wp\/v2\/users\/3"}],"replies":[{"embeddable":true,"href":"https:\/\/billigpakke.no\/blog\/wp-json\/wp\/v2\/comments?post=1057"}],"version-history":[{"count":2,"href":"https:\/\/billigpakke.no\/blog\/wp-json\/wp\/v2\/pages\/1057\/revisions"}],"predecessor-version":[{"id":1702,"href":"https:\/\/billigpakke.no\/blog\/wp-json\/wp\/v2\/pages\/1057\/revisions\/1702"}],"wp:attachment":[{"href":"https:\/\/billigpakke.no\/blog\/wp-json\/wp\/v2\/media?parent=1057"}],"curies":[{"name":"wp","href":"https:\/\/api.w.org\/{rel}","templated":true}]}}