{"id":1053,"date":"2024-05-05T09:23:26","date_gmt":"2024-05-05T06:30:37","guid":{"rendered":"https:\/\/billigpakke.no\/blog\/hvordan-send-pakke-med-sporing\/"},"modified":"2024-05-05T09:23:26","modified_gmt":"2024-05-05T08:23:26","slug":"hvordan-send-pakke-med-sporing","status":"publish","type":"page","link":"https:\/\/billigpakke.no\/blog\/hvordan-send-pakke-med-sporing\/","title":{"rendered":"hvordan send pakke med sporing?"},"content":{"rendered":"\n<p class=\"has-text-align-center\">Du kan sende en pakke med sporing ved \u00e5 bruke tjenester som Posten, Bring eller andre fraktselskaper. N\u00e5r du sender pakken, vil du f\u00e5 et sporingsnummer som lar deg f\u00f8lge pakken fra den blir sendt til den blir levert. Dette gir deg trygghet og sikkerhet, og gj\u00f8r det enklere \u00e5 holde oversikt over pakken underveis.<\/p>\n\n\n\n<div class=\"wp-block-buttons is-content-justification-center is-layout-flex wp-container-core-buttons-is-layout-16018d1d wp-block-buttons-is-layout-flex\">\n<div class=\"wp-block-button is-style-outline is-style-outline--1\"><a class=\"wp-block-button__link has-dark-gray-color has-yellow-background-color has-text-color has-background has-link-color wp-element-button\" href=\"https:\/\/billigpakke.no\">send pakkene dine billig her<\/a><\/div>\n<\/div>\n\n\n\n<p><\/p>\n\n\n\n<p class=\"has-text-align-center\">1. Hvordan sender jeg en pakke med sporing i Norge?<br \/> &#8211; Du kan sende en pakke med sporing i Norge ved \u00e5 benytte tjenester fra Posten eller andre fraktselskaper som tilbyr sporing. Du kan enten levere pakken direkte p\u00e5 et postkontor eller benytte deg av deres nettbaserte tjenester for \u00e5 bestille fraktetikett og sporing.<br \/><br \/>2. Hvor kan jeg spore en pakke jeg har sendt i Norge?<br \/> &#8211; Du kan spore en pakke du har sendt i Norge ved \u00e5 bruke sporingsnummeret som du f\u00e5r n\u00e5r du sender pakken. Dette nummeret kan du legge inn p\u00e5 nettsidene til fraktselskapet du benyttet, og der vil du kunne f\u00f8lge pakken sin reise fra avsender til mottaker.<br \/><br \/>3. Hva er kostnaden for \u00e5 sende en pakke med sporing i Norge?<br \/> &#8211; Kostnaden for \u00e5 sende en pakke med sporing i Norge vil variere avhengig av vekt, st\u00f8rrelse og destinasjon. Du kan f\u00e5 en prisoversikt og bestille fraktetikett med sporing p\u00e5 nettsidene til fraktselskapet du velger \u00e5 benytte.<\/p>\n","protected":false},"excerpt":{"rendered":"<p>Du kan sende en pakke med sporing ved \u00e5 bruke tjenester som Posten, Bring eller andre fraktselskaper. N\u00e5r du sender pakken, vil du f\u00e5 et sporingsnummer som lar deg f\u00f8lge pakken fra den blir sendt til den blir levert. Dette gir deg trygghet og sikkerhet, og gj\u00f8r det enklere \u00e5 holde oversikt over pakken underveis. &hellip; <a href=\"https:\/\/billigpakke.no\/blog\/hvordan-send-pakke-med-sporing\/\" class=\"more-link\">Hald fram med \u00e5 lese<span class=\"screen-reader-text\"> \u00abhvordan send pakke med sporing?\u00bb<\/span><\/a><\/p>\n","protected":false},"author":3,"featured_media":0,"parent":0,"menu_order":0,"comment_status":"closed","ping_status":"closed","template":"","meta":{"footnotes":""},"class_list":["post-1053","page","type-page","status-publish","hentry"],"yoast_head":"<!-- This site is optimized with the Yoast SEO plugin v27.4 - https:\/\/yoast.com\/product\/yoast-seo-wordpress\/ -->\n<title>hvordan send pakke med sporing? - BilligPakke.no<\/title>\n<meta name=\"description\" content=\"\u00d8nsker du \u00e5 sende en pakke med sporing? Det er enkelt \u00e5 gj\u00f8re ved \u00e5 bruke en p\u00e5litelig leverand\u00f8r som tilbyr sporingstjenester. S\u00f8rg for \u00e5 pakke godt og merke tydelig f\u00f8r du sender den av g\u00e5rde.\" \/>\n<meta name=\"robots\" content=\"index, follow, max-snippet:-1, max-image-preview:large, max-video-preview:-1\" \/>\n<link rel=\"canonical\" href=\"https:\/\/billigpakke.no\/blog\/hvordan-send-pakke-med-sporing\/\" \/>\n<meta property=\"og:locale\" content=\"nn_NO\" \/>\n<meta property=\"og:type\" content=\"article\" \/>\n<meta property=\"og:title\" content=\"hvordan send pakke med sporing? - BilligPakke.no\" \/>\n<meta property=\"og:description\" content=\"\u00d8nsker du \u00e5 sende en pakke med sporing? Det er enkelt \u00e5 gj\u00f8re ved \u00e5 bruke en p\u00e5litelig leverand\u00f8r som tilbyr sporingstjenester. S\u00f8rg for \u00e5 pakke godt og merke tydelig f\u00f8r du sender den av g\u00e5rde.\" \/>\n<meta property=\"og:url\" content=\"https:\/\/billigpakke.no\/blog\/hvordan-send-pakke-med-sporing\/\" \/>\n<meta property=\"og:site_name\" content=\"BilligPakke.no\" \/>\n<meta property=\"article:modified_time\" content=\"2024-05-05T08:23:26+00:00\" \/>\n<meta name=\"twitter:card\" content=\"summary_large_image\" \/>\n<meta name=\"twitter:label1\" content=\"Est. reading time\" \/>\n\t<meta name=\"twitter:data1\" content=\"1 minutt\" \/>\n<script type=\"application\/ld+json\" class=\"yoast-schema-graph\">{\"@context\":\"https:\\\/\\\/schema.org\",\"@graph\":[{\"@type\":\"WebPage\",\"@id\":\"https:\\\/\\\/billigpakke.no\\\/blog\\\/hvordan-send-pakke-med-sporing\\\/\",\"url\":\"https:\\\/\\\/billigpakke.no\\\/blog\\\/hvordan-send-pakke-med-sporing\\\/\",\"name\":\"hvordan send pakke med sporing? - BilligPakke.no\",\"isPartOf\":{\"@id\":\"https:\\\/\\\/billigpakke.no\\\/blog\\\/#website\"},\"datePublished\":\"2024-05-05T06:30:37+00:00\",\"dateModified\":\"2024-05-05T08:23:26+00:00\",\"description\":\"\u00d8nsker du \u00e5 sende en pakke med sporing? Det er enkelt \u00e5 gj\u00f8re ved \u00e5 bruke en p\u00e5litelig leverand\u00f8r som tilbyr sporingstjenester. S\u00f8rg for \u00e5 pakke godt og merke tydelig f\u00f8r du sender den av g\u00e5rde.\",\"breadcrumb\":{\"@id\":\"https:\\\/\\\/billigpakke.no\\\/blog\\\/hvordan-send-pakke-med-sporing\\\/#breadcrumb\"},\"inLanguage\":\"nn-NO\",\"potentialAction\":[{\"@type\":\"ReadAction\",\"target\":[\"https:\\\/\\\/billigpakke.no\\\/blog\\\/hvordan-send-pakke-med-sporing\\\/\"]}]},{\"@type\":\"BreadcrumbList\",\"@id\":\"https:\\\/\\\/billigpakke.no\\\/blog\\\/hvordan-send-pakke-med-sporing\\\/#breadcrumb\",\"itemListElement\":[{\"@type\":\"ListItem\",\"position\":1,\"name\":\"Home\",\"item\":\"https:\\\/\\\/billigpakke.no\\\/blog\\\/\"},{\"@type\":\"ListItem\",\"position\":2,\"name\":\"hvordan send pakke med sporing?\"}]},{\"@type\":\"WebSite\",\"@id\":\"https:\\\/\\\/billigpakke.no\\\/blog\\\/#website\",\"url\":\"https:\\\/\\\/billigpakke.no\\\/blog\\\/\",\"name\":\"BilligPakke.no\",\"description\":\"Billigpakke.no Blog\",\"publisher\":{\"@id\":\"https:\\\/\\\/billigpakke.no\\\/blog\\\/#organization\"},\"potentialAction\":[{\"@type\":\"SearchAction\",\"target\":{\"@type\":\"EntryPoint\",\"urlTemplate\":\"https:\\\/\\\/billigpakke.no\\\/blog\\\/?s={search_term_string}\"},\"query-input\":{\"@type\":\"PropertyValueSpecification\",\"valueRequired\":true,\"valueName\":\"search_term_string\"}}],\"inLanguage\":\"nn-NO\"},{\"@type\":\"Organization\",\"@id\":\"https:\\\/\\\/billigpakke.no\\\/blog\\\/#organization\",\"name\":\"BilligPakke.no\",\"url\":\"https:\\\/\\\/billigpakke.no\\\/blog\\\/\",\"logo\":{\"@type\":\"ImageObject\",\"inLanguage\":\"nn-NO\",\"@id\":\"https:\\\/\\\/billigpakke.no\\\/blog\\\/#\\\/schema\\\/logo\\\/image\\\/\",\"url\":\"https:\\\/\\\/billigpakke.no\\\/blog\\\/wp-content\\\/uploads\\\/2016\\\/10\\\/logo.png\",\"contentUrl\":\"https:\\\/\\\/billigpakke.no\\\/blog\\\/wp-content\\\/uploads\\\/2016\\\/10\\\/logo.png\",\"width\":185,\"height\":71,\"caption\":\"BilligPakke.no\"},\"image\":{\"@id\":\"https:\\\/\\\/billigpakke.no\\\/blog\\\/#\\\/schema\\\/logo\\\/image\\\/\"}}]}<\/script>\n<!-- \/ Yoast SEO plugin. -->","yoast_head_json":{"title":"hvordan send pakke med sporing? - BilligPakke.no","description":"\u00d8nsker du \u00e5 sende en pakke med sporing? Det er enkelt \u00e5 gj\u00f8re ved \u00e5 bruke en p\u00e5litelig leverand\u00f8r som tilbyr sporingstjenester. S\u00f8rg for \u00e5 pakke godt og merke tydelig f\u00f8r du sender den av g\u00e5rde.","robots":{"index":"index","follow":"follow","max-snippet":"max-snippet:-1","max-image-preview":"max-image-preview:large","max-video-preview":"max-video-preview:-1"},"canonical":"https:\/\/billigpakke.no\/blog\/hvordan-send-pakke-med-sporing\/","og_locale":"nn_NO","og_type":"article","og_title":"hvordan send pakke med sporing? - BilligPakke.no","og_description":"\u00d8nsker du \u00e5 sende en pakke med sporing? Det er enkelt \u00e5 gj\u00f8re ved \u00e5 bruke en p\u00e5litelig leverand\u00f8r som tilbyr sporingstjenester. S\u00f8rg for \u00e5 pakke godt og merke tydelig f\u00f8r du sender den av g\u00e5rde.","og_url":"https:\/\/billigpakke.no\/blog\/hvordan-send-pakke-med-sporing\/","og_site_name":"BilligPakke.no","article_modified_time":"2024-05-05T08:23:26+00:00","twitter_card":"summary_large_image","twitter_misc":{"Est. reading time":"1 minutt"},"schema":{"@context":"https:\/\/schema.org","@graph":[{"@type":"WebPage","@id":"https:\/\/billigpakke.no\/blog\/hvordan-send-pakke-med-sporing\/","url":"https:\/\/billigpakke.no\/blog\/hvordan-send-pakke-med-sporing\/","name":"hvordan send pakke med sporing? - BilligPakke.no","isPartOf":{"@id":"https:\/\/billigpakke.no\/blog\/#website"},"datePublished":"2024-05-05T06:30:37+00:00","dateModified":"2024-05-05T08:23:26+00:00","description":"\u00d8nsker du \u00e5 sende en pakke med sporing? Det er enkelt \u00e5 gj\u00f8re ved \u00e5 bruke en p\u00e5litelig leverand\u00f8r som tilbyr sporingstjenester. S\u00f8rg for \u00e5 pakke godt og merke tydelig f\u00f8r du sender den av g\u00e5rde.","breadcrumb":{"@id":"https:\/\/billigpakke.no\/blog\/hvordan-send-pakke-med-sporing\/#breadcrumb"},"inLanguage":"nn-NO","potentialAction":[{"@type":"ReadAction","target":["https:\/\/billigpakke.no\/blog\/hvordan-send-pakke-med-sporing\/"]}]},{"@type":"BreadcrumbList","@id":"https:\/\/billigpakke.no\/blog\/hvordan-send-pakke-med-sporing\/#breadcrumb","itemListElement":[{"@type":"ListItem","position":1,"name":"Home","item":"https:\/\/billigpakke.no\/blog\/"},{"@type":"ListItem","position":2,"name":"hvordan send pakke med sporing?"}]},{"@type":"WebSite","@id":"https:\/\/billigpakke.no\/blog\/#website","url":"https:\/\/billigpakke.no\/blog\/","name":"BilligPakke.no","description":"Billigpakke.no Blog","publisher":{"@id":"https:\/\/billigpakke.no\/blog\/#organization"},"potentialAction":[{"@type":"SearchAction","target":{"@type":"EntryPoint","urlTemplate":"https:\/\/billigpakke.no\/blog\/?s={search_term_string}"},"query-input":{"@type":"PropertyValueSpecification","valueRequired":true,"valueName":"search_term_string"}}],"inLanguage":"nn-NO"},{"@type":"Organization","@id":"https:\/\/billigpakke.no\/blog\/#organization","name":"BilligPakke.no","url":"https:\/\/billigpakke.no\/blog\/","logo":{"@type":"ImageObject","inLanguage":"nn-NO","@id":"https:\/\/billigpakke.no\/blog\/#\/schema\/logo\/image\/","url":"https:\/\/billigpakke.no\/blog\/wp-content\/uploads\/2016\/10\/logo.png","contentUrl":"https:\/\/billigpakke.no\/blog\/wp-content\/uploads\/2016\/10\/logo.png","width":185,"height":71,"caption":"BilligPakke.no"},"image":{"@id":"https:\/\/billigpakke.no\/blog\/#\/schema\/logo\/image\/"}}]}},"_links":{"self":[{"href":"https:\/\/billigpakke.no\/blog\/wp-json\/wp\/v2\/pages\/1053","targetHints":{"allow":["GET"]}}],"collection":[{"href":"https:\/\/billigpakke.no\/blog\/wp-json\/wp\/v2\/pages"}],"about":[{"href":"https:\/\/billigpakke.no\/blog\/wp-json\/wp\/v2\/types\/page"}],"author":[{"embeddable":true,"href":"https:\/\/billigpakke.no\/blog\/wp-json\/wp\/v2\/users\/3"}],"replies":[{"embeddable":true,"href":"https:\/\/billigpakke.no\/blog\/wp-json\/wp\/v2\/comments?post=1053"}],"version-history":[{"count":2,"href":"https:\/\/billigpakke.no\/blog\/wp-json\/wp\/v2\/pages\/1053\/revisions"}],"predecessor-version":[{"id":1698,"href":"https:\/\/billigpakke.no\/blog\/wp-json\/wp\/v2\/pages\/1053\/revisions\/1698"}],"wp:attachment":[{"href":"https:\/\/billigpakke.no\/blog\/wp-json\/wp\/v2\/media?parent=1053"}],"curies":[{"name":"wp","href":"https:\/\/api.w.org\/{rel}","templated":true}]}}