{"id":1050,"date":"2024-05-05T09:23:26","date_gmt":"2024-05-05T06:30:37","guid":{"rendered":"https:\/\/billigpakke.no\/blog\/hvordan-sende-pakke-til-usa\/"},"modified":"2024-05-05T09:23:26","modified_gmt":"2024-05-05T08:23:26","slug":"hvordan-sende-pakke-til-usa","status":"publish","type":"page","link":"https:\/\/billigpakke.no\/blog\/hvordan-sende-pakke-til-usa\/","title":{"rendered":"hvordan sende pakke til usa?"},"content":{"rendered":"\n<p class=\"has-text-align-center\">Du kan sende en pakke til USA ved \u00e5 bruke en p\u00e5litelig frakttjeneste som tilbyr internasjonal levering. S\u00f8rg for \u00e5 pakke inn varen godt og fylle ut alle n\u00f8dvendige toll- og fraktformaliteter. Du kan ogs\u00e5 velge \u00e5 sende pakken med sporingsnummer for \u00e5 sikre at den n\u00e5r frem til mottakeren trygt og sikkert.<\/p>\n\n\n\n<div class=\"wp-block-buttons is-content-justification-center is-layout-flex wp-container-core-buttons-is-layout-16018d1d wp-block-buttons-is-layout-flex\">\n<div class=\"wp-block-button is-style-outline is-style-outline--1\"><a class=\"wp-block-button__link has-dark-gray-color has-yellow-background-color has-text-color has-background has-link-color wp-element-button\" href=\"https:\/\/billigpakke.no\">send pakkene dine billig her<\/a><\/div>\n<\/div>\n\n\n\n<p><\/p>\n\n\n\n<p class=\"has-text-align-center\">1. Hvordan sender jeg en pakke til USA fra Norge?<br \/>Svar: Du kan sende en pakke til USA fra Norge ved \u00e5 bruke en internasjonal frakttjeneste som for eksempel DHL, FedEx eller UPS. Du m\u00e5 fylle ut tollpapirer og deklarere innholdet i pakken.<br \/><br \/>2. Hva er de vanlige fraktkostnadene for \u00e5 sende en pakke til USA fra Norge?<br \/>Svar: Fraktkostnadene for \u00e5 sende en pakke til USA fra Norge vil variere avhengig av vekten, st\u00f8rrelsen og destinasjonen til pakken. Det er vanlig \u00e5 betale basert p\u00e5 vekten og dimensjonene til pakken.<br \/><br \/>3. Hvilke tollregler og begrensninger m\u00e5 jeg v\u00e6re klar over n\u00e5r jeg sender en pakke til USA fra Norge?<br \/>Svar: N\u00e5r du sender en pakke til USA fra Norge, m\u00e5 du v\u00e6re klar over at det kan v\u00e6re tollregler og begrensninger for visse typer varer. Det er viktig \u00e5 deklarere innholdet i pakken n\u00f8yaktig og v\u00e6re klar over eventuelle begrensninger for import av visse varer til USA.<\/p>\n","protected":false},"excerpt":{"rendered":"<p>Du kan sende en pakke til USA ved \u00e5 bruke en p\u00e5litelig frakttjeneste som tilbyr internasjonal levering. S\u00f8rg for \u00e5 pakke inn varen godt og fylle ut alle n\u00f8dvendige toll- og fraktformaliteter. Du kan ogs\u00e5 velge \u00e5 sende pakken med sporingsnummer for \u00e5 sikre at den n\u00e5r frem til mottakeren trygt og sikkert. 1. Hvordan &hellip; <a href=\"https:\/\/billigpakke.no\/blog\/hvordan-sende-pakke-til-usa\/\" class=\"more-link\">Hald fram med \u00e5 lese<span class=\"screen-reader-text\"> \u00abhvordan sende pakke til usa?\u00bb<\/span><\/a><\/p>\n","protected":false},"author":3,"featured_media":0,"parent":0,"menu_order":0,"comment_status":"closed","ping_status":"closed","template":"","meta":{"footnotes":""},"class_list":["post-1050","page","type-page","status-publish","hentry"],"yoast_head":"<!-- This site is optimized with the Yoast SEO plugin v27.4 - https:\/\/yoast.com\/product\/yoast-seo-wordpress\/ -->\n<title>hvordan sende pakke til usa? - BilligPakke.no<\/title>\n<meta name=\"description\" content=\"\u00c5 sende en pakke til USA kan gj\u00f8res enkelt ved \u00e5 bruke internasjonale frakttjenester som DHL, FedEx eller UPS. S\u00f8rg for \u00e5 fylle ut tollskjemaer og velg riktig fraktmetode basert p\u00e5 pakkest\u00f8rrelse og hastighet.\" \/>\n<meta name=\"robots\" content=\"index, follow, max-snippet:-1, max-image-preview:large, max-video-preview:-1\" \/>\n<link rel=\"canonical\" href=\"https:\/\/billigpakke.no\/blog\/hvordan-sende-pakke-til-usa\/\" \/>\n<meta property=\"og:locale\" content=\"nn_NO\" \/>\n<meta property=\"og:type\" content=\"article\" \/>\n<meta property=\"og:title\" content=\"hvordan sende pakke til usa? - BilligPakke.no\" \/>\n<meta property=\"og:description\" content=\"\u00c5 sende en pakke til USA kan gj\u00f8res enkelt ved \u00e5 bruke internasjonale frakttjenester som DHL, FedEx eller UPS. S\u00f8rg for \u00e5 fylle ut tollskjemaer og velg riktig fraktmetode basert p\u00e5 pakkest\u00f8rrelse og hastighet.\" \/>\n<meta property=\"og:url\" content=\"https:\/\/billigpakke.no\/blog\/hvordan-sende-pakke-til-usa\/\" \/>\n<meta property=\"og:site_name\" content=\"BilligPakke.no\" \/>\n<meta property=\"article:modified_time\" content=\"2024-05-05T08:23:26+00:00\" \/>\n<meta name=\"twitter:card\" content=\"summary_large_image\" \/>\n<meta name=\"twitter:label1\" content=\"Est. reading time\" \/>\n\t<meta name=\"twitter:data1\" content=\"1 minutt\" \/>\n<script type=\"application\/ld+json\" class=\"yoast-schema-graph\">{\"@context\":\"https:\\\/\\\/schema.org\",\"@graph\":[{\"@type\":\"WebPage\",\"@id\":\"https:\\\/\\\/billigpakke.no\\\/blog\\\/hvordan-sende-pakke-til-usa\\\/\",\"url\":\"https:\\\/\\\/billigpakke.no\\\/blog\\\/hvordan-sende-pakke-til-usa\\\/\",\"name\":\"hvordan sende pakke til usa? - BilligPakke.no\",\"isPartOf\":{\"@id\":\"https:\\\/\\\/billigpakke.no\\\/blog\\\/#website\"},\"datePublished\":\"2024-05-05T06:30:37+00:00\",\"dateModified\":\"2024-05-05T08:23:26+00:00\",\"description\":\"\u00c5 sende en pakke til USA kan gj\u00f8res enkelt ved \u00e5 bruke internasjonale frakttjenester som DHL, FedEx eller UPS. S\u00f8rg for \u00e5 fylle ut tollskjemaer og velg riktig fraktmetode basert p\u00e5 pakkest\u00f8rrelse og hastighet.\",\"breadcrumb\":{\"@id\":\"https:\\\/\\\/billigpakke.no\\\/blog\\\/hvordan-sende-pakke-til-usa\\\/#breadcrumb\"},\"inLanguage\":\"nn-NO\",\"potentialAction\":[{\"@type\":\"ReadAction\",\"target\":[\"https:\\\/\\\/billigpakke.no\\\/blog\\\/hvordan-sende-pakke-til-usa\\\/\"]}]},{\"@type\":\"BreadcrumbList\",\"@id\":\"https:\\\/\\\/billigpakke.no\\\/blog\\\/hvordan-sende-pakke-til-usa\\\/#breadcrumb\",\"itemListElement\":[{\"@type\":\"ListItem\",\"position\":1,\"name\":\"Home\",\"item\":\"https:\\\/\\\/billigpakke.no\\\/blog\\\/\"},{\"@type\":\"ListItem\",\"position\":2,\"name\":\"hvordan sende pakke til usa?\"}]},{\"@type\":\"WebSite\",\"@id\":\"https:\\\/\\\/billigpakke.no\\\/blog\\\/#website\",\"url\":\"https:\\\/\\\/billigpakke.no\\\/blog\\\/\",\"name\":\"BilligPakke.no\",\"description\":\"Billigpakke.no Blog\",\"publisher\":{\"@id\":\"https:\\\/\\\/billigpakke.no\\\/blog\\\/#organization\"},\"potentialAction\":[{\"@type\":\"SearchAction\",\"target\":{\"@type\":\"EntryPoint\",\"urlTemplate\":\"https:\\\/\\\/billigpakke.no\\\/blog\\\/?s={search_term_string}\"},\"query-input\":{\"@type\":\"PropertyValueSpecification\",\"valueRequired\":true,\"valueName\":\"search_term_string\"}}],\"inLanguage\":\"nn-NO\"},{\"@type\":\"Organization\",\"@id\":\"https:\\\/\\\/billigpakke.no\\\/blog\\\/#organization\",\"name\":\"BilligPakke.no\",\"url\":\"https:\\\/\\\/billigpakke.no\\\/blog\\\/\",\"logo\":{\"@type\":\"ImageObject\",\"inLanguage\":\"nn-NO\",\"@id\":\"https:\\\/\\\/billigpakke.no\\\/blog\\\/#\\\/schema\\\/logo\\\/image\\\/\",\"url\":\"https:\\\/\\\/billigpakke.no\\\/blog\\\/wp-content\\\/uploads\\\/2016\\\/10\\\/logo.png\",\"contentUrl\":\"https:\\\/\\\/billigpakke.no\\\/blog\\\/wp-content\\\/uploads\\\/2016\\\/10\\\/logo.png\",\"width\":185,\"height\":71,\"caption\":\"BilligPakke.no\"},\"image\":{\"@id\":\"https:\\\/\\\/billigpakke.no\\\/blog\\\/#\\\/schema\\\/logo\\\/image\\\/\"}}]}<\/script>\n<!-- \/ Yoast SEO plugin. -->","yoast_head_json":{"title":"hvordan sende pakke til usa? - BilligPakke.no","description":"\u00c5 sende en pakke til USA kan gj\u00f8res enkelt ved \u00e5 bruke internasjonale frakttjenester som DHL, FedEx eller UPS. S\u00f8rg for \u00e5 fylle ut tollskjemaer og velg riktig fraktmetode basert p\u00e5 pakkest\u00f8rrelse og hastighet.","robots":{"index":"index","follow":"follow","max-snippet":"max-snippet:-1","max-image-preview":"max-image-preview:large","max-video-preview":"max-video-preview:-1"},"canonical":"https:\/\/billigpakke.no\/blog\/hvordan-sende-pakke-til-usa\/","og_locale":"nn_NO","og_type":"article","og_title":"hvordan sende pakke til usa? - BilligPakke.no","og_description":"\u00c5 sende en pakke til USA kan gj\u00f8res enkelt ved \u00e5 bruke internasjonale frakttjenester som DHL, FedEx eller UPS. S\u00f8rg for \u00e5 fylle ut tollskjemaer og velg riktig fraktmetode basert p\u00e5 pakkest\u00f8rrelse og hastighet.","og_url":"https:\/\/billigpakke.no\/blog\/hvordan-sende-pakke-til-usa\/","og_site_name":"BilligPakke.no","article_modified_time":"2024-05-05T08:23:26+00:00","twitter_card":"summary_large_image","twitter_misc":{"Est. reading time":"1 minutt"},"schema":{"@context":"https:\/\/schema.org","@graph":[{"@type":"WebPage","@id":"https:\/\/billigpakke.no\/blog\/hvordan-sende-pakke-til-usa\/","url":"https:\/\/billigpakke.no\/blog\/hvordan-sende-pakke-til-usa\/","name":"hvordan sende pakke til usa? - BilligPakke.no","isPartOf":{"@id":"https:\/\/billigpakke.no\/blog\/#website"},"datePublished":"2024-05-05T06:30:37+00:00","dateModified":"2024-05-05T08:23:26+00:00","description":"\u00c5 sende en pakke til USA kan gj\u00f8res enkelt ved \u00e5 bruke internasjonale frakttjenester som DHL, FedEx eller UPS. S\u00f8rg for \u00e5 fylle ut tollskjemaer og velg riktig fraktmetode basert p\u00e5 pakkest\u00f8rrelse og hastighet.","breadcrumb":{"@id":"https:\/\/billigpakke.no\/blog\/hvordan-sende-pakke-til-usa\/#breadcrumb"},"inLanguage":"nn-NO","potentialAction":[{"@type":"ReadAction","target":["https:\/\/billigpakke.no\/blog\/hvordan-sende-pakke-til-usa\/"]}]},{"@type":"BreadcrumbList","@id":"https:\/\/billigpakke.no\/blog\/hvordan-sende-pakke-til-usa\/#breadcrumb","itemListElement":[{"@type":"ListItem","position":1,"name":"Home","item":"https:\/\/billigpakke.no\/blog\/"},{"@type":"ListItem","position":2,"name":"hvordan sende pakke til usa?"}]},{"@type":"WebSite","@id":"https:\/\/billigpakke.no\/blog\/#website","url":"https:\/\/billigpakke.no\/blog\/","name":"BilligPakke.no","description":"Billigpakke.no Blog","publisher":{"@id":"https:\/\/billigpakke.no\/blog\/#organization"},"potentialAction":[{"@type":"SearchAction","target":{"@type":"EntryPoint","urlTemplate":"https:\/\/billigpakke.no\/blog\/?s={search_term_string}"},"query-input":{"@type":"PropertyValueSpecification","valueRequired":true,"valueName":"search_term_string"}}],"inLanguage":"nn-NO"},{"@type":"Organization","@id":"https:\/\/billigpakke.no\/blog\/#organization","name":"BilligPakke.no","url":"https:\/\/billigpakke.no\/blog\/","logo":{"@type":"ImageObject","inLanguage":"nn-NO","@id":"https:\/\/billigpakke.no\/blog\/#\/schema\/logo\/image\/","url":"https:\/\/billigpakke.no\/blog\/wp-content\/uploads\/2016\/10\/logo.png","contentUrl":"https:\/\/billigpakke.no\/blog\/wp-content\/uploads\/2016\/10\/logo.png","width":185,"height":71,"caption":"BilligPakke.no"},"image":{"@id":"https:\/\/billigpakke.no\/blog\/#\/schema\/logo\/image\/"}}]}},"_links":{"self":[{"href":"https:\/\/billigpakke.no\/blog\/wp-json\/wp\/v2\/pages\/1050","targetHints":{"allow":["GET"]}}],"collection":[{"href":"https:\/\/billigpakke.no\/blog\/wp-json\/wp\/v2\/pages"}],"about":[{"href":"https:\/\/billigpakke.no\/blog\/wp-json\/wp\/v2\/types\/page"}],"author":[{"embeddable":true,"href":"https:\/\/billigpakke.no\/blog\/wp-json\/wp\/v2\/users\/3"}],"replies":[{"embeddable":true,"href":"https:\/\/billigpakke.no\/blog\/wp-json\/wp\/v2\/comments?post=1050"}],"version-history":[{"count":2,"href":"https:\/\/billigpakke.no\/blog\/wp-json\/wp\/v2\/pages\/1050\/revisions"}],"predecessor-version":[{"id":1695,"href":"https:\/\/billigpakke.no\/blog\/wp-json\/wp\/v2\/pages\/1050\/revisions\/1695"}],"wp:attachment":[{"href":"https:\/\/billigpakke.no\/blog\/wp-json\/wp\/v2\/media?parent=1050"}],"curies":[{"name":"wp","href":"https:\/\/api.w.org\/{rel}","templated":true}]}}