{"id":1043,"date":"2024-05-05T09:23:25","date_gmt":"2024-05-05T06:30:36","guid":{"rendered":"https:\/\/billigpakke.no\/blog\/hvordan-sender-pakke-til-en-postor\/"},"modified":"2024-05-05T09:23:25","modified_gmt":"2024-05-05T08:23:25","slug":"hvordan-sender-pakke-til-en-postor","status":"publish","type":"page","link":"https:\/\/billigpakke.no\/blog\/hvordan-sender-pakke-til-en-postor\/","title":{"rendered":"hvordan sender pakke til en postor?"},"content":{"rendered":"\n<p class=\"has-text-align-center\">Du kan sende en pakke til en postkontor ved \u00e5 f\u00f8rst pakke inn varen forsvarlig. Deretter kan du g\u00e5 til ditt lokale postkontor og be om \u00e5 f\u00e5 sende pakken. Du vil bli bedt om \u00e5 fylle ut et skjema med mottakerens adresse og betale for frakten. Postkontoret vil deretter ta seg av resten, inkludert \u00e5 s\u00f8rge for at pakken blir levert til riktig adresse.<\/p>\n\n\n\n<div class=\"wp-block-buttons is-content-justification-center is-layout-flex wp-container-core-buttons-is-layout-16018d1d wp-block-buttons-is-layout-flex\">\n<div class=\"wp-block-button is-style-outline is-style-outline--1\"><a class=\"wp-block-button__link has-dark-gray-color has-yellow-background-color has-text-color has-background has-link-color wp-element-button\" href=\"https:\/\/billigpakke.no\">send pakkene dine billig her<\/a><\/div>\n<\/div>\n\n\n\n<p><\/p>\n\n\n\n<p class=\"has-text-align-center\">1. Hvordan sender jeg en pakke til en post i Norge?<br \/> &#8211; Du kan sende en pakke til en post i Norge ved \u00e5 g\u00e5 til n\u00e6rmeste postkontor eller post i butikk. Der kan du kj\u00f8pe frimerker og sende pakken med Posten.<br \/><br \/>2. Hva er de vanlige fraktalternativene for \u00e5 sende en pakke til en post i Norge?<br \/> &#8211; De vanlige fraktalternativene for \u00e5 sende en pakke til en post i Norge inkluderer vanlig post, rekommandert post og pakke i postkassen. Du kan ogs\u00e5 velge \u00e5 sende pakken med sporing og forsikring for ekstra trygghet.<br \/><br \/>3. Hvor lang tid tar det vanligvis \u00e5 sende en pakke til en post i Norge?<br \/> &#8211; Vanligvis tar det 1-3 virkedager \u00e5 sende en pakke til en post i Norge med vanlig post. Hvis du velger rekommandert post eller andre fraktalternativer, kan leveringstiden variere. Det er ogs\u00e5 viktig \u00e5 ta hensyn til eventuelle forsinkelser som kan oppst\u00e5 under spesielle omstendigheter.<\/p>\n","protected":false},"excerpt":{"rendered":"<p>Du kan sende en pakke til en postkontor ved \u00e5 f\u00f8rst pakke inn varen forsvarlig. Deretter kan du g\u00e5 til ditt lokale postkontor og be om \u00e5 f\u00e5 sende pakken. Du vil bli bedt om \u00e5 fylle ut et skjema med mottakerens adresse og betale for frakten. Postkontoret vil deretter ta seg av resten, inkludert &hellip; <a href=\"https:\/\/billigpakke.no\/blog\/hvordan-sender-pakke-til-en-postor\/\" class=\"more-link\">Hald fram med \u00e5 lese<span class=\"screen-reader-text\"> \u00abhvordan sender pakke til en postor?\u00bb<\/span><\/a><\/p>\n","protected":false},"author":3,"featured_media":0,"parent":0,"menu_order":0,"comment_status":"closed","ping_status":"closed","template":"","meta":{"footnotes":""},"class_list":["post-1043","page","type-page","status-publish","hentry"],"yoast_head":"<!-- This site is optimized with the Yoast SEO plugin v27.5 - https:\/\/yoast.com\/product\/yoast-seo-wordpress\/ -->\n<title>hvordan sender pakke til en postor? - BilligPakke.no<\/title>\n<meta name=\"description\" content=\"For \u00e5 sende en pakke til en postadresse, m\u00e5 du f\u00f8rst pakke inn varen forsvarlig. Deretter kan du enten levere pakken p\u00e5 n\u00e6rmeste postkontor eller benytte deg av en pakkeleveringstjeneste. Husk \u00e5 fylle ut riktig adresse og eventuelt tollpapirer hvis pakken skal sendes internasjonalt.\" \/>\n<meta name=\"robots\" content=\"index, follow, max-snippet:-1, max-image-preview:large, max-video-preview:-1\" \/>\n<link rel=\"canonical\" href=\"https:\/\/billigpakke.no\/blog\/hvordan-sender-pakke-til-en-postor\/\" \/>\n<meta property=\"og:locale\" content=\"nn_NO\" \/>\n<meta property=\"og:type\" content=\"article\" \/>\n<meta property=\"og:title\" content=\"hvordan sender pakke til en postor? - BilligPakke.no\" \/>\n<meta property=\"og:description\" content=\"For \u00e5 sende en pakke til en postadresse, m\u00e5 du f\u00f8rst pakke inn varen forsvarlig. Deretter kan du enten levere pakken p\u00e5 n\u00e6rmeste postkontor eller benytte deg av en pakkeleveringstjeneste. Husk \u00e5 fylle ut riktig adresse og eventuelt tollpapirer hvis pakken skal sendes internasjonalt.\" \/>\n<meta property=\"og:url\" content=\"https:\/\/billigpakke.no\/blog\/hvordan-sender-pakke-til-en-postor\/\" \/>\n<meta property=\"og:site_name\" content=\"BilligPakke.no\" \/>\n<meta property=\"article:modified_time\" content=\"2024-05-05T08:23:25+00:00\" \/>\n<meta name=\"twitter:card\" content=\"summary_large_image\" \/>\n<meta name=\"twitter:label1\" content=\"Est. reading time\" \/>\n\t<meta name=\"twitter:data1\" content=\"1 minutt\" \/>\n<script type=\"application\/ld+json\" class=\"yoast-schema-graph\">{\"@context\":\"https:\\\/\\\/schema.org\",\"@graph\":[{\"@type\":\"WebPage\",\"@id\":\"https:\\\/\\\/billigpakke.no\\\/blog\\\/hvordan-sender-pakke-til-en-postor\\\/\",\"url\":\"https:\\\/\\\/billigpakke.no\\\/blog\\\/hvordan-sender-pakke-til-en-postor\\\/\",\"name\":\"hvordan sender pakke til en postor? - BilligPakke.no\",\"isPartOf\":{\"@id\":\"https:\\\/\\\/billigpakke.no\\\/blog\\\/#website\"},\"datePublished\":\"2024-05-05T06:30:36+00:00\",\"dateModified\":\"2024-05-05T08:23:25+00:00\",\"description\":\"For \u00e5 sende en pakke til en postadresse, m\u00e5 du f\u00f8rst pakke inn varen forsvarlig. Deretter kan du enten levere pakken p\u00e5 n\u00e6rmeste postkontor eller benytte deg av en pakkeleveringstjeneste. Husk \u00e5 fylle ut riktig adresse og eventuelt tollpapirer hvis pakken skal sendes internasjonalt.\",\"breadcrumb\":{\"@id\":\"https:\\\/\\\/billigpakke.no\\\/blog\\\/hvordan-sender-pakke-til-en-postor\\\/#breadcrumb\"},\"inLanguage\":\"nn-NO\",\"potentialAction\":[{\"@type\":\"ReadAction\",\"target\":[\"https:\\\/\\\/billigpakke.no\\\/blog\\\/hvordan-sender-pakke-til-en-postor\\\/\"]}]},{\"@type\":\"BreadcrumbList\",\"@id\":\"https:\\\/\\\/billigpakke.no\\\/blog\\\/hvordan-sender-pakke-til-en-postor\\\/#breadcrumb\",\"itemListElement\":[{\"@type\":\"ListItem\",\"position\":1,\"name\":\"Home\",\"item\":\"https:\\\/\\\/billigpakke.no\\\/blog\\\/\"},{\"@type\":\"ListItem\",\"position\":2,\"name\":\"hvordan sender pakke til en postor?\"}]},{\"@type\":\"WebSite\",\"@id\":\"https:\\\/\\\/billigpakke.no\\\/blog\\\/#website\",\"url\":\"https:\\\/\\\/billigpakke.no\\\/blog\\\/\",\"name\":\"BilligPakke.no\",\"description\":\"Billigpakke.no Blog\",\"publisher\":{\"@id\":\"https:\\\/\\\/billigpakke.no\\\/blog\\\/#organization\"},\"potentialAction\":[{\"@type\":\"SearchAction\",\"target\":{\"@type\":\"EntryPoint\",\"urlTemplate\":\"https:\\\/\\\/billigpakke.no\\\/blog\\\/?s={search_term_string}\"},\"query-input\":{\"@type\":\"PropertyValueSpecification\",\"valueRequired\":true,\"valueName\":\"search_term_string\"}}],\"inLanguage\":\"nn-NO\"},{\"@type\":\"Organization\",\"@id\":\"https:\\\/\\\/billigpakke.no\\\/blog\\\/#organization\",\"name\":\"BilligPakke.no\",\"url\":\"https:\\\/\\\/billigpakke.no\\\/blog\\\/\",\"logo\":{\"@type\":\"ImageObject\",\"inLanguage\":\"nn-NO\",\"@id\":\"https:\\\/\\\/billigpakke.no\\\/blog\\\/#\\\/schema\\\/logo\\\/image\\\/\",\"url\":\"https:\\\/\\\/billigpakke.no\\\/blog\\\/wp-content\\\/uploads\\\/2016\\\/10\\\/logo.png\",\"contentUrl\":\"https:\\\/\\\/billigpakke.no\\\/blog\\\/wp-content\\\/uploads\\\/2016\\\/10\\\/logo.png\",\"width\":185,\"height\":71,\"caption\":\"BilligPakke.no\"},\"image\":{\"@id\":\"https:\\\/\\\/billigpakke.no\\\/blog\\\/#\\\/schema\\\/logo\\\/image\\\/\"}}]}<\/script>\n<!-- \/ Yoast SEO plugin. -->","yoast_head_json":{"title":"hvordan sender pakke til en postor? - BilligPakke.no","description":"For \u00e5 sende en pakke til en postadresse, m\u00e5 du f\u00f8rst pakke inn varen forsvarlig. Deretter kan du enten levere pakken p\u00e5 n\u00e6rmeste postkontor eller benytte deg av en pakkeleveringstjeneste. Husk \u00e5 fylle ut riktig adresse og eventuelt tollpapirer hvis pakken skal sendes internasjonalt.","robots":{"index":"index","follow":"follow","max-snippet":"max-snippet:-1","max-image-preview":"max-image-preview:large","max-video-preview":"max-video-preview:-1"},"canonical":"https:\/\/billigpakke.no\/blog\/hvordan-sender-pakke-til-en-postor\/","og_locale":"nn_NO","og_type":"article","og_title":"hvordan sender pakke til en postor? - BilligPakke.no","og_description":"For \u00e5 sende en pakke til en postadresse, m\u00e5 du f\u00f8rst pakke inn varen forsvarlig. Deretter kan du enten levere pakken p\u00e5 n\u00e6rmeste postkontor eller benytte deg av en pakkeleveringstjeneste. Husk \u00e5 fylle ut riktig adresse og eventuelt tollpapirer hvis pakken skal sendes internasjonalt.","og_url":"https:\/\/billigpakke.no\/blog\/hvordan-sender-pakke-til-en-postor\/","og_site_name":"BilligPakke.no","article_modified_time":"2024-05-05T08:23:25+00:00","twitter_card":"summary_large_image","twitter_misc":{"Est. reading time":"1 minutt"},"schema":{"@context":"https:\/\/schema.org","@graph":[{"@type":"WebPage","@id":"https:\/\/billigpakke.no\/blog\/hvordan-sender-pakke-til-en-postor\/","url":"https:\/\/billigpakke.no\/blog\/hvordan-sender-pakke-til-en-postor\/","name":"hvordan sender pakke til en postor? - BilligPakke.no","isPartOf":{"@id":"https:\/\/billigpakke.no\/blog\/#website"},"datePublished":"2024-05-05T06:30:36+00:00","dateModified":"2024-05-05T08:23:25+00:00","description":"For \u00e5 sende en pakke til en postadresse, m\u00e5 du f\u00f8rst pakke inn varen forsvarlig. Deretter kan du enten levere pakken p\u00e5 n\u00e6rmeste postkontor eller benytte deg av en pakkeleveringstjeneste. Husk \u00e5 fylle ut riktig adresse og eventuelt tollpapirer hvis pakken skal sendes internasjonalt.","breadcrumb":{"@id":"https:\/\/billigpakke.no\/blog\/hvordan-sender-pakke-til-en-postor\/#breadcrumb"},"inLanguage":"nn-NO","potentialAction":[{"@type":"ReadAction","target":["https:\/\/billigpakke.no\/blog\/hvordan-sender-pakke-til-en-postor\/"]}]},{"@type":"BreadcrumbList","@id":"https:\/\/billigpakke.no\/blog\/hvordan-sender-pakke-til-en-postor\/#breadcrumb","itemListElement":[{"@type":"ListItem","position":1,"name":"Home","item":"https:\/\/billigpakke.no\/blog\/"},{"@type":"ListItem","position":2,"name":"hvordan sender pakke til en postor?"}]},{"@type":"WebSite","@id":"https:\/\/billigpakke.no\/blog\/#website","url":"https:\/\/billigpakke.no\/blog\/","name":"BilligPakke.no","description":"Billigpakke.no Blog","publisher":{"@id":"https:\/\/billigpakke.no\/blog\/#organization"},"potentialAction":[{"@type":"SearchAction","target":{"@type":"EntryPoint","urlTemplate":"https:\/\/billigpakke.no\/blog\/?s={search_term_string}"},"query-input":{"@type":"PropertyValueSpecification","valueRequired":true,"valueName":"search_term_string"}}],"inLanguage":"nn-NO"},{"@type":"Organization","@id":"https:\/\/billigpakke.no\/blog\/#organization","name":"BilligPakke.no","url":"https:\/\/billigpakke.no\/blog\/","logo":{"@type":"ImageObject","inLanguage":"nn-NO","@id":"https:\/\/billigpakke.no\/blog\/#\/schema\/logo\/image\/","url":"https:\/\/billigpakke.no\/blog\/wp-content\/uploads\/2016\/10\/logo.png","contentUrl":"https:\/\/billigpakke.no\/blog\/wp-content\/uploads\/2016\/10\/logo.png","width":185,"height":71,"caption":"BilligPakke.no"},"image":{"@id":"https:\/\/billigpakke.no\/blog\/#\/schema\/logo\/image\/"}}]}},"_links":{"self":[{"href":"https:\/\/billigpakke.no\/blog\/wp-json\/wp\/v2\/pages\/1043","targetHints":{"allow":["GET"]}}],"collection":[{"href":"https:\/\/billigpakke.no\/blog\/wp-json\/wp\/v2\/pages"}],"about":[{"href":"https:\/\/billigpakke.no\/blog\/wp-json\/wp\/v2\/types\/page"}],"author":[{"embeddable":true,"href":"https:\/\/billigpakke.no\/blog\/wp-json\/wp\/v2\/users\/3"}],"replies":[{"embeddable":true,"href":"https:\/\/billigpakke.no\/blog\/wp-json\/wp\/v2\/comments?post=1043"}],"version-history":[{"count":2,"href":"https:\/\/billigpakke.no\/blog\/wp-json\/wp\/v2\/pages\/1043\/revisions"}],"predecessor-version":[{"id":1688,"href":"https:\/\/billigpakke.no\/blog\/wp-json\/wp\/v2\/pages\/1043\/revisions\/1688"}],"wp:attachment":[{"href":"https:\/\/billigpakke.no\/blog\/wp-json\/wp\/v2\/media?parent=1043"}],"curies":[{"name":"wp","href":"https:\/\/api.w.org\/{rel}","templated":true}]}}