{"id":1029,"date":"2024-05-05T09:23:24","date_gmt":"2024-05-05T06:30:35","guid":{"rendered":"https:\/\/billigpakke.no\/blog\/hvordan-sende-man-pakke-med-oppkrav\/"},"modified":"2024-05-05T09:23:24","modified_gmt":"2024-05-05T08:23:24","slug":"hvordan-sende-man-pakke-med-oppkrav","status":"publish","type":"page","link":"https:\/\/billigpakke.no\/blog\/hvordan-sende-man-pakke-med-oppkrav\/","title":{"rendered":"hvordan sende man pakke med oppkrav?"},"content":{"rendered":"\n<p class=\"has-text-align-center\">Du kan sende en pakke med oppkrav ved \u00e5 g\u00e5 til ditt lokale postkontor eller post i butikk. Der kan du fylle ut et oppkravsskjema og betale for sendingen. N\u00e5r mottakeren mottar pakken, m\u00e5 de betale for den f\u00f8r de kan f\u00e5 den utlevert. Det er en enkel og praktisk m\u00e5te \u00e5 sende pakker med oppkrav p\u00e5.<\/p>\n\n\n\n<div class=\"wp-block-buttons is-content-justification-center is-layout-flex wp-container-core-buttons-is-layout-16018d1d wp-block-buttons-is-layout-flex\">\n<div class=\"wp-block-button is-style-outline is-style-outline--1\"><a class=\"wp-block-button__link has-dark-gray-color has-yellow-background-color has-text-color has-background has-link-color wp-element-button\" href=\"https:\/\/billigpakke.no\">send pakkene dine billig her<\/a><\/div>\n<\/div>\n\n\n\n<p><\/p>\n\n\n\n<p class=\"has-text-align-center\">1. Hvordan sender man en pakke med oppkrav i Norge?<br \/>Svar: For \u00e5 sende en pakke med oppkrav i Norge, m\u00e5 du f\u00f8rst fylle ut et oppkravsskjema og feste det p\u00e5 pakken. Deretter kan du levere pakken p\u00e5 ditt lokale postkontor eller post i butikk. Du vil motta betalingen n\u00e5r mottakeren henter pakken.<br \/><br \/>2. Hva koster det \u00e5 sende en pakke med oppkrav i Norge?<br \/>Svar: Prisen for \u00e5 sende en pakke med oppkrav i Norge avhenger av vekten og verdien p\u00e5 pakken. Du kan sjekke prisen p\u00e5 Posten sin nettside eller kontakte ditt lokale postkontor for mer informasjon.<br \/><br \/>3. Hvilke begrensninger gjelder for \u00e5 sende en pakke med oppkrav i Norge?<br \/>Svar: N\u00e5r du sender en pakke med oppkrav i Norge, er det viktig \u00e5 v\u00e6re klar over at det er visse begrensninger for hva du kan sende. For eksempel kan det v\u00e6re begrensninger p\u00e5 verdien av pakken og hvilke varer som kan sendes med oppkrav. Det er lurt \u00e5 sjekke Posten sine retningslinjer f\u00f8r du sender pakken.<\/p>\n","protected":false},"excerpt":{"rendered":"<p>Du kan sende en pakke med oppkrav ved \u00e5 g\u00e5 til ditt lokale postkontor eller post i butikk. Der kan du fylle ut et oppkravsskjema og betale for sendingen. N\u00e5r mottakeren mottar pakken, m\u00e5 de betale for den f\u00f8r de kan f\u00e5 den utlevert. Det er en enkel og praktisk m\u00e5te \u00e5 sende pakker med &hellip; <a href=\"https:\/\/billigpakke.no\/blog\/hvordan-sende-man-pakke-med-oppkrav\/\" class=\"more-link\">Hald fram med \u00e5 lese<span class=\"screen-reader-text\"> \u00abhvordan sende man pakke med oppkrav?\u00bb<\/span><\/a><\/p>\n","protected":false},"author":3,"featured_media":0,"parent":0,"menu_order":0,"comment_status":"closed","ping_status":"closed","template":"","meta":{"footnotes":""},"class_list":["post-1029","page","type-page","status-publish","hentry"],"yoast_head":"<!-- This site is optimized with the Yoast SEO plugin v27.3 - https:\/\/yoast.com\/product\/yoast-seo-wordpress\/ -->\n<title>hvordan sende man pakke med oppkrav? - BilligPakke.no<\/title>\n<meta name=\"description\" content=\"\u00c5 sende en pakke med oppkrav betyr at mottakeren betaler for pakken ved levering. Dette kan gj\u00f8res p\u00e5 postkontoret eller via nettbutikker.\" \/>\n<meta name=\"robots\" content=\"index, follow, max-snippet:-1, max-image-preview:large, max-video-preview:-1\" \/>\n<link rel=\"canonical\" href=\"https:\/\/billigpakke.no\/blog\/hvordan-sende-man-pakke-med-oppkrav\/\" \/>\n<meta property=\"og:locale\" content=\"nn_NO\" \/>\n<meta property=\"og:type\" content=\"article\" \/>\n<meta property=\"og:title\" content=\"hvordan sende man pakke med oppkrav? - BilligPakke.no\" \/>\n<meta property=\"og:description\" content=\"\u00c5 sende en pakke med oppkrav betyr at mottakeren betaler for pakken ved levering. Dette kan gj\u00f8res p\u00e5 postkontoret eller via nettbutikker.\" \/>\n<meta property=\"og:url\" content=\"https:\/\/billigpakke.no\/blog\/hvordan-sende-man-pakke-med-oppkrav\/\" \/>\n<meta property=\"og:site_name\" content=\"BilligPakke.no\" \/>\n<meta property=\"article:modified_time\" content=\"2024-05-05T08:23:24+00:00\" \/>\n<meta name=\"twitter:card\" content=\"summary_large_image\" \/>\n<meta name=\"twitter:label1\" content=\"Est. reading time\" \/>\n\t<meta name=\"twitter:data1\" content=\"1 minutt\" \/>\n<script type=\"application\/ld+json\" class=\"yoast-schema-graph\">{\"@context\":\"https:\\\/\\\/schema.org\",\"@graph\":[{\"@type\":\"WebPage\",\"@id\":\"https:\\\/\\\/billigpakke.no\\\/blog\\\/hvordan-sende-man-pakke-med-oppkrav\\\/\",\"url\":\"https:\\\/\\\/billigpakke.no\\\/blog\\\/hvordan-sende-man-pakke-med-oppkrav\\\/\",\"name\":\"hvordan sende man pakke med oppkrav? - BilligPakke.no\",\"isPartOf\":{\"@id\":\"https:\\\/\\\/billigpakke.no\\\/blog\\\/#website\"},\"datePublished\":\"2024-05-05T06:30:35+00:00\",\"dateModified\":\"2024-05-05T08:23:24+00:00\",\"description\":\"\u00c5 sende en pakke med oppkrav betyr at mottakeren betaler for pakken ved levering. Dette kan gj\u00f8res p\u00e5 postkontoret eller via nettbutikker.\",\"breadcrumb\":{\"@id\":\"https:\\\/\\\/billigpakke.no\\\/blog\\\/hvordan-sende-man-pakke-med-oppkrav\\\/#breadcrumb\"},\"inLanguage\":\"nn-NO\",\"potentialAction\":[{\"@type\":\"ReadAction\",\"target\":[\"https:\\\/\\\/billigpakke.no\\\/blog\\\/hvordan-sende-man-pakke-med-oppkrav\\\/\"]}]},{\"@type\":\"BreadcrumbList\",\"@id\":\"https:\\\/\\\/billigpakke.no\\\/blog\\\/hvordan-sende-man-pakke-med-oppkrav\\\/#breadcrumb\",\"itemListElement\":[{\"@type\":\"ListItem\",\"position\":1,\"name\":\"Home\",\"item\":\"https:\\\/\\\/billigpakke.no\\\/blog\\\/\"},{\"@type\":\"ListItem\",\"position\":2,\"name\":\"hvordan sende man pakke med oppkrav?\"}]},{\"@type\":\"WebSite\",\"@id\":\"https:\\\/\\\/billigpakke.no\\\/blog\\\/#website\",\"url\":\"https:\\\/\\\/billigpakke.no\\\/blog\\\/\",\"name\":\"BilligPakke.no\",\"description\":\"Billigpakke.no Blog\",\"publisher\":{\"@id\":\"https:\\\/\\\/billigpakke.no\\\/blog\\\/#organization\"},\"potentialAction\":[{\"@type\":\"SearchAction\",\"target\":{\"@type\":\"EntryPoint\",\"urlTemplate\":\"https:\\\/\\\/billigpakke.no\\\/blog\\\/?s={search_term_string}\"},\"query-input\":{\"@type\":\"PropertyValueSpecification\",\"valueRequired\":true,\"valueName\":\"search_term_string\"}}],\"inLanguage\":\"nn-NO\"},{\"@type\":\"Organization\",\"@id\":\"https:\\\/\\\/billigpakke.no\\\/blog\\\/#organization\",\"name\":\"BilligPakke.no\",\"url\":\"https:\\\/\\\/billigpakke.no\\\/blog\\\/\",\"logo\":{\"@type\":\"ImageObject\",\"inLanguage\":\"nn-NO\",\"@id\":\"https:\\\/\\\/billigpakke.no\\\/blog\\\/#\\\/schema\\\/logo\\\/image\\\/\",\"url\":\"https:\\\/\\\/billigpakke.no\\\/blog\\\/wp-content\\\/uploads\\\/2016\\\/10\\\/logo.png\",\"contentUrl\":\"https:\\\/\\\/billigpakke.no\\\/blog\\\/wp-content\\\/uploads\\\/2016\\\/10\\\/logo.png\",\"width\":185,\"height\":71,\"caption\":\"BilligPakke.no\"},\"image\":{\"@id\":\"https:\\\/\\\/billigpakke.no\\\/blog\\\/#\\\/schema\\\/logo\\\/image\\\/\"}}]}<\/script>\n<!-- \/ Yoast SEO plugin. -->","yoast_head_json":{"title":"hvordan sende man pakke med oppkrav? - BilligPakke.no","description":"\u00c5 sende en pakke med oppkrav betyr at mottakeren betaler for pakken ved levering. Dette kan gj\u00f8res p\u00e5 postkontoret eller via nettbutikker.","robots":{"index":"index","follow":"follow","max-snippet":"max-snippet:-1","max-image-preview":"max-image-preview:large","max-video-preview":"max-video-preview:-1"},"canonical":"https:\/\/billigpakke.no\/blog\/hvordan-sende-man-pakke-med-oppkrav\/","og_locale":"nn_NO","og_type":"article","og_title":"hvordan sende man pakke med oppkrav? - BilligPakke.no","og_description":"\u00c5 sende en pakke med oppkrav betyr at mottakeren betaler for pakken ved levering. Dette kan gj\u00f8res p\u00e5 postkontoret eller via nettbutikker.","og_url":"https:\/\/billigpakke.no\/blog\/hvordan-sende-man-pakke-med-oppkrav\/","og_site_name":"BilligPakke.no","article_modified_time":"2024-05-05T08:23:24+00:00","twitter_card":"summary_large_image","twitter_misc":{"Est. reading time":"1 minutt"},"schema":{"@context":"https:\/\/schema.org","@graph":[{"@type":"WebPage","@id":"https:\/\/billigpakke.no\/blog\/hvordan-sende-man-pakke-med-oppkrav\/","url":"https:\/\/billigpakke.no\/blog\/hvordan-sende-man-pakke-med-oppkrav\/","name":"hvordan sende man pakke med oppkrav? - BilligPakke.no","isPartOf":{"@id":"https:\/\/billigpakke.no\/blog\/#website"},"datePublished":"2024-05-05T06:30:35+00:00","dateModified":"2024-05-05T08:23:24+00:00","description":"\u00c5 sende en pakke med oppkrav betyr at mottakeren betaler for pakken ved levering. Dette kan gj\u00f8res p\u00e5 postkontoret eller via nettbutikker.","breadcrumb":{"@id":"https:\/\/billigpakke.no\/blog\/hvordan-sende-man-pakke-med-oppkrav\/#breadcrumb"},"inLanguage":"nn-NO","potentialAction":[{"@type":"ReadAction","target":["https:\/\/billigpakke.no\/blog\/hvordan-sende-man-pakke-med-oppkrav\/"]}]},{"@type":"BreadcrumbList","@id":"https:\/\/billigpakke.no\/blog\/hvordan-sende-man-pakke-med-oppkrav\/#breadcrumb","itemListElement":[{"@type":"ListItem","position":1,"name":"Home","item":"https:\/\/billigpakke.no\/blog\/"},{"@type":"ListItem","position":2,"name":"hvordan sende man pakke med oppkrav?"}]},{"@type":"WebSite","@id":"https:\/\/billigpakke.no\/blog\/#website","url":"https:\/\/billigpakke.no\/blog\/","name":"BilligPakke.no","description":"Billigpakke.no Blog","publisher":{"@id":"https:\/\/billigpakke.no\/blog\/#organization"},"potentialAction":[{"@type":"SearchAction","target":{"@type":"EntryPoint","urlTemplate":"https:\/\/billigpakke.no\/blog\/?s={search_term_string}"},"query-input":{"@type":"PropertyValueSpecification","valueRequired":true,"valueName":"search_term_string"}}],"inLanguage":"nn-NO"},{"@type":"Organization","@id":"https:\/\/billigpakke.no\/blog\/#organization","name":"BilligPakke.no","url":"https:\/\/billigpakke.no\/blog\/","logo":{"@type":"ImageObject","inLanguage":"nn-NO","@id":"https:\/\/billigpakke.no\/blog\/#\/schema\/logo\/image\/","url":"https:\/\/billigpakke.no\/blog\/wp-content\/uploads\/2016\/10\/logo.png","contentUrl":"https:\/\/billigpakke.no\/blog\/wp-content\/uploads\/2016\/10\/logo.png","width":185,"height":71,"caption":"BilligPakke.no"},"image":{"@id":"https:\/\/billigpakke.no\/blog\/#\/schema\/logo\/image\/"}}]}},"_links":{"self":[{"href":"https:\/\/billigpakke.no\/blog\/wp-json\/wp\/v2\/pages\/1029","targetHints":{"allow":["GET"]}}],"collection":[{"href":"https:\/\/billigpakke.no\/blog\/wp-json\/wp\/v2\/pages"}],"about":[{"href":"https:\/\/billigpakke.no\/blog\/wp-json\/wp\/v2\/types\/page"}],"author":[{"embeddable":true,"href":"https:\/\/billigpakke.no\/blog\/wp-json\/wp\/v2\/users\/3"}],"replies":[{"embeddable":true,"href":"https:\/\/billigpakke.no\/blog\/wp-json\/wp\/v2\/comments?post=1029"}],"version-history":[{"count":2,"href":"https:\/\/billigpakke.no\/blog\/wp-json\/wp\/v2\/pages\/1029\/revisions"}],"predecessor-version":[{"id":1674,"href":"https:\/\/billigpakke.no\/blog\/wp-json\/wp\/v2\/pages\/1029\/revisions\/1674"}],"wp:attachment":[{"href":"https:\/\/billigpakke.no\/blog\/wp-json\/wp\/v2\/media?parent=1029"}],"curies":[{"name":"wp","href":"https:\/\/api.w.org\/{rel}","templated":true}]}}